{"id":4068,"date":"2022-10-03T12:57:24","date_gmt":"2022-10-03T10:57:24","guid":{"rendered":"https:\/\/www.vaia.eu\/chi-siamo\/"},"modified":"2026-02-24T11:46:23","modified_gmt":"2026-02-24T10:46:23","slug":"wer-wir-sind","status":"publish","type":"page","link":"https:\/\/www.vaia.eu\/de\/wer-wir-sind\/","title":{"rendered":"Wer wir sind"},"content":{"rendered":"\n<div class=\"title-subtitle-cta-band  bgcolor-transparent \">\n    <div class=\"component-container\">\n        <div class=\" display-block \">\n        \n            \n        <\/div>\n\n\n        \n        <div class=\"grid-subtitle\">\n        \n\n            \n                    <div class=\"subtitle  subtitlesize-medium  subtitlecolor-darkgreen \"><p>VAIA schafft und unterst\u00fctzt jeden Tag ein nachhaltiges und reproduzierbares Gesch\u00e4ftsmodell an verschiedenen Orten, das auf der Aufwertung des Gebiets, der lokalen Gemeinschaften und der Menschen basiert und gleichzeitig die Natur respektiert. <\/p>\n<\/div>\n            \n            \n            <\/div>\n                \n        \n    <\/div>\n<\/div>\n\n\n<div class=\"cards cards-bg-lightyellow\">\n\n    \n    <div class=\"cards__row\">\n                    <div class=\"cards__col col-color-violet content-title-color-yellow content-card-color-lightyellow\">\n                <div class=\"g-card\">\n            <div class=\"g-card__heading\">\n            \n            Wiedergeburt \n                    <\/div>\n    \n    \n            <div class=\"g-card__content\">\n            <p>denn VAIA steht an vorderster Front, wenn es darum geht, Werte und Sch\u00f6nheit zu schaffen, wo immer es eine sozio-\u00f6kologische Herausforderung f\u00fcr Gebiete und Gemeinschaften vor Ort gibt.<\/p>\n        <\/div>\n    \n    \n    <\/div>\n            <\/div>\n                    <div class=\"cards__col col-color-violet content-title-color-yellow content-card-color-lightyellow\">\n                <div class=\"g-card\">\n            <div class=\"g-card__heading\">\n            \n            Gemeinschaft\n                    <\/div>\n    \n    \n            <div class=\"g-card__content\">\n            <p>weil wir eine Bewegung von Menschen sind, die durch Projekte und Produkte vereint sind &#8211; Symbole f\u00fcr die \u00f6kologischen Herausforderungen, auf die wir reagieren &#8211; aber vor allem durch den Traum, Gutes f\u00fcr uns, unsere Zukunft und unseren Planeten zu tun. Wir sind Vaianer. <\/p>\n        <\/div>\n    \n    \n    <\/div>\n            <\/div>\n                    <div class=\"cards__col col-color-violet content-title-color-yellow content-card-color-lightyellow\">\n                <div class=\"g-card\">\n            <div class=\"g-card__heading\">\n            \n            Unterst\u00fctzung\n                    <\/div>\n    \n    \n            <div class=\"g-card__content\">\n            <p>weil wir unsere Projekte mit lokalen Handwerkern realisieren. Wir verbinden verschiedene Unternehmen, die sich an der Wiedergeburt beteiligen m\u00f6chten miteinander und unterst\u00fctzen somit die Lieferketten.<\/p>\n        <\/div>\n    \n    \n    <\/div>\n            <\/div>\n            <\/div>\n<\/div>\n\n\n<div class=\"title-vertical-band  bgcolor-lightgreen  alignment-title-left \">\n    <div class=\"component-container\">\n                    <div class=\"title-container\"><span class=\"title-1  titlesize-medium  titlecolor-violet \">Mission und Vision<\/span><\/div>\n                                <div class=\"subtitle  subtitlesize-large  subtitlecolor-darkgreen \"><p>Mit VAIA wollen wir zeigen, dass dies m\u00f6glich ist, indem wir \u00f6kologische, wirtschaftliche und soziale Nachhaltigkeit miteinander verbinden: Gemeinsam stellen wir uns dem, worauf es ankommt.<\/p>\n<p>Unsere Vision und Mission ist die einer geeinten und mutigen Gemeinschaft. Wir sind mehr als die Summe unserer Teile: So wie der Wald mehr ist als die Gesamtheit seiner B\u00e4ume, ist die VAIA-Gemeinschaft mehr als die einzelnen Elemente, aus denen sie besteht. <\/p>\n<p>Bei VAIA sind wir uns einig in dem, was z\u00e4hlt: Wir geben der Nachhaltigkeit Raum, wir wollen dort pr\u00e4sent sein und wirken, wo es am n\u00f6tigsten ist. Mit konkreten Ma\u00dfnahmen f\u00fcr Umwelt und Menschen und mit einem nachhaltigen Gesch\u00e4ftsmodell, das auf der Kreislaufwirtschaft basiert. <\/p>\n<p>Der Sturm Vaia (2018, Dolomiten) war unsere erste gro\u00dfe Herausforderung, der wir unseren Namen verdanken. Wir wussten, dass er vor\u00fcbergehen w\u00fcrde, aber dass wir lange mit seinen Folgen leben m\u00fcssen. VAIA hat nun eine neue Bedeutung: Er steht f\u00fcr viele weitere Herausforderungen zum Schutz der Umwelt und zur F\u00f6rderung der Nachhaltigkeit.<\/p>\n<p><a class=\"button\" title=\"Endecke unsere Geschichte\" href=\"\/la-tempesta-vaia-un-racconto-in-prima-persona\/\">Endecke unsere Geschichte<\/a><\/p>\n<\/div>\n                <\/div>\n\n<\/div>\n\n\n<div class=\"timeline timeline-bg-transparent\">\n    <div class=\"timeline-container\">\n                    <span class=\"timeline-title heading-color-darkgreen\">\n            Unsere Geschichte        <\/span>\n            \n        <div class=\"timeline__row\">\n                            <div class=\"timeline__single\">\n                    <div class=\"timeline__single-contents\">\n                                                    <span class=\"thetitle thetitle--color-green\">2018<\/span>\n                                                <span class=\"timeline-symbol symbol-violet\">\/\/<\/span>\n                                                    <div class=\"thetext thetext--color-darkgreen\">\n                                <p>Am 28. Oktober zwang der Sturm Vaia die Dolomiten in die Knie und f\u00e4llte 42 Millionen B\u00e4ume. Wir beschlossen, etwas Neues zu schaffen, etwas Positives f\u00fcr das Gebiet, die Gemeinden und die Menschen. Wir fragten uns: &#8222;Was w\u00e4re, wenn Produzieren nicht bedeutet, Ressourcen zu verbrauchen, sondern der Natur und dem \u00d6kosystem etwas zur\u00fcckzugeben?&#8220;. Aus dieser Frage entstand unser Startup. <\/p>\n                            <\/div>\n                                            <\/div>\n\n                <\/div>\n                            <div class=\"timeline__single\">\n                    <div class=\"timeline__single-contents\">\n                                                    <span class=\"thetitle thetitle--color-green\">2019<\/span>\n                                                <span class=\"timeline-symbol symbol-violet\">\/\/<\/span>\n                                                    <div class=\"thetext thetext--color-darkgreen\">\n                                <p>Wir haben VAIA Cube am ersten Jahrestag des Sturms auf den Markt gebracht und damit gro\u00dfes Interesse in der Region Triveneto geweckt. Die Medienberichterstattung und der Zuspruch der Bev\u00f6lkerung \u00fcbertreffen die Erwartungen: Die Vaier-Gemeinschaft beginnt sich zu bilden! Am 26. Dezember erscheint ein TG2-Bericht \u00fcber unsere Geschichte und wir erreichen zum ersten Mal ein nationales Publikum. <\/p>\n                            <\/div>\n                                            <\/div>\n\n                <\/div>\n                            <div class=\"timeline__single\">\n                    <div class=\"timeline__single-contents\">\n                                                    <span class=\"thetitle thetitle--color-green\">2020<\/span>\n                                                <span class=\"timeline-symbol symbol-violet\">\/\/<\/span>\n                                                    <div class=\"thetext thetext--color-darkgreen\">\n                                <p>Wir werden von Forbes als eine der &#8222;100 Zukunftspers\u00f6nlichkeiten unter 30 in Italien&#8220; erw\u00e4hnt, pflanzen unsere ersten B\u00e4ume, feiern den Vaia Day (live online mit Unternehmern, Designern, Journalisten und Vaianern) und gehen eine Partnerschaft mit dem Freilichtmuseum Arte Sella ein, um unser Engagement f\u00fcr Kunst und Kultur zu vermitteln. Wir \u00fcbertreffen unsere Ziele und geben unsere Jobs auf, um uns ganz VAIA zu widmen. <\/p>\n                            <\/div>\n                                            <\/div>\n\n                <\/div>\n                            <div class=\"timeline__single\">\n                    <div class=\"timeline__single-contents\">\n                                                    <span class=\"thetitle thetitle--color-green\">2021<\/span>\n                                                <span class=\"timeline-symbol symbol-violet\">\/\/<\/span>\n                                                    <div class=\"thetext thetext--color-darkgreen\">\n                                <p>Wir starten den VAIA Cube imperfetto, organisieren unsere ersten \u00f6ffentlichen Pflanzaktionen und die VAIA-Sommerwoche (zum Thema Natur und Stadt), nehmen als Redner an TEDxCatania, als Partner an TEDxCortina und am Fuorisalone in Mailand teil, um VAIA Focus zu pr\u00e4sentieren, und arbeiten mit Marco Mengoni und Sony Music f\u00fcr die Ver\u00f6ffentlichung des Albums Materia (terra) zusammen. Wir erreichen 30.000 B\u00e4ume und beginnen, auch in Deutschland Interesse zu wecken. <\/p>\n                            <\/div>\n                                            <\/div>\n\n                <\/div>\n                            <div class=\"timeline__single\">\n                    <div class=\"timeline__single-contents\">\n                                                    <span class=\"thetitle thetitle--color-green\">2022<\/span>\n                                                <span class=\"timeline-symbol symbol-violet\">\/\/<\/span>\n                                                    <div class=\"thetext thetext--color-darkgreen\">\n                                <p>Wir organisieren das VAIA Design Camp, den VAIA Summer Sport und den Forest of Innovators, wir arbeiten mit dem Olympiasieger Gregorio Paltrinieri und K\u00fcnstlern wie Chiara Galiazzo, Madame und Elisa zusammen, wir \u00fcbergeben einen Cube an den Papst, Sergio Mattarella und den Friedensnobelpreistr\u00e4ger Prof. M. Yunus., wir kehren zum Fuorisalone zur\u00fcck, nehmen am europ\u00e4ischen Treffen von Fridays for Future und am Nationalen Festival der Zivilwirtschaft teil, wir sind zu Gast auf der CSR-Messe in Bocconi, Federico wird zum Local Hero des Projekts Heroes Never Sleep ernannt. Wir starten den VAIA Cube JOY, aktivieren unsere Projekte zu den Gletschern, pflanzen zum ersten Mal auch in einer Stadt (Venedig, Rom), gehen eine Partnerschaft mit FAI &#8211; Fondo per l&#8217;Ambiente Italiano ein und erreichen 60 Tausend B\u00e4ume! <\/p>\n                            <\/div>\n                                            <\/div>\n\n                <\/div>\n                            <div class=\"timeline__single\">\n                    <div class=\"timeline__single-contents\">\n                                                    <span class=\"thetitle thetitle--color-green\">2023<\/span>\n                                                <span class=\"timeline-symbol symbol-violet\">\/\/<\/span>\n                                                    <div class=\"thetext thetext--color-darkgreen\">\n                                <p>Wir arbeiten mit der Sozzani-Stiftung an einem Projekt zur Unterst\u00fctzung der Freiheit der iranischen Frauen und nehmen an der Italian Tech Week teil. Wir organisieren die zweite Ausgabe von La Foresta degli Innovatori und die VAIA Spring School, unterst\u00fctzen die TEDxSapienzaU und andere Projekte in Schulen (bis nach Trapani!). Wir \u00f6ffnen uns f\u00fcr neue Ideen zur Nachhaltigkeit von Beherbergungsbetrieben, setzen unsere Vorschl\u00e4ge f\u00fcr Unternehmen um und starten die ersten VAIA Experiences (Teambuilding f\u00fcr Unternehmen). Wir gehen Partnerschaften mit wichtigen Museen im ganzen Stiefel ein, erweitern das Team mit neuen Ressourcen, pflanzen 90.000 B\u00e4ume und s\u00e4ubern 10 Alpengletscher.<\/p>\n                            <\/div>\n                                            <\/div>\n\n                <\/div>\n            \n        <\/div>\n\n    <\/div>\n\n<\/div>\n\n\n<div class=\"numbers numbers-bg-green\">\n    <div class=\"numbers-container\">\n                    <span class=\"headingnumber-title heading-color-lightyellow\">\n            Unser Einfluss        <\/span>\n            \n        <div class=\"numbers__row\">\n                            <div class=\"number__col number-color-yellow number-text-color-lightyellow number-symbol-color-darkgreen\">\n                    <span class=\"thenumber\">200K B\u00e4ume<\/span>\n                                            <span class=\"thenumber-text\">Gepflanzte B\u00e4ume<\/span>\n                                    <\/div>\n                            <div class=\"number__col number-color-yellow number-text-color-lightyellow number-symbol-color-darkgreen\">\n                    <span class=\"thenumber\">100 ton<\/span>\n                                            <span class=\"thenumber-text\">Kompensiertes CO2<\/span>\n                                    <\/div>\n                            <div class=\"number__col number-color-yellow number-text-color-lightyellow number-symbol-color-darkgreen\">\n                    <span class=\"thenumber\">133 hektar<\/span>\n                                            <span class=\"thenumber-text\">Wald rekultiviert<\/span>\n                                    <\/div>\n                            <div class=\"number__col number-color-yellow number-text-color-lightyellow number-symbol-color-darkgreen\">\n                    <span class=\"thenumber\">15 Handwerker<\/span>\n                                            <span class=\"thenumber-text\">beteiligt<\/span>\n                                    <\/div>\n                            <div class=\"number__col number-color-yellow number-text-color-lightyellow number-symbol-color-darkgreen\">\n                    <span class=\"thenumber\">500 ton<\/span>\n                                            <span class=\"thenumber-text\">aus Altholz<\/span>\n                                    <\/div>\n                            <div class=\"number__col number-color-yellow number-text-color-lightyellow number-symbol-color-darkgreen\">\n                    <span class=\"thenumber\">173 ton<\/span>\n                                            <span class=\"thenumber-text\">In unseren Produkten gespeichertes CO2<\/span>\n                                    <\/div>\n                            <div class=\"number__col number-color-yellow number-text-color-lightyellow number-symbol-color-darkgreen\">\n                    <span class=\"thenumber\">10 Alpengletscher<\/span>\n                                            <span class=\"thenumber-text\">ges\u00e4ubert (10 Aufr\u00e4umtage)<\/span>\n                                    <\/div>\n                            <div class=\"number__col number-color-yellow number-text-color-lightyellow number-symbol-color-darkgreen\">\n                    <span class=\"thenumber\">4000 Quadratmeter<\/span>\n                                            <span class=\"thenumber-text\">wiedergewonnene Gletscher-Geotextilien<\/span>\n                                    <\/div>\n                    <\/div>\n    <\/div>\n\n<\/div>\n\n\n<div class=\"title-vertical-band  bgcolor-lightgreen  alignment-title-left \">\n    <div class=\"component-container\">\n                    <div class=\"title-container\"><span class=\"title-1  titlesize-medium  titlecolor-violet \">Das Team<\/span><\/div>\n                                <div class=\"subtitle  subtitlesize-large  subtitlecolor-darkgreen \"><p>VAIA ist eine Gruppe von Menschen, die entschlossen sind, die Innovation, die Umwelt und den Boden wieder in den Mittelpunkt zu stellen, und zwar durch die Kraft eines nachhaltigen Projekts f\u00fcr die Gegenwart und die Zukunft.<\/p>\n<\/div>\n                <\/div>\n\n<\/div>\n","protected":false},"excerpt":{"rendered":"","protected":false},"author":1,"featured_media":0,"parent":0,"menu_order":2,"comment_status":"closed","ping_status":"closed","template":"","meta":{"_acf_changed":false,"_crdt_document":"","content-type":"","footnotes":""},"class_list":["post-4068","page","type-page","status-publish","hentry"],"acf":[],"yoast_head":"<!-- This site is optimized with the Yoast SEO plugin v27.3 - https:\/\/yoast.com\/product\/yoast-seo-wordpress\/ -->\n<title>Wer wir sind | VAIA<\/title>\n<meta name=\"robots\" content=\"index, follow, max-snippet:-1, max-image-preview:large, max-video-preview:-1\" \/>\n<link rel=\"canonical\" href=\"https:\/\/www.vaia.eu\/de\/wer-wir-sind\/\" \/>\n<meta property=\"og:locale\" content=\"de_DE\" \/>\n<meta property=\"og:type\" content=\"article\" \/>\n<meta property=\"og:title\" content=\"Wer wir sind | VAIA\" \/>\n<meta property=\"og:url\" content=\"https:\/\/www.vaia.eu\/de\/wer-wir-sind\/\" \/>\n<meta property=\"og:site_name\" content=\"VAIA\" \/>\n<meta property=\"article:publisher\" content=\"https:\/\/www.facebook.com\/therealvaia\/\" \/>\n<meta property=\"article:modified_time\" content=\"2026-02-24T10:46:23+00:00\" \/>\n<meta name=\"twitter:card\" content=\"summary_large_image\" \/>\n<script type=\"application\/ld+json\" class=\"yoast-schema-graph\">{\"@context\":\"https:\\\/\\\/schema.org\",\"@graph\":[{\"@type\":\"WebPage\",\"@id\":\"https:\\\/\\\/www.vaia.eu\\\/de\\\/wer-wir-sind\\\/\",\"url\":\"https:\\\/\\\/www.vaia.eu\\\/de\\\/wer-wir-sind\\\/\",\"name\":\"Wer wir sind | VAIA\",\"isPartOf\":{\"@id\":\"https:\\\/\\\/www.vaia.eu\\\/#website\"},\"datePublished\":\"2022-10-03T10:57:24+00:00\",\"dateModified\":\"2026-02-24T10:46:23+00:00\",\"breadcrumb\":{\"@id\":\"https:\\\/\\\/www.vaia.eu\\\/de\\\/wer-wir-sind\\\/#breadcrumb\"},\"inLanguage\":\"de\",\"potentialAction\":[{\"@type\":\"ReadAction\",\"target\":[\"https:\\\/\\\/www.vaia.eu\\\/de\\\/wer-wir-sind\\\/\"]}]},{\"@type\":\"BreadcrumbList\",\"@id\":\"https:\\\/\\\/www.vaia.eu\\\/de\\\/wer-wir-sind\\\/#breadcrumb\",\"itemListElement\":[{\"@type\":\"ListItem\",\"position\":1,\"name\":\"Home\",\"item\":\"https:\\\/\\\/www.vaia.eu\\\/de\\\/\"},{\"@type\":\"ListItem\",\"position\":2,\"name\":\"Wer wir sind\"}]},{\"@type\":\"WebSite\",\"@id\":\"https:\\\/\\\/www.vaia.eu\\\/#website\",\"url\":\"https:\\\/\\\/www.vaia.eu\\\/\",\"name\":\"VAIA - Face what matters\",\"description\":\"Face What Matters\",\"publisher\":{\"@id\":\"https:\\\/\\\/www.vaia.eu\\\/#organization\"},\"potentialAction\":[{\"@type\":\"SearchAction\",\"target\":{\"@type\":\"EntryPoint\",\"urlTemplate\":\"https:\\\/\\\/www.vaia.eu\\\/?s={search_term_string}\"},\"query-input\":{\"@type\":\"PropertyValueSpecification\",\"valueRequired\":true,\"valueName\":\"search_term_string\"}}],\"inLanguage\":\"de\"},{\"@type\":\"Organization\",\"@id\":\"https:\\\/\\\/www.vaia.eu\\\/#organization\",\"name\":\"VAIA\",\"url\":\"https:\\\/\\\/www.vaia.eu\\\/\",\"logo\":{\"@type\":\"ImageObject\",\"inLanguage\":\"de\",\"@id\":\"https:\\\/\\\/www.vaia.eu\\\/#\\\/schema\\\/logo\\\/image\\\/\",\"url\":\"https:\\\/\\\/www.vaia.eu\\\/wp-content\\\/uploads\\\/2023\\\/12\\\/logo-vaia.svg\",\"contentUrl\":\"https:\\\/\\\/www.vaia.eu\\\/wp-content\\\/uploads\\\/2023\\\/12\\\/logo-vaia.svg\",\"width\":1000,\"height\":1000,\"caption\":\"VAIA\"},\"image\":{\"@id\":\"https:\\\/\\\/www.vaia.eu\\\/#\\\/schema\\\/logo\\\/image\\\/\"},\"sameAs\":[\"https:\\\/\\\/www.facebook.com\\\/therealvaia\\\/\",\"https:\\\/\\\/www.instagram.com\\\/therealvaia\\\/\",\"https:\\\/\\\/www.linkedin.com\\\/company\\\/vaiasrl\\\/\",\"https:\\\/\\\/www.youtube.com\\\/channel\\\/UCPtTJEh97yiEMm-vE_Ux3Aw\"]}]}<\/script>\n<!-- \/ Yoast SEO plugin. -->","yoast_head_json":{"title":"Wer wir sind | VAIA","robots":{"index":"index","follow":"follow","max-snippet":"max-snippet:-1","max-image-preview":"max-image-preview:large","max-video-preview":"max-video-preview:-1"},"canonical":"https:\/\/www.vaia.eu\/de\/wer-wir-sind\/","og_locale":"de_DE","og_type":"article","og_title":"Wer wir sind | VAIA","og_url":"https:\/\/www.vaia.eu\/de\/wer-wir-sind\/","og_site_name":"VAIA","article_publisher":"https:\/\/www.facebook.com\/therealvaia\/","article_modified_time":"2026-02-24T10:46:23+00:00","twitter_card":"summary_large_image","schema":{"@context":"https:\/\/schema.org","@graph":[{"@type":"WebPage","@id":"https:\/\/www.vaia.eu\/de\/wer-wir-sind\/","url":"https:\/\/www.vaia.eu\/de\/wer-wir-sind\/","name":"Wer wir sind | VAIA","isPartOf":{"@id":"https:\/\/www.vaia.eu\/#website"},"datePublished":"2022-10-03T10:57:24+00:00","dateModified":"2026-02-24T10:46:23+00:00","breadcrumb":{"@id":"https:\/\/www.vaia.eu\/de\/wer-wir-sind\/#breadcrumb"},"inLanguage":"de","potentialAction":[{"@type":"ReadAction","target":["https:\/\/www.vaia.eu\/de\/wer-wir-sind\/"]}]},{"@type":"BreadcrumbList","@id":"https:\/\/www.vaia.eu\/de\/wer-wir-sind\/#breadcrumb","itemListElement":[{"@type":"ListItem","position":1,"name":"Home","item":"https:\/\/www.vaia.eu\/de\/"},{"@type":"ListItem","position":2,"name":"Wer wir sind"}]},{"@type":"WebSite","@id":"https:\/\/www.vaia.eu\/#website","url":"https:\/\/www.vaia.eu\/","name":"VAIA - Face what matters","description":"Face What Matters","publisher":{"@id":"https:\/\/www.vaia.eu\/#organization"},"potentialAction":[{"@type":"SearchAction","target":{"@type":"EntryPoint","urlTemplate":"https:\/\/www.vaia.eu\/?s={search_term_string}"},"query-input":{"@type":"PropertyValueSpecification","valueRequired":true,"valueName":"search_term_string"}}],"inLanguage":"de"},{"@type":"Organization","@id":"https:\/\/www.vaia.eu\/#organization","name":"VAIA","url":"https:\/\/www.vaia.eu\/","logo":{"@type":"ImageObject","inLanguage":"de","@id":"https:\/\/www.vaia.eu\/#\/schema\/logo\/image\/","url":"https:\/\/www.vaia.eu\/wp-content\/uploads\/2023\/12\/logo-vaia.svg","contentUrl":"https:\/\/www.vaia.eu\/wp-content\/uploads\/2023\/12\/logo-vaia.svg","width":1000,"height":1000,"caption":"VAIA"},"image":{"@id":"https:\/\/www.vaia.eu\/#\/schema\/logo\/image\/"},"sameAs":["https:\/\/www.facebook.com\/therealvaia\/","https:\/\/www.instagram.com\/therealvaia\/","https:\/\/www.linkedin.com\/company\/vaiasrl\/","https:\/\/www.youtube.com\/channel\/UCPtTJEh97yiEMm-vE_Ux3Aw"]}]}},"_links":{"self":[{"href":"https:\/\/www.vaia.eu\/de\/wp-json\/wp\/v2\/pages\/4068","targetHints":{"allow":["GET"]}}],"collection":[{"href":"https:\/\/www.vaia.eu\/de\/wp-json\/wp\/v2\/pages"}],"about":[{"href":"https:\/\/www.vaia.eu\/de\/wp-json\/wp\/v2\/types\/page"}],"author":[{"embeddable":true,"href":"https:\/\/www.vaia.eu\/de\/wp-json\/wp\/v2\/users\/1"}],"replies":[{"embeddable":true,"href":"https:\/\/www.vaia.eu\/de\/wp-json\/wp\/v2\/comments?post=4068"}],"version-history":[{"count":7,"href":"https:\/\/www.vaia.eu\/de\/wp-json\/wp\/v2\/pages\/4068\/revisions"}],"predecessor-version":[{"id":54321,"href":"https:\/\/www.vaia.eu\/de\/wp-json\/wp\/v2\/pages\/4068\/revisions\/54321"}],"wp:attachment":[{"href":"https:\/\/www.vaia.eu\/de\/wp-json\/wp\/v2\/media?parent=4068"}],"curies":[{"name":"wp","href":"https:\/\/api.w.org\/{rel}","templated":true}]}}