{"id":4070,"date":"2022-10-03T13:12:13","date_gmt":"2022-10-03T11:12:13","guid":{"rendered":"https:\/\/www.vaia.eu\/progetti\/"},"modified":"2024-12-02T16:42:02","modified_gmt":"2024-12-02T15:42:02","slug":"projekte","status":"publish","type":"page","link":"https:\/\/www.vaia.eu\/de\/projekte\/","title":{"rendered":"Projekte"},"content":{"rendered":"\n<div class=\"title-subtitle-cta-band  bgcolor-green \">\n    <div class=\"component-container\">\n        <div class=\" display-flex \">\n        \n                            <span class=\"title-2  titlesize-medium  titlecolor-lightyellow \">4 Projekte sind derzeit aktiv. <\/span>\n                \n        <\/div>\n\n\n        \n        <div class=\"grid-subtitle\">\n        \n\n                        <span class=\"separator  separator-color-lightyellow \">\/\/<\/span>\n            \n                    <div class=\"subtitle  subtitlesize-small  subtitlecolor-lightyellow \"><p>Aber wir verfolgen viele neue Ideen, in neuen Gebieten und mit neuen Herausforderungen!<\/p>\n<p>Unsere Geschichte beginnt mit dem Sturm Vaia im Oktober 2018 und verk\u00f6rpert die ganze Energie einer Wiedergeburt: Wir werten einen Rohstoff auf, arbeiten mit lokalen Gemeinschaften zusammen und schaffen einen positiven Einfluss auf die Umwelt und das Gebiet.<\/p>\n<p>Mit unserer Arbeit ver\u00e4ndern wir jeden Tag die Bedeutung des Wortes VAIA: Es ist nicht l\u00e4nger ein Synonym f\u00fcr Zerst\u00f6rung, sondern f\u00fcr einen nachhaltigen Neustart der Umwelt und der lokalen Wirtschaft. VAIA ist die Botschaft, die wir in die Welt hinaustragen: eine Botschaft der Wiedergeburt, der Sch\u00f6nheit und des Wunsches, etwas zu bewirken.<\/p>\n<p>Dies ist das Modell der VAIA-Projekte: #FaceWhatMatters.<\/p>\n<\/div>\n            \n            \n            <\/div>\n                \n        \n    <\/div>\n<\/div>\n\n\n<div class=\"vaia__filter__system \"><div class=\"vaia__filter__system__content \"><article>\n                        <a class=\"project-single-title\" href=\"https:\/\/www.vaia.eu\/de\/project\/bostrico\/\" title=\"Bostrico\">Bostrico<\/a>\n\n                       <div class=\"content-grid-articles\">\n                            <div class=\"box-img\">\n                                <a class=\"project-single-image\" href=\"https:\/\/www.vaia.eu\/de\/project\/bostrico\/\" title=\"Bostrico\">\n                                    <img data-flickity-lazyload=\"https:\/\/www.vaia.eu\/wp-content\/uploads\/2024\/11\/VAIA-Progetto-Bostrico-VAIA-People-2.jpg\" class=\"skip-lazy\" alt=\"slider image\" width=\"400\" height=\"600\" \/>\n                                <\/a>\n                            <\/div>\n                            <div class=\"box-info-txt\">\n                                <div class=\"project-single-excerpt\">\n                                    Die schwere Borkenk\u00e4ferepidemie bef\u00e4llt und zerst\u00f6rt die W\u00e4lder der Dolomiten.\n                                <\/div>\n\n                                <a class=\"button button-secondary project-single-button\" href=\"https:\/\/www.vaia.eu\/de\/project\/bostrico\/\" title=\"Bostrico\">DISCOVER MORE<\/a>\n                            <\/div>\n                        <\/div>\n                    <\/article><article>\n                        <a class=\"project-single-title\" href=\"https:\/\/www.vaia.eu\/de\/project\/dolomiten\/\" title=\"Dolomiten\">Dolomiten<\/a>\n\n                       <div class=\"content-grid-articles\">\n                            <div class=\"box-img\">\n                                <a class=\"project-single-image\" href=\"https:\/\/www.vaia.eu\/de\/project\/dolomiten\/\" title=\"Dolomiten\">\n                                    <img data-flickity-lazyload=\"https:\/\/www.vaia.eu\/wp-content\/uploads\/2022\/11\/665x755_PROGETTI_DOLOMITI.jpg\" class=\"skip-lazy\" alt=\"slider image\" width=\"400\" height=\"600\" \/>\n                                <\/a>\n                            <\/div>\n                            <div class=\"box-info-txt\">\n                                <div class=\"project-single-excerpt\">\n                                    Junge lokale Designer und Handwerker f\u00fcr die W\u00e4lder von morgen.\n                                <\/div>\n\n                                <a class=\"button button-secondary project-single-button\" href=\"https:\/\/www.vaia.eu\/de\/project\/dolomiten\/\" title=\"Dolomiten\">DISCOVER MORE<\/a>\n                            <\/div>\n                        <\/div>\n                    <\/article><article>\n                        <a class=\"project-single-title\" href=\"https:\/\/www.vaia.eu\/de\/project\/gletscher\/\" title=\"Gletscher\">Gletscher<\/a>\n\n                       <div class=\"content-grid-articles\">\n                            <div class=\"box-img\">\n                                <a class=\"project-single-image\" href=\"https:\/\/www.vaia.eu\/de\/project\/gletscher\/\" title=\"Gletscher\">\n                                    <img data-flickity-lazyload=\"https:\/\/www.vaia.eu\/wp-content\/uploads\/2022\/11\/665x755_PROGETTI-Ghiacciai.jpg\" class=\"skip-lazy\" alt=\"slider image\" width=\"400\" height=\"600\" \/>\n                                <\/a>\n                            <\/div>\n                            <div class=\"box-info-txt\">\n                                <div class=\"project-single-excerpt\">\n                                    Wissenschaftler und Aktivisten f\u00fcr die Berge und das Klima.\n                                <\/div>\n\n                                <a class=\"button button-secondary project-single-button\" href=\"https:\/\/www.vaia.eu\/de\/project\/gletscher\/\" title=\"Gletscher\">DISCOVER MORE<\/a>\n                            <\/div>\n                        <\/div>\n                    <\/article><article>\n                        <a class=\"project-single-title\" href=\"https:\/\/www.vaia.eu\/de\/project\/vaia-fuer-firmen\/\" title=\"VAIA f\u00fcr Firmen\">VAIA f\u00fcr Firmen<\/a>\n\n                       <div class=\"content-grid-articles\">\n                            <div class=\"box-img\">\n                                <a class=\"project-single-image\" href=\"https:\/\/www.vaia.eu\/de\/project\/vaia-fuer-firmen\/\" title=\"VAIA f\u00fcr Firmen\">\n                                    <img data-flickity-lazyload=\"https:\/\/www.vaia.eu\/wp-content\/uploads\/2022\/11\/665x755_PROGETTI-Aziende.jpg\" class=\"skip-lazy\" alt=\"slider image\" width=\"400\" height=\"600\" \/>\n                                <\/a>\n                            <\/div>\n                            <div class=\"box-info-txt\">\n                                <div class=\"project-single-excerpt\">\n                                    Partner f\u00fcr aktive und konkrete Nachhaltigkeit.\n                                <\/div>\n\n                                <a class=\"button button-secondary project-single-button\" href=\"https:\/\/www.vaia.eu\/de\/project\/vaia-fuer-firmen\/\" title=\"VAIA f\u00fcr Firmen\">DISCOVER MORE<\/a>\n                            <\/div>\n                        <\/div>\n                    <\/article><\/div>\n            <\/div>\n","protected":false},"excerpt":{"rendered":"","protected":false},"author":1,"featured_media":0,"parent":0,"menu_order":2,"comment_status":"closed","ping_status":"closed","template":"","meta":{"_acf_changed":false,"_crdt_document":"","content-type":"","footnotes":""},"class_list":["post-4070","page","type-page","status-publish","hentry"],"acf":[],"yoast_head":"<!-- This site is optimized with the Yoast SEO plugin v27.3 - https:\/\/yoast.com\/product\/yoast-seo-wordpress\/ -->\n<title>Projekte - W\u00e4lder und Gletscher | VAIA<\/title>\n<meta name=\"description\" content=\"Entdecken Sie die Projekte von VAIA zur Aufforstung der Dolomiten und zum Gletscherschutz mit unseren VAIA Cube und VAIA Focus.\" \/>\n<meta name=\"robots\" content=\"index, follow, max-snippet:-1, max-image-preview:large, max-video-preview:-1\" \/>\n<link rel=\"canonical\" href=\"https:\/\/www.vaia.eu\/de\/projekte\/\" \/>\n<meta property=\"og:locale\" content=\"de_DE\" \/>\n<meta property=\"og:type\" content=\"article\" \/>\n<meta property=\"og:title\" content=\"Projekte - W\u00e4lder und Gletscher | VAIA\" \/>\n<meta property=\"og:description\" content=\"Entdecken Sie die Projekte von VAIA zur Aufforstung der Dolomiten und zum Gletscherschutz mit unseren VAIA Cube und VAIA Focus.\" \/>\n<meta property=\"og:url\" content=\"https:\/\/www.vaia.eu\/de\/projekte\/\" \/>\n<meta property=\"og:site_name\" content=\"VAIA\" \/>\n<meta property=\"article:publisher\" content=\"https:\/\/www.facebook.com\/therealvaia\/\" \/>\n<meta property=\"article:modified_time\" content=\"2024-12-02T15:42:02+00:00\" \/>\n<meta name=\"twitter:card\" content=\"summary_large_image\" \/>\n<meta name=\"twitter:label1\" content=\"Gesch\u00e4tzte Lesezeit\" \/>\n\t<meta name=\"twitter:data1\" content=\"1\u00a0Minute\" \/>\n<script type=\"application\/ld+json\" class=\"yoast-schema-graph\">{\"@context\":\"https:\\\/\\\/schema.org\",\"@graph\":[{\"@type\":\"WebPage\",\"@id\":\"https:\\\/\\\/www.vaia.eu\\\/de\\\/projekte\\\/\",\"url\":\"https:\\\/\\\/www.vaia.eu\\\/de\\\/projekte\\\/\",\"name\":\"Projekte - W\u00e4lder und Gletscher | VAIA\",\"isPartOf\":{\"@id\":\"https:\\\/\\\/www.vaia.eu\\\/#website\"},\"datePublished\":\"2022-10-03T11:12:13+00:00\",\"dateModified\":\"2024-12-02T15:42:02+00:00\",\"description\":\"Entdecken Sie die Projekte von VAIA zur Aufforstung der Dolomiten und zum Gletscherschutz mit unseren VAIA Cube und VAIA Focus.\",\"breadcrumb\":{\"@id\":\"https:\\\/\\\/www.vaia.eu\\\/de\\\/projekte\\\/#breadcrumb\"},\"inLanguage\":\"de\",\"potentialAction\":[{\"@type\":\"ReadAction\",\"target\":[\"https:\\\/\\\/www.vaia.eu\\\/de\\\/projekte\\\/\"]}]},{\"@type\":\"BreadcrumbList\",\"@id\":\"https:\\\/\\\/www.vaia.eu\\\/de\\\/projekte\\\/#breadcrumb\",\"itemListElement\":[{\"@type\":\"ListItem\",\"position\":1,\"name\":\"Home\",\"item\":\"https:\\\/\\\/www.vaia.eu\\\/de\\\/\"},{\"@type\":\"ListItem\",\"position\":2,\"name\":\"Projekte\"}]},{\"@type\":\"WebSite\",\"@id\":\"https:\\\/\\\/www.vaia.eu\\\/#website\",\"url\":\"https:\\\/\\\/www.vaia.eu\\\/\",\"name\":\"VAIA - Face what matters\",\"description\":\"Face What Matters\",\"publisher\":{\"@id\":\"https:\\\/\\\/www.vaia.eu\\\/#organization\"},\"potentialAction\":[{\"@type\":\"SearchAction\",\"target\":{\"@type\":\"EntryPoint\",\"urlTemplate\":\"https:\\\/\\\/www.vaia.eu\\\/?s={search_term_string}\"},\"query-input\":{\"@type\":\"PropertyValueSpecification\",\"valueRequired\":true,\"valueName\":\"search_term_string\"}}],\"inLanguage\":\"de\"},{\"@type\":\"Organization\",\"@id\":\"https:\\\/\\\/www.vaia.eu\\\/#organization\",\"name\":\"VAIA\",\"url\":\"https:\\\/\\\/www.vaia.eu\\\/\",\"logo\":{\"@type\":\"ImageObject\",\"inLanguage\":\"de\",\"@id\":\"https:\\\/\\\/www.vaia.eu\\\/#\\\/schema\\\/logo\\\/image\\\/\",\"url\":\"https:\\\/\\\/www.vaia.eu\\\/wp-content\\\/uploads\\\/2023\\\/12\\\/logo-vaia.svg\",\"contentUrl\":\"https:\\\/\\\/www.vaia.eu\\\/wp-content\\\/uploads\\\/2023\\\/12\\\/logo-vaia.svg\",\"width\":1000,\"height\":1000,\"caption\":\"VAIA\"},\"image\":{\"@id\":\"https:\\\/\\\/www.vaia.eu\\\/#\\\/schema\\\/logo\\\/image\\\/\"},\"sameAs\":[\"https:\\\/\\\/www.facebook.com\\\/therealvaia\\\/\",\"https:\\\/\\\/www.instagram.com\\\/therealvaia\\\/\",\"https:\\\/\\\/www.linkedin.com\\\/company\\\/vaiasrl\\\/\",\"https:\\\/\\\/www.youtube.com\\\/channel\\\/UCPtTJEh97yiEMm-vE_Ux3Aw\"]}]}<\/script>\n<!-- \/ Yoast SEO plugin. -->","yoast_head_json":{"title":"Projekte - W\u00e4lder und Gletscher | VAIA","description":"Entdecken Sie die Projekte von VAIA zur Aufforstung der Dolomiten und zum Gletscherschutz mit unseren VAIA Cube und VAIA Focus.","robots":{"index":"index","follow":"follow","max-snippet":"max-snippet:-1","max-image-preview":"max-image-preview:large","max-video-preview":"max-video-preview:-1"},"canonical":"https:\/\/www.vaia.eu\/de\/projekte\/","og_locale":"de_DE","og_type":"article","og_title":"Projekte - W\u00e4lder und Gletscher | VAIA","og_description":"Entdecken Sie die Projekte von VAIA zur Aufforstung der Dolomiten und zum Gletscherschutz mit unseren VAIA Cube und VAIA Focus.","og_url":"https:\/\/www.vaia.eu\/de\/projekte\/","og_site_name":"VAIA","article_publisher":"https:\/\/www.facebook.com\/therealvaia\/","article_modified_time":"2024-12-02T15:42:02+00:00","twitter_card":"summary_large_image","twitter_misc":{"Gesch\u00e4tzte Lesezeit":"1\u00a0Minute"},"schema":{"@context":"https:\/\/schema.org","@graph":[{"@type":"WebPage","@id":"https:\/\/www.vaia.eu\/de\/projekte\/","url":"https:\/\/www.vaia.eu\/de\/projekte\/","name":"Projekte - W\u00e4lder und Gletscher | VAIA","isPartOf":{"@id":"https:\/\/www.vaia.eu\/#website"},"datePublished":"2022-10-03T11:12:13+00:00","dateModified":"2024-12-02T15:42:02+00:00","description":"Entdecken Sie die Projekte von VAIA zur Aufforstung der Dolomiten und zum Gletscherschutz mit unseren VAIA Cube und VAIA Focus.","breadcrumb":{"@id":"https:\/\/www.vaia.eu\/de\/projekte\/#breadcrumb"},"inLanguage":"de","potentialAction":[{"@type":"ReadAction","target":["https:\/\/www.vaia.eu\/de\/projekte\/"]}]},{"@type":"BreadcrumbList","@id":"https:\/\/www.vaia.eu\/de\/projekte\/#breadcrumb","itemListElement":[{"@type":"ListItem","position":1,"name":"Home","item":"https:\/\/www.vaia.eu\/de\/"},{"@type":"ListItem","position":2,"name":"Projekte"}]},{"@type":"WebSite","@id":"https:\/\/www.vaia.eu\/#website","url":"https:\/\/www.vaia.eu\/","name":"VAIA - Face what matters","description":"Face What Matters","publisher":{"@id":"https:\/\/www.vaia.eu\/#organization"},"potentialAction":[{"@type":"SearchAction","target":{"@type":"EntryPoint","urlTemplate":"https:\/\/www.vaia.eu\/?s={search_term_string}"},"query-input":{"@type":"PropertyValueSpecification","valueRequired":true,"valueName":"search_term_string"}}],"inLanguage":"de"},{"@type":"Organization","@id":"https:\/\/www.vaia.eu\/#organization","name":"VAIA","url":"https:\/\/www.vaia.eu\/","logo":{"@type":"ImageObject","inLanguage":"de","@id":"https:\/\/www.vaia.eu\/#\/schema\/logo\/image\/","url":"https:\/\/www.vaia.eu\/wp-content\/uploads\/2023\/12\/logo-vaia.svg","contentUrl":"https:\/\/www.vaia.eu\/wp-content\/uploads\/2023\/12\/logo-vaia.svg","width":1000,"height":1000,"caption":"VAIA"},"image":{"@id":"https:\/\/www.vaia.eu\/#\/schema\/logo\/image\/"},"sameAs":["https:\/\/www.facebook.com\/therealvaia\/","https:\/\/www.instagram.com\/therealvaia\/","https:\/\/www.linkedin.com\/company\/vaiasrl\/","https:\/\/www.youtube.com\/channel\/UCPtTJEh97yiEMm-vE_Ux3Aw"]}]}},"_links":{"self":[{"href":"https:\/\/www.vaia.eu\/de\/wp-json\/wp\/v2\/pages\/4070","targetHints":{"allow":["GET"]}}],"collection":[{"href":"https:\/\/www.vaia.eu\/de\/wp-json\/wp\/v2\/pages"}],"about":[{"href":"https:\/\/www.vaia.eu\/de\/wp-json\/wp\/v2\/types\/page"}],"author":[{"embeddable":true,"href":"https:\/\/www.vaia.eu\/de\/wp-json\/wp\/v2\/users\/1"}],"replies":[{"embeddable":true,"href":"https:\/\/www.vaia.eu\/de\/wp-json\/wp\/v2\/comments?post=4070"}],"version-history":[{"count":0,"href":"https:\/\/www.vaia.eu\/de\/wp-json\/wp\/v2\/pages\/4070\/revisions"}],"wp:attachment":[{"href":"https:\/\/www.vaia.eu\/de\/wp-json\/wp\/v2\/media?parent=4070"}],"curies":[{"name":"wp","href":"https:\/\/api.w.org\/{rel}","templated":true}]}}