{"id":4076,"date":"2023-10-26T13:18:30","date_gmt":"2023-10-26T11:18:30","guid":{"rendered":"https:\/\/www.vaia.eu\/persone-per-vaia\/made-in-italy\/"},"modified":"2023-12-05T11:51:40","modified_gmt":"2023-12-05T10:51:40","slug":"made-in-italy","status":"publish","type":"page","link":"https:\/\/www.vaia.eu\/de\/personen-fur-vaia\/made-in-italy\/","title":{"rendered":"Made in Italy"},"content":{"rendered":"\n<div class=\"title-subtitle-cta-band  bgcolor-lightgreen \">\n    <div class=\"component-container\">\n        <div class=\" display-block \">\n                        <span class=\"title-1  titlesize-medium  titlecolor-violet \">Bei VAIA haben wir die Zusammenarbeit zu einem wesentlichen und zentralen Wert in unserem Auftrag und unserer Vision gemacht.<\/span>\n                \n            \n        <\/div>\n\n\n        \n        <div class=\"grid-subtitle\">\n        \n\n                        <span class=\"separator  separator-color-violet \">\/\/<\/span>\n            \n                    <div class=\"subtitle  subtitlesize-medium  subtitlecolor-violet \"><p>Wir vernetzen Institutionen, Personen und andere, dass sich jeder als Teil des Aufbaus von etwas Wichtigem f\u00fchlt und stolz darauf ist, dabei zu sein.<\/p>\n<\/div>\n            \n            \n            <\/div>\n                \n        \n    <\/div>\n<\/div>\n\n\n<div class=\"title-vertical-band  bgcolor-transparent  alignment-title-left \">\n    <div class=\"component-container\">\n                    <div class=\"title-container\"><span class=\"title-1  titlesize-medium  titlecolor-green \">\/\/ WOODLANDERS<\/span><\/div>\n                                <div class=\"subtitle  subtitlesize-medium  subtitlecolor-darkgreen \"><p>Sie bergen Holz von durch den Sturm Vaia gef\u00e4llten B\u00e4umen, sichern Absturzstellen und f\u00fchren vorbeugende Abholzungen durch, um der Borkenk\u00e4fergefahr zu begegnen.<\/p>\n<\/div>\n                <\/div>\n\n<\/div>\n\n\n<div class=\"title-vertical-band  bgcolor-transparent  alignment-title-right \">\n    <div class=\"component-container\">\n                    <div class=\"title-container\"><span class=\"title-1  titlesize-medium  titlecolor-green \">\/\/ DESIGNER <\/span><\/div>\n                                <div class=\"subtitle  subtitlesize-medium  subtitlecolor-darkgreen \"><p>Sie geben unseren Objekten Form und Bedeutung. Ohne Giorgio Leonardelli, Elisa Mastrofrancesco, Alice Tonelli, Gabriele Motter und Saverio Incombenti h\u00e4tten unsere Ideen niemals Ihre H\u00e4nde erreicht.<\/p>\n<\/div>\n                <\/div>\n\n<\/div>\n\n\n<div class=\"title-vertical-band  bgcolor-transparent  alignment-title-left \">\n    <div class=\"component-container\">\n                    <div class=\"title-container\"><span class=\"title-1  titlesize-medium  titlecolor-green \">\/\/ SCHREINER UND HANDWERKER<\/span><\/div>\n                                <div class=\"subtitle  subtitlesize-medium  subtitlecolor-darkgreen \"><p>&#8222;Sie kennen, verarbeiten und verwerten wertvolle Ressourcen wie Fichten- und L\u00e4rchenholz und innovative Materialien mit Wissen und handwerklichem Geschick. Eine besondere Erw\u00e4hnung gilt Giorgio Leonardelli, unserem Handwerksmeister, dem Designer des ikonischen VAIA Cube split.<br \/>\nIm Hinblick auf die Zweckm\u00e4\u00dfigkeit unserer Produktion h\u00e4tten wir die Maschinen kaufen und unsere Objekte selbst herstellen k\u00f6nnen. F\u00fcr uns war es jedoch entscheidend, eine soziale und wirtschaftliche Auswirkung auf das Gebiet zu haben, eine lokale Versorgungskette zu verbessern, Arbeitspl\u00e4tze zu schaffen und der traditionellen Handwerkskunst einen frischen Wind zu verleihen. Wir wollten die Welt des Know-hows und der Handwerkskunst mit den Ideen eines innovativen Start-ups verbinden und so eine Verbindung schaffen, die zu neuen Perspektiven f\u00fchren w\u00fcrde.<br \/>\nWir nennen es Handwerk 4.0, in dem das handwerkliche Know-how zu einer innovativen Vision wird, in der Tradition und dank der Verbindung mit dem Gebiet.<br \/>\nDie Suche war nicht einfach, aber heute z\u00e4hlen wir auf eine Gruppe von 12 Personen, die uns in jeder Phase der Produktion unterst\u00fctzen. Eine Versorgungskette, die immer gr\u00f6\u00dfer und st\u00e4rker wird, mit Blick auf das Wachstum der Projekte und die Vielfalt der Anliegen, die VAIA sch\u00fctzen und unterst\u00fctzen will.&#8220;<\/p>\n<\/div>\n                <\/div>\n\n<\/div>\n\n\n<div class=\"images-slider images-slider-bg-darkgreen\">\n    <div class=\"images-slider-container\">\n        \n        <div class=\"images-slider__row\">\n                            <div class=\"images-slider__single\" aria-hidden=\"false\">\n                    <div class=\"images-slider__single-contents\">\n                        <img data-flickity-lazyload=\"https:\/\/www.vaia.eu\/wp-content\/uploads\/2023\/10\/665x755_designers.jpg\" class=\"skip-lazy\" alt=\"slider image\" width=\"400\" height=\"600\" \/>\n                                                                    <\/div>\n\n                <\/div>\n                            <div class=\"images-slider__single\" aria-hidden=\"false\">\n                    <div class=\"images-slider__single-contents\">\n                        <img data-flickity-lazyload=\"https:\/\/www.vaia.eu\/wp-content\/uploads\/2023\/10\/665x755_boscaioli.jpg\" class=\"skip-lazy\" alt=\"slider image\" width=\"400\" height=\"600\" \/>\n                                                                    <\/div>\n\n                <\/div>\n                            <div class=\"images-slider__single\" aria-hidden=\"false\">\n                    <div class=\"images-slider__single-contents\">\n                        <img data-flickity-lazyload=\"https:\/\/www.vaia.eu\/wp-content\/uploads\/2023\/10\/665x755_artigiani.jpg\" class=\"skip-lazy\" alt=\"slider image\" width=\"400\" height=\"600\" \/>\n                                                                    <\/div>\n\n                <\/div>\n            \n        <\/div>\n        <span class=\"image-slider-symbol symbol-yellow\">\/\/<\/span>\n    <\/div>\n\n<\/div>\n\n\n<div class=\"title-vertical-band  bgcolor-transparent  alignment-title-left \">\n    <div class=\"component-container\">\n                    <div class=\"title-container\"><span class=\"title-1  titlesize-medium  titlecolor-green \">\/\/ PRODUKTIONSKETTE<\/span><\/div>\n                                <div class=\"subtitle  subtitlesize-medium  subtitlecolor-darkgreen \"><p>Wir wollten die Welt des Savoir-faire und der Handwerkskunst mit den Ideen eines innovativen Start-ups verbinden und so eine Verbindung schaffen, die zu neuen Perspektiven f\u00fchren w\u00fcrde.<br \/>\nWir nennen es Handwerk 4.0, bei dem das handwerkliche Know-how in der Tradition und dank der Verbindung mit dem Territorium zu einer Innovation mit Weitblick wird.<br \/>\nDie Suche war nicht einfach, aber heute z\u00e4hlen wir auf eine Gruppe von 12 Personen, die uns in jeder Phase der Produktion unterst\u00fctzen. Eine Lieferkette, die immer gr\u00f6\u00dfer und st\u00e4rker wird, mit Blick auf das Wachstum der Projekte und die Vielfalt der Anliegen, die VAIA sch\u00fctzen und unterst\u00fctzen m\u00f6chte.<\/p>\n<\/div>\n                <\/div>\n\n<\/div>\n","protected":false},"excerpt":{"rendered":"","protected":false},"author":1,"featured_media":0,"parent":4072,"menu_order":0,"comment_status":"closed","ping_status":"closed","template":"","meta":{"_acf_changed":false,"_crdt_document":"","content-type":"","footnotes":""},"class_list":["post-4076","page","type-page","status-publish","hentry"],"acf":[],"yoast_head":"<!-- This site is optimized with the Yoast SEO plugin v27.3 - https:\/\/yoast.com\/product\/yoast-seo-wordpress\/ -->\n<title>Made in Italy | VAIA<\/title>\n<meta name=\"robots\" content=\"index, follow, max-snippet:-1, max-image-preview:large, max-video-preview:-1\" \/>\n<link rel=\"canonical\" href=\"https:\/\/www.vaia.eu\/de\/personen-fur-vaia\/made-in-italy\/\" \/>\n<meta property=\"og:locale\" content=\"de_DE\" \/>\n<meta property=\"og:type\" content=\"article\" \/>\n<meta property=\"og:title\" content=\"Made in Italy | VAIA\" \/>\n<meta property=\"og:url\" content=\"https:\/\/www.vaia.eu\/de\/personen-fur-vaia\/made-in-italy\/\" \/>\n<meta property=\"og:site_name\" content=\"VAIA\" \/>\n<meta property=\"article:publisher\" content=\"https:\/\/www.facebook.com\/therealvaia\/\" \/>\n<meta property=\"article:modified_time\" content=\"2023-12-05T10:51:40+00:00\" \/>\n<meta name=\"twitter:card\" content=\"summary_large_image\" \/>\n<script type=\"application\/ld+json\" class=\"yoast-schema-graph\">{\"@context\":\"https:\\\/\\\/schema.org\",\"@graph\":[{\"@type\":\"WebPage\",\"@id\":\"https:\\\/\\\/www.vaia.eu\\\/de\\\/personen-fur-vaia\\\/made-in-italy\\\/\",\"url\":\"https:\\\/\\\/www.vaia.eu\\\/de\\\/personen-fur-vaia\\\/made-in-italy\\\/\",\"name\":\"Made in Italy | VAIA\",\"isPartOf\":{\"@id\":\"https:\\\/\\\/www.vaia.eu\\\/#website\"},\"datePublished\":\"2023-10-26T11:18:30+00:00\",\"dateModified\":\"2023-12-05T10:51:40+00:00\",\"breadcrumb\":{\"@id\":\"https:\\\/\\\/www.vaia.eu\\\/de\\\/personen-fur-vaia\\\/made-in-italy\\\/#breadcrumb\"},\"inLanguage\":\"de\",\"potentialAction\":[{\"@type\":\"ReadAction\",\"target\":[\"https:\\\/\\\/www.vaia.eu\\\/de\\\/personen-fur-vaia\\\/made-in-italy\\\/\"]}]},{\"@type\":\"BreadcrumbList\",\"@id\":\"https:\\\/\\\/www.vaia.eu\\\/de\\\/personen-fur-vaia\\\/made-in-italy\\\/#breadcrumb\",\"itemListElement\":[{\"@type\":\"ListItem\",\"position\":1,\"name\":\"Home\",\"item\":\"https:\\\/\\\/www.vaia.eu\\\/de\\\/\"},{\"@type\":\"ListItem\",\"position\":2,\"name\":\"Personen f\u00fcr VAIA\",\"item\":\"https:\\\/\\\/www.vaia.eu\\\/de\\\/personen-fur-vaia\\\/\"},{\"@type\":\"ListItem\",\"position\":3,\"name\":\"Made in Italy\"}]},{\"@type\":\"WebSite\",\"@id\":\"https:\\\/\\\/www.vaia.eu\\\/#website\",\"url\":\"https:\\\/\\\/www.vaia.eu\\\/\",\"name\":\"VAIA - Face what matters\",\"description\":\"Face What Matters\",\"publisher\":{\"@id\":\"https:\\\/\\\/www.vaia.eu\\\/#organization\"},\"potentialAction\":[{\"@type\":\"SearchAction\",\"target\":{\"@type\":\"EntryPoint\",\"urlTemplate\":\"https:\\\/\\\/www.vaia.eu\\\/?s={search_term_string}\"},\"query-input\":{\"@type\":\"PropertyValueSpecification\",\"valueRequired\":true,\"valueName\":\"search_term_string\"}}],\"inLanguage\":\"de\"},{\"@type\":\"Organization\",\"@id\":\"https:\\\/\\\/www.vaia.eu\\\/#organization\",\"name\":\"VAIA\",\"url\":\"https:\\\/\\\/www.vaia.eu\\\/\",\"logo\":{\"@type\":\"ImageObject\",\"inLanguage\":\"de\",\"@id\":\"https:\\\/\\\/www.vaia.eu\\\/#\\\/schema\\\/logo\\\/image\\\/\",\"url\":\"https:\\\/\\\/www.vaia.eu\\\/wp-content\\\/uploads\\\/2023\\\/12\\\/logo-vaia.svg\",\"contentUrl\":\"https:\\\/\\\/www.vaia.eu\\\/wp-content\\\/uploads\\\/2023\\\/12\\\/logo-vaia.svg\",\"width\":1000,\"height\":1000,\"caption\":\"VAIA\"},\"image\":{\"@id\":\"https:\\\/\\\/www.vaia.eu\\\/#\\\/schema\\\/logo\\\/image\\\/\"},\"sameAs\":[\"https:\\\/\\\/www.facebook.com\\\/therealvaia\\\/\",\"https:\\\/\\\/www.instagram.com\\\/therealvaia\\\/\",\"https:\\\/\\\/www.linkedin.com\\\/company\\\/vaiasrl\\\/\",\"https:\\\/\\\/www.youtube.com\\\/channel\\\/UCPtTJEh97yiEMm-vE_Ux3Aw\"]}]}<\/script>\n<!-- \/ Yoast SEO plugin. -->","yoast_head_json":{"title":"Made in Italy | VAIA","robots":{"index":"index","follow":"follow","max-snippet":"max-snippet:-1","max-image-preview":"max-image-preview:large","max-video-preview":"max-video-preview:-1"},"canonical":"https:\/\/www.vaia.eu\/de\/personen-fur-vaia\/made-in-italy\/","og_locale":"de_DE","og_type":"article","og_title":"Made in Italy | VAIA","og_url":"https:\/\/www.vaia.eu\/de\/personen-fur-vaia\/made-in-italy\/","og_site_name":"VAIA","article_publisher":"https:\/\/www.facebook.com\/therealvaia\/","article_modified_time":"2023-12-05T10:51:40+00:00","twitter_card":"summary_large_image","schema":{"@context":"https:\/\/schema.org","@graph":[{"@type":"WebPage","@id":"https:\/\/www.vaia.eu\/de\/personen-fur-vaia\/made-in-italy\/","url":"https:\/\/www.vaia.eu\/de\/personen-fur-vaia\/made-in-italy\/","name":"Made in Italy | VAIA","isPartOf":{"@id":"https:\/\/www.vaia.eu\/#website"},"datePublished":"2023-10-26T11:18:30+00:00","dateModified":"2023-12-05T10:51:40+00:00","breadcrumb":{"@id":"https:\/\/www.vaia.eu\/de\/personen-fur-vaia\/made-in-italy\/#breadcrumb"},"inLanguage":"de","potentialAction":[{"@type":"ReadAction","target":["https:\/\/www.vaia.eu\/de\/personen-fur-vaia\/made-in-italy\/"]}]},{"@type":"BreadcrumbList","@id":"https:\/\/www.vaia.eu\/de\/personen-fur-vaia\/made-in-italy\/#breadcrumb","itemListElement":[{"@type":"ListItem","position":1,"name":"Home","item":"https:\/\/www.vaia.eu\/de\/"},{"@type":"ListItem","position":2,"name":"Personen f\u00fcr VAIA","item":"https:\/\/www.vaia.eu\/de\/personen-fur-vaia\/"},{"@type":"ListItem","position":3,"name":"Made in Italy"}]},{"@type":"WebSite","@id":"https:\/\/www.vaia.eu\/#website","url":"https:\/\/www.vaia.eu\/","name":"VAIA - Face what matters","description":"Face What Matters","publisher":{"@id":"https:\/\/www.vaia.eu\/#organization"},"potentialAction":[{"@type":"SearchAction","target":{"@type":"EntryPoint","urlTemplate":"https:\/\/www.vaia.eu\/?s={search_term_string}"},"query-input":{"@type":"PropertyValueSpecification","valueRequired":true,"valueName":"search_term_string"}}],"inLanguage":"de"},{"@type":"Organization","@id":"https:\/\/www.vaia.eu\/#organization","name":"VAIA","url":"https:\/\/www.vaia.eu\/","logo":{"@type":"ImageObject","inLanguage":"de","@id":"https:\/\/www.vaia.eu\/#\/schema\/logo\/image\/","url":"https:\/\/www.vaia.eu\/wp-content\/uploads\/2023\/12\/logo-vaia.svg","contentUrl":"https:\/\/www.vaia.eu\/wp-content\/uploads\/2023\/12\/logo-vaia.svg","width":1000,"height":1000,"caption":"VAIA"},"image":{"@id":"https:\/\/www.vaia.eu\/#\/schema\/logo\/image\/"},"sameAs":["https:\/\/www.facebook.com\/therealvaia\/","https:\/\/www.instagram.com\/therealvaia\/","https:\/\/www.linkedin.com\/company\/vaiasrl\/","https:\/\/www.youtube.com\/channel\/UCPtTJEh97yiEMm-vE_Ux3Aw"]}]}},"_links":{"self":[{"href":"https:\/\/www.vaia.eu\/de\/wp-json\/wp\/v2\/pages\/4076","targetHints":{"allow":["GET"]}}],"collection":[{"href":"https:\/\/www.vaia.eu\/de\/wp-json\/wp\/v2\/pages"}],"about":[{"href":"https:\/\/www.vaia.eu\/de\/wp-json\/wp\/v2\/types\/page"}],"author":[{"embeddable":true,"href":"https:\/\/www.vaia.eu\/de\/wp-json\/wp\/v2\/users\/1"}],"replies":[{"embeddable":true,"href":"https:\/\/www.vaia.eu\/de\/wp-json\/wp\/v2\/comments?post=4076"}],"version-history":[{"count":0,"href":"https:\/\/www.vaia.eu\/de\/wp-json\/wp\/v2\/pages\/4076\/revisions"}],"up":[{"embeddable":true,"href":"https:\/\/www.vaia.eu\/de\/wp-json\/wp\/v2\/pages\/4072"}],"wp:attachment":[{"href":"https:\/\/www.vaia.eu\/de\/wp-json\/wp\/v2\/media?parent=4076"}],"curies":[{"name":"wp","href":"https:\/\/api.w.org\/{rel}","templated":true}]}}