{"id":4078,"date":"2023-10-26T14:29:57","date_gmt":"2023-10-26T12:29:57","guid":{"rendered":"https:\/\/www.vaia.eu\/persone-per-vaia\/istituzioni-collaboratori\/"},"modified":"2023-12-05T11:51:39","modified_gmt":"2023-12-05T10:51:39","slug":"institutionen-amp-mitarbeiter","status":"publish","type":"page","link":"https:\/\/www.vaia.eu\/de\/personen-fur-vaia\/institutionen-amp-mitarbeiter\/","title":{"rendered":"INSTITUTIONEN &amp; MITARBEITER"},"content":{"rendered":"\n<div class=\"title-subtitle-cta-band  bgcolor-lightgreen \">\n    <div class=\"component-container\">\n        <div class=\" display-block \">\n                        <span class=\"title-1  titlesize-medium  titlecolor-violet \">Das Schl\u00fcsselwort hei\u00dft Kooperation<\/span>\n                \n            \n        <\/div>\n\n\n        \n        <div class=\"grid-subtitle\">\n        \n\n                        <span class=\"separator  separator-color-violet \">\/\/<\/span>\n            \n                    <div class=\"subtitle  subtitlesize-medium  subtitlecolor-violet \"><p>Nur durch die Vernetzung mit anderen k\u00f6nnen wir wirklich etwas bewirken.<\/p>\n<\/div>\n            \n            \n            <\/div>\n                \n        \n    <\/div>\n<\/div>\n\n\n<div class=\"title-vertical-band  bgcolor-transparent  alignment-title-left \">\n    <div class=\"component-container\">\n                    <div class=\"title-container\"><span class=\"title-1  titlesize-medium  titlecolor-green \">\/\/ FORSTWIRTSCHAFTLICHE EINRICHTUNGEN<\/span><\/div>\n                                <div class=\"subtitle  subtitlesize-medium  subtitlecolor-darkgreen \"><p>Sie k\u00fcmmern sich um die S\u00e4uberung der W\u00e4lder, die Zucht von Setzlingen in der Baumschule und die Anpflanzung neuer B\u00e4ume, wobei sie die biologische Vielfalt unserer Gebiete respektieren. Sie nehmen an unseren Aufforstungsveranstaltungen teil und erkl\u00e4ren den Teilnehmer:innen, wie man die Setzlinge richtig pflanzt. Bei VAIA arbeiten wir auch mit der A.S.U.C. Trentino und PEFC Italien zusammen.<\/p>\n<\/div>\n                <\/div>\n\n<\/div>\n\n\n<div class=\"cards cards-bg-lightyellow\">\n\n    \n    <div class=\"cards__row\">\n                    <div class=\"cards__col col-color-green content-title-color-transparent content-card-color-transparent\">\n                <div class=\"g-card\">\n    \n    \n    \n            <div class=\"g-card__media\">\n                        <a href=\"https:\/\/www.asuctrentine.it\/\" target=\"_blank\">\n                            <img loading=\"lazy\" decoding=\"async\" class=\"skip-lazy\" width=\"600\" height=\"400\" src=\"https:\/\/www.vaia.eu\/wp-content\/uploads\/2023\/10\/500x500_ASUC.png\" alt=\"\" \/>\n                        <\/a>\n                    <\/div>\n    \n    <\/div>\n            <\/div>\n                    <div class=\"cards__col col-color-green content-title-color-transparent content-card-color-transparent\">\n                <div class=\"g-card\">\n    \n    \n    \n            <div class=\"g-card__media\">\n                        <a href=\"https:\/\/www.pefc.it\/\" target=\"_blank\">\n                            <img loading=\"lazy\" decoding=\"async\" class=\"skip-lazy\" width=\"600\" height=\"400\" src=\"https:\/\/www.vaia.eu\/wp-content\/uploads\/2023\/10\/500x500_PEFC.png\" alt=\"\" \/>\n                        <\/a>\n                    <\/div>\n    \n    <\/div>\n            <\/div>\n                    <div class=\"cards__col col-color-green content-title-color-transparent content-card-color-transparent\">\n                <div class=\"g-card\">\n    \n    \n    \n            <div class=\"g-card__media\">\n                            <img loading=\"lazy\" decoding=\"async\" class=\"skip-lazy\" width=\"600\" height=\"400\" src=\"https:\/\/www.vaia.eu\/wp-content\/uploads\/2023\/11\/500x500_cfc.png\" alt=\"\" \/>\n                    <\/div>\n    \n    <\/div>\n            <\/div>\n            <\/div>\n<\/div>\n\n\n<div class=\"images-slider images-slider-bg-darkgreen\">\n    <div class=\"images-slider-container\">\n        \n        <div class=\"images-slider__row\">\n                            <div class=\"images-slider__single\" aria-hidden=\"false\">\n                    <div class=\"images-slider__single-contents\">\n                        <img data-flickity-lazyload=\"https:\/\/www.vaia.eu\/wp-content\/uploads\/2023\/10\/590x590-forestale-.jpg\" class=\"skip-lazy\" alt=\"slider image\" width=\"400\" height=\"600\" \/>\n                                                                    <\/div>\n\n                <\/div>\n                            <div class=\"images-slider__single\" aria-hidden=\"false\">\n                    <div class=\"images-slider__single-contents\">\n                        <img data-flickity-lazyload=\"https:\/\/www.vaia.eu\/wp-content\/uploads\/2023\/10\/590x590-forestale-2.jpg\" class=\"skip-lazy\" alt=\"slider image\" width=\"400\" height=\"600\" \/>\n                                                                    <\/div>\n\n                <\/div>\n                            <div class=\"images-slider__single\" aria-hidden=\"false\">\n                    <div class=\"images-slider__single-contents\">\n                        <img data-flickity-lazyload=\"https:\/\/www.vaia.eu\/wp-content\/uploads\/2023\/10\/590x590-forestale-3.jpg\" class=\"skip-lazy\" alt=\"slider image\" width=\"400\" height=\"600\" \/>\n                                                                    <\/div>\n\n                <\/div>\n                            <div class=\"images-slider__single\" aria-hidden=\"false\">\n                    <div class=\"images-slider__single-contents\">\n                        <img data-flickity-lazyload=\"https:\/\/www.vaia.eu\/wp-content\/uploads\/2023\/10\/590x590-forestale-4.jpg\" class=\"skip-lazy\" alt=\"slider image\" width=\"400\" height=\"600\" \/>\n                                                                    <\/div>\n\n                <\/div>\n                            <div class=\"images-slider__single\" aria-hidden=\"false\">\n                    <div class=\"images-slider__single-contents\">\n                        <img data-flickity-lazyload=\"https:\/\/www.vaia.eu\/wp-content\/uploads\/2023\/10\/590x590-forestale-5.jpg\" class=\"skip-lazy\" alt=\"slider image\" width=\"400\" height=\"600\" \/>\n                                                                    <\/div>\n\n                <\/div>\n                            <div class=\"images-slider__single\" aria-hidden=\"false\">\n                    <div class=\"images-slider__single-contents\">\n                        <img data-flickity-lazyload=\"https:\/\/www.vaia.eu\/wp-content\/uploads\/2023\/10\/590x590-forestale-6.jpg\" class=\"skip-lazy\" alt=\"slider image\" width=\"400\" height=\"600\" \/>\n                                                                    <\/div>\n\n                <\/div>\n            \n        <\/div>\n        <span class=\"image-slider-symbol symbol-yellow\">\/\/<\/span>\n    <\/div>\n\n<\/div>\n\n\n<div class=\"title-vertical-band  bgcolor-transparent  alignment-title-left \">\n    <div class=\"component-container\">\n                    <div class=\"title-container\"><span class=\"title-1  titlesize-medium  titlecolor-green \">\/\/ PARTNER<\/span><\/div>\n                                <div class=\"subtitle  subtitlesize-medium  subtitlecolor-darkgreen \"><p>Start-ups, Verb\u00e4nde und Forschungseinrichtungen, die uns bei der Umsetzung unserer Projekte (Pflanzung neuer B\u00e4ume, Untersuchung und Schutz von Gletschern&#8230;) unterst\u00fctzen und unsere Botschaft verbreiten.<\/p>\n<\/div>\n                <\/div>\n\n<\/div>\n\n\n<div class=\"cards cards-bg-lightyellow\">\n\n    \n    <div class=\"cards__row\">\n                    <div class=\"cards__col col-color-green content-title-color-transparent content-card-color-transparent\">\n                <div class=\"g-card\">\n    \n    \n    \n            <div class=\"g-card__media\">\n                        <a href=\"https:\/\/www.anffas.net\/\" target=\"_blank\">\n                            <img loading=\"lazy\" decoding=\"async\" class=\"skip-lazy\" width=\"600\" height=\"400\" src=\"https:\/\/www.vaia.eu\/wp-content\/uploads\/2023\/10\/ANFFAS.png\" alt=\"\" \/>\n                        <\/a>\n                    <\/div>\n    \n    <\/div>\n            <\/div>\n                    <div class=\"cards__col col-color-green content-title-color-transparent content-card-color-transparent\">\n                <div class=\"g-card\">\n    \n    \n    \n            <div class=\"g-card__media\">\n                        <a href=\"https:\/\/www.unitn.it\/\" target=\"_blank\">\n                            <img loading=\"lazy\" decoding=\"async\" class=\"skip-lazy\" width=\"600\" height=\"400\" src=\"https:\/\/www.vaia.eu\/wp-content\/uploads\/2023\/10\/UNITN.png\" alt=\"\" \/>\n                        <\/a>\n                    <\/div>\n    \n    <\/div>\n            <\/div>\n                    <div class=\"cards__col col-color-green content-title-color-transparent content-card-color-transparent\">\n                <div class=\"g-card\">\n    \n    \n    \n            <div class=\"g-card__media\">\n                        <a href=\"https:\/\/www.unive.it\/pag\/37101\" target=\"_blank\">\n                            <img loading=\"lazy\" decoding=\"async\" class=\"skip-lazy\" width=\"600\" height=\"400\" src=\"https:\/\/www.vaia.eu\/wp-content\/uploads\/2023\/10\/500x500_ice-memory.png\" alt=\"\" \/>\n                        <\/a>\n                    <\/div>\n    \n    <\/div>\n            <\/div>\n                    <div class=\"cards__col col-color-green content-title-color-transparent content-card-color-transparent\">\n                <div class=\"g-card\">\n    \n    \n    \n            <div class=\"g-card__media\">\n                        <a href=\"https:\/\/www.summit-foundation.org\/\" target=\"_blank\">\n                            <img loading=\"lazy\" decoding=\"async\" class=\"skip-lazy\" width=\"600\" height=\"400\" src=\"https:\/\/www.vaia.eu\/wp-content\/uploads\/2023\/10\/500x500_summit-foundation.png\" alt=\"\" \/>\n                        <\/a>\n                    <\/div>\n    \n    <\/div>\n            <\/div>\n                    <div class=\"cards__col col-color-green content-title-color-transparent content-card-color-transparent\">\n                <div class=\"g-card\">\n    \n    \n    \n            <div class=\"g-card__media\">\n                        <a href=\"https:\/\/www.glacup.com\/\" target=\"_blank\">\n                            <img loading=\"lazy\" decoding=\"async\" class=\"skip-lazy\" width=\"600\" height=\"400\" src=\"https:\/\/www.vaia.eu\/wp-content\/uploads\/2023\/10\/500x500_glac-up.png\" alt=\"\" \/>\n                        <\/a>\n                    <\/div>\n    \n    <\/div>\n            <\/div>\n            <\/div>\n<\/div>\n","protected":false},"excerpt":{"rendered":"","protected":false},"author":1,"featured_media":0,"parent":4072,"menu_order":0,"comment_status":"closed","ping_status":"closed","template":"","meta":{"_acf_changed":false,"_crdt_document":"","content-type":"","footnotes":""},"class_list":["post-4078","page","type-page","status-publish","hentry"],"acf":[],"yoast_head":"<!-- This site is optimized with the Yoast SEO plugin v27.4 - https:\/\/yoast.com\/product\/yoast-seo-wordpress\/ -->\n<title>INSTITUTIONEN &amp; MITARBEITER | VAIA<\/title>\n<meta name=\"robots\" content=\"index, follow, max-snippet:-1, max-image-preview:large, max-video-preview:-1\" \/>\n<link rel=\"canonical\" href=\"https:\/\/www.vaia.eu\/de\/personen-fur-vaia\/institutionen-amp-mitarbeiter\/\" \/>\n<meta property=\"og:locale\" content=\"de_DE\" \/>\n<meta property=\"og:type\" content=\"article\" \/>\n<meta property=\"og:title\" content=\"INSTITUTIONEN &amp; MITARBEITER | VAIA\" \/>\n<meta property=\"og:url\" content=\"https:\/\/www.vaia.eu\/de\/personen-fur-vaia\/institutionen-amp-mitarbeiter\/\" \/>\n<meta property=\"og:site_name\" content=\"VAIA\" \/>\n<meta property=\"article:publisher\" content=\"https:\/\/www.facebook.com\/therealvaia\/\" \/>\n<meta property=\"article:modified_time\" content=\"2023-12-05T10:51:39+00:00\" \/>\n<meta name=\"twitter:card\" content=\"summary_large_image\" \/>\n<script type=\"application\/ld+json\" class=\"yoast-schema-graph\">{\"@context\":\"https:\\\/\\\/schema.org\",\"@graph\":[{\"@type\":\"WebPage\",\"@id\":\"https:\\\/\\\/www.vaia.eu\\\/de\\\/personen-fur-vaia\\\/institutionen-amp-mitarbeiter\\\/\",\"url\":\"https:\\\/\\\/www.vaia.eu\\\/de\\\/personen-fur-vaia\\\/institutionen-amp-mitarbeiter\\\/\",\"name\":\"INSTITUTIONEN &amp; MITARBEITER | VAIA\",\"isPartOf\":{\"@id\":\"https:\\\/\\\/www.vaia.eu\\\/#website\"},\"datePublished\":\"2023-10-26T12:29:57+00:00\",\"dateModified\":\"2023-12-05T10:51:39+00:00\",\"breadcrumb\":{\"@id\":\"https:\\\/\\\/www.vaia.eu\\\/de\\\/personen-fur-vaia\\\/institutionen-amp-mitarbeiter\\\/#breadcrumb\"},\"inLanguage\":\"de\",\"potentialAction\":[{\"@type\":\"ReadAction\",\"target\":[\"https:\\\/\\\/www.vaia.eu\\\/de\\\/personen-fur-vaia\\\/institutionen-amp-mitarbeiter\\\/\"]}]},{\"@type\":\"BreadcrumbList\",\"@id\":\"https:\\\/\\\/www.vaia.eu\\\/de\\\/personen-fur-vaia\\\/institutionen-amp-mitarbeiter\\\/#breadcrumb\",\"itemListElement\":[{\"@type\":\"ListItem\",\"position\":1,\"name\":\"Home\",\"item\":\"https:\\\/\\\/www.vaia.eu\\\/de\\\/\"},{\"@type\":\"ListItem\",\"position\":2,\"name\":\"Personen f\u00fcr VAIA\",\"item\":\"https:\\\/\\\/www.vaia.eu\\\/de\\\/personen-fur-vaia\\\/\"},{\"@type\":\"ListItem\",\"position\":3,\"name\":\"INSTITUTIONEN &amp; MITARBEITER\"}]},{\"@type\":\"WebSite\",\"@id\":\"https:\\\/\\\/www.vaia.eu\\\/#website\",\"url\":\"https:\\\/\\\/www.vaia.eu\\\/\",\"name\":\"VAIA - Face what matters\",\"description\":\"Face What Matters\",\"publisher\":{\"@id\":\"https:\\\/\\\/www.vaia.eu\\\/#organization\"},\"potentialAction\":[{\"@type\":\"SearchAction\",\"target\":{\"@type\":\"EntryPoint\",\"urlTemplate\":\"https:\\\/\\\/www.vaia.eu\\\/?s={search_term_string}\"},\"query-input\":{\"@type\":\"PropertyValueSpecification\",\"valueRequired\":true,\"valueName\":\"search_term_string\"}}],\"inLanguage\":\"de\"},{\"@type\":\"Organization\",\"@id\":\"https:\\\/\\\/www.vaia.eu\\\/#organization\",\"name\":\"VAIA\",\"url\":\"https:\\\/\\\/www.vaia.eu\\\/\",\"logo\":{\"@type\":\"ImageObject\",\"inLanguage\":\"de\",\"@id\":\"https:\\\/\\\/www.vaia.eu\\\/#\\\/schema\\\/logo\\\/image\\\/\",\"url\":\"https:\\\/\\\/www.vaia.eu\\\/wp-content\\\/uploads\\\/2023\\\/12\\\/logo-vaia.svg\",\"contentUrl\":\"https:\\\/\\\/www.vaia.eu\\\/wp-content\\\/uploads\\\/2023\\\/12\\\/logo-vaia.svg\",\"width\":1000,\"height\":1000,\"caption\":\"VAIA\"},\"image\":{\"@id\":\"https:\\\/\\\/www.vaia.eu\\\/#\\\/schema\\\/logo\\\/image\\\/\"},\"sameAs\":[\"https:\\\/\\\/www.facebook.com\\\/therealvaia\\\/\",\"https:\\\/\\\/www.instagram.com\\\/therealvaia\\\/\",\"https:\\\/\\\/www.linkedin.com\\\/company\\\/vaiasrl\\\/\",\"https:\\\/\\\/www.youtube.com\\\/channel\\\/UCPtTJEh97yiEMm-vE_Ux3Aw\"]}]}<\/script>\n<!-- \/ Yoast SEO plugin. -->","yoast_head_json":{"title":"INSTITUTIONEN &amp; MITARBEITER | VAIA","robots":{"index":"index","follow":"follow","max-snippet":"max-snippet:-1","max-image-preview":"max-image-preview:large","max-video-preview":"max-video-preview:-1"},"canonical":"https:\/\/www.vaia.eu\/de\/personen-fur-vaia\/institutionen-amp-mitarbeiter\/","og_locale":"de_DE","og_type":"article","og_title":"INSTITUTIONEN &amp; MITARBEITER | VAIA","og_url":"https:\/\/www.vaia.eu\/de\/personen-fur-vaia\/institutionen-amp-mitarbeiter\/","og_site_name":"VAIA","article_publisher":"https:\/\/www.facebook.com\/therealvaia\/","article_modified_time":"2023-12-05T10:51:39+00:00","twitter_card":"summary_large_image","schema":{"@context":"https:\/\/schema.org","@graph":[{"@type":"WebPage","@id":"https:\/\/www.vaia.eu\/de\/personen-fur-vaia\/institutionen-amp-mitarbeiter\/","url":"https:\/\/www.vaia.eu\/de\/personen-fur-vaia\/institutionen-amp-mitarbeiter\/","name":"INSTITUTIONEN &amp; MITARBEITER | VAIA","isPartOf":{"@id":"https:\/\/www.vaia.eu\/#website"},"datePublished":"2023-10-26T12:29:57+00:00","dateModified":"2023-12-05T10:51:39+00:00","breadcrumb":{"@id":"https:\/\/www.vaia.eu\/de\/personen-fur-vaia\/institutionen-amp-mitarbeiter\/#breadcrumb"},"inLanguage":"de","potentialAction":[{"@type":"ReadAction","target":["https:\/\/www.vaia.eu\/de\/personen-fur-vaia\/institutionen-amp-mitarbeiter\/"]}]},{"@type":"BreadcrumbList","@id":"https:\/\/www.vaia.eu\/de\/personen-fur-vaia\/institutionen-amp-mitarbeiter\/#breadcrumb","itemListElement":[{"@type":"ListItem","position":1,"name":"Home","item":"https:\/\/www.vaia.eu\/de\/"},{"@type":"ListItem","position":2,"name":"Personen f\u00fcr VAIA","item":"https:\/\/www.vaia.eu\/de\/personen-fur-vaia\/"},{"@type":"ListItem","position":3,"name":"INSTITUTIONEN &amp; MITARBEITER"}]},{"@type":"WebSite","@id":"https:\/\/www.vaia.eu\/#website","url":"https:\/\/www.vaia.eu\/","name":"VAIA - Face what matters","description":"Face What Matters","publisher":{"@id":"https:\/\/www.vaia.eu\/#organization"},"potentialAction":[{"@type":"SearchAction","target":{"@type":"EntryPoint","urlTemplate":"https:\/\/www.vaia.eu\/?s={search_term_string}"},"query-input":{"@type":"PropertyValueSpecification","valueRequired":true,"valueName":"search_term_string"}}],"inLanguage":"de"},{"@type":"Organization","@id":"https:\/\/www.vaia.eu\/#organization","name":"VAIA","url":"https:\/\/www.vaia.eu\/","logo":{"@type":"ImageObject","inLanguage":"de","@id":"https:\/\/www.vaia.eu\/#\/schema\/logo\/image\/","url":"https:\/\/www.vaia.eu\/wp-content\/uploads\/2023\/12\/logo-vaia.svg","contentUrl":"https:\/\/www.vaia.eu\/wp-content\/uploads\/2023\/12\/logo-vaia.svg","width":1000,"height":1000,"caption":"VAIA"},"image":{"@id":"https:\/\/www.vaia.eu\/#\/schema\/logo\/image\/"},"sameAs":["https:\/\/www.facebook.com\/therealvaia\/","https:\/\/www.instagram.com\/therealvaia\/","https:\/\/www.linkedin.com\/company\/vaiasrl\/","https:\/\/www.youtube.com\/channel\/UCPtTJEh97yiEMm-vE_Ux3Aw"]}]}},"_links":{"self":[{"href":"https:\/\/www.vaia.eu\/de\/wp-json\/wp\/v2\/pages\/4078","targetHints":{"allow":["GET"]}}],"collection":[{"href":"https:\/\/www.vaia.eu\/de\/wp-json\/wp\/v2\/pages"}],"about":[{"href":"https:\/\/www.vaia.eu\/de\/wp-json\/wp\/v2\/types\/page"}],"author":[{"embeddable":true,"href":"https:\/\/www.vaia.eu\/de\/wp-json\/wp\/v2\/users\/1"}],"replies":[{"embeddable":true,"href":"https:\/\/www.vaia.eu\/de\/wp-json\/wp\/v2\/comments?post=4078"}],"version-history":[{"count":0,"href":"https:\/\/www.vaia.eu\/de\/wp-json\/wp\/v2\/pages\/4078\/revisions"}],"up":[{"embeddable":true,"href":"https:\/\/www.vaia.eu\/de\/wp-json\/wp\/v2\/pages\/4072"}],"wp:attachment":[{"href":"https:\/\/www.vaia.eu\/de\/wp-json\/wp\/v2\/media?parent=4078"}],"curies":[{"name":"wp","href":"https:\/\/api.w.org\/{rel}","templated":true}]}}