{"id":4082,"date":"2022-11-23T10:02:00","date_gmt":"2022-11-23T09:02:00","guid":{"rendered":"https:\/\/www.vaia.eu\/persone-per-vaia\/i-vaier\/"},"modified":"2023-12-05T16:50:33","modified_gmt":"2023-12-05T15:50:33","slug":"die-vaiers","status":"publish","type":"page","link":"https:\/\/www.vaia.eu\/de\/personen-fur-vaia\/die-vaiers\/","title":{"rendered":"Die Vaiers"},"content":{"rendered":"\n<div class=\"title-subtitle-cta-band  bgcolor-darkgreen \">\n    <div class=\"component-container\">\n        <div class=\" display-block \">\n                        <span class=\"title-1  titlesize-xlarge  titlecolor-yellow \">100.000<\/span>\n                \n                            <span class=\"title-2  titlesize-medium  titlecolor-yellow \">und mehr Menschen, die sich f\u00fcr unsere Arbeit begeistern und die sich in unserer Vision der Welt widerspiegeln.<\/span>\n                \n        <\/div>\n\n\n        \n        <div class=\"grid-subtitle\">\n        \n\n                        <span class=\"separator  separator-color-yellow \">\/\/<\/span>\n            \n                    <div class=\"subtitle  subtitlesize-medium  subtitlecolor-yellow \"><p>Sie erkennen sich nicht nur im Vaia-Stil wieder, sondern wollen auf vielf\u00e4ltige Weise auf die Herausforderungen unserer Zeit reagieren und sich konkret dazu verpflichten, einen positiven Einfluss auf die Welt zu haben.<\/p>\n<\/div>\n            \n            \n            <\/div>\n                \n                    <a class=\"button  button-secondary \"\n                                    href=\"#\"\n                                   title=\"WERDE VAIER\">WERDE VAIER<\/a>\n        \n    <\/div>\n<\/div>\n\n\n<div class=\"title-vertical-band  bgcolor-transparent  alignment-title-left \">\n    <div class=\"component-container\">\n                    <div class=\"title-container\"><span class=\"title-1  titlesize-medium  titlecolor-green \">Unsere Gemeinschaft<\/span><\/div>\n                                <div class=\"subtitle  subtitlesize-medium  subtitlecolor-darkgreen \"><p>Mit Vaia haben sie einen au\u00dfergew\u00f6hnlichen Weg gefunden, dies zu tun und sich zu engagieren.<br \/>\nSie lieben die Natur und die Berge \u2013 sie lieben die Dolomiten, aber nicht nur \u2013, sondern sind auch Kunstliebhaber, sie lesen aktuelle Ereignisse und wollen sich aktiv an der Gesellschaft beteiligen. Dabei handelt es sich h\u00e4ufig um Journalisten, Professoren, Freiberufler, Manager, KMU-Inhaber, Studenten und Angestellte. Sie unternehmen sowohl Outdoor-Aktivit\u00e4ten in ihrer Freizeit als auch soziales und \u00f6kologisches Engagement f\u00fcr die Gemeinschaft.<\/p>\n<\/div>\n                <\/div>\n\n<\/div>\n\n\n<div class=\"testimonials testimonials-bg-lightgreen\">\n    <div class=\"testimonials-container\">\n                    <span class=\"testimonials-title heading-color-violet\">\n            Einige unserer Vaiers        <\/span>\n            \n        <div class=\"testimonials__row\">\n                            <div class=\"testimonials__single\">\n                    <div class=\"testimonials__single-contents\">\n\n                                                    <img loading=\"lazy\" decoding=\"async\" src=\"https:\/\/www.vaia.eu\/wp-content\/uploads\/2022\/11\/Mask-group-4.jpg\" class=\"img-person\" alt=\"slider image\" width=\"400\" height=\"400\" \/>\n                        \n                                                    <span class=\"thetitle thetitle--color-violet\">Vorname Nachname <\/span>\n                        \n                                                    <span class=\"thesubtitle thesubtitle--color-violet\">Vaier ab 2022<\/span>\n                        \n                                                    <div class=\"thetext\"><p>\/\/ Dies ist der perfekte Weg, um aus einer Katastrophe ein au\u00dfergew\u00f6hnliches Projekt entstehen zu lassen. Super Leute, das sind die jungen Leute, die wir wollen \/\/<\/p>\n<\/div>\n                        \n                    <\/div>\n\n                <\/div>\n                            <div class=\"testimonials__single\">\n                    <div class=\"testimonials__single-contents\">\n\n                                                    <img loading=\"lazy\" decoding=\"async\" src=\"https:\/\/www.vaia.eu\/wp-content\/uploads\/2022\/11\/Mask-group-4.jpg\" class=\"img-person\" alt=\"slider image\" width=\"400\" height=\"400\" \/>\n                        \n                                                    <span class=\"thetitle thetitle--color-violet\">Vorname Nachname 2<\/span>\n                        \n                                                    <span class=\"thesubtitle thesubtitle--color-violet\">Vaier seit 2018<\/span>\n                        \n                                                    <div class=\"thetext\"><p>\/\/ Dies ist der perfekte Weg, um aus einer Katastrophe ein au\u00dfergew\u00f6hnliches Projekt entstehen zu lassen. Super Leute, das sind die jungen Leute, die wir wollen \/\/<\/p>\n<\/div>\n                        \n                    <\/div>\n\n                <\/div>\n            \n        <\/div>\n                    <a class=\"button button-secondary\" href=\"\/de\/protagonisti\/\" title=\"ENTDECKEN SIE DIE ANDEREN PROTAGONISTEN\">ENTDECKEN SIE DIE ANDEREN PROTAGONISTEN<\/a>\n            <\/div>\n\n<\/div>\n","protected":false},"excerpt":{"rendered":"","protected":false},"author":1,"featured_media":0,"parent":4072,"menu_order":1,"comment_status":"closed","ping_status":"closed","template":"","meta":{"_acf_changed":false,"_crdt_document":"","content-type":"","footnotes":""},"class_list":["post-4082","page","type-page","status-publish","hentry"],"acf":[],"yoast_head":"<!-- This site is optimized with the Yoast SEO plugin v27.4 - https:\/\/yoast.com\/product\/yoast-seo-wordpress\/ -->\n<title>Die Vaiers | VAIA<\/title>\n<meta name=\"robots\" content=\"index, follow, max-snippet:-1, max-image-preview:large, max-video-preview:-1\" \/>\n<link rel=\"canonical\" href=\"https:\/\/www.vaia.eu\/de\/personen-fur-vaia\/die-vaiers\/\" \/>\n<meta property=\"og:locale\" content=\"de_DE\" \/>\n<meta property=\"og:type\" content=\"article\" \/>\n<meta property=\"og:title\" content=\"Die Vaiers | VAIA\" \/>\n<meta property=\"og:url\" content=\"https:\/\/www.vaia.eu\/de\/personen-fur-vaia\/die-vaiers\/\" \/>\n<meta property=\"og:site_name\" content=\"VAIA\" \/>\n<meta property=\"article:publisher\" content=\"https:\/\/www.facebook.com\/therealvaia\/\" \/>\n<meta property=\"article:modified_time\" content=\"2023-12-05T15:50:33+00:00\" \/>\n<meta name=\"twitter:card\" content=\"summary_large_image\" \/>\n<script type=\"application\/ld+json\" class=\"yoast-schema-graph\">{\"@context\":\"https:\\\/\\\/schema.org\",\"@graph\":[{\"@type\":\"WebPage\",\"@id\":\"https:\\\/\\\/www.vaia.eu\\\/de\\\/personen-fur-vaia\\\/die-vaiers\\\/\",\"url\":\"https:\\\/\\\/www.vaia.eu\\\/de\\\/personen-fur-vaia\\\/die-vaiers\\\/\",\"name\":\"Die Vaiers | VAIA\",\"isPartOf\":{\"@id\":\"https:\\\/\\\/www.vaia.eu\\\/#website\"},\"datePublished\":\"2022-11-23T09:02:00+00:00\",\"dateModified\":\"2023-12-05T15:50:33+00:00\",\"breadcrumb\":{\"@id\":\"https:\\\/\\\/www.vaia.eu\\\/de\\\/personen-fur-vaia\\\/die-vaiers\\\/#breadcrumb\"},\"inLanguage\":\"de\",\"potentialAction\":[{\"@type\":\"ReadAction\",\"target\":[\"https:\\\/\\\/www.vaia.eu\\\/de\\\/personen-fur-vaia\\\/die-vaiers\\\/\"]}]},{\"@type\":\"BreadcrumbList\",\"@id\":\"https:\\\/\\\/www.vaia.eu\\\/de\\\/personen-fur-vaia\\\/die-vaiers\\\/#breadcrumb\",\"itemListElement\":[{\"@type\":\"ListItem\",\"position\":1,\"name\":\"Home\",\"item\":\"https:\\\/\\\/www.vaia.eu\\\/de\\\/\"},{\"@type\":\"ListItem\",\"position\":2,\"name\":\"Personen f\u00fcr VAIA\",\"item\":\"https:\\\/\\\/www.vaia.eu\\\/de\\\/personen-fur-vaia\\\/\"},{\"@type\":\"ListItem\",\"position\":3,\"name\":\"Die Vaiers\"}]},{\"@type\":\"WebSite\",\"@id\":\"https:\\\/\\\/www.vaia.eu\\\/#website\",\"url\":\"https:\\\/\\\/www.vaia.eu\\\/\",\"name\":\"VAIA - Face what matters\",\"description\":\"Face What Matters\",\"publisher\":{\"@id\":\"https:\\\/\\\/www.vaia.eu\\\/#organization\"},\"potentialAction\":[{\"@type\":\"SearchAction\",\"target\":{\"@type\":\"EntryPoint\",\"urlTemplate\":\"https:\\\/\\\/www.vaia.eu\\\/?s={search_term_string}\"},\"query-input\":{\"@type\":\"PropertyValueSpecification\",\"valueRequired\":true,\"valueName\":\"search_term_string\"}}],\"inLanguage\":\"de\"},{\"@type\":\"Organization\",\"@id\":\"https:\\\/\\\/www.vaia.eu\\\/#organization\",\"name\":\"VAIA\",\"url\":\"https:\\\/\\\/www.vaia.eu\\\/\",\"logo\":{\"@type\":\"ImageObject\",\"inLanguage\":\"de\",\"@id\":\"https:\\\/\\\/www.vaia.eu\\\/#\\\/schema\\\/logo\\\/image\\\/\",\"url\":\"https:\\\/\\\/www.vaia.eu\\\/wp-content\\\/uploads\\\/2023\\\/12\\\/logo-vaia.svg\",\"contentUrl\":\"https:\\\/\\\/www.vaia.eu\\\/wp-content\\\/uploads\\\/2023\\\/12\\\/logo-vaia.svg\",\"width\":1000,\"height\":1000,\"caption\":\"VAIA\"},\"image\":{\"@id\":\"https:\\\/\\\/www.vaia.eu\\\/#\\\/schema\\\/logo\\\/image\\\/\"},\"sameAs\":[\"https:\\\/\\\/www.facebook.com\\\/therealvaia\\\/\",\"https:\\\/\\\/www.instagram.com\\\/therealvaia\\\/\",\"https:\\\/\\\/www.linkedin.com\\\/company\\\/vaiasrl\\\/\",\"https:\\\/\\\/www.youtube.com\\\/channel\\\/UCPtTJEh97yiEMm-vE_Ux3Aw\"]}]}<\/script>\n<!-- \/ Yoast SEO plugin. -->","yoast_head_json":{"title":"Die Vaiers | VAIA","robots":{"index":"index","follow":"follow","max-snippet":"max-snippet:-1","max-image-preview":"max-image-preview:large","max-video-preview":"max-video-preview:-1"},"canonical":"https:\/\/www.vaia.eu\/de\/personen-fur-vaia\/die-vaiers\/","og_locale":"de_DE","og_type":"article","og_title":"Die Vaiers | VAIA","og_url":"https:\/\/www.vaia.eu\/de\/personen-fur-vaia\/die-vaiers\/","og_site_name":"VAIA","article_publisher":"https:\/\/www.facebook.com\/therealvaia\/","article_modified_time":"2023-12-05T15:50:33+00:00","twitter_card":"summary_large_image","schema":{"@context":"https:\/\/schema.org","@graph":[{"@type":"WebPage","@id":"https:\/\/www.vaia.eu\/de\/personen-fur-vaia\/die-vaiers\/","url":"https:\/\/www.vaia.eu\/de\/personen-fur-vaia\/die-vaiers\/","name":"Die Vaiers | VAIA","isPartOf":{"@id":"https:\/\/www.vaia.eu\/#website"},"datePublished":"2022-11-23T09:02:00+00:00","dateModified":"2023-12-05T15:50:33+00:00","breadcrumb":{"@id":"https:\/\/www.vaia.eu\/de\/personen-fur-vaia\/die-vaiers\/#breadcrumb"},"inLanguage":"de","potentialAction":[{"@type":"ReadAction","target":["https:\/\/www.vaia.eu\/de\/personen-fur-vaia\/die-vaiers\/"]}]},{"@type":"BreadcrumbList","@id":"https:\/\/www.vaia.eu\/de\/personen-fur-vaia\/die-vaiers\/#breadcrumb","itemListElement":[{"@type":"ListItem","position":1,"name":"Home","item":"https:\/\/www.vaia.eu\/de\/"},{"@type":"ListItem","position":2,"name":"Personen f\u00fcr VAIA","item":"https:\/\/www.vaia.eu\/de\/personen-fur-vaia\/"},{"@type":"ListItem","position":3,"name":"Die Vaiers"}]},{"@type":"WebSite","@id":"https:\/\/www.vaia.eu\/#website","url":"https:\/\/www.vaia.eu\/","name":"VAIA - Face what matters","description":"Face What Matters","publisher":{"@id":"https:\/\/www.vaia.eu\/#organization"},"potentialAction":[{"@type":"SearchAction","target":{"@type":"EntryPoint","urlTemplate":"https:\/\/www.vaia.eu\/?s={search_term_string}"},"query-input":{"@type":"PropertyValueSpecification","valueRequired":true,"valueName":"search_term_string"}}],"inLanguage":"de"},{"@type":"Organization","@id":"https:\/\/www.vaia.eu\/#organization","name":"VAIA","url":"https:\/\/www.vaia.eu\/","logo":{"@type":"ImageObject","inLanguage":"de","@id":"https:\/\/www.vaia.eu\/#\/schema\/logo\/image\/","url":"https:\/\/www.vaia.eu\/wp-content\/uploads\/2023\/12\/logo-vaia.svg","contentUrl":"https:\/\/www.vaia.eu\/wp-content\/uploads\/2023\/12\/logo-vaia.svg","width":1000,"height":1000,"caption":"VAIA"},"image":{"@id":"https:\/\/www.vaia.eu\/#\/schema\/logo\/image\/"},"sameAs":["https:\/\/www.facebook.com\/therealvaia\/","https:\/\/www.instagram.com\/therealvaia\/","https:\/\/www.linkedin.com\/company\/vaiasrl\/","https:\/\/www.youtube.com\/channel\/UCPtTJEh97yiEMm-vE_Ux3Aw"]}]}},"_links":{"self":[{"href":"https:\/\/www.vaia.eu\/de\/wp-json\/wp\/v2\/pages\/4082","targetHints":{"allow":["GET"]}}],"collection":[{"href":"https:\/\/www.vaia.eu\/de\/wp-json\/wp\/v2\/pages"}],"about":[{"href":"https:\/\/www.vaia.eu\/de\/wp-json\/wp\/v2\/types\/page"}],"author":[{"embeddable":true,"href":"https:\/\/www.vaia.eu\/de\/wp-json\/wp\/v2\/users\/1"}],"replies":[{"embeddable":true,"href":"https:\/\/www.vaia.eu\/de\/wp-json\/wp\/v2\/comments?post=4082"}],"version-history":[{"count":0,"href":"https:\/\/www.vaia.eu\/de\/wp-json\/wp\/v2\/pages\/4082\/revisions"}],"up":[{"embeddable":true,"href":"https:\/\/www.vaia.eu\/de\/wp-json\/wp\/v2\/pages\/4072"}],"wp:attachment":[{"href":"https:\/\/www.vaia.eu\/de\/wp-json\/wp\/v2\/media?parent=4082"}],"curies":[{"name":"wp","href":"https:\/\/api.w.org\/{rel}","templated":true}]}}