{"id":4088,"date":"2022-10-03T15:11:13","date_gmt":"2022-10-03T13:11:13","guid":{"rendered":"https:\/\/www.vaia.eu\/news\/"},"modified":"2024-03-09T14:07:32","modified_gmt":"2024-03-09T13:07:32","slug":"news","status":"publish","type":"page","link":"https:\/\/www.vaia.eu\/de\/news\/","title":{"rendered":"News"},"content":{"rendered":"\n<div class=\"title-subtitle-cta-band  bgcolor-green \">\n    <div class=\"component-container\">\n        <div class=\" display-block \">\n                        <span class=\"title-1  titlesize-medium  titlecolor-lightyellow \">Nachrichten, Interviews und ausf\u00fchrliche Berichte \u00fcber Umwelt, Gesellschaft, Design und Ereignisse. Es sind unsere und Ihre Geschichten<\/span>\n                \n            \n        <\/div>\n\n\n        \n\n            \n        \n            \n        \n    <\/div>\n<\/div>\n\n\n\n<div style=\"height:100px\" aria-hidden=\"true\" class=\"wp-block-spacer empty-space-news\"><\/div>\n\n\n\n<div class=\"news-with-sliding-background\" style=\"background-image: url()\">\n    <div class=\"news-container\">\n\n                        <div class=\"thenews-single\">\n                    <a class=\"news-category\" href=\"https:\/\/www.vaia.eu\/de\/category\/veranstaltungen\/\">Veranstaltungen<\/a>                    <a class=\"thenews-single-title\" href=\"https:\/\/www.vaia.eu\/de\/der-wald-der-innovatoren\/\" title=\"Der Wald der Innovatoren\">Der Wald der Innovatoren<\/a>\n\n                                        <div class=\"content-grid-news\">\n                        <div class=\"box-img\">\n                            <a class=\"thenews-single-image\" href=\"https:\/\/www.vaia.eu\/de\/der-wald-der-innovatoren\/\" title=\"Der Wald der Innovatoren\"><img loading=\"lazy\" decoding=\"async\" width=\"1280\" height=\"800\" src=\"https:\/\/www.vaia.eu\/wp-content\/uploads\/2023\/09\/1280x800-evento-foresta-.jpg\" class=\"attachment-full size-full wp-post-image\" alt=\"\" srcset=\"https:\/\/www.vaia.eu\/wp-content\/uploads\/2023\/09\/1280x800-evento-foresta-.jpg 1280w, https:\/\/www.vaia.eu\/wp-content\/uploads\/2023\/09\/1280x800-evento-foresta--300x188.jpg 300w, https:\/\/www.vaia.eu\/wp-content\/uploads\/2023\/09\/1280x800-evento-foresta--1024x640.jpg 1024w, https:\/\/www.vaia.eu\/wp-content\/uploads\/2023\/09\/1280x800-evento-foresta--768x480.jpg 768w, https:\/\/www.vaia.eu\/wp-content\/uploads\/2023\/09\/1280x800-evento-foresta--600x375.jpg 600w\" sizes=\"auto, (max-width: 1280px) 100vw, 1280px\" \/><\/a>\n                        <\/div>\n                        <div class=\"box-info-txt\">\n                            <a class=\"thenews-single-date\" href=\"https:\/\/www.vaia.eu\/de\/der-wald-der-innovatoren\/\" title=\"Der Wald der Innovatoren\">21 September 2024<\/a>\n\n                            <div class=\"thenews-single-excerpt\">\n                                Spa\u00df und Wirkung zusammen: Zwischen Gespr\u00e4chen, Treffen und der Verbindung mit der Natur haben wir einen Wald gebaut!                            <\/div>\n\n                            <a class=\"button button-secondary thenews-single-button\" href=\"https:\/\/www.vaia.eu\/de\/der-wald-der-innovatoren\/\" title=\"Der Wald der Innovatoren\">DISCOVER MORE<\/a>\n                        <\/div>\n                    <\/div>\n\n                <\/div>\n                    <\/div>\n<\/div>\n\n\n<div class=\"vaia__filter__system news__system \"><span class=\"vaia__filter_title\">Filter:<\/span><div class=\"filter__type1\"><ul>\n                        <li class=\"filter__value filter__all  filter__current\">\n                            <a href=\"https:\/\/www.vaia.eu\/news\/\" title=\"Alle\">Alle<\/a>\n                        <\/li><li class=\"filter__value \">\n                            <a href=\"https:\/\/www.vaia.eu\/de\/category\/unkategorisiert\/\" title=\"Unkategorisiert\">Unkategorisiert<\/a>\n                        <\/li><li class=\"filter__value \">\n                            <a href=\"https:\/\/www.vaia.eu\/de\/category\/veranstaltungen\/\" title=\"Veranstaltungen\">Veranstaltungen<\/a>\n                        <\/li><li class=\"filter__value \">\n                            <a href=\"https:\/\/www.vaia.eu\/category\/eventi\/\" title=\"Eventi\">Eventi<\/a>\n                        <\/li><li class=\"filter__value \">\n                            <a href=\"https:\/\/www.vaia.eu\/de\/category\/klimawandel-und-nachhaltigkeit\/\" title=\"Klimawandel und Nachhaltigkeit\">Klimawandel und Nachhaltigkeit<\/a>\n                        <\/li><li class=\"filter__value \">\n                            <a href=\"https:\/\/www.vaia.eu\/de\/category\/vaia-das-projekt\/\" title=\"VAIA das Projekt\">VAIA das Projekt<\/a>\n                        <\/li><li class=\"filter__value \">\n                            <a href=\"https:\/\/www.vaia.eu\/de\/category\/vaia-der-sturm\/\" title=\"Vaia der Sturm\">Vaia der Sturm<\/a>\n                        <\/li><li class=\"filter__value \">\n                            <a href=\"https:\/\/www.vaia.eu\/de\/category\/la-tempesta-vaia-de\/\" title=\"La tempesta Vaia\">La tempesta Vaia<\/a>\n                        <\/li><\/ul>\n                <\/div><div class=\"vaia__news__system__content \"><article class=\"odd\"><a class=\"news-category\" href=\"https:\/\/www.vaia.eu\/de\/category\/unkategorisiert\/\">Unkategorisiert<\/a>\n                        <a class=\"news-single-title\" href=\"https:\/\/www.vaia.eu\/de\/borkenkaefer-dolomiten-fichten\/\" title=\"Der Borkenk\u00e4fer in den Fichtenw\u00e4ldern und die Fragilit\u00e4t des \u00d6kosystems\">Der Borkenk\u00e4fer in den Fichtenw\u00e4ldern und die Fragilit\u00e4t des \u00d6kosystems<\/a>\n<a class=\"thenews-single-date\" href=\"https:\/\/www.vaia.eu\/de\/borkenkaefer-dolomiten-fichten\/\" title=\"Der Borkenk\u00e4fer in den Fichtenw\u00e4ldern und die Fragilit\u00e4t des \u00d6kosystems\">19 Februar 2025<\/a>\n\n                        <div class=\"news-single-excerpt\">\n                            In den letzten Jahren stehen die Alpenw\u00e4lder vor einer beispiellosen Krise. Ganze Fl\u00e4chen von Fichten, einst das Symbol dieser Landschaften, sterben aufgrund der unkontrollierten Verbreitung des Borkenk\u00e4fers, eines kleinen K\u00e4fers, der die Gesundheit der B\u00e4ume schwer beeintr\u00e4chtigt.\nDoch diese Notlage ist nicht nur die Folge des Parasitenbefalls: Sie ist das Ergebnis jahrzehntelanger Forstwirtschaft, die auf Monokulturen setzt, und der beschleunigten Klimaerw\u00e4rmung. Extreme Wetterereignisse, wie der Sturm Vaia im Jahr 2018, haben die Situation weiter versch\u00e4rft und machen einen neuen Ansatz in der Waldbewirtschaftung dringend erforderlich.\n                        <\/div>\n\n                        <a class=\"button button-secondary news-single-button\" href=\"https:\/\/www.vaia.eu\/de\/borkenkaefer-dolomiten-fichten\/\" title=\"Der Borkenk\u00e4fer in den Fichtenw\u00e4ldern und die Fragilit\u00e4t des \u00d6kosystems\">DISCOVER MORE<\/a>\n                    <\/article><article class=\"even\"><a class=\"news-category\" href=\"https:\/\/www.vaia.eu\/de\/category\/veranstaltungen\/\">Veranstaltungen<\/a>\n                        <a class=\"news-single-title\" href=\"https:\/\/www.vaia.eu\/de\/der-wald-der-innovatoren\/\" title=\"Der Wald der Innovatoren\">Der Wald der Innovatoren<\/a>\n<a class=\"thenews-single-date\" href=\"https:\/\/www.vaia.eu\/de\/der-wald-der-innovatoren\/\" title=\"Der Wald der Innovatoren\">21 September 2024<\/a>\n\n                        <div class=\"news-single-excerpt\">\n                            Spa\u00df und Wirkung zusammen: Zwischen Gespr\u00e4chen, Treffen und der Verbindung mit der Natur haben wir einen Wald gebaut!\n                        <\/div>\n\n                        <a class=\"button button-secondary news-single-button\" href=\"https:\/\/www.vaia.eu\/de\/der-wald-der-innovatoren\/\" title=\"Der Wald der Innovatoren\">DISCOVER MORE<\/a>\n                    <\/article><article class=\"odd\"><a class=\"news-category\" href=\"https:\/\/www.vaia.eu\/category\/eventi\/\">Eventi<\/a>\n                        <a class=\"news-single-title\" href=\"https:\/\/www.vaia.eu\/de\/giornata-delle-foreste-2026\/\" title=\"Tag der W\u00e4lder: \u00fcber 50 Tausend neue Pflanzen dank der Zusammenarbeit zwischen ASUC und VAIA\">Tag der W\u00e4lder: \u00fcber 50 Tausend neue Pflanzen dank der Zusammenarbeit zwischen ASUC und VAIA<\/a>\n<a class=\"thenews-single-date\" href=\"https:\/\/www.vaia.eu\/de\/giornata-delle-foreste-2026\/\" title=\"Tag der W\u00e4lder: \u00fcber 50 Tausend neue Pflanzen dank der Zusammenarbeit zwischen ASUC und VAIA\">19 M\u00e4rz 2026<\/a>\n\n                        <div class=\"news-single-excerpt\">\n                            In den letzten Jahren stehen die Alpenw\u00e4lder vor einer beispiellosen Krise. Ganze Fl\u00e4chen von Fichten, einst das Symbol dieser Landschaften, sterben aufgrund der unkontrollierten Verbreitung des Borkenk\u00e4fers, eines kleinen K\u00e4fers, der die Gesundheit der B\u00e4ume schwer beeintr\u00e4chtigt.\nDoch diese Notlage ist nicht nur die Folge des Parasitenbefalls: Sie ist das Ergebnis jahrzehntelanger Forstwirtschaft, die auf Monokulturen setzt, und der beschleunigten Klimaerw\u00e4rmung. Extreme Wetterereignisse, wie der Sturm Vaia im Jahr 2018, haben die Situation weiter versch\u00e4rft und machen einen neuen Ansatz in der Waldbewirtschaftung dringend erforderlich.\n                        <\/div>\n\n                        <a class=\"button button-secondary news-single-button\" href=\"https:\/\/www.vaia.eu\/de\/giornata-delle-foreste-2026\/\" title=\"Tag der W\u00e4lder: \u00fcber 50 Tausend neue Pflanzen dank der Zusammenarbeit zwischen ASUC und VAIA\">DISCOVER MORE<\/a>\n                    <\/article><article class=\"even\"><a class=\"news-category\" href=\"https:\/\/www.vaia.eu\/de\/category\/klimawandel-und-nachhaltigkeit\/\">Klimawandel und Nachhaltigkeit<\/a>\n                        <a class=\"news-single-title\" href=\"https:\/\/www.vaia.eu\/de\/hilfsaktionen-um-die-wald-zu-retten-ein-geschenk-fuer-eine-nachhaltige-zukunft-der-welt\/\" title=\"Jede Aktion z\u00e4hlt: Dem Wald helfen\">Jede Aktion z\u00e4hlt: Dem Wald helfen<\/a>\n<a class=\"thenews-single-date\" href=\"https:\/\/www.vaia.eu\/de\/hilfsaktionen-um-die-wald-zu-retten-ein-geschenk-fuer-eine-nachhaltige-zukunft-der-welt\/\" title=\"Jede Aktion z\u00e4hlt: Dem Wald helfen\">15 Dezember 2022<\/a>\n\n                        <div class=\"news-single-excerpt\">\n                            Die Waldbesucher fragen sich: Was k\u00f6nnen wir jetzt tun? D\u00fcrren, St\u00fcrme und Sch\u00e4dlinge haben die europ\u00e4ischen W\u00e4lder stark gesch\u00e4digt. Wir, Waldbesucher, haben uns oft gefragt, ob individuelle Aktionen \u00fcberhaupt etwas bewirken k\u00f6nnen. Die Antwort ist klar: Ja, jeder von uns kann dem Wald helfen. Die beiden vergangenen Jahre 2021 und 2022 waren zu warm und [&hellip;]\n                        <\/div>\n\n                        <a class=\"button button-secondary news-single-button\" href=\"https:\/\/www.vaia.eu\/de\/hilfsaktionen-um-die-wald-zu-retten-ein-geschenk-fuer-eine-nachhaltige-zukunft-der-welt\/\" title=\"Jede Aktion z\u00e4hlt: Dem Wald helfen\">DISCOVER MORE<\/a>\n                    <\/article><article class=\"odd\"><a class=\"news-category\" href=\"https:\/\/www.vaia.eu\/de\/category\/klimawandel-und-nachhaltigkeit\/\">Klimawandel und Nachhaltigkeit<\/a>\n                        <a class=\"news-single-title\" href=\"https:\/\/www.vaia.eu\/de\/eine-welt-ohne-klimawandel-und-ungleichheit-die-news-von-vaia\/\" title=\"Klimawandel: Wie sich die Menschheit noch retten kann\">Klimawandel: Wie sich die Menschheit noch retten kann<\/a>\n<a class=\"thenews-single-date\" href=\"https:\/\/www.vaia.eu\/de\/eine-welt-ohne-klimawandel-und-ungleichheit-die-news-von-vaia\/\" title=\"Klimawandel: Wie sich die Menschheit noch retten kann\">13 Dezember 2022<\/a>\n\n                        <div class=\"news-single-excerpt\">\n                            Neuer Club-of-Rome-Report: Die Grenzen des Wachstums 972 ver\u00f6ffentlichte der Thinktank Club of Rome seinen Bericht &#8222;Grenzen des Wachstums&#8220;. Der Bericht gilt noch heute als einflussreichste Publikation zur drohenden \u00dcberlastung der Erde. Basierend auf einer Computersimulation warnte die Forschergruppe: \u201cWenn sich die globale Wirtschaftsweise nicht \u00e4ndert, br\u00e4chen \u00d6konomie, Umwelt und Lebensqualit\u00e4t zusammen\u201d. Nun gibt es einen [&hellip;]\n                        <\/div>\n\n                        <a class=\"button button-secondary news-single-button\" href=\"https:\/\/www.vaia.eu\/de\/eine-welt-ohne-klimawandel-und-ungleichheit-die-news-von-vaia\/\" title=\"Klimawandel: Wie sich die Menschheit noch retten kann\">DISCOVER MORE<\/a>\n                    <\/article><article class=\"even\"><a class=\"news-category\" href=\"https:\/\/www.vaia.eu\/de\/category\/klimawandel-und-nachhaltigkeit\/\">Klimawandel und Nachhaltigkeit<\/a>\n                        <a class=\"news-single-title\" href=\"https:\/\/www.vaia.eu\/de\/gemeinsam-wald-und-klima-schuetzen-vaia\/\" title=\"Unsere W\u00e4lder: Entkr\u00e4ftete Klimahelfer\">Unsere W\u00e4lder: Entkr\u00e4ftete Klimahelfer<\/a>\n<a class=\"thenews-single-date\" href=\"https:\/\/www.vaia.eu\/de\/gemeinsam-wald-und-klima-schuetzen-vaia\/\" title=\"Unsere W\u00e4lder: Entkr\u00e4ftete Klimahelfer\">21 November 2022<\/a>\n\n                        <div class=\"news-single-excerpt\">\n                            Die Klimakonferenz und der Wald Die Klimakonferenz COP27 steht heute im Zeichen der biologischen Vielfalt. Es geht um die Frage, welche Auswirkungen die Klimakrise auf die Arten und ihre Lebensr\u00e4ume hat. In diesen Jahren haben wir besonders deutlich die Auswirkungen der Klimakrise auf die W\u00e4lder gemerkt: Hitze, D\u00fcrre und Waldbr\u00e4nde machten ihnen auf der ganzen [&hellip;]\n                        <\/div>\n\n                        <a class=\"button button-secondary news-single-button\" href=\"https:\/\/www.vaia.eu\/de\/gemeinsam-wald-und-klima-schuetzen-vaia\/\" title=\"Unsere W\u00e4lder: Entkr\u00e4ftete Klimahelfer\">DISCOVER MORE<\/a>\n                    <\/article><article class=\"odd\"><a class=\"news-category\" href=\"https:\/\/www.vaia.eu\/de\/category\/klimawandel-und-nachhaltigkeit\/\">Klimawandel und Nachhaltigkeit<\/a>\n                        <a class=\"news-single-title\" href=\"https:\/\/www.vaia.eu\/de\/holz-neu-denken-fuer-den-wald-und-die-gesellschaft\/\" title=\"Was tun mit Schadholz?\">Was tun mit Schadholz?<\/a>\n<a class=\"thenews-single-date\" href=\"https:\/\/www.vaia.eu\/de\/holz-neu-denken-fuer-den-wald-und-die-gesellschaft\/\" title=\"Was tun mit Schadholz?\">7 November 2022<\/a>\n\n                        <div class=\"news-single-excerpt\">\n                            Neues Leben f\u00fcr den Schadholz im Wald Hunderttausende B\u00e4ume sind in den letzten Jahren \u00fcberall in Europa im Zuge des Klimawandels zum Opfer gefallen. Wie kann sowas passieren? Die Folgen von D\u00fcrresommer und extrem hohen Temperaturen sind katastrophal f\u00fcr die W\u00e4lder und ideal f\u00fcr die Ausbreitung von Holzsch\u00e4dlingen. Zu unserem Projekt \u201cVAIA\u201d geh\u00f6ren auch Massnahmen, [&hellip;]\n                        <\/div>\n\n                        <a class=\"button button-secondary news-single-button\" href=\"https:\/\/www.vaia.eu\/de\/holz-neu-denken-fuer-den-wald-und-die-gesellschaft\/\" title=\"Was tun mit Schadholz?\">DISCOVER MORE<\/a>\n                    <\/article><article class=\"even\"><a class=\"news-category\" href=\"https:\/\/www.vaia.eu\/de\/category\/klimawandel-und-nachhaltigkeit\/\">Klimawandel und Nachhaltigkeit<\/a>\n                        <a class=\"news-single-title\" href=\"https:\/\/www.vaia.eu\/de\/die-folgen-des-klimawandels-auf-den-wald\/\" title=\"Die Folgen des Klimawandels auf den Wald\">Die Folgen des Klimawandels auf den Wald<\/a>\n<a class=\"thenews-single-date\" href=\"https:\/\/www.vaia.eu\/de\/die-folgen-des-klimawandels-auf-den-wald\/\" title=\"Die Folgen des Klimawandels auf den Wald\">2 November 2022<\/a>\n\n                        <div class=\"news-single-excerpt\">\n                            Der Borkenk\u00e4fer gef\u00e4hrdet W\u00e4lder In Zeiten des Klimawandels verbessern sich die Lebensbedingungen vieler Insektenarten. Die w\u00e4rmeren Temperaturen f\u00fchren in Mitteleuropa zur Verbreitung zahlreicher Sch\u00e4dlinge. In Fichtenw\u00e4ldern, wie den vom Sturm Vaia betroffenen Gebieten, verbreitet sich eine Insektenart besonders schnell: der Borkenk\u00e4fer. Der sich in Fichten ansiedelnde Sch\u00e4dling ist eine schwere Belastung f\u00fcr die Forstwirtschaft. Seine [&hellip;]\n                        <\/div>\n\n                        <a class=\"button button-secondary news-single-button\" href=\"https:\/\/www.vaia.eu\/de\/die-folgen-des-klimawandels-auf-den-wald\/\" title=\"Die Folgen des Klimawandels auf den Wald\">DISCOVER MORE<\/a>\n                    <\/article><article class=\"odd\"><a class=\"news-category\" href=\"https:\/\/www.vaia.eu\/de\/category\/klimawandel-und-nachhaltigkeit\/\">Klimawandel und Nachhaltigkeit<\/a>\n                        <a class=\"news-single-title\" href=\"https:\/\/www.vaia.eu\/de\/nachhaltiges-design-in-zeiten-des-klimawandels-vaia\/\" title=\"Nachhaltiges Design in Zeiten des Klimawandels\">Nachhaltiges Design in Zeiten des Klimawandels<\/a>\n<a class=\"thenews-single-date\" href=\"https:\/\/www.vaia.eu\/de\/nachhaltiges-design-in-zeiten-des-klimawandels-vaia\/\" title=\"Nachhaltiges Design in Zeiten des Klimawandels\">2 November 2022<\/a>\n\n                        <div class=\"news-single-excerpt\">\n                            Ein Symbol f\u00fcr die Folgen des Klimawandels Unsere Produkte und deren Geschichte machen die Folgen des Klimawandels h\u00f6rbar. \u201eDer \u201aVAIA Cube\u201b ist ein Verst\u00e4rker f\u00fcr Musik und ein Hilferuf der Natur\u201c, sagt Federico Stefani, Co-Founder von VAIA. Die Idee des \u201eVAIA Cube\u201c begann als Reaktion auf den Jahrhundertsturm Vaia. Ein charmantes Holzk\u00e4stchen erinnert an 42 [&hellip;]\n                        <\/div>\n\n                        <a class=\"button button-secondary news-single-button\" href=\"https:\/\/www.vaia.eu\/de\/nachhaltiges-design-in-zeiten-des-klimawandels-vaia\/\" title=\"Nachhaltiges Design in Zeiten des Klimawandels\">DISCOVER MORE<\/a>\n                    <\/article><article class=\"even\"><a class=\"news-category\" href=\"https:\/\/www.vaia.eu\/de\/category\/vaia-das-projekt\/\">VAIA das Projekt<\/a>\n                        <a class=\"news-single-title\" href=\"https:\/\/www.vaia.eu\/de\/vaia-vier-jahren-nach-dem-sturm\/\" title=\"Vaia: Vier Jahren nach dem Sturm\">Vaia: Vier Jahren nach dem Sturm<\/a>\n<a class=\"thenews-single-date\" href=\"https:\/\/www.vaia.eu\/de\/vaia-vier-jahren-nach-dem-sturm\/\" title=\"Vaia: Vier Jahren nach dem Sturm\">28 Oktober 2022<\/a>\n\n                        <div class=\"news-single-excerpt\">\n                            Am 29. Oktober 2018 hat im Dolomitengebiet das Sturmtief \u201eVaia\u201c gew\u00fctet. B\u00e4ume wurden wie Streichh\u00f6lzer geknickt. Als der Sturm vorbeizog, wurde der gesamte Wald zerst\u00f6rt. Bis heute, vier Jahren nach dem Sturm, haben wir bereits 60.000 neue B\u00e4ume in der Region gepflanzt! VAIA entwickelt Wege, das tote Holz wiederzuverwerten, lokale Handwerker einzubinden und Design-Produkte zu [&hellip;]\n                        <\/div>\n\n                        <a class=\"button button-secondary news-single-button\" href=\"https:\/\/www.vaia.eu\/de\/vaia-vier-jahren-nach-dem-sturm\/\" title=\"Vaia: Vier Jahren nach dem Sturm\">DISCOVER MORE<\/a>\n                    <\/article><\/div>\n                <div class=\"news-pagination\">\n                    <div class=\"nav-previous\"><\/div>\n                    <div class=\"nav-next\"><a href=\"https:\/\/www.vaia.eu\/de\/wp-json\/wp\/v2\/pages\/4088\/page\/2\/\" >Previous<\/a><\/div>\n                <\/div>\n            <\/div>\n","protected":false},"excerpt":{"rendered":"","protected":false},"author":1,"featured_media":0,"parent":0,"menu_order":6,"comment_status":"closed","ping_status":"closed","template":"","meta":{"_acf_changed":false,"_crdt_document":"","content-type":"","footnotes":""},"class_list":["post-4088","page","type-page","status-publish","hentry"],"acf":[],"yoast_head":"<!-- This site is optimized with the Yoast SEO plugin v27.3 - https:\/\/yoast.com\/product\/yoast-seo-wordpress\/ -->\n<title>News | VAIA<\/title>\n<meta name=\"robots\" content=\"index, follow, max-snippet:-1, max-image-preview:large, max-video-preview:-1\" \/>\n<link rel=\"canonical\" href=\"https:\/\/www.vaia.eu\/de\/news\/\" \/>\n<meta property=\"og:locale\" content=\"de_DE\" \/>\n<meta property=\"og:type\" content=\"article\" \/>\n<meta property=\"og:title\" content=\"News | VAIA\" \/>\n<meta property=\"og:url\" content=\"https:\/\/www.vaia.eu\/de\/news\/\" \/>\n<meta property=\"og:site_name\" content=\"VAIA\" \/>\n<meta property=\"article:publisher\" content=\"https:\/\/www.facebook.com\/therealvaia\/\" \/>\n<meta property=\"article:modified_time\" content=\"2024-03-09T13:07:32+00:00\" \/>\n<meta name=\"twitter:card\" content=\"summary_large_image\" \/>\n<meta name=\"twitter:label1\" content=\"Gesch\u00e4tzte Lesezeit\" \/>\n\t<meta name=\"twitter:data1\" content=\"1\u00a0Minute\" \/>\n<script type=\"application\/ld+json\" class=\"yoast-schema-graph\">{\"@context\":\"https:\\\/\\\/schema.org\",\"@graph\":[{\"@type\":\"WebPage\",\"@id\":\"https:\\\/\\\/www.vaia.eu\\\/de\\\/news\\\/\",\"url\":\"https:\\\/\\\/www.vaia.eu\\\/de\\\/news\\\/\",\"name\":\"News | VAIA\",\"isPartOf\":{\"@id\":\"https:\\\/\\\/www.vaia.eu\\\/#website\"},\"datePublished\":\"2022-10-03T13:11:13+00:00\",\"dateModified\":\"2024-03-09T13:07:32+00:00\",\"breadcrumb\":{\"@id\":\"https:\\\/\\\/www.vaia.eu\\\/de\\\/news\\\/#breadcrumb\"},\"inLanguage\":\"de\",\"potentialAction\":[{\"@type\":\"ReadAction\",\"target\":[\"https:\\\/\\\/www.vaia.eu\\\/de\\\/news\\\/\"]}]},{\"@type\":\"BreadcrumbList\",\"@id\":\"https:\\\/\\\/www.vaia.eu\\\/de\\\/news\\\/#breadcrumb\",\"itemListElement\":[{\"@type\":\"ListItem\",\"position\":1,\"name\":\"Home\",\"item\":\"https:\\\/\\\/www.vaia.eu\\\/de\\\/\"},{\"@type\":\"ListItem\",\"position\":2,\"name\":\"News\"}]},{\"@type\":\"WebSite\",\"@id\":\"https:\\\/\\\/www.vaia.eu\\\/#website\",\"url\":\"https:\\\/\\\/www.vaia.eu\\\/\",\"name\":\"VAIA - Face what matters\",\"description\":\"Face What Matters\",\"publisher\":{\"@id\":\"https:\\\/\\\/www.vaia.eu\\\/#organization\"},\"potentialAction\":[{\"@type\":\"SearchAction\",\"target\":{\"@type\":\"EntryPoint\",\"urlTemplate\":\"https:\\\/\\\/www.vaia.eu\\\/?s={search_term_string}\"},\"query-input\":{\"@type\":\"PropertyValueSpecification\",\"valueRequired\":true,\"valueName\":\"search_term_string\"}}],\"inLanguage\":\"de\"},{\"@type\":\"Organization\",\"@id\":\"https:\\\/\\\/www.vaia.eu\\\/#organization\",\"name\":\"VAIA\",\"url\":\"https:\\\/\\\/www.vaia.eu\\\/\",\"logo\":{\"@type\":\"ImageObject\",\"inLanguage\":\"de\",\"@id\":\"https:\\\/\\\/www.vaia.eu\\\/#\\\/schema\\\/logo\\\/image\\\/\",\"url\":\"https:\\\/\\\/www.vaia.eu\\\/wp-content\\\/uploads\\\/2023\\\/12\\\/logo-vaia.svg\",\"contentUrl\":\"https:\\\/\\\/www.vaia.eu\\\/wp-content\\\/uploads\\\/2023\\\/12\\\/logo-vaia.svg\",\"width\":1000,\"height\":1000,\"caption\":\"VAIA\"},\"image\":{\"@id\":\"https:\\\/\\\/www.vaia.eu\\\/#\\\/schema\\\/logo\\\/image\\\/\"},\"sameAs\":[\"https:\\\/\\\/www.facebook.com\\\/therealvaia\\\/\",\"https:\\\/\\\/www.instagram.com\\\/therealvaia\\\/\",\"https:\\\/\\\/www.linkedin.com\\\/company\\\/vaiasrl\\\/\",\"https:\\\/\\\/www.youtube.com\\\/channel\\\/UCPtTJEh97yiEMm-vE_Ux3Aw\"]}]}<\/script>\n<!-- \/ Yoast SEO plugin. -->","yoast_head_json":{"title":"News | VAIA","robots":{"index":"index","follow":"follow","max-snippet":"max-snippet:-1","max-image-preview":"max-image-preview:large","max-video-preview":"max-video-preview:-1"},"canonical":"https:\/\/www.vaia.eu\/de\/news\/","og_locale":"de_DE","og_type":"article","og_title":"News | VAIA","og_url":"https:\/\/www.vaia.eu\/de\/news\/","og_site_name":"VAIA","article_publisher":"https:\/\/www.facebook.com\/therealvaia\/","article_modified_time":"2024-03-09T13:07:32+00:00","twitter_card":"summary_large_image","twitter_misc":{"Gesch\u00e4tzte Lesezeit":"1\u00a0Minute"},"schema":{"@context":"https:\/\/schema.org","@graph":[{"@type":"WebPage","@id":"https:\/\/www.vaia.eu\/de\/news\/","url":"https:\/\/www.vaia.eu\/de\/news\/","name":"News | VAIA","isPartOf":{"@id":"https:\/\/www.vaia.eu\/#website"},"datePublished":"2022-10-03T13:11:13+00:00","dateModified":"2024-03-09T13:07:32+00:00","breadcrumb":{"@id":"https:\/\/www.vaia.eu\/de\/news\/#breadcrumb"},"inLanguage":"de","potentialAction":[{"@type":"ReadAction","target":["https:\/\/www.vaia.eu\/de\/news\/"]}]},{"@type":"BreadcrumbList","@id":"https:\/\/www.vaia.eu\/de\/news\/#breadcrumb","itemListElement":[{"@type":"ListItem","position":1,"name":"Home","item":"https:\/\/www.vaia.eu\/de\/"},{"@type":"ListItem","position":2,"name":"News"}]},{"@type":"WebSite","@id":"https:\/\/www.vaia.eu\/#website","url":"https:\/\/www.vaia.eu\/","name":"VAIA - Face what matters","description":"Face What Matters","publisher":{"@id":"https:\/\/www.vaia.eu\/#organization"},"potentialAction":[{"@type":"SearchAction","target":{"@type":"EntryPoint","urlTemplate":"https:\/\/www.vaia.eu\/?s={search_term_string}"},"query-input":{"@type":"PropertyValueSpecification","valueRequired":true,"valueName":"search_term_string"}}],"inLanguage":"de"},{"@type":"Organization","@id":"https:\/\/www.vaia.eu\/#organization","name":"VAIA","url":"https:\/\/www.vaia.eu\/","logo":{"@type":"ImageObject","inLanguage":"de","@id":"https:\/\/www.vaia.eu\/#\/schema\/logo\/image\/","url":"https:\/\/www.vaia.eu\/wp-content\/uploads\/2023\/12\/logo-vaia.svg","contentUrl":"https:\/\/www.vaia.eu\/wp-content\/uploads\/2023\/12\/logo-vaia.svg","width":1000,"height":1000,"caption":"VAIA"},"image":{"@id":"https:\/\/www.vaia.eu\/#\/schema\/logo\/image\/"},"sameAs":["https:\/\/www.facebook.com\/therealvaia\/","https:\/\/www.instagram.com\/therealvaia\/","https:\/\/www.linkedin.com\/company\/vaiasrl\/","https:\/\/www.youtube.com\/channel\/UCPtTJEh97yiEMm-vE_Ux3Aw"]}]}},"_links":{"self":[{"href":"https:\/\/www.vaia.eu\/de\/wp-json\/wp\/v2\/pages\/4088","targetHints":{"allow":["GET"]}}],"collection":[{"href":"https:\/\/www.vaia.eu\/de\/wp-json\/wp\/v2\/pages"}],"about":[{"href":"https:\/\/www.vaia.eu\/de\/wp-json\/wp\/v2\/types\/page"}],"author":[{"embeddable":true,"href":"https:\/\/www.vaia.eu\/de\/wp-json\/wp\/v2\/users\/1"}],"replies":[{"embeddable":true,"href":"https:\/\/www.vaia.eu\/de\/wp-json\/wp\/v2\/comments?post=4088"}],"version-history":[{"count":0,"href":"https:\/\/www.vaia.eu\/de\/wp-json\/wp\/v2\/pages\/4088\/revisions"}],"wp:attachment":[{"href":"https:\/\/www.vaia.eu\/de\/wp-json\/wp\/v2\/media?parent=4088"}],"curies":[{"name":"wp","href":"https:\/\/api.w.org\/{rel}","templated":true}]}}