{"id":5031,"date":"2023-12-01T12:06:18","date_gmt":"2023-12-01T11:06:18","guid":{"rendered":"https:\/\/www.vaia.eu\/natale-con-vaia\/"},"modified":"2023-12-11T21:23:47","modified_gmt":"2023-12-11T20:23:47","slug":"weihnachten-mit-vaia","status":"publish","type":"page","link":"https:\/\/www.vaia.eu\/de\/weihnachten-mit-vaia\/","title":{"rendered":"Weihnachten mit VAIA"},"content":{"rendered":"\n<div class=\"title-subtitle-cta-band  bgcolor-darkgreen \">\n    <div class=\"component-container\">\n        <div class=\" display-block \">\n                        <span class=\"title-1  titlesize-medium  titlecolor-lightyellow \">Weihnachten im Museum<\/span>\n                \n            \n        <\/div>\n\n\n        \n        <div class=\"grid-subtitle\">\n        \n\n                        <span class=\"separator  separator-color-lightyellow \">\/\/<\/span>\n            \n                    <div class=\"subtitle  subtitlesize-medium  subtitlecolor-lightyellow \"><p>Nachhaltiges Design und einzigartige kulturelle Erlebnisse<\/p>\n<\/div>\n            \n            \n            <\/div>\n                \n        \n    <\/div>\n<\/div>\n\n\n\n<figure class=\"wp-block-image size-large\"><img loading=\"lazy\" decoding=\"async\" width=\"1024\" height=\"576\" src=\"https:\/\/www.vaia.eu\/wp-content\/uploads\/2023\/12\/Natale-al-Museo-landing-3-1024x576.jpg\" alt=\"\" class=\"wp-image-4232\" srcset=\"https:\/\/www.vaia.eu\/wp-content\/uploads\/2023\/12\/Natale-al-Museo-landing-3-1024x576.jpg 1024w, https:\/\/www.vaia.eu\/wp-content\/uploads\/2023\/12\/Natale-al-Museo-landing-3-300x169.jpg 300w, https:\/\/www.vaia.eu\/wp-content\/uploads\/2023\/12\/Natale-al-Museo-landing-3-768x432.jpg 768w, https:\/\/www.vaia.eu\/wp-content\/uploads\/2023\/12\/Natale-al-Museo-landing-3-600x338.jpg 600w, https:\/\/www.vaia.eu\/wp-content\/uploads\/2023\/12\/Natale-al-Museo-landing-3.jpg 1280w\" sizes=\"auto, (max-width: 1024px) 100vw, 1024px\" \/><\/figure>\n\n\n<div class=\"title-vertical-band  bgcolor-green  alignment-title-left \">\n    <div class=\"component-container\">\n                    <div class=\"title-container\"><span class=\"title-1  titlesize-medium  titlecolor-lightyellow \">Das Angebot<\/span><\/div>\n                                <div class=\"subtitle  subtitlesize-medium  subtitlecolor-lightyellow \"><p>Gute Nachrichten: Unser Black Friday Angebot hat Ihnen so gut gefallen, dass wir beschlossen haben, es bis zum Dreik\u00f6nigstag zu verl\u00e4ngern!<\/p>\n<p>F\u00fcr je 2 auf unserer Website gekaufte Produkte erhalten Sie 2 Freikarten f\u00fcr ein Museum\/einen arch\u00e4ologischen Park Ihrer Wahl, die f\u00fcr die Initiative ausgew\u00e4hlt wurden.<\/p>\n<p>Das Angebot gilt f\u00fcr den Kauf von Produkten, die ein Vielfaches von zwei sind. W\u00e4hlen Sie die Kombination, die Ihnen am besten gef\u00e4llt!<\/p>\n<\/div>\n                <\/div>\n\n<\/div>\n\n\n\n<figure class=\"wp-block-image size-large\"><img loading=\"lazy\" decoding=\"async\" width=\"1024\" height=\"576\" src=\"https:\/\/www.vaia.eu\/wp-content\/uploads\/2023\/12\/Natale-al-Museo-landing-2-1024x576.jpg\" alt=\"\" class=\"wp-image-4223\" srcset=\"https:\/\/www.vaia.eu\/wp-content\/uploads\/2023\/12\/Natale-al-Museo-landing-2-1024x576.jpg 1024w, https:\/\/www.vaia.eu\/wp-content\/uploads\/2023\/12\/Natale-al-Museo-landing-2-300x169.jpg 300w, https:\/\/www.vaia.eu\/wp-content\/uploads\/2023\/12\/Natale-al-Museo-landing-2-768x432.jpg 768w, https:\/\/www.vaia.eu\/wp-content\/uploads\/2023\/12\/Natale-al-Museo-landing-2-600x338.jpg 600w, https:\/\/www.vaia.eu\/wp-content\/uploads\/2023\/12\/Natale-al-Museo-landing-2.jpg 1280w\" sizes=\"auto, (max-width: 1024px) 100vw, 1024px\" \/><\/figure>\n\n\n<div class=\"cards cards-bg-lightyellow\">\n\n            <span class=\"headingcard-title heading-color-violet\">\n            F\u00fcr die Initiative ausgew\u00e4hlte Museen und Parks:        <\/span>\n    \n    <div class=\"cards__row\">\n                    <div class=\"cards__col col-color-darkgreen content-title-color-transparent content-card-color-transparent\">\n                <div class=\"g-card\">\n    \n    \n    \n            <div class=\"g-card__media\">\n                        <a href=\"https:\/\/museoegizio.it\/\" target=\"_blank\">\n                            <img loading=\"lazy\" decoding=\"async\" class=\"skip-lazy\" width=\"600\" height=\"400\" src=\"https:\/\/www.vaia.eu\/wp-content\/uploads\/2023\/11\/museo-egizio-.png\" alt=\"\" \/>\n                        <\/a>\n                    <\/div>\n    \n    <\/div>\n            <\/div>\n                    <div class=\"cards__col col-color-darkgreen content-title-color-transparent content-card-color-transparent\">\n                <div class=\"g-card\">\n    \n    \n    \n            <div class=\"g-card__media\">\n                        <a href=\"https:\/\/www.maxxi.art\/\" target=\"_blank\">\n                            <img loading=\"lazy\" decoding=\"async\" class=\"skip-lazy\" width=\"600\" height=\"400\" src=\"https:\/\/www.vaia.eu\/wp-content\/uploads\/2023\/11\/maxxi_logo_dicitura-bianca-1.png\" alt=\"\" \/>\n                        <\/a>\n                    <\/div>\n    \n    <\/div>\n            <\/div>\n                    <div class=\"cards__col col-color-darkgreen content-title-color-transparent content-card-color-transparent\">\n                <div class=\"g-card\">\n    \n    \n    \n            <div class=\"g-card__media\">\n                        <a href=\"https:\/\/www.adidesignmuseum.org\/\" target=\"_blank\">\n                            <img loading=\"lazy\" decoding=\"async\" class=\"skip-lazy\" width=\"600\" height=\"400\" src=\"https:\/\/www.vaia.eu\/wp-content\/uploads\/2023\/11\/adi.png\" alt=\"\" \/>\n                        <\/a>\n                    <\/div>\n    \n    <\/div>\n            <\/div>\n                    <div class=\"cards__col col-color-darkgreen content-title-color-transparent content-card-color-transparent\">\n                <div class=\"g-card\">\n    \n    \n    \n            <div class=\"g-card__media\">\n                        <a href=\"https:\/\/www.muse.it\/\" target=\"_blank\">\n                            <img loading=\"lazy\" decoding=\"async\" class=\"skip-lazy\" width=\"600\" height=\"400\" src=\"https:\/\/www.vaia.eu\/wp-content\/uploads\/2023\/11\/muse.png\" alt=\"\" \/>\n                        <\/a>\n                    <\/div>\n    \n    <\/div>\n            <\/div>\n                    <div class=\"cards__col col-color-darkgreen content-title-color-transparent content-card-color-transparent\">\n                <div class=\"g-card\">\n    \n    \n    \n            <div class=\"g-card__media\">\n                        <a href=\"https:\/\/www.parcodisegesta.com\/home\" target=\"_blank\">\n                            <img loading=\"lazy\" decoding=\"async\" class=\"skip-lazy\" width=\"600\" height=\"400\" src=\"https:\/\/www.vaia.eu\/wp-content\/uploads\/2023\/11\/segesta.png\" alt=\"\" \/>\n                        <\/a>\n                    <\/div>\n    \n    <\/div>\n            <\/div>\n            <\/div>\n<\/div>\n\n\n\n<div class=\"title-content-cta-band  bgcolor-transparent \">\n    <div class=\"component-container\">\n\n        <span class=\"title-1\"><\/span>\n\n                        <div class=\"grid-cols\">\n            \n            <div class=\"content\">\n                \n                            <\/div>\n        <\/div>\n        \n                    <a class=\"button  button-primary \"\n                                    href=\"https:\/\/www.vaia.eu\/de\/shop\/\"\n                                   title=\"Kaufen Sie hier\">Kaufen Sie hier<\/a>\n        \n    <\/div>\n<\/div>\n\n\n<div class=\"title-vertical-band  bgcolor-green  alignment-title-left \">\n    <div class=\"component-container\">\n                    <div class=\"title-container\"><span class=\"title-1  titlesize-medium  titlecolor-lightyellow \">Unsere Idee<\/span><\/div>\n                                <div class=\"subtitle  subtitlesize-medium  subtitlecolor-lightyellow \"><p>Machen wir Weihnachten zu einer Zeit des gemeinsamen Engagements und des Teilens. Kaufen Sie bewusst ein, schenken Sie Design, Geschichte, Kunst und Wissenschaft und tragen Sie zur Nachhaltigkeit bei.<\/p>\n<p>Wir wollen Sch\u00f6nheit in der Vielfalt schaffen: Wir bieten Ihnen einzigartige Objekte und wertvolle Erfahrungen, mit denen Sie wirklich etwas f\u00fcr unsere Gebiete bewirken k\u00f6nnen.<\/p>\n<\/div>\n                <\/div>\n\n<\/div>\n\n\n\n<figure class=\"wp-block-image size-large\"><img loading=\"lazy\" decoding=\"async\" width=\"1024\" height=\"576\" src=\"https:\/\/www.vaia.eu\/wp-content\/uploads\/2023\/12\/MUSEo-NATALE-1920X1080-1-1024x576.jpg\" alt=\"\" class=\"wp-image-4237\" srcset=\"https:\/\/www.vaia.eu\/wp-content\/uploads\/2023\/12\/MUSEo-NATALE-1920X1080-1-1024x576.jpg 1024w, https:\/\/www.vaia.eu\/wp-content\/uploads\/2023\/12\/MUSEo-NATALE-1920X1080-1-300x169.jpg 300w, https:\/\/www.vaia.eu\/wp-content\/uploads\/2023\/12\/MUSEo-NATALE-1920X1080-1-768x432.jpg 768w, https:\/\/www.vaia.eu\/wp-content\/uploads\/2023\/12\/MUSEo-NATALE-1920X1080-1-600x338.jpg 600w, https:\/\/www.vaia.eu\/wp-content\/uploads\/2023\/12\/MUSEo-NATALE-1920X1080-1.jpg 1280w\" sizes=\"auto, (max-width: 1024px) 100vw, 1024px\" \/><\/figure>\n\n\n<div class=\"title-vertical-band  bgcolor-lightyellow  alignment-title-left \">\n    <div class=\"component-container\">\n                    <div class=\"title-container\"><span class=\"title-1  titlesize-medium  titlecolor-violet \">G\u00fcltigkeitsdauer<\/span><\/div>\n                                <div class=\"subtitle  subtitlesize-medium  subtitlecolor-darkgreen \"><p>Die Tickets haben eine unterschiedliche G\u00fcltigkeitsdauer, bitte pr\u00fcfen Sie diese unten:<\/p>\n<p>ADI Design Museum, Mailand &#8211; Tickets g\u00fcltig vom 24. November 2023 bis 31. Dezember 2024.<\/p>\n<p>Museo Egizio, Turin &#8211; Tickets g\u00fcltig vom 08\/01\/2024 bis einschlie\u00dflich 29\/02\/2024 und vom 01\/07\/2024 bis einschlie\u00dflich 31\/08\/2024.<\/p>\n<p>MAXXI, Rom &#8211; Eintrittskarten g\u00fcltig vom 24. November 2023 bis zum 31. Mai 2024.<\/p>\n<\/div>\n                <\/div>\n\n<\/div>\n","protected":false},"excerpt":{"rendered":"","protected":false},"author":1272,"featured_media":0,"parent":0,"menu_order":0,"comment_status":"closed","ping_status":"closed","template":"","meta":{"_acf_changed":false,"_crdt_document":"","content-type":"","footnotes":""},"class_list":["post-5031","page","type-page","status-publish","hentry"],"acf":[],"yoast_head":"<!-- This site is optimized with the Yoast SEO plugin v27.4 - https:\/\/yoast.com\/product\/yoast-seo-wordpress\/ -->\n<title>Weihnachten mit VAIA | VAIA<\/title>\n<meta name=\"description\" content=\"Design sostenibile ed esperienze culturali uniche. A Natale VAIA ti regala un ingresso ad un museo a tua scelta!\" \/>\n<meta name=\"robots\" content=\"index, follow, max-snippet:-1, max-image-preview:large, max-video-preview:-1\" \/>\n<link rel=\"canonical\" href=\"https:\/\/www.vaia.eu\/de\/weihnachten-mit-vaia\/\" \/>\n<meta property=\"og:locale\" content=\"de_DE\" \/>\n<meta property=\"og:type\" content=\"article\" \/>\n<meta property=\"og:title\" content=\"Weihnachten mit VAIA | VAIA\" \/>\n<meta property=\"og:description\" content=\"Design sostenibile ed esperienze culturali uniche. A Natale VAIA ti regala un ingresso ad un museo a tua scelta!\" \/>\n<meta property=\"og:url\" content=\"https:\/\/www.vaia.eu\/de\/weihnachten-mit-vaia\/\" \/>\n<meta property=\"og:site_name\" content=\"VAIA\" \/>\n<meta property=\"article:publisher\" content=\"https:\/\/www.facebook.com\/therealvaia\/\" \/>\n<meta property=\"article:modified_time\" content=\"2023-12-11T20:23:47+00:00\" \/>\n<meta property=\"og:image\" content=\"https:\/\/www.vaia.eu\/wp-content\/uploads\/2023\/12\/Natale-al-Museo-landing-3-1024x576.jpg\" \/>\n<meta name=\"twitter:card\" content=\"summary_large_image\" \/>\n<meta name=\"twitter:label1\" content=\"Gesch\u00e4tzte Lesezeit\" \/>\n\t<meta name=\"twitter:data1\" content=\"1\u00a0Minute\" \/>\n<script type=\"application\/ld+json\" class=\"yoast-schema-graph\">{\"@context\":\"https:\\\/\\\/schema.org\",\"@graph\":[{\"@type\":\"WebPage\",\"@id\":\"https:\\\/\\\/www.vaia.eu\\\/de\\\/weihnachten-mit-vaia\\\/\",\"url\":\"https:\\\/\\\/www.vaia.eu\\\/de\\\/weihnachten-mit-vaia\\\/\",\"name\":\"Weihnachten mit VAIA | VAIA\",\"isPartOf\":{\"@id\":\"https:\\\/\\\/www.vaia.eu\\\/#website\"},\"primaryImageOfPage\":{\"@id\":\"https:\\\/\\\/www.vaia.eu\\\/de\\\/weihnachten-mit-vaia\\\/#primaryimage\"},\"image\":{\"@id\":\"https:\\\/\\\/www.vaia.eu\\\/de\\\/weihnachten-mit-vaia\\\/#primaryimage\"},\"thumbnailUrl\":\"https:\\\/\\\/www.vaia.eu\\\/wp-content\\\/uploads\\\/2023\\\/12\\\/Natale-al-Museo-landing-3-1024x576.jpg\",\"datePublished\":\"2023-12-01T11:06:18+00:00\",\"dateModified\":\"2023-12-11T20:23:47+00:00\",\"description\":\"Design sostenibile ed esperienze culturali uniche. A Natale VAIA ti regala un ingresso ad un museo a tua scelta!\",\"breadcrumb\":{\"@id\":\"https:\\\/\\\/www.vaia.eu\\\/de\\\/weihnachten-mit-vaia\\\/#breadcrumb\"},\"inLanguage\":\"de\",\"potentialAction\":[{\"@type\":\"ReadAction\",\"target\":[\"https:\\\/\\\/www.vaia.eu\\\/de\\\/weihnachten-mit-vaia\\\/\"]}]},{\"@type\":\"ImageObject\",\"inLanguage\":\"de\",\"@id\":\"https:\\\/\\\/www.vaia.eu\\\/de\\\/weihnachten-mit-vaia\\\/#primaryimage\",\"url\":\"https:\\\/\\\/www.vaia.eu\\\/wp-content\\\/uploads\\\/2023\\\/12\\\/Natale-al-Museo-landing-3-1024x576.jpg\",\"contentUrl\":\"https:\\\/\\\/www.vaia.eu\\\/wp-content\\\/uploads\\\/2023\\\/12\\\/Natale-al-Museo-landing-3-1024x576.jpg\"},{\"@type\":\"BreadcrumbList\",\"@id\":\"https:\\\/\\\/www.vaia.eu\\\/de\\\/weihnachten-mit-vaia\\\/#breadcrumb\",\"itemListElement\":[{\"@type\":\"ListItem\",\"position\":1,\"name\":\"Home\",\"item\":\"https:\\\/\\\/www.vaia.eu\\\/de\\\/\"},{\"@type\":\"ListItem\",\"position\":2,\"name\":\"Weihnachten mit VAIA\"}]},{\"@type\":\"WebSite\",\"@id\":\"https:\\\/\\\/www.vaia.eu\\\/#website\",\"url\":\"https:\\\/\\\/www.vaia.eu\\\/\",\"name\":\"VAIA - Face what matters\",\"description\":\"Face What Matters\",\"publisher\":{\"@id\":\"https:\\\/\\\/www.vaia.eu\\\/#organization\"},\"potentialAction\":[{\"@type\":\"SearchAction\",\"target\":{\"@type\":\"EntryPoint\",\"urlTemplate\":\"https:\\\/\\\/www.vaia.eu\\\/?s={search_term_string}\"},\"query-input\":{\"@type\":\"PropertyValueSpecification\",\"valueRequired\":true,\"valueName\":\"search_term_string\"}}],\"inLanguage\":\"de\"},{\"@type\":\"Organization\",\"@id\":\"https:\\\/\\\/www.vaia.eu\\\/#organization\",\"name\":\"VAIA\",\"url\":\"https:\\\/\\\/www.vaia.eu\\\/\",\"logo\":{\"@type\":\"ImageObject\",\"inLanguage\":\"de\",\"@id\":\"https:\\\/\\\/www.vaia.eu\\\/#\\\/schema\\\/logo\\\/image\\\/\",\"url\":\"https:\\\/\\\/www.vaia.eu\\\/wp-content\\\/uploads\\\/2023\\\/12\\\/logo-vaia.svg\",\"contentUrl\":\"https:\\\/\\\/www.vaia.eu\\\/wp-content\\\/uploads\\\/2023\\\/12\\\/logo-vaia.svg\",\"width\":1000,\"height\":1000,\"caption\":\"VAIA\"},\"image\":{\"@id\":\"https:\\\/\\\/www.vaia.eu\\\/#\\\/schema\\\/logo\\\/image\\\/\"},\"sameAs\":[\"https:\\\/\\\/www.facebook.com\\\/therealvaia\\\/\",\"https:\\\/\\\/www.instagram.com\\\/therealvaia\\\/\",\"https:\\\/\\\/www.linkedin.com\\\/company\\\/vaiasrl\\\/\",\"https:\\\/\\\/www.youtube.com\\\/channel\\\/UCPtTJEh97yiEMm-vE_Ux3Aw\"]}]}<\/script>\n<!-- \/ Yoast SEO plugin. -->","yoast_head_json":{"title":"Weihnachten mit VAIA | VAIA","description":"Design sostenibile ed esperienze culturali uniche. A Natale VAIA ti regala un ingresso ad un museo a tua scelta!","robots":{"index":"index","follow":"follow","max-snippet":"max-snippet:-1","max-image-preview":"max-image-preview:large","max-video-preview":"max-video-preview:-1"},"canonical":"https:\/\/www.vaia.eu\/de\/weihnachten-mit-vaia\/","og_locale":"de_DE","og_type":"article","og_title":"Weihnachten mit VAIA | VAIA","og_description":"Design sostenibile ed esperienze culturali uniche. A Natale VAIA ti regala un ingresso ad un museo a tua scelta!","og_url":"https:\/\/www.vaia.eu\/de\/weihnachten-mit-vaia\/","og_site_name":"VAIA","article_publisher":"https:\/\/www.facebook.com\/therealvaia\/","article_modified_time":"2023-12-11T20:23:47+00:00","og_image":[{"url":"https:\/\/www.vaia.eu\/wp-content\/uploads\/2023\/12\/Natale-al-Museo-landing-3-1024x576.jpg","type":"","width":"","height":""}],"twitter_card":"summary_large_image","twitter_misc":{"Gesch\u00e4tzte Lesezeit":"1\u00a0Minute"},"schema":{"@context":"https:\/\/schema.org","@graph":[{"@type":"WebPage","@id":"https:\/\/www.vaia.eu\/de\/weihnachten-mit-vaia\/","url":"https:\/\/www.vaia.eu\/de\/weihnachten-mit-vaia\/","name":"Weihnachten mit VAIA | VAIA","isPartOf":{"@id":"https:\/\/www.vaia.eu\/#website"},"primaryImageOfPage":{"@id":"https:\/\/www.vaia.eu\/de\/weihnachten-mit-vaia\/#primaryimage"},"image":{"@id":"https:\/\/www.vaia.eu\/de\/weihnachten-mit-vaia\/#primaryimage"},"thumbnailUrl":"https:\/\/www.vaia.eu\/wp-content\/uploads\/2023\/12\/Natale-al-Museo-landing-3-1024x576.jpg","datePublished":"2023-12-01T11:06:18+00:00","dateModified":"2023-12-11T20:23:47+00:00","description":"Design sostenibile ed esperienze culturali uniche. A Natale VAIA ti regala un ingresso ad un museo a tua scelta!","breadcrumb":{"@id":"https:\/\/www.vaia.eu\/de\/weihnachten-mit-vaia\/#breadcrumb"},"inLanguage":"de","potentialAction":[{"@type":"ReadAction","target":["https:\/\/www.vaia.eu\/de\/weihnachten-mit-vaia\/"]}]},{"@type":"ImageObject","inLanguage":"de","@id":"https:\/\/www.vaia.eu\/de\/weihnachten-mit-vaia\/#primaryimage","url":"https:\/\/www.vaia.eu\/wp-content\/uploads\/2023\/12\/Natale-al-Museo-landing-3-1024x576.jpg","contentUrl":"https:\/\/www.vaia.eu\/wp-content\/uploads\/2023\/12\/Natale-al-Museo-landing-3-1024x576.jpg"},{"@type":"BreadcrumbList","@id":"https:\/\/www.vaia.eu\/de\/weihnachten-mit-vaia\/#breadcrumb","itemListElement":[{"@type":"ListItem","position":1,"name":"Home","item":"https:\/\/www.vaia.eu\/de\/"},{"@type":"ListItem","position":2,"name":"Weihnachten mit VAIA"}]},{"@type":"WebSite","@id":"https:\/\/www.vaia.eu\/#website","url":"https:\/\/www.vaia.eu\/","name":"VAIA - Face what matters","description":"Face What Matters","publisher":{"@id":"https:\/\/www.vaia.eu\/#organization"},"potentialAction":[{"@type":"SearchAction","target":{"@type":"EntryPoint","urlTemplate":"https:\/\/www.vaia.eu\/?s={search_term_string}"},"query-input":{"@type":"PropertyValueSpecification","valueRequired":true,"valueName":"search_term_string"}}],"inLanguage":"de"},{"@type":"Organization","@id":"https:\/\/www.vaia.eu\/#organization","name":"VAIA","url":"https:\/\/www.vaia.eu\/","logo":{"@type":"ImageObject","inLanguage":"de","@id":"https:\/\/www.vaia.eu\/#\/schema\/logo\/image\/","url":"https:\/\/www.vaia.eu\/wp-content\/uploads\/2023\/12\/logo-vaia.svg","contentUrl":"https:\/\/www.vaia.eu\/wp-content\/uploads\/2023\/12\/logo-vaia.svg","width":1000,"height":1000,"caption":"VAIA"},"image":{"@id":"https:\/\/www.vaia.eu\/#\/schema\/logo\/image\/"},"sameAs":["https:\/\/www.facebook.com\/therealvaia\/","https:\/\/www.instagram.com\/therealvaia\/","https:\/\/www.linkedin.com\/company\/vaiasrl\/","https:\/\/www.youtube.com\/channel\/UCPtTJEh97yiEMm-vE_Ux3Aw"]}]}},"_links":{"self":[{"href":"https:\/\/www.vaia.eu\/de\/wp-json\/wp\/v2\/pages\/5031","targetHints":{"allow":["GET"]}}],"collection":[{"href":"https:\/\/www.vaia.eu\/de\/wp-json\/wp\/v2\/pages"}],"about":[{"href":"https:\/\/www.vaia.eu\/de\/wp-json\/wp\/v2\/types\/page"}],"author":[{"embeddable":true,"href":"https:\/\/www.vaia.eu\/de\/wp-json\/wp\/v2\/users\/1272"}],"replies":[{"embeddable":true,"href":"https:\/\/www.vaia.eu\/de\/wp-json\/wp\/v2\/comments?post=5031"}],"version-history":[{"count":0,"href":"https:\/\/www.vaia.eu\/de\/wp-json\/wp\/v2\/pages\/5031\/revisions"}],"wp:attachment":[{"href":"https:\/\/www.vaia.eu\/de\/wp-json\/wp\/v2\/media?parent=5031"}],"curies":[{"name":"wp","href":"https:\/\/api.w.org\/{rel}","templated":true}]}}