{"id":17875,"date":"2024-11-18T15:13:13","date_gmt":"2024-11-18T14:13:13","guid":{"rendered":"https:\/\/www.vaia.eu\/?post_type=product&#038;p=17875"},"modified":"2026-02-11T10:26:06","modified_gmt":"2026-02-11T09:26:06","slug":"vaia-people","status":"publish","type":"product","link":"https:\/\/www.vaia.eu\/de\/produkt\/vaia-people\/","title":{"rendered":"VAIA People"},"content":{"rendered":"\n<figure class=\"wp-block-image size-large nomargin-full\"><img loading=\"lazy\" decoding=\"async\" width=\"1024\" height=\"640\" src=\"https:\/\/www.vaia.eu\/wp-content\/uploads\/2024\/10\/1_ecosistema-1024x640.png\" alt=\"VAIA People | Die Dockingstation aus Holz f\u00fcr deine Ger\u00e4te\" class=\"wp-image-17082\" srcset=\"https:\/\/www.vaia.eu\/wp-content\/uploads\/2024\/10\/1_ecosistema-1024x640.png 1024w, https:\/\/www.vaia.eu\/wp-content\/uploads\/2024\/10\/1_ecosistema-300x188.png 300w, https:\/\/www.vaia.eu\/wp-content\/uploads\/2024\/10\/1_ecosistema-768x480.png 768w, https:\/\/www.vaia.eu\/wp-content\/uploads\/2024\/10\/1_ecosistema-600x375.png 600w, https:\/\/www.vaia.eu\/wp-content\/uploads\/2024\/10\/1_ecosistema.png 1280w\" sizes=\"auto, (max-width: 1024px) 100vw, 1024px\" \/><\/figure>\n\n\n<div class=\"title-vertical-band  bgcolor-green  alignment-title-right \">\n    <div class=\"component-container\">\n                    <div class=\"title-container\"><span class=\"title-1  titlesize-large  titlecolor-yellow \">\/\/ \u00d6kosystem<\/span><\/div>\n                                <div class=\"subtitle  subtitlesize-medium  subtitlecolor-lightyellow \"><p>&#8222;People&#8220; erinnert direkt an die Menschen, die VAIA-Gemeinschaft, die im Mittelpunkt eines jeden Projekts steht. Mit diesen Objekten will VAIA die Energie derjenigen verbreiten, die t\u00e4glich Werte f\u00fcr andere schaffen. VAIA People feiert die Idee, dass jeder Einzelne Teil eines Ganzen ist, eines integrativen \u00d6kosystems, das durch die drei Figuren auf der Dockings Station dargestellt wird und die Vielfalt und Einheit der VAIA-Gemeinschaft symbolisiert.<\/p>\n<\/div>\n                <\/div>\n\n<\/div>\n\n\n\n<figure class=\"wp-block-image size-large nomargin-full\"><img loading=\"lazy\" decoding=\"async\" width=\"1024\" height=\"640\" src=\"https:\/\/www.vaia.eu\/wp-content\/uploads\/2024\/10\/2_legami-1024x640.png\" alt=\"Dockingstation aus Holz f\u00fcr smartphone\" class=\"wp-image-17085\" srcset=\"https:\/\/www.vaia.eu\/wp-content\/uploads\/2024\/10\/2_legami-1024x640.png 1024w, https:\/\/www.vaia.eu\/wp-content\/uploads\/2024\/10\/2_legami-300x188.png 300w, https:\/\/www.vaia.eu\/wp-content\/uploads\/2024\/10\/2_legami-768x480.png 768w, https:\/\/www.vaia.eu\/wp-content\/uploads\/2024\/10\/2_legami-600x375.png 600w, https:\/\/www.vaia.eu\/wp-content\/uploads\/2024\/10\/2_legami.png 1280w\" sizes=\"auto, (max-width: 1024px) 100vw, 1024px\" \/><\/figure>\n\n\n\n<div class=\"title-subtitle-cta-band  bgcolor-transparent \">\n    <div class=\"component-container\">\n        <div class=\" display-block \">\n                        <span class=\"title-1  titlesize-small  titlecolor-green \">\/\/ Bindungen<\/span>\n                \n            \n        <\/div>\n\n\n        \n        <div class=\"grid-subtitle\">\n        \n\n            \n                    <div class=\"subtitle  subtitlesize-small  subtitlecolor-darkgreen \"><p>Du bist VAIA PEOPLE, ich bin VAIA PEOPLE! Schafft eine Verbindung mit anderen Menschen, die so handeln wie du, eine Verbindung mit der Materie, die fr\u00fcher Abfall war und jetzt eine Ressource ist. Schafft eine Verbindung mit der Energie anderer Menschen. Eine Verbindung herzustellen bedeutet, sich auf den anderen einzulassen und auf ihn zuzugehen, um unsere Barrieren zu senken. VAIA People m\u00f6chte diese Energie sein. Die Energie des Waldes, wie die Wurzeln der B\u00e4ume, die miteinander verbunden sind, vervielfacht die M\u00f6glichkeiten.<\/p>\n<\/div>\n            \n            \n            <\/div>\n                \n        \n    <\/div>\n<\/div>\n\n\n\n<figure class=\"wp-block-image size-large nomargin-full\"><img loading=\"lazy\" decoding=\"async\" width=\"1024\" height=\"640\" src=\"https:\/\/www.vaia.eu\/wp-content\/uploads\/2024\/10\/3_territorio-1024x640.png\" alt=\" Dockingstation aus Holz f\u00fcr deine Ohrh\u00f6rer\" class=\"wp-image-17079\" srcset=\"https:\/\/www.vaia.eu\/wp-content\/uploads\/2024\/10\/3_territorio-1024x640.png 1024w, https:\/\/www.vaia.eu\/wp-content\/uploads\/2024\/10\/3_territorio-300x188.png 300w, https:\/\/www.vaia.eu\/wp-content\/uploads\/2024\/10\/3_territorio-768x480.png 768w, https:\/\/www.vaia.eu\/wp-content\/uploads\/2024\/10\/3_territorio-600x375.png 600w, https:\/\/www.vaia.eu\/wp-content\/uploads\/2024\/10\/3_territorio.png 1280w\" sizes=\"auto, (max-width: 1024px) 100vw, 1024px\" \/><\/figure>\n\n\n<div class=\"title-vertical-band  bgcolor-green  alignment-title-right \">\n    <div class=\"component-container\">\n                    <div class=\"title-container\"><span class=\"title-1  titlesize-large  titlecolor-yellow \">\/\/ Territorium<\/span><\/div>\n                                <div class=\"subtitle  subtitlesize-medium  subtitlecolor-lightyellow \"><p>In den W\u00e4ldern, in denen wir t\u00e4tig sind, ist eine weitere gro\u00dfe Herausforderung aufgetreten: der Borkenk\u00e4fer. Mit jedem gekauften VAIA People hilfst du uns, einen neuen Baum zu pflanzen, um die von diesem K\u00e4fer befallenen W\u00e4lder wieder aufzuforsten. Wir sind im gesamten Dolomiten-Alpenbogen der Lombardei, Trentino-S\u00fcdtirol, Friaul und Venetien t\u00e4tig, um neue B\u00e4ume zu pflanzen und dabei die Artenvielfalt zu erhalten.<\/p>\n<p>Erfahre mehr \u00fcber den Borkenk\u00e4fer und seinen Einfluss auf unsere W\u00e4lder auf der Seite, die dem <a href=\"https:\/\/www.vaia.eu\/de\/project\/bostrico\/\">Borkenk\u00e4fer-Projekt<\/a> gewidmet ist.<\/p>\n<\/div>\n                <\/div>\n\n<\/div>\n\n\n\n<figure class=\"wp-block-image size-large nomargin-full\"><img loading=\"lazy\" decoding=\"async\" width=\"1024\" height=\"640\" src=\"https:\/\/www.vaia.eu\/wp-content\/uploads\/2024\/10\/4_diversita-e-valore-1024x640.png\" alt=\"Dockingstation aus Holz f\u00fcr deine Apple Watch\" class=\"wp-image-17088\" srcset=\"https:\/\/www.vaia.eu\/wp-content\/uploads\/2024\/10\/4_diversita-e-valore-1024x640.png 1024w, https:\/\/www.vaia.eu\/wp-content\/uploads\/2024\/10\/4_diversita-e-valore-300x188.png 300w, https:\/\/www.vaia.eu\/wp-content\/uploads\/2024\/10\/4_diversita-e-valore-768x480.png 768w, https:\/\/www.vaia.eu\/wp-content\/uploads\/2024\/10\/4_diversita-e-valore-600x375.png 600w, https:\/\/www.vaia.eu\/wp-content\/uploads\/2024\/10\/4_diversita-e-valore.png 1280w\" sizes=\"auto, (max-width: 1024px) 100vw, 1024px\" \/><\/figure>\n\n\n\n<div class=\"title-subtitle-cta-band  bgcolor-transparent \">\n    <div class=\"component-container\">\n        <div class=\" display-block \">\n                        <span class=\"title-1  titlesize-small  titlecolor-green \">\/\/ Vielfalt ist wertvoll<\/span>\n                \n            \n        <\/div>\n\n\n        \n        <div class=\"grid-subtitle\">\n        \n\n            \n                    <div class=\"subtitle  subtitlesize-small  subtitlecolor-darkgreen \"><p>Bei VAIA People ist die Vielfalt eine Kraft, die die Gemeinschaft bereichert. Die Zusammenarbeit mit dem Teatro La Ribalta feiert nicht nur die Schw\u00e4chsten, sondern zielt auch darauf ab, das Engagement derjenigen zu vermitteln und zu verbreiten, die wie sie jeden Tag daran arbeiten, diese Werte zu konkretisieren und Verbindungen aufzubauen, die Barrieren abbauen und M\u00f6glichkeiten schaffen.<\/p>\n<\/div>\n            \n            \n            <\/div>\n                \n        \n    <\/div>\n<\/div>\n\n\n\n<div class=\"title-content-cta-band  bgcolor-darkgreen \">\n    <div class=\"component-container\">\n\n        <span class=\"title-1\">Unser Ziel<\/span>\n\n                        <div class=\"grid-cols\">\n                                                <img loading=\"lazy\" decoding=\"async\" width=\"400\" height=\"400\" src=\"https:\/\/www.vaia.eu\/wp-content\/uploads\/2024\/10\/people-sfondo-trasparente.png\" alt=\"people sfondo trasparente\">\n                        \n            <div class=\"content\">\n                                    <div class=\"testo\"><p><div class=\"progress\">\n                  <div class=\"progress__bar\" style=\"width:80%;\">80%<\/div>\n                <\/div>\n                <style>\n                @keyframes fill-bar {\n                    from {width: 0%;}\n                    to {width: 80%;}\n                }\n                <\/style> Wir haben derzeit 200.000 B\u00e4ume in den Dolomiten gepflanzt: Begleiten Sie uns, um dieses Ziel zu erreichen<\/p>\n<\/div>\n                \n                                    <span class=\"bignumber\">250.000!<\/span>\n                            <\/div>\n        <\/div>\n        \n        \n    <\/div>\n<\/div>\n\n\n<div class=\"title-vertical-band  bgcolor-lightyellow  alignment-title-right \">\n    <div class=\"component-container\">\n                    <div class=\"title-container\"><span class=\"title-1  titlesize-large  titlecolor-darkgreen \">\/\/ VAIA People: Technische Daten<\/span><\/div>\n                                <div class=\"subtitle  subtitlesize-medium  subtitlecolor-darkgreen \"><p>Das Design von VAIA People zeichnet sich durch eine einfache, nat\u00fcrliche Form aus, die an eine stilisierte menschliche Figur ohne definierte Details erinnert. Die nat\u00fcrliche Maserung des Tannenholzes, glatt und harmonisch, verleiht ihm ein authentisches und organisches Aussehen. Dieser wesentliche Ansatz unterstreicht eine minimalistische und elegante \u00c4sthetik, die die VAIA-Gemeinschaft in ihrer Vielfalt und Sch\u00f6nheit w\u00fcrdigt und zeigt, wie Einigkeit St\u00e4rke und Harmonie erzeugen kann. <\/p>\n<\/div>\n                <\/div>\n\n<\/div>\n\n\n\n<p class=\"wp-block-paragraph\"><strong>VAIA People Big: die Dockingstation aus Holz f\u00fcr Smartphones<\/strong> ist mit einer H\u00f6he von 23 cm das gr\u00f6\u00dfte der drei Objekte. Im Abstand von 2 cm vom Boden markiert ein Einsatz in zwei Varianten (nat\u00fcrliches und farbiges Holz) die Stelle, an der das Smartphone platziert werden kann, und verdeckt den Eingang f\u00fcr das Ladekabel. Eine Rille am Boden erm\u00f6glicht die diskrete Aufbewahrung des Kabels und sorgt f\u00fcr ein aufger\u00e4umtes Erscheinungsbild.<\/p>\n\n\n\n<p class=\"wp-block-paragraph\"><strong>VAIA People Middle: die Dockingstation aus Holz f\u00fcr<\/strong> <strong>Kopfh\u00f6rer<\/strong> ist eine kompaktere Version mit einer H\u00f6he von 18 cm, die die gleichen \u00e4sthetischen Linien wie das Smartphone-Modell hat, aber mit reduzierten Proportionen, um sich dem Ger\u00e4t anzupassen, das es unterst\u00fctzt. Dieses Modell eignet sich trotz seiner Gr\u00f6\u00dfe auch als Ladestation f\u00fcr das Smartphone. Auch hier gibt es den Ger\u00e4tetr\u00e4gereinsatz in zwei Varianten: aus nat\u00fcrlichem und farbigem Holz.<\/p>\n\n\n\n<p class=\"wp-block-paragraph\"><strong>VAIA People Watch<\/strong>:<strong> die Dockingstation aus Holz f\u00fcr Apple Watch<\/strong>, die kleinste und markanteste mit 13 cm, verf\u00fcgt \u00fcber einen asymmetrischen zylindrischen Arm, der in das Hauptgeh\u00e4use eingesetzt ist, und um den das Ladekabel der Smartwatch gewickelt werden kann. Dieser Zylinder kann gedreht werden, so dass der Bildschirm in einem bequemen und gut sichtbaren Winkel positioniert werden kann, der sich den Vorlieben des Benutzers anpasst. Auch hier ist der zylindrische Arm in zwei Varianten erh\u00e4ltlich: aus nat\u00fcrlichem und farbigem Holz.<\/p>\n\n\n\n<p class=\"wp-block-paragraph\">Die farbigen Eins\u00e4tze (gr\u00fcn, gelb, orange) sind von Waldt\u00f6nen inspiriert und stellen eine direkte Verbindung zur Herkunft und Wirkung des Produkts her. Diese Farben f\u00fcgen sich perfekt in die Harmonie des Designs ein und tragen zu einer \u00c4sthetik bei, die Schlichtheit, Eleganz und Funktionalit\u00e4t vereint. So wird jedes St\u00fcck VAIA People zu einem vielseitigen Designelement, das sich an jede Umgebung anpassen kann.<\/p>\n\n\n<div class=\"images-slider images-slider-bg-yellow\">\n    <div class=\"images-slider-container\">\n        \n        <div class=\"images-slider__row\">\n                            <div class=\"images-slider__single\" aria-hidden=\"false\">\n                    <div class=\"images-slider__single-contents\">\n                        <img data-flickity-lazyload=\"https:\/\/www.vaia.eu\/wp-content\/uploads\/2022\/11\/665x755_IMPERFETTO.jpg\" class=\"skip-lazy\" alt=\"slider image\" width=\"400\" height=\"600\" \/>\n                                                    <span class=\"thetitle thetitle--color-lightyellow\">DIE SCH\u00d6NHEIT DER EINZIGARTIGKEIT<\/span>\n                                                                            <a class=\"button\" href=\"\/prodotto\/vaia-cube-imperfetto\/\" title=\"ENTDECKE DEN VAIA CUBE imperfetto\">ENTDECKE DEN VAIA CUBE imperfetto<\/a>\n                                            <\/div>\n\n                <\/div>\n                            <div class=\"images-slider__single\" aria-hidden=\"false\">\n                    <div class=\"images-slider__single-contents\">\n                        <img data-flickity-lazyload=\"https:\/\/www.vaia.eu\/wp-content\/uploads\/2022\/11\/665x755_CUBE.jpg\" class=\"skip-lazy\" alt=\"slider image\" width=\"400\" height=\"600\" \/>\n                                                    <span class=\"thetitle thetitle--color-lightyellow\">ENTDECKE DEN VAIA CUBE JOY<\/span>\n                                                                            <a class=\"button\" href=\"\/prodotto\/vaia-cube\/\" title=\"ENTDECKE DEN VAIA CUBE \">ENTDECKE DEN VAIA CUBE <\/a>\n                                            <\/div>\n\n                <\/div>\n                            <div class=\"images-slider__single\" aria-hidden=\"false\">\n                    <div class=\"images-slider__single-contents\">\n                        <img data-flickity-lazyload=\"https:\/\/www.vaia.eu\/wp-content\/uploads\/2022\/11\/665x755_JOY-2-1.jpg\" class=\"skip-lazy\" alt=\"slider image\" width=\"400\" height=\"600\" \/>\n                                                    <span class=\"thetitle thetitle--color-lightyellow\">DIE ENERGIE DER FARBEN<\/span>\n                                                                            <a class=\"button\" href=\"https:\/\/www.vaia.eu\/prodotto\/vaia-cube-joy\/\" title=\"ENTDECKE DEN VAIA CUBE JOY\">ENTDECKE DEN VAIA CUBE JOY<\/a>\n                                            <\/div>\n\n                <\/div>\n                            <div class=\"images-slider__single\" aria-hidden=\"false\">\n                    <div class=\"images-slider__single-contents\">\n                        <img data-flickity-lazyload=\"https:\/\/www.vaia.eu\/wp-content\/uploads\/2025\/11\/VAIA-PEOPLE-PERSONALIZZATO-CAROSELLO-PROD.jpg\" class=\"skip-lazy\" alt=\"slider image\" width=\"400\" height=\"600\" \/>\n                                                    <span class=\"thetitle thetitle--color-lightyellow\">ERZ\u00c4HL DEINE GESCHICHTE<\/span>\n                                                                            <a class=\"button\" href=\"https:\/\/www.vaia.eu\/de\/produkt\/vaia-people-personalizzato\/\" title=\"ENDECKE VAIA PEOPLE PERSONALISIERT\">ENDECKE VAIA PEOPLE PERSONALISIERT<\/a>\n                                            <\/div>\n\n                <\/div>\n            \n        <\/div>\n        <span class=\"image-slider-symbol symbol-darkgreen\">\/\/<\/span>\n    <\/div>\n\n<\/div>\n\n\n<div class=\"fascia-spedizione-shop\">\n    <div class=\"fascia-spedizione-shop__inner\">\n        <span class=\"title-spedizione\"><\/span>\n        <div class=\"testo\"><p>Kaufen Sie 2 Produkte und der Versand ist kostenlos!<\/p>\n<\/div>\n    <\/div>\n<\/div>\n","protected":false},"excerpt":{"rendered":"<p>Die Energie der authentischen Verbindungen!<br \/>Die Dockingstation aus Holz, die unsere Ger\u00e4te aufl\u00e4dt und uns mit der Welt verbindet.<br \/>Umarme die Natur und sei Teil des Wandels!<\/p>\n","protected":false},"featured_media":18600,"template":"","meta":{"_acf_changed":true,"_crdt_document":"","content-type":""},"product_brand":[],"product_cat":[],"product_tag":[],"class_list":{"0":"post-17875","1":"product","2":"type-product","3":"status-publish","4":"has-post-thumbnail","7":"first","8":"instock","9":"shipping-taxable","10":"purchasable","11":"product-type-variable","12":"has-default-attributes"},"acf":[],"yoast_head":"<!-- This site is optimized with the Yoast SEO plugin v27.3 - https:\/\/yoast.com\/product\/yoast-seo-wordpress\/ -->\n<title>VAIA People | Die Dockingstation aus Holz f\u00fcr deine Ger\u00e4te<\/title>\n<meta name=\"description\" content=\"Die Dockingstation aus Holz zum Aufladen deiner Ger\u00e4te. Dockingstation aus Holz f\u00fcr Smartphones, Apple Watch und Earbuds. 1 Statue = 1 Baum gepflanzt.\" \/>\n<meta name=\"robots\" content=\"index, follow, max-snippet:-1, max-image-preview:large, max-video-preview:-1\" \/>\n<link rel=\"canonical\" href=\"https:\/\/www.vaia.eu\/de\/produkt\/vaia-people\/\" \/>\n<meta property=\"og:locale\" content=\"de_DE\" \/>\n<meta property=\"og:type\" content=\"article\" \/>\n<meta property=\"og:title\" content=\"VAIA People | Die Dockingstation aus Holz f\u00fcr deine Ger\u00e4te\" \/>\n<meta property=\"og:description\" content=\"Die Dockingstation aus Holz zum Aufladen deiner Ger\u00e4te. Dockingstation aus Holz f\u00fcr Smartphones, Apple Watch und Earbuds. 1 Statue = 1 Baum gepflanzt.\" \/>\n<meta property=\"og:url\" content=\"https:\/\/www.vaia.eu\/de\/produkt\/vaia-people\/\" \/>\n<meta property=\"og:site_name\" content=\"VAIA\" \/>\n<meta property=\"article:publisher\" content=\"https:\/\/www.facebook.com\/therealvaia\/\" \/>\n<meta property=\"article:modified_time\" content=\"2026-02-11T09:26:06+00:00\" \/>\n<meta property=\"og:image\" content=\"https:\/\/www.vaia.eu\/wp-content\/uploads\/2024\/11\/VAIA-People-Dock-Station.jpg\" \/>\n\t<meta property=\"og:image:width\" content=\"600\" \/>\n\t<meta property=\"og:image:height\" content=\"600\" \/>\n\t<meta property=\"og:image:type\" content=\"image\/jpeg\" \/>\n<meta name=\"twitter:card\" content=\"summary_large_image\" \/>\n<meta name=\"twitter:label1\" content=\"Verf\u00fcgbarkeit\" \/>\n\t<meta name=\"twitter:data1\" content=\"Auf Lager\" \/>\n<script type=\"application\/ld+json\" class=\"yoast-schema-graph\">{\"@context\":\"https:\\\/\\\/schema.org\",\"@graph\":[{\"@type\":\"WebPage\",\"@id\":\"https:\\\/\\\/www.vaia.eu\\\/de\\\/produkt\\\/vaia-people\\\/\",\"url\":\"https:\\\/\\\/www.vaia.eu\\\/de\\\/produkt\\\/vaia-people\\\/\",\"name\":\"VAIA People | Die Dockingstation aus Holz f\u00fcr deine Ger\u00e4te\",\"isPartOf\":{\"@id\":\"https:\\\/\\\/www.vaia.eu\\\/#website\"},\"primaryImageOfPage\":{\"@id\":\"https:\\\/\\\/www.vaia.eu\\\/de\\\/produkt\\\/vaia-people\\\/#primaryimage\"},\"image\":{\"@id\":\"https:\\\/\\\/www.vaia.eu\\\/de\\\/produkt\\\/vaia-people\\\/#primaryimage\"},\"thumbnailUrl\":\"https:\\\/\\\/www.vaia.eu\\\/wp-content\\\/uploads\\\/2024\\\/11\\\/VAIA-People-Dock-Station.jpg\",\"datePublished\":\"2024-11-18T14:13:13+00:00\",\"dateModified\":\"2026-02-11T09:26:06+00:00\",\"description\":\"Die Dockingstation aus Holz zum Aufladen deiner Ger\u00e4te. Dockingstation aus Holz f\u00fcr Smartphones, Apple Watch und Earbuds. 1 Statue = 1 Baum gepflanzt.\",\"breadcrumb\":{\"@id\":\"https:\\\/\\\/www.vaia.eu\\\/de\\\/produkt\\\/vaia-people\\\/#breadcrumb\"},\"inLanguage\":\"de\",\"potentialAction\":[{\"@type\":\"ReadAction\",\"target\":[\"https:\\\/\\\/www.vaia.eu\\\/de\\\/produkt\\\/vaia-people\\\/\"]}]},{\"@type\":\"ImageObject\",\"inLanguage\":\"de\",\"@id\":\"https:\\\/\\\/www.vaia.eu\\\/de\\\/produkt\\\/vaia-people\\\/#primaryimage\",\"url\":\"https:\\\/\\\/www.vaia.eu\\\/wp-content\\\/uploads\\\/2024\\\/11\\\/VAIA-People-Dock-Station.jpg\",\"contentUrl\":\"https:\\\/\\\/www.vaia.eu\\\/wp-content\\\/uploads\\\/2024\\\/11\\\/VAIA-People-Dock-Station.jpg\",\"width\":600,\"height\":600,\"caption\":\"VAIA People - Docking station\"},{\"@type\":\"BreadcrumbList\",\"@id\":\"https:\\\/\\\/www.vaia.eu\\\/de\\\/produkt\\\/vaia-people\\\/#breadcrumb\",\"itemListElement\":[{\"@type\":\"ListItem\",\"position\":1,\"name\":\"Home\",\"item\":\"https:\\\/\\\/www.vaia.eu\\\/de\\\/\"},{\"@type\":\"ListItem\",\"position\":2,\"name\":\"VAIA People\"}]},{\"@type\":\"WebSite\",\"@id\":\"https:\\\/\\\/www.vaia.eu\\\/#website\",\"url\":\"https:\\\/\\\/www.vaia.eu\\\/\",\"name\":\"VAIA - Face what matters\",\"description\":\"Face What Matters\",\"publisher\":{\"@id\":\"https:\\\/\\\/www.vaia.eu\\\/#organization\"},\"potentialAction\":[{\"@type\":\"SearchAction\",\"target\":{\"@type\":\"EntryPoint\",\"urlTemplate\":\"https:\\\/\\\/www.vaia.eu\\\/?s={search_term_string}\"},\"query-input\":{\"@type\":\"PropertyValueSpecification\",\"valueRequired\":true,\"valueName\":\"search_term_string\"}}],\"inLanguage\":\"de\"},{\"@type\":\"Organization\",\"@id\":\"https:\\\/\\\/www.vaia.eu\\\/#organization\",\"name\":\"VAIA\",\"url\":\"https:\\\/\\\/www.vaia.eu\\\/\",\"logo\":{\"@type\":\"ImageObject\",\"inLanguage\":\"de\",\"@id\":\"https:\\\/\\\/www.vaia.eu\\\/#\\\/schema\\\/logo\\\/image\\\/\",\"url\":\"https:\\\/\\\/www.vaia.eu\\\/wp-content\\\/uploads\\\/2023\\\/12\\\/logo-vaia.svg\",\"contentUrl\":\"https:\\\/\\\/www.vaia.eu\\\/wp-content\\\/uploads\\\/2023\\\/12\\\/logo-vaia.svg\",\"width\":1000,\"height\":1000,\"caption\":\"VAIA\"},\"image\":{\"@id\":\"https:\\\/\\\/www.vaia.eu\\\/#\\\/schema\\\/logo\\\/image\\\/\"},\"sameAs\":[\"https:\\\/\\\/www.facebook.com\\\/therealvaia\\\/\",\"https:\\\/\\\/www.instagram.com\\\/therealvaia\\\/\",\"https:\\\/\\\/www.linkedin.com\\\/company\\\/vaiasrl\\\/\",\"https:\\\/\\\/www.youtube.com\\\/channel\\\/UCPtTJEh97yiEMm-vE_Ux3Aw\"]}]}<\/script>\n<meta property=\"og:availability\" content=\"instock\" \/>\n<meta property=\"product:availability\" content=\"instock\" \/>\n<meta property=\"product:retailer_item_id\" content=\"PEOPLE\" \/>\n<meta property=\"product:condition\" content=\"new\" \/>\n<!-- \/ Yoast SEO plugin. -->","yoast_head_json":{"title":"VAIA People | Die Dockingstation aus Holz f\u00fcr deine Ger\u00e4te","description":"Die Dockingstation aus Holz zum Aufladen deiner Ger\u00e4te. Dockingstation aus Holz f\u00fcr Smartphones, Apple Watch und Earbuds. 1 Statue = 1 Baum gepflanzt.","robots":{"index":"index","follow":"follow","max-snippet":"max-snippet:-1","max-image-preview":"max-image-preview:large","max-video-preview":"max-video-preview:-1"},"canonical":"https:\/\/www.vaia.eu\/de\/produkt\/vaia-people\/","og_locale":"de_DE","og_type":"article","og_title":"VAIA People | Die Dockingstation aus Holz f\u00fcr deine Ger\u00e4te","og_description":"Die Dockingstation aus Holz zum Aufladen deiner Ger\u00e4te. Dockingstation aus Holz f\u00fcr Smartphones, Apple Watch und Earbuds. 1 Statue = 1 Baum gepflanzt.","og_url":"https:\/\/www.vaia.eu\/de\/produkt\/vaia-people\/","og_site_name":"VAIA","article_publisher":"https:\/\/www.facebook.com\/therealvaia\/","article_modified_time":"2026-02-11T09:26:06+00:00","og_image":[{"width":600,"height":600,"url":"https:\/\/www.vaia.eu\/wp-content\/uploads\/2024\/11\/VAIA-People-Dock-Station.jpg","type":"image\/jpeg"}],"twitter_card":"summary_large_image","twitter_misc":{"Verf\u00fcgbarkeit":"Auf Lager"},"schema":{"@context":"https:\/\/schema.org","@graph":[{"@type":"WebPage","@id":"https:\/\/www.vaia.eu\/de\/produkt\/vaia-people\/","url":"https:\/\/www.vaia.eu\/de\/produkt\/vaia-people\/","name":"VAIA People | Die Dockingstation aus Holz f\u00fcr deine Ger\u00e4te","isPartOf":{"@id":"https:\/\/www.vaia.eu\/#website"},"primaryImageOfPage":{"@id":"https:\/\/www.vaia.eu\/de\/produkt\/vaia-people\/#primaryimage"},"image":{"@id":"https:\/\/www.vaia.eu\/de\/produkt\/vaia-people\/#primaryimage"},"thumbnailUrl":"https:\/\/www.vaia.eu\/wp-content\/uploads\/2024\/11\/VAIA-People-Dock-Station.jpg","datePublished":"2024-11-18T14:13:13+00:00","dateModified":"2026-02-11T09:26:06+00:00","description":"Die Dockingstation aus Holz zum Aufladen deiner Ger\u00e4te. Dockingstation aus Holz f\u00fcr Smartphones, Apple Watch und Earbuds. 1 Statue = 1 Baum gepflanzt.","breadcrumb":{"@id":"https:\/\/www.vaia.eu\/de\/produkt\/vaia-people\/#breadcrumb"},"inLanguage":"de","potentialAction":[{"@type":"ReadAction","target":["https:\/\/www.vaia.eu\/de\/produkt\/vaia-people\/"]}]},{"@type":"ImageObject","inLanguage":"de","@id":"https:\/\/www.vaia.eu\/de\/produkt\/vaia-people\/#primaryimage","url":"https:\/\/www.vaia.eu\/wp-content\/uploads\/2024\/11\/VAIA-People-Dock-Station.jpg","contentUrl":"https:\/\/www.vaia.eu\/wp-content\/uploads\/2024\/11\/VAIA-People-Dock-Station.jpg","width":600,"height":600,"caption":"VAIA People - Docking station"},{"@type":"BreadcrumbList","@id":"https:\/\/www.vaia.eu\/de\/produkt\/vaia-people\/#breadcrumb","itemListElement":[{"@type":"ListItem","position":1,"name":"Home","item":"https:\/\/www.vaia.eu\/de\/"},{"@type":"ListItem","position":2,"name":"VAIA People"}]},{"@type":"WebSite","@id":"https:\/\/www.vaia.eu\/#website","url":"https:\/\/www.vaia.eu\/","name":"VAIA - Face what matters","description":"Face What Matters","publisher":{"@id":"https:\/\/www.vaia.eu\/#organization"},"potentialAction":[{"@type":"SearchAction","target":{"@type":"EntryPoint","urlTemplate":"https:\/\/www.vaia.eu\/?s={search_term_string}"},"query-input":{"@type":"PropertyValueSpecification","valueRequired":true,"valueName":"search_term_string"}}],"inLanguage":"de"},{"@type":"Organization","@id":"https:\/\/www.vaia.eu\/#organization","name":"VAIA","url":"https:\/\/www.vaia.eu\/","logo":{"@type":"ImageObject","inLanguage":"de","@id":"https:\/\/www.vaia.eu\/#\/schema\/logo\/image\/","url":"https:\/\/www.vaia.eu\/wp-content\/uploads\/2023\/12\/logo-vaia.svg","contentUrl":"https:\/\/www.vaia.eu\/wp-content\/uploads\/2023\/12\/logo-vaia.svg","width":1000,"height":1000,"caption":"VAIA"},"image":{"@id":"https:\/\/www.vaia.eu\/#\/schema\/logo\/image\/"},"sameAs":["https:\/\/www.facebook.com\/therealvaia\/","https:\/\/www.instagram.com\/therealvaia\/","https:\/\/www.linkedin.com\/company\/vaiasrl\/","https:\/\/www.youtube.com\/channel\/UCPtTJEh97yiEMm-vE_Ux3Aw"]}]},"og_availability":"instock","product_availability":"instock","product_retailer_item_id":"PEOPLE","product_condition":"new"},"_links":{"self":[{"href":"https:\/\/www.vaia.eu\/de\/wp-json\/wp\/v2\/product\/17875","targetHints":{"allow":["GET"]}}],"collection":[{"href":"https:\/\/www.vaia.eu\/de\/wp-json\/wp\/v2\/product"}],"about":[{"href":"https:\/\/www.vaia.eu\/de\/wp-json\/wp\/v2\/types\/product"}],"wp:featuredmedia":[{"embeddable":true,"href":"https:\/\/www.vaia.eu\/de\/wp-json\/wp\/v2\/media\/18600"}],"wp:attachment":[{"href":"https:\/\/www.vaia.eu\/de\/wp-json\/wp\/v2\/media?parent=17875"}],"wp:term":[{"taxonomy":"product_brand","embeddable":true,"href":"https:\/\/www.vaia.eu\/de\/wp-json\/wp\/v2\/product_brand?post=17875"},{"taxonomy":"product_cat","embeddable":true,"href":"https:\/\/www.vaia.eu\/de\/wp-json\/wp\/v2\/product_cat?post=17875"},{"taxonomy":"product_tag","embeddable":true,"href":"https:\/\/www.vaia.eu\/de\/wp-json\/wp\/v2\/product_tag?post=17875"}],"curies":[{"name":"wp","href":"https:\/\/api.w.org\/{rel}","templated":true}]}}