{"id":4143,"date":"2023-03-23T11:21:33","date_gmt":"2023-03-23T10:21:33","guid":{"rendered":"https:\/\/www.vaia.eu\/prodotto\/vaia-cube-joy\/"},"modified":"2026-02-16T09:16:37","modified_gmt":"2026-02-16T08:16:37","slug":"vaia-cube-joy","status":"publish","type":"product","link":"https:\/\/www.vaia.eu\/de\/produkt\/vaia-cube-joy\/","title":{"rendered":"VAIA Cube JOY"},"content":{"rendered":"\n<figure class=\"wp-block-image size-large nomargin-full\"><img loading=\"lazy\" decoding=\"async\" width=\"1024\" height=\"480\" src=\"https:\/\/www.vaia.eu\/wp-content\/uploads\/2024\/01\/1280x600_JOY_new-2-1024x480.jpg\" alt=\"VAIA Cube JOY \" class=\"wp-image-6910\" srcset=\"https:\/\/www.vaia.eu\/wp-content\/uploads\/2024\/01\/1280x600_JOY_new-2-1024x480.jpg 1024w, https:\/\/www.vaia.eu\/wp-content\/uploads\/2024\/01\/1280x600_JOY_new-2-300x141.jpg 300w, https:\/\/www.vaia.eu\/wp-content\/uploads\/2024\/01\/1280x600_JOY_new-2-768x360.jpg 768w, https:\/\/www.vaia.eu\/wp-content\/uploads\/2024\/01\/1280x600_JOY_new-2-600x281.jpg 600w, https:\/\/www.vaia.eu\/wp-content\/uploads\/2024\/01\/1280x600_JOY_new-2.jpg 1280w\" sizes=\"auto, (max-width: 1024px) 100vw, 1024px\" \/><\/figure>\n\n\n<div class=\"title-vertical-band  bgcolor-green  alignment-title-right \">\n    <div class=\"component-container\">\n                    <div class=\"title-container\"><span class=\"title-1  titlesize-large  titlecolor-yellow \">\/\/ GEF\u00c4RBT<\/span><\/div>\n                                <div class=\"subtitle  subtitlesize-medium  subtitlecolor-lightyellow \"><p>Limonengr\u00fcn f\u00fcr eine frische Stimmung, Aquagr\u00fcn f\u00fcr Neuanf\u00e4nge, Korallenorange f\u00fcr eine Pop-Party, Graphitschwarz f\u00fcr eine magische Nacht, Indigoblau f\u00fcr eine tiefe Reise und T\u00fcrkisblau f\u00fcr den Blick nach Norden. W\u00e4hle die Farbe deines VAIA Cube JOY.<\/p>\n<\/div>\n                <\/div>\n\n<\/div>\n\n\n\n<figure class=\"wp-block-image size-large nomargin-full\"><img loading=\"lazy\" decoding=\"async\" width=\"1024\" height=\"640\" src=\"https:\/\/www.vaia.eu\/wp-content\/uploads\/2023\/03\/1280x800-joy-2-1024x640.jpg\" alt=\"VAIA Cube joy Bunt W\u00e4hle die Farbe deines VAIA Cube JOY\" class=\"wp-image-2529\" srcset=\"https:\/\/www.vaia.eu\/wp-content\/uploads\/2023\/03\/1280x800-joy-2-1024x640.jpg 1024w, https:\/\/www.vaia.eu\/wp-content\/uploads\/2023\/03\/1280x800-joy-2-300x188.jpg 300w, https:\/\/www.vaia.eu\/wp-content\/uploads\/2023\/03\/1280x800-joy-2-768x480.jpg 768w, https:\/\/www.vaia.eu\/wp-content\/uploads\/2023\/03\/1280x800-joy-2-600x375.jpg 600w, https:\/\/www.vaia.eu\/wp-content\/uploads\/2023\/03\/1280x800-joy-2.jpg 1280w\" sizes=\"auto, (max-width: 1024px) 100vw, 1024px\" \/><\/figure>\n\n\n\n<div class=\"title-subtitle-cta-band  bgcolor-transparent \">\n    <div class=\"component-container\">\n        <div class=\" display-block \">\n                        <span class=\"title-1  titlesize-small  titlecolor-green \">\/\/ NAT\u00dcRLICH<\/span>\n                \n            \n        <\/div>\n\n\n        \n        <div class=\"grid-subtitle\">\n        \n\n            \n                    <div class=\"subtitle  subtitlesize-small  subtitlecolor-darkgreen \"><p>Farben, die von den Farben der Natur inspiriert sind: Orangen, Asche, Heu, Holzkohle. Jeder Farbton hebt die Holzmaserung auf andere Weise hervor und macht unseren Cube noch wertvoller.<\/p>\n<\/div>\n            \n            \n            <\/div>\n                \n        \n    <\/div>\n<\/div>\n\n\n\n<figure class=\"wp-block-image size-large nomargin-full\"><img loading=\"lazy\" decoding=\"async\" width=\"1024\" height=\"640\" src=\"https:\/\/www.vaia.eu\/wp-content\/uploads\/2023\/03\/1280x800-joy-3-1024x640.jpg\" alt=\"VAIA Cube joy bunt W\u00e4hle die Farbe deines VAIA Cube JOY\" class=\"wp-image-2526\" srcset=\"https:\/\/www.vaia.eu\/wp-content\/uploads\/2023\/03\/1280x800-joy-3-1024x640.jpg 1024w, https:\/\/www.vaia.eu\/wp-content\/uploads\/2023\/03\/1280x800-joy-3-300x188.jpg 300w, https:\/\/www.vaia.eu\/wp-content\/uploads\/2023\/03\/1280x800-joy-3-768x480.jpg 768w, https:\/\/www.vaia.eu\/wp-content\/uploads\/2023\/03\/1280x800-joy-3-600x375.jpg 600w, https:\/\/www.vaia.eu\/wp-content\/uploads\/2023\/03\/1280x800-joy-3.jpg 1280w\" sizes=\"auto, (max-width: 1024px) 100vw, 1024px\" \/><\/figure>\n\n\n<div class=\"title-vertical-band  bgcolor-green  alignment-title-right \">\n    <div class=\"component-container\">\n                    <div class=\"title-container\"><span class=\"title-1  titlesize-large  titlecolor-yellow \">\/\/ PERS\u00d6NLICH<\/span><\/div>\n                                <div class=\"subtitle  subtitlesize-medium  subtitlecolor-lightyellow \"><p>Ein Ton, der auch zu deinem wird und ausdrucksstark widerspiegelt, wer du bist und wohin du gehen willst. F\u00fchle ihn als deinen eigenen und teile ihn mit denen, die dir ein gutes Gef\u00fchl geben. W\u00e4hle die Farbe deines VAIA Cube JOY<\/p>\n<\/div>\n                <\/div>\n\n<\/div>\n\n\n\n<figure class=\"wp-block-image size-large nomargin-full\"><img loading=\"lazy\" decoding=\"async\" width=\"1024\" height=\"640\" src=\"https:\/\/www.vaia.eu\/wp-content\/uploads\/2023\/03\/1280x800-joy-4-1024x640.jpg\" alt=\"VAIA Cube Joy bunt W\u00e4hle die Farbe deines VAIA Cube JOY\" class=\"wp-image-2520\" srcset=\"https:\/\/www.vaia.eu\/wp-content\/uploads\/2023\/03\/1280x800-joy-4-1024x640.jpg 1024w, https:\/\/www.vaia.eu\/wp-content\/uploads\/2023\/03\/1280x800-joy-4-300x188.jpg 300w, https:\/\/www.vaia.eu\/wp-content\/uploads\/2023\/03\/1280x800-joy-4-768x480.jpg 768w, https:\/\/www.vaia.eu\/wp-content\/uploads\/2023\/03\/1280x800-joy-4-600x375.jpg 600w, https:\/\/www.vaia.eu\/wp-content\/uploads\/2023\/03\/1280x800-joy-4.jpg 1280w\" sizes=\"auto, (max-width: 1024px) 100vw, 1024px\" \/><\/figure>\n\n\n\n<div class=\"title-subtitle-cta-band  bgcolor-transparent \">\n    <div class=\"component-container\">\n        <div class=\" display-block \">\n                        <span class=\"title-1  titlesize-small  titlecolor-green \">\/\/ NACHHALTIG<\/span>\n                \n            \n        <\/div>\n\n\n        \n        <div class=\"grid-subtitle\">\n        \n\n            \n                    <div class=\"subtitle  subtitlesize-small  subtitlecolor-darkgreen \"><p>Hochentwickelte, ungiftige Farbstoffe, die einen prestigetr\u00e4chtigen, dauerhaften und verwendbaren Rohstoff ohne jeglichen Stromverbrauch hervorheben.<\/p>\n<\/div>\n            \n            \n            <\/div>\n                \n        \n    <\/div>\n<\/div>\n\n\n\n<div class=\"title-content-cta-band  bgcolor-darkgreen \">\n    <div class=\"component-container\">\n\n        <span class=\"title-1\">Unser Ziel<\/span>\n\n                        <div class=\"grid-cols\">\n                                                <img loading=\"lazy\" decoding=\"async\" width=\"400\" height=\"400\" src=\"https:\/\/www.vaia.eu\/wp-content\/uploads\/2023\/08\/DSC5789-1-1.png\" alt=\"_DSC5789 1\">\n                        \n            <div class=\"content\">\n                                    <div class=\"testo\"><div class=\"progress\">\n                  <div class=\"progress__bar\" style=\"width:80%;\">80%<\/div>\n                <\/div>\n                <style>\n                @keyframes fill-bar {\n                    from {width: 0%;}\n                    to {width: 80%;}\n                }\n                <\/style>\n<p>Wir haben derzeit 200.000 B\u00e4ume in den Dolomiten gepflanzt: Begleiten Sie uns, um das Ziel zu erreichen:<\/p>\n<\/div>\n                \n                                    <span class=\"bignumber\">250.000<\/span>\n                            <\/div>\n        <\/div>\n        \n                    <a class=\"button  button-primary \"\n                                    href=\"https:\/\/www.vaia.eu\/project\/dolomiti\/\"\n                                   title=\"ENTDECKE DAS PROJEKT DOLOMITEN\">ENTDECKE DAS PROJEKT DOLOMITEN<\/a>\n        \n    <\/div>\n<\/div>\n\n\n\n<div class=\"title-subtitle-cta-band  bgcolor-transparent \">\n    <div class=\"component-container\">\n        <div class=\" display-block \">\n                        <span class=\"title-1  titlesize-medium  titlecolor-darkgreen \">auch in der unvollkommenen und klassischen Version!<\/span>\n                \n            \n        <\/div>\n\n\n        \n\n            \n        \n            \n        \n    <\/div>\n<\/div>\n\n\n<div class=\"images-slider images-slider-bg-yellow\">\n    <div class=\"images-slider-container\">\n        \n        <div class=\"images-slider__row\">\n                            <div class=\"images-slider__single\" aria-hidden=\"false\">\n                    <div class=\"images-slider__single-contents\">\n                        <img data-flickity-lazyload=\"https:\/\/www.vaia.eu\/wp-content\/uploads\/2022\/11\/665x755_IMPERFETTO.jpg\" class=\"skip-lazy\" alt=\"slider image\" width=\"400\" height=\"600\" \/>\n                                                    <span class=\"thetitle thetitle--color-lightyellow\">DIE SCH\u00d6NHEIT DER EINZIGARTIGKEIT<\/span>\n                                                                            <a class=\"button\" href=\"\/prodotto\/vaia-cube-imperfetto\/\" title=\"ENTDECKE DEN VAIA CUBE imperfetto\">ENTDECKE DEN VAIA CUBE imperfetto<\/a>\n                                            <\/div>\n\n                <\/div>\n                            <div class=\"images-slider__single\" aria-hidden=\"false\">\n                    <div class=\"images-slider__single-contents\">\n                        <img data-flickity-lazyload=\"https:\/\/www.vaia.eu\/wp-content\/uploads\/2022\/11\/665x755_CUBE.jpg\" class=\"skip-lazy\" alt=\"slider image\" width=\"400\" height=\"600\" \/>\n                                                    <span class=\"thetitle thetitle--color-lightyellow\">VERST\u00c4RKT DIE WIEDERGEBURT<\/span>\n                                                                            <a class=\"button\" href=\"\/prodotto\/vaia-cube\/\" title=\"ENTDECKE DEN VAIA CUBE \">ENTDECKE DEN VAIA CUBE <\/a>\n                                            <\/div>\n\n                <\/div>\n            \n        <\/div>\n        <span class=\"image-slider-symbol symbol-darkgreen\">\/\/<\/span>\n    <\/div>\n\n<\/div>\n\n\n\n<h3 class=\"wp-block-heading\">TECHNISCHE DATEN | VAIA Cube<\/h3>\n\n\n\n<ul class=\"wp-block-list\">\n<li>Dimension: 10 x 10 x 10 cm&nbsp;<\/li>\n\n\n\n<li>Gr\u00f6\u00dfe des Telefonsteckplatzes: 8,6 x 1,2 cm&nbsp;<\/li>\n\n\n\n<li>Kompatibel mit fast allen derzeit auf dem Markt erh\u00e4ltlichen Smartphones, auch mit H\u00fcllen im unteren Bereich. Nur besonders dicke H\u00fcllen k\u00f6nnen das korrekte Einsetzen verhindern: Bitte messen Sie die Dicke des Smartphones einschlie\u00dflich der H\u00fclle und stellen Sie sicher, dass sie nicht mehr als 12 mm betr\u00e4gt.&nbsp;<\/li>\n<\/ul>\n\n\n<div class=\"fascia-spedizione-shop\">\n    <div class=\"fascia-spedizione-shop__inner\">\n        <span class=\"title-spedizione\"><\/span>\n        <div class=\"testo\"><p>Kaufen Sie 2 Produkte und der Versand ist kostenlos!<\/p>\n<\/div>\n    <\/div>\n<\/div>\n","protected":false},"excerpt":{"rendered":"<p>Die Energie der Farben: Farben, die von Ihren Emotionen inspiriert sind, machen Sie frei, sich zu f\u00fchlen und im Moment zu leben.<\/p>\n","protected":false},"featured_media":3091,"template":"","meta":{"_acf_changed":true,"_crdt_document":"","content-type":""},"product_brand":[],"product_cat":[90],"product_tag":[],"class_list":{"0":"post-4143","1":"product","2":"type-product","3":"status-publish","4":"has-post-thumbnail","6":"product_cat-vaia-cube-de","8":"first","9":"instock","10":"shipping-taxable","11":"purchasable","12":"product-type-variable"},"acf":[],"yoast_head":"<!-- This site is optimized with the Yoast SEO plugin v27.3 - https:\/\/yoast.com\/product\/yoast-seo-wordpress\/ -->\n<title>VAIA Cube JOY | Akustischer Verst\u00e4rker f\u00fcr Smartphones | Bunt<\/title>\n<meta name=\"description\" content=\"VAIA Cube JOY - Bunter Smartphone-Verst\u00e4rker aus VAIA-Holz. 1 VAIA Cube JOY = 1 Baum, der in den Dolomiten gepflanzt wird. W\u00e4hlen Sie Ihre Farbe.\" \/>\n<meta name=\"robots\" content=\"index, follow, max-snippet:-1, max-image-preview:large, max-video-preview:-1\" \/>\n<link rel=\"canonical\" href=\"https:\/\/www.vaia.eu\/de\/produkt\/vaia-cube-joy\/\" \/>\n<meta property=\"og:locale\" content=\"de_DE\" \/>\n<meta property=\"og:type\" content=\"article\" \/>\n<meta property=\"og:title\" content=\"VAIA Cube JOY | Akustischer Verst\u00e4rker f\u00fcr Smartphones | Bunt\" \/>\n<meta property=\"og:description\" content=\"VAIA Cube JOY - Bunter Smartphone-Verst\u00e4rker aus VAIA-Holz. 1 VAIA Cube JOY = 1 Baum, der in den Dolomiten gepflanzt wird. W\u00e4hlen Sie Ihre Farbe.\" \/>\n<meta property=\"og:url\" content=\"https:\/\/www.vaia.eu\/de\/produkt\/vaia-cube-joy\/\" \/>\n<meta property=\"og:site_name\" content=\"VAIA\" \/>\n<meta property=\"article:publisher\" content=\"https:\/\/www.facebook.com\/therealvaia\/\" \/>\n<meta property=\"article:modified_time\" content=\"2026-02-16T08:16:37+00:00\" \/>\n<meta property=\"og:image\" content=\"https:\/\/www.vaia.eu\/wp-content\/uploads\/2023\/03\/1000x1000-joy.jpg\" \/>\n\t<meta property=\"og:image:width\" content=\"1000\" \/>\n\t<meta property=\"og:image:height\" content=\"1000\" \/>\n\t<meta property=\"og:image:type\" content=\"image\/jpeg\" \/>\n<meta name=\"twitter:card\" content=\"summary_large_image\" \/>\n<meta name=\"twitter:label1\" content=\"Verf\u00fcgbarkeit\" \/>\n\t<meta name=\"twitter:data1\" content=\"Auf Lager\" \/>\n<script type=\"application\/ld+json\" class=\"yoast-schema-graph\">{\"@context\":\"https:\\\/\\\/schema.org\",\"@graph\":[{\"@type\":\"WebPage\",\"@id\":\"https:\\\/\\\/www.vaia.eu\\\/de\\\/produkt\\\/vaia-cube-joy\\\/\",\"url\":\"https:\\\/\\\/www.vaia.eu\\\/de\\\/produkt\\\/vaia-cube-joy\\\/\",\"name\":\"VAIA Cube JOY | Akustischer Verst\u00e4rker f\u00fcr Smartphones | Bunt\",\"isPartOf\":{\"@id\":\"https:\\\/\\\/www.vaia.eu\\\/#website\"},\"primaryImageOfPage\":{\"@id\":\"https:\\\/\\\/www.vaia.eu\\\/de\\\/produkt\\\/vaia-cube-joy\\\/#primaryimage\"},\"image\":{\"@id\":\"https:\\\/\\\/www.vaia.eu\\\/de\\\/produkt\\\/vaia-cube-joy\\\/#primaryimage\"},\"thumbnailUrl\":\"https:\\\/\\\/www.vaia.eu\\\/wp-content\\\/uploads\\\/2023\\\/03\\\/1000x1000-joy.jpg\",\"datePublished\":\"2023-03-23T10:21:33+00:00\",\"dateModified\":\"2026-02-16T08:16:37+00:00\",\"description\":\"VAIA Cube JOY - Bunter Smartphone-Verst\u00e4rker aus VAIA-Holz. 1 VAIA Cube JOY = 1 Baum, der in den Dolomiten gepflanzt wird. W\u00e4hlen Sie Ihre Farbe.\",\"breadcrumb\":{\"@id\":\"https:\\\/\\\/www.vaia.eu\\\/de\\\/produkt\\\/vaia-cube-joy\\\/#breadcrumb\"},\"inLanguage\":\"de\",\"potentialAction\":[{\"@type\":\"ReadAction\",\"target\":[\"https:\\\/\\\/www.vaia.eu\\\/de\\\/produkt\\\/vaia-cube-joy\\\/\"]}]},{\"@type\":\"ImageObject\",\"inLanguage\":\"de\",\"@id\":\"https:\\\/\\\/www.vaia.eu\\\/de\\\/produkt\\\/vaia-cube-joy\\\/#primaryimage\",\"url\":\"https:\\\/\\\/www.vaia.eu\\\/wp-content\\\/uploads\\\/2023\\\/03\\\/1000x1000-joy.jpg\",\"contentUrl\":\"https:\\\/\\\/www.vaia.eu\\\/wp-content\\\/uploads\\\/2023\\\/03\\\/1000x1000-joy.jpg\",\"width\":1000,\"height\":1000},{\"@type\":\"BreadcrumbList\",\"@id\":\"https:\\\/\\\/www.vaia.eu\\\/de\\\/produkt\\\/vaia-cube-joy\\\/#breadcrumb\",\"itemListElement\":[{\"@type\":\"ListItem\",\"position\":1,\"name\":\"Home\",\"item\":\"https:\\\/\\\/www.vaia.eu\\\/de\\\/\"},{\"@type\":\"ListItem\",\"position\":2,\"name\":\"VAIA Cube JOY\"}]},{\"@type\":\"WebSite\",\"@id\":\"https:\\\/\\\/www.vaia.eu\\\/#website\",\"url\":\"https:\\\/\\\/www.vaia.eu\\\/\",\"name\":\"VAIA - Face what matters\",\"description\":\"Face What Matters\",\"publisher\":{\"@id\":\"https:\\\/\\\/www.vaia.eu\\\/#organization\"},\"potentialAction\":[{\"@type\":\"SearchAction\",\"target\":{\"@type\":\"EntryPoint\",\"urlTemplate\":\"https:\\\/\\\/www.vaia.eu\\\/?s={search_term_string}\"},\"query-input\":{\"@type\":\"PropertyValueSpecification\",\"valueRequired\":true,\"valueName\":\"search_term_string\"}}],\"inLanguage\":\"de\"},{\"@type\":\"Organization\",\"@id\":\"https:\\\/\\\/www.vaia.eu\\\/#organization\",\"name\":\"VAIA\",\"url\":\"https:\\\/\\\/www.vaia.eu\\\/\",\"logo\":{\"@type\":\"ImageObject\",\"inLanguage\":\"de\",\"@id\":\"https:\\\/\\\/www.vaia.eu\\\/#\\\/schema\\\/logo\\\/image\\\/\",\"url\":\"https:\\\/\\\/www.vaia.eu\\\/wp-content\\\/uploads\\\/2023\\\/12\\\/logo-vaia.svg\",\"contentUrl\":\"https:\\\/\\\/www.vaia.eu\\\/wp-content\\\/uploads\\\/2023\\\/12\\\/logo-vaia.svg\",\"width\":1000,\"height\":1000,\"caption\":\"VAIA\"},\"image\":{\"@id\":\"https:\\\/\\\/www.vaia.eu\\\/#\\\/schema\\\/logo\\\/image\\\/\"},\"sameAs\":[\"https:\\\/\\\/www.facebook.com\\\/therealvaia\\\/\",\"https:\\\/\\\/www.instagram.com\\\/therealvaia\\\/\",\"https:\\\/\\\/www.linkedin.com\\\/company\\\/vaiasrl\\\/\",\"https:\\\/\\\/www.youtube.com\\\/channel\\\/UCPtTJEh97yiEMm-vE_Ux3Aw\"]}]}<\/script>\n<meta property=\"og:availability\" content=\"instock\" \/>\n<meta property=\"product:availability\" content=\"instock\" \/>\n<meta property=\"product:retailer_item_id\" content=\"JOY\" \/>\n<meta property=\"product:condition\" content=\"new\" \/>\n<!-- \/ Yoast SEO plugin. -->","yoast_head_json":{"title":"VAIA Cube JOY | Akustischer Verst\u00e4rker f\u00fcr Smartphones | Bunt","description":"VAIA Cube JOY - Bunter Smartphone-Verst\u00e4rker aus VAIA-Holz. 1 VAIA Cube JOY = 1 Baum, der in den Dolomiten gepflanzt wird. W\u00e4hlen Sie Ihre Farbe.","robots":{"index":"index","follow":"follow","max-snippet":"max-snippet:-1","max-image-preview":"max-image-preview:large","max-video-preview":"max-video-preview:-1"},"canonical":"https:\/\/www.vaia.eu\/de\/produkt\/vaia-cube-joy\/","og_locale":"de_DE","og_type":"article","og_title":"VAIA Cube JOY | Akustischer Verst\u00e4rker f\u00fcr Smartphones | Bunt","og_description":"VAIA Cube JOY - Bunter Smartphone-Verst\u00e4rker aus VAIA-Holz. 1 VAIA Cube JOY = 1 Baum, der in den Dolomiten gepflanzt wird. W\u00e4hlen Sie Ihre Farbe.","og_url":"https:\/\/www.vaia.eu\/de\/produkt\/vaia-cube-joy\/","og_site_name":"VAIA","article_publisher":"https:\/\/www.facebook.com\/therealvaia\/","article_modified_time":"2026-02-16T08:16:37+00:00","og_image":[{"width":1000,"height":1000,"url":"https:\/\/www.vaia.eu\/wp-content\/uploads\/2023\/03\/1000x1000-joy.jpg","type":"image\/jpeg"}],"twitter_card":"summary_large_image","twitter_misc":{"Verf\u00fcgbarkeit":"Auf Lager"},"schema":{"@context":"https:\/\/schema.org","@graph":[{"@type":"WebPage","@id":"https:\/\/www.vaia.eu\/de\/produkt\/vaia-cube-joy\/","url":"https:\/\/www.vaia.eu\/de\/produkt\/vaia-cube-joy\/","name":"VAIA Cube JOY | Akustischer Verst\u00e4rker f\u00fcr Smartphones | Bunt","isPartOf":{"@id":"https:\/\/www.vaia.eu\/#website"},"primaryImageOfPage":{"@id":"https:\/\/www.vaia.eu\/de\/produkt\/vaia-cube-joy\/#primaryimage"},"image":{"@id":"https:\/\/www.vaia.eu\/de\/produkt\/vaia-cube-joy\/#primaryimage"},"thumbnailUrl":"https:\/\/www.vaia.eu\/wp-content\/uploads\/2023\/03\/1000x1000-joy.jpg","datePublished":"2023-03-23T10:21:33+00:00","dateModified":"2026-02-16T08:16:37+00:00","description":"VAIA Cube JOY - Bunter Smartphone-Verst\u00e4rker aus VAIA-Holz. 1 VAIA Cube JOY = 1 Baum, der in den Dolomiten gepflanzt wird. W\u00e4hlen Sie Ihre Farbe.","breadcrumb":{"@id":"https:\/\/www.vaia.eu\/de\/produkt\/vaia-cube-joy\/#breadcrumb"},"inLanguage":"de","potentialAction":[{"@type":"ReadAction","target":["https:\/\/www.vaia.eu\/de\/produkt\/vaia-cube-joy\/"]}]},{"@type":"ImageObject","inLanguage":"de","@id":"https:\/\/www.vaia.eu\/de\/produkt\/vaia-cube-joy\/#primaryimage","url":"https:\/\/www.vaia.eu\/wp-content\/uploads\/2023\/03\/1000x1000-joy.jpg","contentUrl":"https:\/\/www.vaia.eu\/wp-content\/uploads\/2023\/03\/1000x1000-joy.jpg","width":1000,"height":1000},{"@type":"BreadcrumbList","@id":"https:\/\/www.vaia.eu\/de\/produkt\/vaia-cube-joy\/#breadcrumb","itemListElement":[{"@type":"ListItem","position":1,"name":"Home","item":"https:\/\/www.vaia.eu\/de\/"},{"@type":"ListItem","position":2,"name":"VAIA Cube JOY"}]},{"@type":"WebSite","@id":"https:\/\/www.vaia.eu\/#website","url":"https:\/\/www.vaia.eu\/","name":"VAIA - Face what matters","description":"Face What Matters","publisher":{"@id":"https:\/\/www.vaia.eu\/#organization"},"potentialAction":[{"@type":"SearchAction","target":{"@type":"EntryPoint","urlTemplate":"https:\/\/www.vaia.eu\/?s={search_term_string}"},"query-input":{"@type":"PropertyValueSpecification","valueRequired":true,"valueName":"search_term_string"}}],"inLanguage":"de"},{"@type":"Organization","@id":"https:\/\/www.vaia.eu\/#organization","name":"VAIA","url":"https:\/\/www.vaia.eu\/","logo":{"@type":"ImageObject","inLanguage":"de","@id":"https:\/\/www.vaia.eu\/#\/schema\/logo\/image\/","url":"https:\/\/www.vaia.eu\/wp-content\/uploads\/2023\/12\/logo-vaia.svg","contentUrl":"https:\/\/www.vaia.eu\/wp-content\/uploads\/2023\/12\/logo-vaia.svg","width":1000,"height":1000,"caption":"VAIA"},"image":{"@id":"https:\/\/www.vaia.eu\/#\/schema\/logo\/image\/"},"sameAs":["https:\/\/www.facebook.com\/therealvaia\/","https:\/\/www.instagram.com\/therealvaia\/","https:\/\/www.linkedin.com\/company\/vaiasrl\/","https:\/\/www.youtube.com\/channel\/UCPtTJEh97yiEMm-vE_Ux3Aw"]}]},"og_availability":"instock","product_availability":"instock","product_retailer_item_id":"JOY","product_condition":"new"},"_links":{"self":[{"href":"https:\/\/www.vaia.eu\/de\/wp-json\/wp\/v2\/product\/4143","targetHints":{"allow":["GET"]}}],"collection":[{"href":"https:\/\/www.vaia.eu\/de\/wp-json\/wp\/v2\/product"}],"about":[{"href":"https:\/\/www.vaia.eu\/de\/wp-json\/wp\/v2\/types\/product"}],"wp:featuredmedia":[{"embeddable":true,"href":"https:\/\/www.vaia.eu\/de\/wp-json\/wp\/v2\/media\/3091"}],"wp:attachment":[{"href":"https:\/\/www.vaia.eu\/de\/wp-json\/wp\/v2\/media?parent=4143"}],"wp:term":[{"taxonomy":"product_brand","embeddable":true,"href":"https:\/\/www.vaia.eu\/de\/wp-json\/wp\/v2\/product_brand?post=4143"},{"taxonomy":"product_cat","embeddable":true,"href":"https:\/\/www.vaia.eu\/de\/wp-json\/wp\/v2\/product_cat?post=4143"},{"taxonomy":"product_tag","embeddable":true,"href":"https:\/\/www.vaia.eu\/de\/wp-json\/wp\/v2\/product_tag?post=4143"}],"curies":[{"name":"wp","href":"https:\/\/api.w.org\/{rel}","templated":true}]}}