{"id":4151,"date":"2022-09-19T09:08:22","date_gmt":"2022-09-19T07:08:22","guid":{"rendered":"https:\/\/www.vaia.eu\/prodotto\/vaia-cube\/"},"modified":"2026-02-16T09:14:57","modified_gmt":"2026-02-16T08:14:57","slug":"vaia-cube","status":"publish","type":"product","link":"https:\/\/www.vaia.eu\/de\/produkt\/vaia-cube\/","title":{"rendered":"VAIA Cube"},"content":{"rendered":"<div class=\"video-area-home\"  style=\"background:url(https:\/\/www.vaia.eu\/wp-content\/uploads\/2022\/09\/1920x1080-anteprima-video-cube.jpg) no-repeat left center; background-size:cover;\" >\n    <div class=\"video-container\">\n                    <span class=\"video-title video-title-color-lightyellow\">VAIA Cube<\/span>\n            \n        \n            <a href=\"https:\/\/www.youtube.com\/watch?v=pcg0hC8xvr8\" class=\"button swipebox  button-secondary \" data-rel=\"lightbox-image-0\" title=\"PLAY VIDEO\">\n                PLAY VIDEO            <\/a>\n\n                <\/div>\n\n<\/div>\n\n\n\n<div style=\"height:30px\" aria-hidden=\"true\" class=\"wp-block-spacer\"><\/div>\n\n\n<div class=\"title-vertical-band  bgcolor-green  alignment-title-right \">\n    <div class=\"component-container\">\n                    <div class=\"title-container\"><span class=\"title-1  titlesize-large  titlecolor-yellow \">\/\/ AUTHENTISCH<\/span><\/div>\n                                <div class=\"subtitle  subtitlesize-medium  subtitlecolor-lightyellow \"><p>Der VAIA Cube ist ein essentielles und gleichzeitig anspruchsvolles Objekt. Jedes St\u00fcck ist einzigartig, mit seinen einzigartigen Maserungen und Ringen. Die regelm\u00e4\u00dfigen und leichten Linien zeichnen ein elegantes, exklusives Produkt. Sein Geheimnis? Die Einfachheit.<\/p>\n<\/div>\n                <\/div>\n\n<\/div>\n\n\n\n<figure class=\"wp-block-image size-large nomargin-full\"><img loading=\"lazy\" decoding=\"async\" width=\"1024\" height=\"640\" src=\"https:\/\/www.vaia.eu\/wp-content\/uploads\/2022\/09\/1280x800-cube-artigiani-1024x640.jpg\" alt=\"VAIA Cube\" class=\"wp-image-2951\" srcset=\"https:\/\/www.vaia.eu\/wp-content\/uploads\/2022\/09\/1280x800-cube-artigiani-1024x640.jpg 1024w, https:\/\/www.vaia.eu\/wp-content\/uploads\/2022\/09\/1280x800-cube-artigiani-300x188.jpg 300w, https:\/\/www.vaia.eu\/wp-content\/uploads\/2022\/09\/1280x800-cube-artigiani-768x480.jpg 768w, https:\/\/www.vaia.eu\/wp-content\/uploads\/2022\/09\/1280x800-cube-artigiani-600x375.jpg 600w, https:\/\/www.vaia.eu\/wp-content\/uploads\/2022\/09\/1280x800-cube-artigiani.jpg 1280w\" sizes=\"auto, (max-width: 1024px) 100vw, 1024px\" \/><\/figure>\n\n\n\n<div class=\"title-subtitle-cta-band  bgcolor-transparent \">\n    <div class=\"component-container\">\n        <div class=\" display-block \">\n                        <span class=\"title-1  titlesize-small  titlecolor-green \">\/\/ FUNKTIONAL <\/span>\n                \n            \n        <\/div>\n\n\n        \n        <div class=\"grid-subtitle\">\n        \n\n            \n                    <div class=\"subtitle  subtitlesize-small  subtitlecolor-darkgreen \"><p>Seine spontane Verst\u00e4rkung kommt vom Fichtenholz, das ber\u00fchmt ist, weil es von Geigenbauern f\u00fcr den Bau von Saiteninstrumenten verwendet wurde. Legen Sie Ihr Smartphone einfach auf die H\u00fclle. Du kannst den VAIA Cube auch f\u00fcr Videoanrufe oder zum Aufladen deines Smartphones verwenden!<\/p>\n<\/div>\n            \n            \n            <\/div>\n                \n        \n    <\/div>\n<\/div>\n\n\n\n<figure class=\"wp-block-image size-large nomargin-full\"><img loading=\"lazy\" decoding=\"async\" width=\"1024\" height=\"640\" src=\"https:\/\/www.vaia.eu\/wp-content\/uploads\/2022\/09\/1280x800-cube-1024x640.jpg\" alt=\"VAIA Cube\" class=\"wp-image-2948\" srcset=\"https:\/\/www.vaia.eu\/wp-content\/uploads\/2022\/09\/1280x800-cube-1024x640.jpg 1024w, https:\/\/www.vaia.eu\/wp-content\/uploads\/2022\/09\/1280x800-cube-300x188.jpg 300w, https:\/\/www.vaia.eu\/wp-content\/uploads\/2022\/09\/1280x800-cube-768x480.jpg 768w, https:\/\/www.vaia.eu\/wp-content\/uploads\/2022\/09\/1280x800-cube-600x375.jpg 600w, https:\/\/www.vaia.eu\/wp-content\/uploads\/2022\/09\/1280x800-cube.jpg 1280w\" sizes=\"auto, (max-width: 1024px) 100vw, 1024px\" \/><\/figure>\n\n\n<div class=\"title-vertical-band  bgcolor-green  alignment-title-right \">\n    <div class=\"component-container\">\n                    <div class=\"title-container\"><span class=\"title-1  titlesize-large  titlecolor-yellow \">\/\/ HANDWERK <\/span><\/div>\n                                <div class=\"subtitle  subtitlesize-medium  subtitlecolor-lightyellow \"><p>Die Produktion des VAIA Cube ist lokal und ausschlie\u00dflich handwerklich. Wir arbeiten nur mit Tischlereien zusammen, die B\u00e4ume verwenden, die w\u00e4hrend des Sturms Vaia gefallen sind, und die hohen Qualit\u00e4tsstandards garantieren.<\/p>\n<\/div>\n                <\/div>\n\n<\/div>\n\n\n\n<div class=\"title-subtitle-cta-band  bgcolor-transparent \">\n    <div class=\"component-container\">\n        <div class=\" display-block \">\n                        <span class=\"title-1  titlesize-small  titlecolor-green \">\/\/ NACHHALTIG <\/span>\n                \n            \n        <\/div>\n\n\n        \n        <div class=\"grid-subtitle\">\n        \n\n            \n                    <div class=\"subtitle  subtitlesize-small  subtitlecolor-darkgreen \"><p>Holz ist ein nat\u00fcrliches, langlebiges Material, das ohne jeglichen Stromverbrauch genutzt werden kann. Der Lebenszyklus des VAIA Cube ist unendlich, da er entweder ohne Auswirkungen auf die Natur zur\u00fcckgef\u00fchrt oder recycelt werden kann.<\/p>\n<\/div>\n            \n            \n            <\/div>\n                \n        \n    <\/div>\n<\/div>\n\n\n\n<div class=\"title-subtitle-cta-band  bgcolor-transparent \">\n    <div class=\"component-container\">\n        <div class=\" display-block \">\n                        <span class=\"title-1  titlesize-medium  titlecolor-darkgreen \">Auch in den Versionen imperfetto und JOY! <\/span>\n                \n            \n        <\/div>\n\n\n        \n\n            \n        \n            \n        \n    <\/div>\n<\/div>\n\n\n<div class=\"images-slider images-slider-bg-yellow\">\n    <div class=\"images-slider-container\">\n        \n        <div class=\"images-slider__row\">\n                            <div class=\"images-slider__single\" aria-hidden=\"false\">\n                    <div class=\"images-slider__single-contents\">\n                        <img data-flickity-lazyload=\"https:\/\/www.vaia.eu\/wp-content\/uploads\/2022\/11\/665x755_IMPERFETTO.jpg\" class=\"skip-lazy\" alt=\"slider image\" width=\"400\" height=\"600\" \/>\n                                                    <span class=\"thetitle thetitle--color-lightyellow\">DIE SCH\u00d6NHEIT DER EINZIGARTIGKEIT<\/span>\n                                                                            <a class=\"button\" href=\"\/prodotto\/vaia-cube-imperfetto\/\" title=\"ENTDECKE DEN VAIA CUBE imperfetto\">ENTDECKE DEN VAIA CUBE imperfetto<\/a>\n                                            <\/div>\n\n                <\/div>\n                            <div class=\"images-slider__single\" aria-hidden=\"false\">\n                    <div class=\"images-slider__single-contents\">\n                        <img data-flickity-lazyload=\"https:\/\/www.vaia.eu\/wp-content\/uploads\/2022\/11\/665x755_JOY-2-1.jpg\" class=\"skip-lazy\" alt=\"slider image\" width=\"400\" height=\"600\" \/>\n                                                    <span class=\"thetitle thetitle--color-lightyellow\">DIE ENERGIE DER FARBEN<\/span>\n                                                                            <a class=\"button\" href=\"\/prodotto\/vaia-cube-joy\/\" title=\"ENTDECKE DEN VAIA CUBE JOY \">ENTDECKE DEN VAIA CUBE JOY <\/a>\n                                            <\/div>\n\n                <\/div>\n            \n        <\/div>\n        <span class=\"image-slider-symbol symbol-darkgreen\">\/\/<\/span>\n    <\/div>\n\n<\/div>\n\n\n\n<div class=\"title-content-cta-band  bgcolor-darkgreen \">\n    <div class=\"component-container\">\n\n        <span class=\"title-1\">Unser Ziel<\/span>\n\n                        <div class=\"grid-cols\">\n                                                <img loading=\"lazy\" decoding=\"async\" width=\"400\" height=\"400\" src=\"https:\/\/www.vaia.eu\/wp-content\/uploads\/2023\/08\/DSC5789-1-1.png\" alt=\"_DSC5789 1\">\n                        \n            <div class=\"content\">\n                                    <div class=\"testo\"><div class=\"progress\">\n                  <div class=\"progress__bar\" style=\"width:80%;\">80%<\/div>\n                <\/div>\n                <style>\n                @keyframes fill-bar {\n                    from {width: 0%;}\n                    to {width: 80%;}\n                }\n                <\/style>\n<p>Wir haben derzeit 200.000 B\u00e4ume in den Dolomiten gepflanzt: Begleiten Sie uns, um dieses Ziel zu erreichen<\/p>\n<\/div>\n                \n                                    <span class=\"bignumber\">250.000<\/span>\n                            <\/div>\n        <\/div>\n        \n        \n    <\/div>\n<\/div>\n\n\n\n<h3 class=\"wp-block-heading\">TECHNISCHE DATEN | VAIA Cube<\/h3>\n\n\n\n<ul class=\"wp-block-list\">\n<li>Dimensionen: 10 x 10 x 10 cm&nbsp;<\/li>\n\n\n\n<li>Gr\u00f6\u00dfe des Telefonsteckplatzes: 8,6 x 1,2 cm&nbsp;<\/li>\n\n\n\n<li>Kompatibel mit fast allen derzeit auf dem Markt erh\u00e4ltlichen Smartphones, auch mit H\u00fcllen im unteren Bereich. Nur besonders dicke H\u00fcllen k\u00f6nnen das korrekte Einsetzen verhindern: Bitte messen Sie die Dicke des Smartphones einschlie\u00dflich der H\u00fclle und stellen Sie sicher, dass sie nicht mehr als 12 mm betr\u00e4gt. <\/li>\n<\/ul>\n\n\n<div class=\"fascia-spedizione-shop\">\n    <div class=\"fascia-spedizione-shop__inner\">\n        <span class=\"title-spedizione\"><\/span>\n        <div class=\"testo\"><p>Kaufen Sie 2 Produkte und der Versand ist kostenlos!<\/p>\n<\/div>\n    <\/div>\n<\/div>\n\n\n\n<p class=\"wp-block-paragraph\"><\/p>\n","protected":false},"excerpt":{"rendered":"<div class=\"product-description\">\n<p>Ein Lautsprecher, der die Ger\u00e4usche verst\u00e4rkt und dabei zur Regenerierung des Wald beitr\u00e4gt. F\u00fcr jeden gekauften W\u00fcrfel pflanzen Sie einen Baum in den Dolomiten.<\/p>\n<\/div>\n","protected":false},"featured_media":53523,"template":"","meta":{"_acf_changed":true,"_crdt_document":"","content-type":""},"product_brand":[],"product_cat":[90],"product_tag":[],"class_list":{"0":"post-4151","1":"product","2":"type-product","3":"status-publish","4":"has-post-thumbnail","6":"product_cat-vaia-cube-de","8":"first","9":"instock","10":"shipping-taxable","11":"purchasable","12":"product-type-simple"},"acf":[],"yoast_head":"<!-- This site is optimized with the Yoast SEO plugin v27.3 - https:\/\/yoast.com\/product\/yoast-seo-wordpress\/ -->\n<title>VAIA Cube | Akustischer Verst\u00e4rker f\u00fcr Smartphones<\/title>\n<meta name=\"description\" content=\"Nat\u00fcrlicher Verst\u00e4rker f\u00fcr Smartphones, hergestellt aus dem Holz der vom Vaia-Sturm gef\u00e4llten B\u00e4ume. 1 Cube = 1 Baum, der in den Dolomiten gepflanzt wird.\" \/>\n<meta name=\"robots\" content=\"index, follow, max-snippet:-1, max-image-preview:large, max-video-preview:-1\" \/>\n<link rel=\"canonical\" href=\"https:\/\/www.vaia.eu\/de\/produkt\/vaia-cube\/\" \/>\n<meta property=\"og:locale\" content=\"de_DE\" \/>\n<meta property=\"og:type\" content=\"article\" \/>\n<meta property=\"og:title\" content=\"VAIA Cube | Akustischer Verst\u00e4rker f\u00fcr Smartphones\" \/>\n<meta property=\"og:description\" content=\"Nat\u00fcrlicher Verst\u00e4rker f\u00fcr Smartphones, hergestellt aus dem Holz der vom Vaia-Sturm gef\u00e4llten B\u00e4ume. 1 Cube = 1 Baum, der in den Dolomiten gepflanzt wird.\" \/>\n<meta property=\"og:url\" content=\"https:\/\/www.vaia.eu\/de\/produkt\/vaia-cube\/\" \/>\n<meta property=\"og:site_name\" content=\"VAIA\" \/>\n<meta property=\"article:publisher\" content=\"https:\/\/www.facebook.com\/therealvaia\/\" \/>\n<meta property=\"article:modified_time\" content=\"2026-02-16T08:14:57+00:00\" \/>\n<meta property=\"og:image\" content=\"https:\/\/www.vaia.eu\/wp-content\/uploads\/2022\/09\/PRINCIPALE_1000x1000_PRODOTTI-cube_2-1.jpg\" \/>\n\t<meta property=\"og:image:width\" content=\"1000\" \/>\n\t<meta property=\"og:image:height\" content=\"1000\" \/>\n\t<meta property=\"og:image:type\" content=\"image\/jpeg\" \/>\n<meta name=\"twitter:card\" content=\"summary_large_image\" \/>\n<meta name=\"twitter:label1\" content=\"Preis\" \/>\n\t<meta name=\"twitter:data1\" content=\"62,00&nbsp;&euro;\" \/>\n\t<meta name=\"twitter:label2\" content=\"Verf\u00fcgbarkeit\" \/>\n\t<meta name=\"twitter:data2\" content=\"Auf Lager\" \/>\n<script type=\"application\/ld+json\" class=\"yoast-schema-graph\">{\"@context\":\"https:\\\/\\\/schema.org\",\"@graph\":[{\"@type\":\"WebPage\",\"@id\":\"https:\\\/\\\/www.vaia.eu\\\/de\\\/produkt\\\/vaia-cube\\\/\",\"url\":\"https:\\\/\\\/www.vaia.eu\\\/de\\\/produkt\\\/vaia-cube\\\/\",\"name\":\"VAIA Cube | Akustischer Verst\u00e4rker f\u00fcr Smartphones\",\"isPartOf\":{\"@id\":\"https:\\\/\\\/www.vaia.eu\\\/#website\"},\"primaryImageOfPage\":{\"@id\":\"https:\\\/\\\/www.vaia.eu\\\/de\\\/produkt\\\/vaia-cube\\\/#primaryimage\"},\"image\":{\"@id\":\"https:\\\/\\\/www.vaia.eu\\\/de\\\/produkt\\\/vaia-cube\\\/#primaryimage\"},\"thumbnailUrl\":\"https:\\\/\\\/www.vaia.eu\\\/wp-content\\\/uploads\\\/2022\\\/09\\\/PRINCIPALE_1000x1000_PRODOTTI-cube_2-1.jpg\",\"datePublished\":\"2022-09-19T07:08:22+00:00\",\"dateModified\":\"2026-02-16T08:14:57+00:00\",\"description\":\"Nat\u00fcrlicher Verst\u00e4rker f\u00fcr Smartphones, hergestellt aus dem Holz der vom Vaia-Sturm gef\u00e4llten B\u00e4ume. 1 Cube = 1 Baum, der in den Dolomiten gepflanzt wird.\",\"breadcrumb\":{\"@id\":\"https:\\\/\\\/www.vaia.eu\\\/de\\\/produkt\\\/vaia-cube\\\/#breadcrumb\"},\"inLanguage\":\"de\",\"potentialAction\":[{\"@type\":\"ReadAction\",\"target\":[\"https:\\\/\\\/www.vaia.eu\\\/de\\\/produkt\\\/vaia-cube\\\/\"]}]},{\"@type\":\"ImageObject\",\"inLanguage\":\"de\",\"@id\":\"https:\\\/\\\/www.vaia.eu\\\/de\\\/produkt\\\/vaia-cube\\\/#primaryimage\",\"url\":\"https:\\\/\\\/www.vaia.eu\\\/wp-content\\\/uploads\\\/2022\\\/09\\\/PRINCIPALE_1000x1000_PRODOTTI-cube_2-1.jpg\",\"contentUrl\":\"https:\\\/\\\/www.vaia.eu\\\/wp-content\\\/uploads\\\/2022\\\/09\\\/PRINCIPALE_1000x1000_PRODOTTI-cube_2-1.jpg\",\"width\":1000,\"height\":1000},{\"@type\":\"BreadcrumbList\",\"@id\":\"https:\\\/\\\/www.vaia.eu\\\/de\\\/produkt\\\/vaia-cube\\\/#breadcrumb\",\"itemListElement\":[{\"@type\":\"ListItem\",\"position\":1,\"name\":\"Home\",\"item\":\"https:\\\/\\\/www.vaia.eu\\\/de\\\/\"},{\"@type\":\"ListItem\",\"position\":2,\"name\":\"VAIA Cube\"}]},{\"@type\":\"WebSite\",\"@id\":\"https:\\\/\\\/www.vaia.eu\\\/#website\",\"url\":\"https:\\\/\\\/www.vaia.eu\\\/\",\"name\":\"VAIA - Face what matters\",\"description\":\"Face What Matters\",\"publisher\":{\"@id\":\"https:\\\/\\\/www.vaia.eu\\\/#organization\"},\"potentialAction\":[{\"@type\":\"SearchAction\",\"target\":{\"@type\":\"EntryPoint\",\"urlTemplate\":\"https:\\\/\\\/www.vaia.eu\\\/?s={search_term_string}\"},\"query-input\":{\"@type\":\"PropertyValueSpecification\",\"valueRequired\":true,\"valueName\":\"search_term_string\"}}],\"inLanguage\":\"de\"},{\"@type\":\"Organization\",\"@id\":\"https:\\\/\\\/www.vaia.eu\\\/#organization\",\"name\":\"VAIA\",\"url\":\"https:\\\/\\\/www.vaia.eu\\\/\",\"logo\":{\"@type\":\"ImageObject\",\"inLanguage\":\"de\",\"@id\":\"https:\\\/\\\/www.vaia.eu\\\/#\\\/schema\\\/logo\\\/image\\\/\",\"url\":\"https:\\\/\\\/www.vaia.eu\\\/wp-content\\\/uploads\\\/2023\\\/12\\\/logo-vaia.svg\",\"contentUrl\":\"https:\\\/\\\/www.vaia.eu\\\/wp-content\\\/uploads\\\/2023\\\/12\\\/logo-vaia.svg\",\"width\":1000,\"height\":1000,\"caption\":\"VAIA\"},\"image\":{\"@id\":\"https:\\\/\\\/www.vaia.eu\\\/#\\\/schema\\\/logo\\\/image\\\/\"},\"sameAs\":[\"https:\\\/\\\/www.facebook.com\\\/therealvaia\\\/\",\"https:\\\/\\\/www.instagram.com\\\/therealvaia\\\/\",\"https:\\\/\\\/www.linkedin.com\\\/company\\\/vaiasrl\\\/\",\"https:\\\/\\\/www.youtube.com\\\/channel\\\/UCPtTJEh97yiEMm-vE_Ux3Aw\"]}]}<\/script>\n<meta property=\"product:price:amount\" content=\"62.00\" \/>\n<meta property=\"product:price:currency\" content=\"EUR\" \/>\n<meta property=\"og:availability\" content=\"instock\" \/>\n<meta property=\"product:availability\" content=\"instock\" \/>\n<meta property=\"product:retailer_item_id\" content=\"VC\" \/>\n<meta property=\"product:condition\" content=\"new\" \/>\n<!-- \/ Yoast SEO plugin. -->","yoast_head_json":{"title":"VAIA Cube | Akustischer Verst\u00e4rker f\u00fcr Smartphones","description":"Nat\u00fcrlicher Verst\u00e4rker f\u00fcr Smartphones, hergestellt aus dem Holz der vom Vaia-Sturm gef\u00e4llten B\u00e4ume. 1 Cube = 1 Baum, der in den Dolomiten gepflanzt wird.","robots":{"index":"index","follow":"follow","max-snippet":"max-snippet:-1","max-image-preview":"max-image-preview:large","max-video-preview":"max-video-preview:-1"},"canonical":"https:\/\/www.vaia.eu\/de\/produkt\/vaia-cube\/","og_locale":"de_DE","og_type":"article","og_title":"VAIA Cube | Akustischer Verst\u00e4rker f\u00fcr Smartphones","og_description":"Nat\u00fcrlicher Verst\u00e4rker f\u00fcr Smartphones, hergestellt aus dem Holz der vom Vaia-Sturm gef\u00e4llten B\u00e4ume. 1 Cube = 1 Baum, der in den Dolomiten gepflanzt wird.","og_url":"https:\/\/www.vaia.eu\/de\/produkt\/vaia-cube\/","og_site_name":"VAIA","article_publisher":"https:\/\/www.facebook.com\/therealvaia\/","article_modified_time":"2026-02-16T08:14:57+00:00","og_image":[{"width":1000,"height":1000,"url":"https:\/\/www.vaia.eu\/wp-content\/uploads\/2022\/09\/PRINCIPALE_1000x1000_PRODOTTI-cube_2-1.jpg","type":"image\/jpeg"}],"twitter_card":"summary_large_image","twitter_misc":{"Preis":"62,00&nbsp;&euro;","Verf\u00fcgbarkeit":"Auf Lager"},"schema":{"@context":"https:\/\/schema.org","@graph":[{"@type":"WebPage","@id":"https:\/\/www.vaia.eu\/de\/produkt\/vaia-cube\/","url":"https:\/\/www.vaia.eu\/de\/produkt\/vaia-cube\/","name":"VAIA Cube | Akustischer Verst\u00e4rker f\u00fcr Smartphones","isPartOf":{"@id":"https:\/\/www.vaia.eu\/#website"},"primaryImageOfPage":{"@id":"https:\/\/www.vaia.eu\/de\/produkt\/vaia-cube\/#primaryimage"},"image":{"@id":"https:\/\/www.vaia.eu\/de\/produkt\/vaia-cube\/#primaryimage"},"thumbnailUrl":"https:\/\/www.vaia.eu\/wp-content\/uploads\/2022\/09\/PRINCIPALE_1000x1000_PRODOTTI-cube_2-1.jpg","datePublished":"2022-09-19T07:08:22+00:00","dateModified":"2026-02-16T08:14:57+00:00","description":"Nat\u00fcrlicher Verst\u00e4rker f\u00fcr Smartphones, hergestellt aus dem Holz der vom Vaia-Sturm gef\u00e4llten B\u00e4ume. 1 Cube = 1 Baum, der in den Dolomiten gepflanzt wird.","breadcrumb":{"@id":"https:\/\/www.vaia.eu\/de\/produkt\/vaia-cube\/#breadcrumb"},"inLanguage":"de","potentialAction":[{"@type":"ReadAction","target":["https:\/\/www.vaia.eu\/de\/produkt\/vaia-cube\/"]}]},{"@type":"ImageObject","inLanguage":"de","@id":"https:\/\/www.vaia.eu\/de\/produkt\/vaia-cube\/#primaryimage","url":"https:\/\/www.vaia.eu\/wp-content\/uploads\/2022\/09\/PRINCIPALE_1000x1000_PRODOTTI-cube_2-1.jpg","contentUrl":"https:\/\/www.vaia.eu\/wp-content\/uploads\/2022\/09\/PRINCIPALE_1000x1000_PRODOTTI-cube_2-1.jpg","width":1000,"height":1000},{"@type":"BreadcrumbList","@id":"https:\/\/www.vaia.eu\/de\/produkt\/vaia-cube\/#breadcrumb","itemListElement":[{"@type":"ListItem","position":1,"name":"Home","item":"https:\/\/www.vaia.eu\/de\/"},{"@type":"ListItem","position":2,"name":"VAIA Cube"}]},{"@type":"WebSite","@id":"https:\/\/www.vaia.eu\/#website","url":"https:\/\/www.vaia.eu\/","name":"VAIA - Face what matters","description":"Face What Matters","publisher":{"@id":"https:\/\/www.vaia.eu\/#organization"},"potentialAction":[{"@type":"SearchAction","target":{"@type":"EntryPoint","urlTemplate":"https:\/\/www.vaia.eu\/?s={search_term_string}"},"query-input":{"@type":"PropertyValueSpecification","valueRequired":true,"valueName":"search_term_string"}}],"inLanguage":"de"},{"@type":"Organization","@id":"https:\/\/www.vaia.eu\/#organization","name":"VAIA","url":"https:\/\/www.vaia.eu\/","logo":{"@type":"ImageObject","inLanguage":"de","@id":"https:\/\/www.vaia.eu\/#\/schema\/logo\/image\/","url":"https:\/\/www.vaia.eu\/wp-content\/uploads\/2023\/12\/logo-vaia.svg","contentUrl":"https:\/\/www.vaia.eu\/wp-content\/uploads\/2023\/12\/logo-vaia.svg","width":1000,"height":1000,"caption":"VAIA"},"image":{"@id":"https:\/\/www.vaia.eu\/#\/schema\/logo\/image\/"},"sameAs":["https:\/\/www.facebook.com\/therealvaia\/","https:\/\/www.instagram.com\/therealvaia\/","https:\/\/www.linkedin.com\/company\/vaiasrl\/","https:\/\/www.youtube.com\/channel\/UCPtTJEh97yiEMm-vE_Ux3Aw"]}]},"product_price_amount":"62.00","product_price_currency":"EUR","og_availability":"instock","product_availability":"instock","product_retailer_item_id":"VC","product_condition":"new"},"_links":{"self":[{"href":"https:\/\/www.vaia.eu\/de\/wp-json\/wp\/v2\/product\/4151","targetHints":{"allow":["GET"]}}],"collection":[{"href":"https:\/\/www.vaia.eu\/de\/wp-json\/wp\/v2\/product"}],"about":[{"href":"https:\/\/www.vaia.eu\/de\/wp-json\/wp\/v2\/types\/product"}],"wp:featuredmedia":[{"embeddable":true,"href":"https:\/\/www.vaia.eu\/de\/wp-json\/wp\/v2\/media\/53523"}],"wp:attachment":[{"href":"https:\/\/www.vaia.eu\/de\/wp-json\/wp\/v2\/media?parent=4151"}],"wp:term":[{"taxonomy":"product_brand","embeddable":true,"href":"https:\/\/www.vaia.eu\/de\/wp-json\/wp\/v2\/product_brand?post=4151"},{"taxonomy":"product_cat","embeddable":true,"href":"https:\/\/www.vaia.eu\/de\/wp-json\/wp\/v2\/product_cat?post=4151"},{"taxonomy":"product_tag","embeddable":true,"href":"https:\/\/www.vaia.eu\/de\/wp-json\/wp\/v2\/product_tag?post=4151"}],"curies":[{"name":"wp","href":"https:\/\/api.w.org\/{rel}","templated":true}]}}