{"id":4155,"date":"2022-12-12T16:54:50","date_gmt":"2022-12-12T15:54:50","guid":{"rendered":"https:\/\/www.vaia.eu\/prodotto\/vaia-focus\/"},"modified":"2025-11-25T10:12:49","modified_gmt":"2025-11-25T09:12:49","slug":"vaia-focus","status":"publish","type":"product","link":"https:\/\/www.vaia.eu\/de\/produkt\/vaia-focus\/","title":{"rendered":"VAIA Focus"},"content":{"rendered":"<div class=\"video-area-home\"  style=\"background:url(https:\/\/www.vaia.eu\/wp-content\/uploads\/2022\/12\/1920x1080-anteprima-video-LETS-GET-SOLID.jpg) no-repeat left center; background-size:cover;\" >\n    <div class=\"video-container\">\n                    <span class=\"video-title video-title-color-lightyellow\">VAIA Focus &#8211; Bildschirmvergr\u00f6\u00dferer<\/span>\n            \n        \n            <a href=\"https:\/\/www.youtube.com\/watch?v=wdllivJx2Y0\" class=\"button swipebox  button-secondary \" data-rel=\"lightbox-image-0\" title=\"PLAY VIDEO\">\n                PLAY VIDEO            <\/a>\n\n                <\/div>\n\n<\/div>\n\n\n\n<div style=\"height:30px\" aria-hidden=\"true\" class=\"wp-block-spacer\"><\/div>\n\n\n<div class=\"title-vertical-band  bgcolor-green  alignment-title-right \">\n    <div class=\"component-container\">\n                    <div class=\"title-container\"><span class=\"title-1  titlesize-large  titlecolor-yellow \">\/\/ NAT\u00dcRLICHE TECHNIK <\/span><\/div>\n                                <div class=\"subtitle  subtitlesize-medium  subtitlecolor-lightyellow \"><p>Die Funktionsweise von VAIA Focus wurde von der Natur inspiriert und ist das Ergebnis der Kombination von Tannenholz und der optischen Fresnel-Linse, einer \u00fcber 200 Jahre alten analogen Technologie: Sie vergr\u00f6\u00dfert den Bildschirm des Smartphones und erh\u00e4lt gleichzeitig die visuelle Qualit\u00e4t des Bildes.<\/p>\n<\/div>\n                <\/div>\n\n<\/div>\n\n\n\n<figure class=\"wp-block-image size-large nomargin-full\"><img loading=\"lazy\" decoding=\"async\" width=\"1024\" height=\"640\" src=\"https:\/\/www.vaia.eu\/wp-content\/uploads\/2022\/12\/1280x800-focus-1-1024x640.jpg\" alt=\"\" class=\"wp-image-3146\" srcset=\"https:\/\/www.vaia.eu\/wp-content\/uploads\/2022\/12\/1280x800-focus-1-1024x640.jpg 1024w, https:\/\/www.vaia.eu\/wp-content\/uploads\/2022\/12\/1280x800-focus-1-300x188.jpg 300w, https:\/\/www.vaia.eu\/wp-content\/uploads\/2022\/12\/1280x800-focus-1-768x480.jpg 768w, https:\/\/www.vaia.eu\/wp-content\/uploads\/2022\/12\/1280x800-focus-1-600x375.jpg 600w, https:\/\/www.vaia.eu\/wp-content\/uploads\/2022\/12\/1280x800-focus-1.jpg 1280w\" sizes=\"auto, (max-width: 1024px) 100vw, 1024px\" \/><\/figure>\n\n\n\n<div class=\"title-subtitle-cta-band  bgcolor-transparent \">\n    <div class=\"component-container\">\n        <div class=\" display-block \">\n                        <span class=\"title-1  titlesize-small  titlecolor-green \">\/\/ EINFACH<\/span>\n                \n            \n        <\/div>\n\n\n        \n        <div class=\"grid-subtitle\">\n        \n\n            \n                    <div class=\"subtitle  subtitlesize-small  subtitlecolor-darkgreen \"><p>Das Zusammenspiel aus Design, Handwerkskunst und Technologie ergibt ein leichtes, praktisches und einfach zu transportierendes Objekt.<\/p>\n<\/div>\n            \n            \n            <\/div>\n                \n        \n    <\/div>\n<\/div>\n\n\n\n<figure class=\"wp-block-image size-large nomargin-full\"><img loading=\"lazy\" decoding=\"async\" width=\"1024\" height=\"640\" src=\"https:\/\/www.vaia.eu\/wp-content\/uploads\/2022\/12\/1280x800-focus-2-1024x640.jpg\" alt=\"\" class=\"wp-image-3149\" srcset=\"https:\/\/www.vaia.eu\/wp-content\/uploads\/2022\/12\/1280x800-focus-2-1024x640.jpg 1024w, https:\/\/www.vaia.eu\/wp-content\/uploads\/2022\/12\/1280x800-focus-2-300x188.jpg 300w, https:\/\/www.vaia.eu\/wp-content\/uploads\/2022\/12\/1280x800-focus-2-768x480.jpg 768w, https:\/\/www.vaia.eu\/wp-content\/uploads\/2022\/12\/1280x800-focus-2-600x375.jpg 600w, https:\/\/www.vaia.eu\/wp-content\/uploads\/2022\/12\/1280x800-focus-2.jpg 1280w\" sizes=\"auto, (max-width: 1024px) 100vw, 1024px\" \/><\/figure>\n\n\n<div class=\"title-vertical-band  bgcolor-green  alignment-title-right \">\n    <div class=\"component-container\">\n                    <div class=\"title-container\"><span class=\"title-1  titlesize-large  titlecolor-yellow \">\/\/ DYNAMISCH<\/span><\/div>\n                                <div class=\"subtitle  subtitlesize-medium  subtitlecolor-lightyellow \"><p>Die Formen des VAIA Focus, des Bildschirmverst\u00e4rkers f\u00fcr Smartphones, erinnern an eine bewegte Welle und stehen f\u00fcr den Wunsch, positive Energie zu erzeugen, die Menschen in einer Gemeinschaft zusammenbringt.<\/p>\n<\/div>\n                <\/div>\n\n<\/div>\n\n\n\n<figure class=\"wp-block-image size-large nomargin-full\"><img loading=\"lazy\" decoding=\"async\" width=\"1024\" height=\"640\" src=\"https:\/\/www.vaia.eu\/wp-content\/uploads\/2023\/10\/1280x800-focus-3-1024x640.jpg\" alt=\"\" class=\"wp-image-3143\" srcset=\"https:\/\/www.vaia.eu\/wp-content\/uploads\/2023\/10\/1280x800-focus-3-1024x640.jpg 1024w, https:\/\/www.vaia.eu\/wp-content\/uploads\/2023\/10\/1280x800-focus-3-300x188.jpg 300w, https:\/\/www.vaia.eu\/wp-content\/uploads\/2023\/10\/1280x800-focus-3-768x480.jpg 768w, https:\/\/www.vaia.eu\/wp-content\/uploads\/2023\/10\/1280x800-focus-3-600x375.jpg 600w, https:\/\/www.vaia.eu\/wp-content\/uploads\/2023\/10\/1280x800-focus-3.jpg 1280w\" sizes=\"auto, (max-width: 1024px) 100vw, 1024px\" \/><\/figure>\n\n\n\n<div class=\"title-subtitle-cta-band  bgcolor-transparent \">\n    <div class=\"component-container\">\n        <div class=\" display-block \">\n                        <span class=\"title-1  titlesize-small  titlecolor-green \">\/\/ Konkret<\/span>\n                \n            \n        <\/div>\n\n\n        \n        <div class=\"grid-subtitle\">\n        \n\n            \n                    <div class=\"subtitle  subtitlesize-small  subtitlecolor-darkgreen \"><p>Ein Produkt, das auch eine Vision von der Welt vermittelt, in der wir etwas bewirken wollen, indem wir uns gemeinsam den Herausforderungen unserer Zeit stellen. Mit den Augen eines Vaianers zu sehen bedeutet, mit Verantwortung und Begeisterung in die Zukunft zu blicken, das Positive zu sehen und sich auf das Wesentliche zu konzentrieren. Und mit VAIA Focus haben wir uns entschieden, uns f\u00fcr den Schutz der &#8222;Thermometer&#8220; unseres Planeten, der Gletscher, einzusetzen.<\/p>\n<\/div>\n            \n            \n            <\/div>\n                \n        \n    <\/div>\n<\/div>\n\n\n\n<div class=\"title-content-cta-band  bgcolor-transparent \">\n    <div class=\"component-container\">\n\n        <span class=\"title-1\"><\/span>\n\n                        <div class=\"grid-cols\">\n            \n            <div class=\"content\">\n                \n                            <\/div>\n        <\/div>\n        \n                    <a class=\"button  button-primary \"\n                                    href=\"https:\/\/www.vaia.eu\/project\/ghiacciai\/\"\n                                   title=\"ENTDECKEN SIE DAS GLETSCHERPROJEKT\">ENTDECKEN SIE DAS GLETSCHERPROJEKT<\/a>\n        \n    <\/div>\n<\/div>\n\n\n\n<div class=\"title-subtitle-cta-band  bgcolor-transparent \">\n    <div class=\"component-container\">\n        <div class=\" display-block \">\n                        <span class=\"title-1  titlesize-medium  titlecolor-darkgreen \">Von W\u00e4ldern zu Gletschern<\/span>\n                \n            \n        <\/div>\n\n\n        \n\n            \n        \n            \n        \n    <\/div>\n<\/div>\n\n\n<div class=\"cards cards-bg-lightyellow\">\n\n    \n    <div class=\"cards__row\">\n                    <div class=\"cards__col col-color-violet content-title-color-yellow content-card-color-lightyellow\">\n                <div class=\"g-card\">\n    \n    \n            <div class=\"g-card__content\">\n            <p>Dem vom Sturm Vaia gef\u00e4llten Holz neues Leben einhauchen, wobei ausschlie\u00dflich lokale Handwerker beteiligt sind<\/p>\n        <\/div>\n    \n    \n    <\/div>\n            <\/div>\n                    <div class=\"cards__col col-color-violet content-title-color-yellow content-card-color-lightyellow\">\n                <div class=\"g-card\">\n    \n    \n            <div class=\"g-card__content\">\n            <p>Mit dem Start-up Glac-Up verwerten wir die auf dem Presena-Gletscher verwendete Geotextilfolie und verwandeln sie in das Schutzgewebe von VAIA Focus.<\/p>\n        <\/div>\n    \n    \n    <\/div>\n            <\/div>\n                    <div class=\"cards__col col-color-violet content-title-color-yellow content-card-color-lightyellow\">\n                <div class=\"g-card\">\n    \n    \n            <div class=\"g-card__content\">\n            <p>Wir unterst\u00fctzen aktiv die wissenschaftliche Forschung und die Verbreitung des Zustands der Gletscher mit Ice Memory, einem internationalen Projekt, das vom CNR und der Universit\u00e4t Ca&#8216; Foscari finanziert und von der UNESCO anerkannt wird.<\/p>\n        <\/div>\n    \n    \n    <\/div>\n            <\/div>\n                    <div class=\"cards__col col-color-violet content-title-color-yellow content-card-color-lightyellow\">\n                <div class=\"g-card\">\n    \n    \n            <div class=\"g-card__content\">\n            <p>Unser Engagement umfasst die Bregenzung der von Menschenhand verursachten Sch\u00e4den in den Alpen. Das Projekt Summit Fondation umfasst Ma\u00dfnahmen zur Landgenerierung und Abfallsammlung in den Hochlagen.<\/p>\n        <\/div>\n    \n    \n    <\/div>\n            <\/div>\n            <\/div>\n<\/div>\n\n\n<div class=\"video-area-home\"  style=\"background:url(https:\/\/www.vaia.eu\/wp-content\/uploads\/2022\/12\/1920x1080-anteprima-video-funzionamento.jpg) no-repeat left center; background-size:cover;\" >\n    <div class=\"video-container\">\n                    <span class=\"video-title video-title-color-lightyellow\"><\/span>\n            \n        \n            <a href=\"https:\/\/www.youtube.com\/watch?v=WY6w5_pAK50\" class=\"button swipebox  button-secondary \" data-rel=\"lightbox-image-0\" title=\"PLAY VIDEO\">\n                PLAY VIDEO            <\/a>\n\n                <\/div>\n\n<\/div>\n\n\n\n<h3 class=\"wp-block-heading\">TECHNISCHE DATEN | VAIA Focus &#8211; Bildschirmvergr\u00f6\u00dferer<\/h3>\n\n\n\n<ul class=\"wp-block-list\">\n<li>Dimension: 24,5 \u00d7 20 cm&nbsp;<\/li>\n\n\n\n<li>Dimension des Objektivs: 22,5 \u00d7 15,5 cm<\/li>\n\n\n\n<li>Die Vergr\u00f6\u00dferungskapazit\u00e4t ist etwa 2-mal h\u00f6her als der Bildschirm der derzeit erh\u00e4ltlichen Smartphones.<\/li>\n\n\n\n<li>Die visuelle Vergr\u00f6\u00dferung kommt am besten in einer schwach beleuchteten Umgebung oder ohne Lichtquellen zum Ausdruck.<\/li>\n\n\n\n<li>VAIA Focus ist f\u00fcr den individuellen Gebrauch konzipiert.<\/li>\n\n\n\n<li>Die Verwendung mit Gleitsichtgl\u00e4sern wird nicht empfohlen.<\/li>\n\n\n\n<li>Die Linse kann mit einem feuchten Tuch und einem Allzweckreiniger gereinigt werden. &#8222;<\/li>\n<\/ul>\n\n\n<div class=\"fascia-spedizione-shop\">\n    <div class=\"fascia-spedizione-shop__inner\">\n        <span class=\"title-spedizione\"><\/span>\n        <div class=\"testo\"><p>Kostenloser Versand ab 120\u20ac<\/p>\n<\/div>\n    <\/div>\n<\/div>\n\n\n\n<p class=\"wp-block-paragraph\"><\/p>\n","protected":false},"excerpt":{"rendered":"<p>Konzentrieren Sie sich auf das Wesentliche! VAIA Focus &#8211; Bildschirmvergr\u00f6\u00dferer<\/p>\n","protected":false},"featured_media":3139,"template":"","meta":{"_acf_changed":true,"_crdt_document":"","content-type":""},"product_brand":[],"product_cat":[],"product_tag":[],"class_list":{"0":"post-4155","1":"product","2":"type-product","3":"status-publish","4":"has-post-thumbnail","7":"first","8":"outofstock","9":"shipping-taxable","10":"purchasable","11":"product-type-simple"},"acf":[],"yoast_head":"<!-- This site is optimized with the Yoast SEO plugin v27.4 - https:\/\/yoast.com\/product\/yoast-seo-wordpress\/ -->\n<title>VAIA Focus | Smartphone-Bildschirmverst\u00e4rker | VAIA Store<\/title>\n<meta name=\"description\" content=\"Bildschirmverst\u00e4rker f\u00fcr Smartphones, der die Gletscherforschung unterst\u00fctzt und VAIA-Holz wiederverwendet. VAIA Focus Smartphone-Bildschirmvergr\u00f6\u00dferer.\" \/>\n<meta name=\"robots\" content=\"index, follow, max-snippet:-1, max-image-preview:large, max-video-preview:-1\" \/>\n<link rel=\"canonical\" href=\"https:\/\/www.vaia.eu\/de\/produkt\/vaia-focus\/\" \/>\n<meta property=\"og:locale\" content=\"de_DE\" \/>\n<meta property=\"og:type\" content=\"article\" \/>\n<meta property=\"og:title\" content=\"VAIA Focus | Smartphone-Bildschirmverst\u00e4rker | VAIA Store\" \/>\n<meta property=\"og:description\" content=\"Bildschirmverst\u00e4rker f\u00fcr Smartphones, der die Gletscherforschung unterst\u00fctzt und VAIA-Holz wiederverwendet. VAIA Focus Smartphone-Bildschirmvergr\u00f6\u00dferer.\" \/>\n<meta property=\"og:url\" content=\"https:\/\/www.vaia.eu\/de\/produkt\/vaia-focus\/\" \/>\n<meta property=\"og:site_name\" content=\"VAIA\" \/>\n<meta property=\"article:publisher\" content=\"https:\/\/www.facebook.com\/therealvaia\/\" \/>\n<meta property=\"article:modified_time\" content=\"2025-11-25T09:12:49+00:00\" \/>\n<meta property=\"og:image\" content=\"https:\/\/www.vaia.eu\/wp-content\/uploads\/2022\/12\/PRINCIPALE-1000x1000_scheda-prodotto-FOCUS.jpg\" \/>\n\t<meta property=\"og:image:width\" content=\"1000\" \/>\n\t<meta property=\"og:image:height\" content=\"1000\" \/>\n\t<meta property=\"og:image:type\" content=\"image\/jpeg\" \/>\n<meta name=\"twitter:card\" content=\"summary_large_image\" \/>\n<meta name=\"twitter:label1\" content=\"Preis\" \/>\n\t<meta name=\"twitter:data1\" content=\"87,00&nbsp;&euro;\" \/>\n\t<meta name=\"twitter:label2\" content=\"Verf\u00fcgbarkeit\" \/>\n\t<meta name=\"twitter:data2\" content=\"ausverkauft\" \/>\n<script type=\"application\/ld+json\" class=\"yoast-schema-graph\">{\"@context\":\"https:\\\/\\\/schema.org\",\"@graph\":[{\"@type\":\"WebPage\",\"@id\":\"https:\\\/\\\/www.vaia.eu\\\/de\\\/produkt\\\/vaia-focus\\\/\",\"url\":\"https:\\\/\\\/www.vaia.eu\\\/de\\\/produkt\\\/vaia-focus\\\/\",\"name\":\"VAIA Focus | Smartphone-Bildschirmverst\u00e4rker | VAIA Store\",\"isPartOf\":{\"@id\":\"https:\\\/\\\/www.vaia.eu\\\/#website\"},\"primaryImageOfPage\":{\"@id\":\"https:\\\/\\\/www.vaia.eu\\\/de\\\/produkt\\\/vaia-focus\\\/#primaryimage\"},\"image\":{\"@id\":\"https:\\\/\\\/www.vaia.eu\\\/de\\\/produkt\\\/vaia-focus\\\/#primaryimage\"},\"thumbnailUrl\":\"https:\\\/\\\/www.vaia.eu\\\/wp-content\\\/uploads\\\/2022\\\/12\\\/PRINCIPALE-1000x1000_scheda-prodotto-FOCUS.jpg\",\"datePublished\":\"2022-12-12T15:54:50+00:00\",\"dateModified\":\"2025-11-25T09:12:49+00:00\",\"description\":\"Bildschirmverst\u00e4rker f\u00fcr Smartphones, der die Gletscherforschung unterst\u00fctzt und VAIA-Holz wiederverwendet. VAIA Focus Smartphone-Bildschirmvergr\u00f6\u00dferer.\",\"breadcrumb\":{\"@id\":\"https:\\\/\\\/www.vaia.eu\\\/de\\\/produkt\\\/vaia-focus\\\/#breadcrumb\"},\"inLanguage\":\"de\",\"potentialAction\":[{\"@type\":\"ReadAction\",\"target\":[\"https:\\\/\\\/www.vaia.eu\\\/de\\\/produkt\\\/vaia-focus\\\/\"]}]},{\"@type\":\"ImageObject\",\"inLanguage\":\"de\",\"@id\":\"https:\\\/\\\/www.vaia.eu\\\/de\\\/produkt\\\/vaia-focus\\\/#primaryimage\",\"url\":\"https:\\\/\\\/www.vaia.eu\\\/wp-content\\\/uploads\\\/2022\\\/12\\\/PRINCIPALE-1000x1000_scheda-prodotto-FOCUS.jpg\",\"contentUrl\":\"https:\\\/\\\/www.vaia.eu\\\/wp-content\\\/uploads\\\/2022\\\/12\\\/PRINCIPALE-1000x1000_scheda-prodotto-FOCUS.jpg\",\"width\":1000,\"height\":1000},{\"@type\":\"BreadcrumbList\",\"@id\":\"https:\\\/\\\/www.vaia.eu\\\/de\\\/produkt\\\/vaia-focus\\\/#breadcrumb\",\"itemListElement\":[{\"@type\":\"ListItem\",\"position\":1,\"name\":\"Home\",\"item\":\"https:\\\/\\\/www.vaia.eu\\\/de\\\/\"},{\"@type\":\"ListItem\",\"position\":2,\"name\":\"VAIA Focus\"}]},{\"@type\":\"WebSite\",\"@id\":\"https:\\\/\\\/www.vaia.eu\\\/#website\",\"url\":\"https:\\\/\\\/www.vaia.eu\\\/\",\"name\":\"VAIA - Face what matters\",\"description\":\"Face What Matters\",\"publisher\":{\"@id\":\"https:\\\/\\\/www.vaia.eu\\\/#organization\"},\"potentialAction\":[{\"@type\":\"SearchAction\",\"target\":{\"@type\":\"EntryPoint\",\"urlTemplate\":\"https:\\\/\\\/www.vaia.eu\\\/?s={search_term_string}\"},\"query-input\":{\"@type\":\"PropertyValueSpecification\",\"valueRequired\":true,\"valueName\":\"search_term_string\"}}],\"inLanguage\":\"de\"},{\"@type\":\"Organization\",\"@id\":\"https:\\\/\\\/www.vaia.eu\\\/#organization\",\"name\":\"VAIA\",\"url\":\"https:\\\/\\\/www.vaia.eu\\\/\",\"logo\":{\"@type\":\"ImageObject\",\"inLanguage\":\"de\",\"@id\":\"https:\\\/\\\/www.vaia.eu\\\/#\\\/schema\\\/logo\\\/image\\\/\",\"url\":\"https:\\\/\\\/www.vaia.eu\\\/wp-content\\\/uploads\\\/2023\\\/12\\\/logo-vaia.svg\",\"contentUrl\":\"https:\\\/\\\/www.vaia.eu\\\/wp-content\\\/uploads\\\/2023\\\/12\\\/logo-vaia.svg\",\"width\":1000,\"height\":1000,\"caption\":\"VAIA\"},\"image\":{\"@id\":\"https:\\\/\\\/www.vaia.eu\\\/#\\\/schema\\\/logo\\\/image\\\/\"},\"sameAs\":[\"https:\\\/\\\/www.facebook.com\\\/therealvaia\\\/\",\"https:\\\/\\\/www.instagram.com\\\/therealvaia\\\/\",\"https:\\\/\\\/www.linkedin.com\\\/company\\\/vaiasrl\\\/\",\"https:\\\/\\\/www.youtube.com\\\/channel\\\/UCPtTJEh97yiEMm-vE_Ux3Aw\"]}]}<\/script>\n<meta property=\"product:price:amount\" content=\"87.00\" \/>\n<meta property=\"product:price:currency\" content=\"EUR\" \/>\n<meta property=\"og:availability\" content=\"out of stock\" \/>\n<meta property=\"product:availability\" content=\"out of stock\" \/>\n<meta property=\"product:retailer_item_id\" content=\"VF\" \/>\n<meta property=\"product:condition\" content=\"new\" \/>\n<!-- \/ Yoast SEO plugin. -->","yoast_head_json":{"title":"VAIA Focus | Smartphone-Bildschirmverst\u00e4rker | VAIA Store","description":"Bildschirmverst\u00e4rker f\u00fcr Smartphones, der die Gletscherforschung unterst\u00fctzt und VAIA-Holz wiederverwendet. VAIA Focus Smartphone-Bildschirmvergr\u00f6\u00dferer.","robots":{"index":"index","follow":"follow","max-snippet":"max-snippet:-1","max-image-preview":"max-image-preview:large","max-video-preview":"max-video-preview:-1"},"canonical":"https:\/\/www.vaia.eu\/de\/produkt\/vaia-focus\/","og_locale":"de_DE","og_type":"article","og_title":"VAIA Focus | Smartphone-Bildschirmverst\u00e4rker | VAIA Store","og_description":"Bildschirmverst\u00e4rker f\u00fcr Smartphones, der die Gletscherforschung unterst\u00fctzt und VAIA-Holz wiederverwendet. VAIA Focus Smartphone-Bildschirmvergr\u00f6\u00dferer.","og_url":"https:\/\/www.vaia.eu\/de\/produkt\/vaia-focus\/","og_site_name":"VAIA","article_publisher":"https:\/\/www.facebook.com\/therealvaia\/","article_modified_time":"2025-11-25T09:12:49+00:00","og_image":[{"width":1000,"height":1000,"url":"https:\/\/www.vaia.eu\/wp-content\/uploads\/2022\/12\/PRINCIPALE-1000x1000_scheda-prodotto-FOCUS.jpg","type":"image\/jpeg"}],"twitter_card":"summary_large_image","twitter_misc":{"Preis":"87,00&nbsp;&euro;","Verf\u00fcgbarkeit":"ausverkauft"},"schema":{"@context":"https:\/\/schema.org","@graph":[{"@type":"WebPage","@id":"https:\/\/www.vaia.eu\/de\/produkt\/vaia-focus\/","url":"https:\/\/www.vaia.eu\/de\/produkt\/vaia-focus\/","name":"VAIA Focus | Smartphone-Bildschirmverst\u00e4rker | VAIA Store","isPartOf":{"@id":"https:\/\/www.vaia.eu\/#website"},"primaryImageOfPage":{"@id":"https:\/\/www.vaia.eu\/de\/produkt\/vaia-focus\/#primaryimage"},"image":{"@id":"https:\/\/www.vaia.eu\/de\/produkt\/vaia-focus\/#primaryimage"},"thumbnailUrl":"https:\/\/www.vaia.eu\/wp-content\/uploads\/2022\/12\/PRINCIPALE-1000x1000_scheda-prodotto-FOCUS.jpg","datePublished":"2022-12-12T15:54:50+00:00","dateModified":"2025-11-25T09:12:49+00:00","description":"Bildschirmverst\u00e4rker f\u00fcr Smartphones, der die Gletscherforschung unterst\u00fctzt und VAIA-Holz wiederverwendet. VAIA Focus Smartphone-Bildschirmvergr\u00f6\u00dferer.","breadcrumb":{"@id":"https:\/\/www.vaia.eu\/de\/produkt\/vaia-focus\/#breadcrumb"},"inLanguage":"de","potentialAction":[{"@type":"ReadAction","target":["https:\/\/www.vaia.eu\/de\/produkt\/vaia-focus\/"]}]},{"@type":"ImageObject","inLanguage":"de","@id":"https:\/\/www.vaia.eu\/de\/produkt\/vaia-focus\/#primaryimage","url":"https:\/\/www.vaia.eu\/wp-content\/uploads\/2022\/12\/PRINCIPALE-1000x1000_scheda-prodotto-FOCUS.jpg","contentUrl":"https:\/\/www.vaia.eu\/wp-content\/uploads\/2022\/12\/PRINCIPALE-1000x1000_scheda-prodotto-FOCUS.jpg","width":1000,"height":1000},{"@type":"BreadcrumbList","@id":"https:\/\/www.vaia.eu\/de\/produkt\/vaia-focus\/#breadcrumb","itemListElement":[{"@type":"ListItem","position":1,"name":"Home","item":"https:\/\/www.vaia.eu\/de\/"},{"@type":"ListItem","position":2,"name":"VAIA Focus"}]},{"@type":"WebSite","@id":"https:\/\/www.vaia.eu\/#website","url":"https:\/\/www.vaia.eu\/","name":"VAIA - Face what matters","description":"Face What Matters","publisher":{"@id":"https:\/\/www.vaia.eu\/#organization"},"potentialAction":[{"@type":"SearchAction","target":{"@type":"EntryPoint","urlTemplate":"https:\/\/www.vaia.eu\/?s={search_term_string}"},"query-input":{"@type":"PropertyValueSpecification","valueRequired":true,"valueName":"search_term_string"}}],"inLanguage":"de"},{"@type":"Organization","@id":"https:\/\/www.vaia.eu\/#organization","name":"VAIA","url":"https:\/\/www.vaia.eu\/","logo":{"@type":"ImageObject","inLanguage":"de","@id":"https:\/\/www.vaia.eu\/#\/schema\/logo\/image\/","url":"https:\/\/www.vaia.eu\/wp-content\/uploads\/2023\/12\/logo-vaia.svg","contentUrl":"https:\/\/www.vaia.eu\/wp-content\/uploads\/2023\/12\/logo-vaia.svg","width":1000,"height":1000,"caption":"VAIA"},"image":{"@id":"https:\/\/www.vaia.eu\/#\/schema\/logo\/image\/"},"sameAs":["https:\/\/www.facebook.com\/therealvaia\/","https:\/\/www.instagram.com\/therealvaia\/","https:\/\/www.linkedin.com\/company\/vaiasrl\/","https:\/\/www.youtube.com\/channel\/UCPtTJEh97yiEMm-vE_Ux3Aw"]}]},"product_price_amount":"87.00","product_price_currency":"EUR","og_availability":"out of stock","product_availability":"out of stock","product_retailer_item_id":"VF","product_condition":"new"},"_links":{"self":[{"href":"https:\/\/www.vaia.eu\/de\/wp-json\/wp\/v2\/product\/4155","targetHints":{"allow":["GET"]}}],"collection":[{"href":"https:\/\/www.vaia.eu\/de\/wp-json\/wp\/v2\/product"}],"about":[{"href":"https:\/\/www.vaia.eu\/de\/wp-json\/wp\/v2\/types\/product"}],"wp:featuredmedia":[{"embeddable":true,"href":"https:\/\/www.vaia.eu\/de\/wp-json\/wp\/v2\/media\/3139"}],"wp:attachment":[{"href":"https:\/\/www.vaia.eu\/de\/wp-json\/wp\/v2\/media?parent=4155"}],"wp:term":[{"taxonomy":"product_brand","embeddable":true,"href":"https:\/\/www.vaia.eu\/de\/wp-json\/wp\/v2\/product_brand?post=4155"},{"taxonomy":"product_cat","embeddable":true,"href":"https:\/\/www.vaia.eu\/de\/wp-json\/wp\/v2\/product_cat?post=4155"},{"taxonomy":"product_tag","embeddable":true,"href":"https:\/\/www.vaia.eu\/de\/wp-json\/wp\/v2\/product_tag?post=4155"}],"curies":[{"name":"wp","href":"https:\/\/api.w.org\/{rel}","templated":true}]}}