{"id":54896,"date":"2026-03-26T08:44:02","date_gmt":"2026-03-26T07:44:02","guid":{"rendered":"https:\/\/www.vaia.eu\/?post_type=product&#038;p=54896"},"modified":"2026-04-13T09:40:33","modified_gmt":"2026-04-13T07:40:33","slug":"vaia-cube-essential-aria","status":"publish","type":"product","link":"https:\/\/www.vaia.eu\/de\/produkt\/vaia-cube-essential-aria\/","title":{"rendered":"VAIA Cube Essential Aria"},"content":{"rendered":"<div class=\"video-area-home\"  style=\"background:url(https:\/\/www.vaia.eu\/wp-content\/uploads\/2026\/03\/DSC0889-scaled.jpg) no-repeat left center; background-size:cover;\" >\n    <div class=\"video-container\">\n                    <span class=\"video-title video-title-color-lightyellow\">VAIA Cube Essential Aria<\/span>\n            \n        \n            <a href=\"https:\/\/www.youtube.com\/watch?v=85WudN0PURQ\" class=\"button swipebox  button-secondary \" data-rel=\"lightbox-image-0\" title=\"PLAY VIDEO\">\n                PLAY VIDEO            <\/a>\n\n                <\/div>\n\n<\/div>\n\n\n\n<div style=\"height:30px\" aria-hidden=\"true\" class=\"wp-block-spacer\"><\/div>\n\n\n<div class=\"title-vertical-band  bgcolor-green  alignment-title-right \">\n    <div class=\"component-container\">\n                    <div class=\"title-container\"><span class=\"title-1  titlesize-large  titlecolor-yellow \">\/\/ ATME NEUE LUFT<\/span><\/div>\n                                <div class=\"subtitle  subtitlesize-medium  subtitlecolor-lightyellow \"><p>Es gibt Momente, in denen sich alles vereinfacht. Wenn <strong>du oben ankommst, anh\u00e4ltst und atmest<\/strong>. Die Luft ist frischer, sauberer, echter. Der VAIA Cube Essential Aria ist aus diesem Gef\u00fchl entstanden: ein Objekt in deinen Alltag zu bringen, das dich daran erinnert, was wirklich z\u00e4hlt.<\/p>\n<\/div>\n                <\/div>\n\n<\/div>\n\n\n\n<figure class=\"wp-block-image size-large nomargin-full\"><img loading=\"lazy\" decoding=\"async\" width=\"1024\" height=\"544\" src=\"https:\/\/www.vaia.eu\/wp-content\/uploads\/2026\/03\/Untitled-design-1024x544.jpg\" alt=\"\" class=\"wp-image-55203\" srcset=\"https:\/\/www.vaia.eu\/wp-content\/uploads\/2026\/03\/Untitled-design-1024x544.jpg 1024w, https:\/\/www.vaia.eu\/wp-content\/uploads\/2026\/03\/Untitled-design-300x159.jpg 300w, https:\/\/www.vaia.eu\/wp-content\/uploads\/2026\/03\/Untitled-design-768x408.jpg 768w, https:\/\/www.vaia.eu\/wp-content\/uploads\/2026\/03\/Untitled-design-599x318.jpg 599w, https:\/\/www.vaia.eu\/wp-content\/uploads\/2026\/03\/Untitled-design.jpg 1280w\" sizes=\"auto, (max-width: 1024px) 100vw, 1024px\" \/><\/figure>\n\n\n\n<div style=\"height:100px\" aria-hidden=\"true\" class=\"wp-block-spacer\"><\/div>\n\n\n\n<div class=\"title-subtitle-cta-band  bgcolor-transparent \">\n    <div class=\"component-container\">\n        <div class=\" display-block \">\n                        <span class=\"title-1  titlesize-small  titlecolor-green \">\/\/ LEICHTIGKEIT F\u00dcR DEINE R\u00c4UME<\/span>\n                \n            \n        <\/div>\n\n\n        \n        <div class=\"grid-subtitle\">\n        \n\n            \n                    <div class=\"subtitle  subtitlesize-small  subtitlecolor-darkgreen \"><p dir=\"auto\" style=\"text-align: left;\">Der VAIA Cube Essential Aria l\u00e4sst sich von Licht und Leichtigkeit inspirieren und integriert sich in R\u00e4ume, ohne sie zu \u00fcberw\u00e4ltigen.<\/p>\n<p dir=\"auto\" style=\"text-align: left;\">Er ist f\u00fcr Menschen gedacht, die weniger L\u00e4rm und mehr Pr\u00e4senz suchen, f\u00fcr die, die verlangsamen wollen \u2013 und sei es nur f\u00fcr ein paar Minuten. Die Farbe ist von den <strong>hellsten T\u00f6nen der Natur inspiriert<\/strong>: hohe Wolken, beleuchteter Schnee, \u00e4therischer Himmel. Es ist nicht einfach nur ein Wei\u00df, sondern eine dezente Pr\u00e4senz, die Licht und Ruhe in jede Umgebung bringt.<\/p>\n<\/div>\n            \n            \n            <\/div>\n                \n        \n    <\/div>\n<\/div>\n\n\n\n<div style=\"height:100px\" aria-hidden=\"true\" class=\"wp-block-spacer\"><\/div>\n\n\n\n<figure class=\"wp-block-image size-large nomargin-full\"><img loading=\"lazy\" decoding=\"async\" width=\"1024\" height=\"544\" src=\"https:\/\/www.vaia.eu\/wp-content\/uploads\/2026\/03\/Progetto-senza-titolo-3-1024x544.jpg\" alt=\"\" class=\"wp-image-55022\" srcset=\"https:\/\/www.vaia.eu\/wp-content\/uploads\/2026\/03\/Progetto-senza-titolo-3-1024x544.jpg 1024w, https:\/\/www.vaia.eu\/wp-content\/uploads\/2026\/03\/Progetto-senza-titolo-3-300x159.jpg 300w, https:\/\/www.vaia.eu\/wp-content\/uploads\/2026\/03\/Progetto-senza-titolo-3-768x408.jpg 768w, https:\/\/www.vaia.eu\/wp-content\/uploads\/2026\/03\/Progetto-senza-titolo-3-599x318.jpg 599w, https:\/\/www.vaia.eu\/wp-content\/uploads\/2026\/03\/Progetto-senza-titolo-3.jpg 1280w\" sizes=\"auto, (max-width: 1024px) 100vw, 1024px\" \/><\/figure>\n\n\n<div class=\"title-vertical-band  bgcolor-green  alignment-title-right \">\n    <div class=\"component-container\">\n                    <div class=\"title-container\"><span class=\"title-1  titlesize-large  titlecolor-yellow \">\/\/ WESENTLICHE DETAILS<\/span><\/div>\n                                <div class=\"subtitle  subtitlesize-medium  subtitlecolor-lightyellow \"><p dir=\"auto\">Der Schlitz f\u00fcr das <strong>Smartphone wurde um 3 mm verbreitert<\/strong>. Ein fast unsichtbares Detail, das die Nutzung jedoch angenehmer und universeller macht.<\/p>\n<p dir=\"auto\">Das VAIA-Logo ist frontal positioniert. <strong>Immer sichtbar, immer pr\u00e4sent<\/strong>. Eine kleine Erinnerung bei jedem H\u00f6ren: Du bist Teil von etwas Gr\u00f6\u00dferem.<\/p>\n<\/div>\n                <\/div>\n\n<\/div>\n\n\n\n<figure class=\"wp-block-image size-large nomargin-full\"><img loading=\"lazy\" decoding=\"async\" width=\"1024\" height=\"680\" src=\"https:\/\/www.vaia.eu\/wp-content\/uploads\/2026\/03\/DSC0824-1024x680.jpg\" alt=\"\" class=\"wp-image-55034\" srcset=\"https:\/\/www.vaia.eu\/wp-content\/uploads\/2026\/03\/DSC0824-1024x680.jpg 1024w, https:\/\/www.vaia.eu\/wp-content\/uploads\/2026\/03\/DSC0824-300x199.jpg 300w, https:\/\/www.vaia.eu\/wp-content\/uploads\/2026\/03\/DSC0824-768x510.jpg 768w, https:\/\/www.vaia.eu\/wp-content\/uploads\/2026\/03\/DSC0824-1536x1020.jpg 1536w, https:\/\/www.vaia.eu\/wp-content\/uploads\/2026\/03\/DSC0824-2048x1360.jpg 2048w, https:\/\/www.vaia.eu\/wp-content\/uploads\/2026\/03\/DSC0824-599x398.jpg 599w\" sizes=\"auto, (max-width: 1024px) 100vw, 1024px\" \/><\/figure>\n\n\n\n<div style=\"height:100px\" aria-hidden=\"true\" class=\"wp-block-spacer\"><\/div>\n\n\n\n<div class=\"title-subtitle-cta-band  bgcolor-transparent \">\n    <div class=\"component-container\">\n        <div class=\" display-block \">\n                        <span class=\"title-1  titlesize-small  titlecolor-green \">\/\/ DIE URSPR\u00dcNGE DES VAIA CUBE<\/span>\n                \n            \n        <\/div>\n\n\n        \n        <div class=\"grid-subtitle\">\n        \n\n            \n                    <div class=\"subtitle  subtitlesize-small  subtitlecolor-darkgreen \"><p dir=\"auto\" style=\"text-align: left;\">Ein nat\u00fcrlicher Verst\u00e4rker aus dem Holz von B\u00e4umen, die vom Sturm Vaia gef\u00e4llt wurden (Dolomiten, 2018). Kein St\u00fcck gleicht dem anderen, denn jeder Axthieb des Handwerkers erzeugt eine Spaltung, die den nat\u00fcrlichen Maserungen des Holzes folgt und so die Wunde der W\u00e4lder wachruft. Wenn du dich f\u00fcr ein VAIA Cube Modell entscheidest, kaufst du nicht nur einen einfachen Gegenstand, sondern ein St\u00fcck eines Waldes, der dank deiner Wahl wieder auferstehen kann.<\/p>\n<\/div>\n            \n            \n            <\/div>\n                \n        \n    <\/div>\n<\/div>\n\n\n\n<div style=\"height:100px\" aria-hidden=\"true\" class=\"wp-block-spacer\"><\/div>\n\n\n\n<div class=\"title-subtitle-cta-band  bgcolor-transparent \">\n    <div class=\"component-container\">\n        <div class=\" display-block \">\n                        <span class=\"title-1  titlesize-medium  titlecolor-darkgreen \">Entdecke die VAIA Cube Modelle<\/span>\n                \n            \n        <\/div>\n\n\n        \n\n            \n        \n            \n        \n    <\/div>\n<\/div>\n\n\n<div class=\"images-slider images-slider-bg-yellow\">\n    <div class=\"images-slider-container\">\n        \n        <div class=\"images-slider__row\">\n                            <div class=\"images-slider__single\" aria-hidden=\"false\">\n                    <div class=\"images-slider__single-contents\">\n                        <img data-flickity-lazyload=\"https:\/\/www.vaia.eu\/wp-content\/uploads\/2022\/11\/665x755_IMPERFETTO.jpg\" class=\"skip-lazy\" alt=\"slider image\" width=\"400\" height=\"600\" \/>\n                                                    <span class=\"thetitle thetitle--color-lightyellow\">DIE SCH\u00d6NHEIT DER EINZIGARTIGKEIT<\/span>\n                                                                            <a class=\"button\" href=\"\/prodotto\/vaia-cube-imperfetto\/\" title=\"ENTDECKE DEN VAIA CUBE imperfetto\">ENTDECKE DEN VAIA CUBE imperfetto<\/a>\n                                            <\/div>\n\n                <\/div>\n                            <div class=\"images-slider__single\" aria-hidden=\"false\">\n                    <div class=\"images-slider__single-contents\">\n                        <img data-flickity-lazyload=\"https:\/\/www.vaia.eu\/wp-content\/uploads\/2022\/11\/665x755_JOY-2-1.jpg\" class=\"skip-lazy\" alt=\"slider image\" width=\"400\" height=\"600\" \/>\n                                                    <span class=\"thetitle thetitle--color-lightyellow\">DIE ENERGIE DER FARBEN<\/span>\n                                                                            <a class=\"button\" href=\"\/prodotto\/vaia-cube-joy\/\" title=\"ENTDECKE DEN VAIA CUBE JOY \">ENTDECKE DEN VAIA CUBE JOY <\/a>\n                                            <\/div>\n\n                <\/div>\n                            <div class=\"images-slider__single\" aria-hidden=\"false\">\n                    <div class=\"images-slider__single-contents\">\n                        <img data-flickity-lazyload=\"https:\/\/www.vaia.eu\/wp-content\/uploads\/2022\/11\/665x755_CUBE.jpg\" class=\"skip-lazy\" alt=\"slider image\" width=\"400\" height=\"600\" \/>\n                                                    <span class=\"thetitle thetitle--color-lightyellow\">VESTARKT DIE WIEDERGEBURT<\/span>\n                                                                            <a class=\"button\" href=\"https:\/\/www.vaia.eu\/de\/produkt\/vaia-cube\/\" title=\"ENTDECKE DEN VAIA CUBE\">ENTDECKE DEN VAIA CUBE<\/a>\n                                            <\/div>\n\n                <\/div>\n            \n        <\/div>\n        <span class=\"image-slider-symbol symbol-darkgreen\">\/\/<\/span>\n    <\/div>\n\n<\/div>\n\n\n\n<div class=\"title-content-cta-band  bgcolor-darkgreen \">\n    <div class=\"component-container\">\n\n        <span class=\"title-1\">Unser Ziel<\/span>\n\n                        <div class=\"grid-cols\">\n                                                <img loading=\"lazy\" decoding=\"async\" width=\"400\" height=\"400\" src=\"https:\/\/www.vaia.eu\/wp-content\/uploads\/2023\/08\/DSC5789-1-1.png\" alt=\"_DSC5789 1\">\n                        \n            <div class=\"content\">\n                                    <div class=\"testo\"><p><div class=\"progress\">\n                  <div class=\"progress__bar\" style=\"width:75%;\">75%<\/div>\n                <\/div>\n                <style>\n                @keyframes fill-bar {\n                    from {width: 0%;}\n                    to {width: 75%;}\n                }\n                <\/style>Wir haben derzeit 200.000 B\u00e4ume in den Dolomiten gepflanzt: Begleiten Sie uns, um dieses Ziel zu erreichen<\/p>\n<\/div>\n                \n                                    <span class=\"bignumber\">250.000<\/span>\n                            <\/div>\n        <\/div>\n        \n        \n    <\/div>\n<\/div>\n\n\n\n<h3 class=\"wp-block-heading\">TECHNISCHE DATEN | VAIA Cube<\/h3>\n\n\n\n<ul class=\"wp-block-list\">\n<li>Dimensionen: 10 x 10 x 10 cm&nbsp;<\/li>\n\n\n\n<li>Gr\u00f6\u00dfe des Telefonsteckplatzes: 8,6 x 1,5 cm&nbsp;<\/li>\n\n\n\n<li>Kompatibel mit fast allen derzeit auf dem Markt erh\u00e4ltlichen Smartphones, auch mit H\u00fcllen im unteren Bereich. Nur besonders dicke H\u00fcllen k\u00f6nnen das korrekte Einsetzen verhindern: Bitte messen Sie die Dicke des Smartphones einschlie\u00dflich der H\u00fclle und stellen Sie sicher, dass sie nicht mehr als 12 mm betr\u00e4gt. <\/li>\n<\/ul>\n\n\n<div class=\"fascia-spedizione-shop\">\n    <div class=\"fascia-spedizione-shop__inner\">\n        <span class=\"title-spedizione\"><\/span>\n        <div class=\"testo\"><p dir=\"auto\">Dies ist ein Pre-Order: Der Versand beginnt am 13. April<\/p>\n<\/div>\n    <\/div>\n<\/div>\n","protected":false},"excerpt":{"rendered":"<div class=\"product-description\">\n<p dir=\"auto\">Es ist nicht nur ein neuer Cube in unserer Kollektion. Es ist eine Einladung zum Atmen, zum Verlangsamen und zur R\u00fcckkehr zum Wesentlichen.<\/p>\n<\/div>\n","protected":false},"featured_media":55146,"template":"","meta":{"_acf_changed":true,"_crdt_document":"","content-type":""},"product_brand":[],"product_cat":[90],"product_tag":[],"class_list":{"0":"post-54896","1":"product","2":"type-product","3":"status-publish","4":"has-post-thumbnail","6":"product_cat-vaia-cube-de","8":"first","9":"instock","10":"shipping-taxable","11":"purchasable","12":"product-type-simple"},"acf":[],"yoast_head":"<!-- This site is optimized with the Yoast SEO plugin v27.4 - https:\/\/yoast.com\/product\/yoast-seo-wordpress\/ -->\n<title>VAIA Cube Essential Aria | Akustischer Verst\u00e4rker f\u00fcr Smartphones<\/title>\n<meta name=\"description\" content=\"Nat\u00fcrlicher Verst\u00e4rker f\u00fcr Smartphones, hergestellt aus dem Holz der vom Vaia-Sturm gef\u00e4llten B\u00e4ume. 1 Cube = 1 Baum, der in den Dolomiten gepflanzt wird.\" \/>\n<meta name=\"robots\" content=\"index, follow, max-snippet:-1, max-image-preview:large, max-video-preview:-1\" \/>\n<link rel=\"canonical\" href=\"https:\/\/www.vaia.eu\/de\/produkt\/vaia-cube-essential-aria\/\" \/>\n<meta property=\"og:locale\" content=\"de_DE\" \/>\n<meta property=\"og:type\" content=\"article\" \/>\n<meta property=\"og:title\" content=\"VAIA Cube Essential Aria | Akustischer Verst\u00e4rker f\u00fcr Smartphones\" \/>\n<meta property=\"og:description\" content=\"Nat\u00fcrlicher Verst\u00e4rker f\u00fcr Smartphones, hergestellt aus dem Holz der vom Vaia-Sturm gef\u00e4llten B\u00e4ume. 1 Cube = 1 Baum, der in den Dolomiten gepflanzt wird.\" \/>\n<meta property=\"og:url\" content=\"https:\/\/www.vaia.eu\/de\/produkt\/vaia-cube-essential-aria\/\" \/>\n<meta property=\"og:site_name\" content=\"VAIA\" \/>\n<meta property=\"article:publisher\" content=\"https:\/\/www.facebook.com\/therealvaia\/\" \/>\n<meta property=\"article:modified_time\" content=\"2026-04-13T07:40:33+00:00\" \/>\n<meta property=\"og:image\" content=\"https:\/\/www.vaia.eu\/wp-content\/uploads\/2026\/03\/Untitled-design-6.jpg\" \/>\n\t<meta property=\"og:image:width\" content=\"600\" \/>\n\t<meta property=\"og:image:height\" content=\"600\" \/>\n\t<meta property=\"og:image:type\" content=\"image\/jpeg\" \/>\n<meta name=\"twitter:card\" content=\"summary_large_image\" \/>\n<meta name=\"twitter:label1\" content=\"Preis\" \/>\n\t<meta name=\"twitter:data1\" content=\"89,00&nbsp;&euro;\" \/>\n\t<meta name=\"twitter:label2\" content=\"Verf\u00fcgbarkeit\" \/>\n\t<meta name=\"twitter:data2\" content=\"Auf Lager\" \/>\n<script type=\"application\/ld+json\" class=\"yoast-schema-graph\">{\"@context\":\"https:\\\/\\\/schema.org\",\"@graph\":[{\"@type\":\"WebPage\",\"@id\":\"https:\\\/\\\/www.vaia.eu\\\/de\\\/produkt\\\/vaia-cube-essential-aria\\\/\",\"url\":\"https:\\\/\\\/www.vaia.eu\\\/de\\\/produkt\\\/vaia-cube-essential-aria\\\/\",\"name\":\"VAIA Cube Essential Aria | Akustischer Verst\u00e4rker f\u00fcr Smartphones\",\"isPartOf\":{\"@id\":\"https:\\\/\\\/www.vaia.eu\\\/#website\"},\"primaryImageOfPage\":{\"@id\":\"https:\\\/\\\/www.vaia.eu\\\/de\\\/produkt\\\/vaia-cube-essential-aria\\\/#primaryimage\"},\"image\":{\"@id\":\"https:\\\/\\\/www.vaia.eu\\\/de\\\/produkt\\\/vaia-cube-essential-aria\\\/#primaryimage\"},\"thumbnailUrl\":\"https:\\\/\\\/www.vaia.eu\\\/wp-content\\\/uploads\\\/2026\\\/03\\\/Untitled-design-6.jpg\",\"datePublished\":\"2026-03-26T07:44:02+00:00\",\"dateModified\":\"2026-04-13T07:40:33+00:00\",\"description\":\"Nat\u00fcrlicher Verst\u00e4rker f\u00fcr Smartphones, hergestellt aus dem Holz der vom Vaia-Sturm gef\u00e4llten B\u00e4ume. 1 Cube = 1 Baum, der in den Dolomiten gepflanzt wird.\",\"breadcrumb\":{\"@id\":\"https:\\\/\\\/www.vaia.eu\\\/de\\\/produkt\\\/vaia-cube-essential-aria\\\/#breadcrumb\"},\"inLanguage\":\"de\",\"potentialAction\":[{\"@type\":\"ReadAction\",\"target\":[\"https:\\\/\\\/www.vaia.eu\\\/de\\\/produkt\\\/vaia-cube-essential-aria\\\/\"]}]},{\"@type\":\"ImageObject\",\"inLanguage\":\"de\",\"@id\":\"https:\\\/\\\/www.vaia.eu\\\/de\\\/produkt\\\/vaia-cube-essential-aria\\\/#primaryimage\",\"url\":\"https:\\\/\\\/www.vaia.eu\\\/wp-content\\\/uploads\\\/2026\\\/03\\\/Untitled-design-6.jpg\",\"contentUrl\":\"https:\\\/\\\/www.vaia.eu\\\/wp-content\\\/uploads\\\/2026\\\/03\\\/Untitled-design-6.jpg\",\"width\":600,\"height\":600},{\"@type\":\"BreadcrumbList\",\"@id\":\"https:\\\/\\\/www.vaia.eu\\\/de\\\/produkt\\\/vaia-cube-essential-aria\\\/#breadcrumb\",\"itemListElement\":[{\"@type\":\"ListItem\",\"position\":1,\"name\":\"Home\",\"item\":\"https:\\\/\\\/www.vaia.eu\\\/de\\\/\"},{\"@type\":\"ListItem\",\"position\":2,\"name\":\"VAIA Cube Essential Aria\"}]},{\"@type\":\"WebSite\",\"@id\":\"https:\\\/\\\/www.vaia.eu\\\/#website\",\"url\":\"https:\\\/\\\/www.vaia.eu\\\/\",\"name\":\"VAIA - Face what matters\",\"description\":\"Face What Matters\",\"publisher\":{\"@id\":\"https:\\\/\\\/www.vaia.eu\\\/#organization\"},\"potentialAction\":[{\"@type\":\"SearchAction\",\"target\":{\"@type\":\"EntryPoint\",\"urlTemplate\":\"https:\\\/\\\/www.vaia.eu\\\/?s={search_term_string}\"},\"query-input\":{\"@type\":\"PropertyValueSpecification\",\"valueRequired\":true,\"valueName\":\"search_term_string\"}}],\"inLanguage\":\"de\"},{\"@type\":\"Organization\",\"@id\":\"https:\\\/\\\/www.vaia.eu\\\/#organization\",\"name\":\"VAIA\",\"url\":\"https:\\\/\\\/www.vaia.eu\\\/\",\"logo\":{\"@type\":\"ImageObject\",\"inLanguage\":\"de\",\"@id\":\"https:\\\/\\\/www.vaia.eu\\\/#\\\/schema\\\/logo\\\/image\\\/\",\"url\":\"https:\\\/\\\/www.vaia.eu\\\/wp-content\\\/uploads\\\/2023\\\/12\\\/logo-vaia.svg\",\"contentUrl\":\"https:\\\/\\\/www.vaia.eu\\\/wp-content\\\/uploads\\\/2023\\\/12\\\/logo-vaia.svg\",\"width\":1000,\"height\":1000,\"caption\":\"VAIA\"},\"image\":{\"@id\":\"https:\\\/\\\/www.vaia.eu\\\/#\\\/schema\\\/logo\\\/image\\\/\"},\"sameAs\":[\"https:\\\/\\\/www.facebook.com\\\/therealvaia\\\/\",\"https:\\\/\\\/www.instagram.com\\\/therealvaia\\\/\",\"https:\\\/\\\/www.linkedin.com\\\/company\\\/vaiasrl\\\/\",\"https:\\\/\\\/www.youtube.com\\\/channel\\\/UCPtTJEh97yiEMm-vE_Ux3Aw\"]}]}<\/script>\n<meta property=\"product:price:amount\" content=\"89.00\" \/>\n<meta property=\"product:price:currency\" content=\"EUR\" \/>\n<meta property=\"og:availability\" content=\"instock\" \/>\n<meta property=\"product:availability\" content=\"instock\" \/>\n<meta property=\"product:retailer_item_id\" content=\"EA\" \/>\n<meta property=\"product:condition\" content=\"new\" \/>\n<!-- \/ Yoast SEO plugin. -->","yoast_head_json":{"title":"VAIA Cube Essential Aria | Akustischer Verst\u00e4rker f\u00fcr Smartphones","description":"Nat\u00fcrlicher Verst\u00e4rker f\u00fcr Smartphones, hergestellt aus dem Holz der vom Vaia-Sturm gef\u00e4llten B\u00e4ume. 1 Cube = 1 Baum, der in den Dolomiten gepflanzt wird.","robots":{"index":"index","follow":"follow","max-snippet":"max-snippet:-1","max-image-preview":"max-image-preview:large","max-video-preview":"max-video-preview:-1"},"canonical":"https:\/\/www.vaia.eu\/de\/produkt\/vaia-cube-essential-aria\/","og_locale":"de_DE","og_type":"article","og_title":"VAIA Cube Essential Aria | Akustischer Verst\u00e4rker f\u00fcr Smartphones","og_description":"Nat\u00fcrlicher Verst\u00e4rker f\u00fcr Smartphones, hergestellt aus dem Holz der vom Vaia-Sturm gef\u00e4llten B\u00e4ume. 1 Cube = 1 Baum, der in den Dolomiten gepflanzt wird.","og_url":"https:\/\/www.vaia.eu\/de\/produkt\/vaia-cube-essential-aria\/","og_site_name":"VAIA","article_publisher":"https:\/\/www.facebook.com\/therealvaia\/","article_modified_time":"2026-04-13T07:40:33+00:00","og_image":[{"width":600,"height":600,"url":"https:\/\/www.vaia.eu\/wp-content\/uploads\/2026\/03\/Untitled-design-6.jpg","type":"image\/jpeg"}],"twitter_card":"summary_large_image","twitter_misc":{"Preis":"89,00&nbsp;&euro;","Verf\u00fcgbarkeit":"Auf Lager"},"schema":{"@context":"https:\/\/schema.org","@graph":[{"@type":"WebPage","@id":"https:\/\/www.vaia.eu\/de\/produkt\/vaia-cube-essential-aria\/","url":"https:\/\/www.vaia.eu\/de\/produkt\/vaia-cube-essential-aria\/","name":"VAIA Cube Essential Aria | Akustischer Verst\u00e4rker f\u00fcr Smartphones","isPartOf":{"@id":"https:\/\/www.vaia.eu\/#website"},"primaryImageOfPage":{"@id":"https:\/\/www.vaia.eu\/de\/produkt\/vaia-cube-essential-aria\/#primaryimage"},"image":{"@id":"https:\/\/www.vaia.eu\/de\/produkt\/vaia-cube-essential-aria\/#primaryimage"},"thumbnailUrl":"https:\/\/www.vaia.eu\/wp-content\/uploads\/2026\/03\/Untitled-design-6.jpg","datePublished":"2026-03-26T07:44:02+00:00","dateModified":"2026-04-13T07:40:33+00:00","description":"Nat\u00fcrlicher Verst\u00e4rker f\u00fcr Smartphones, hergestellt aus dem Holz der vom Vaia-Sturm gef\u00e4llten B\u00e4ume. 1 Cube = 1 Baum, der in den Dolomiten gepflanzt wird.","breadcrumb":{"@id":"https:\/\/www.vaia.eu\/de\/produkt\/vaia-cube-essential-aria\/#breadcrumb"},"inLanguage":"de","potentialAction":[{"@type":"ReadAction","target":["https:\/\/www.vaia.eu\/de\/produkt\/vaia-cube-essential-aria\/"]}]},{"@type":"ImageObject","inLanguage":"de","@id":"https:\/\/www.vaia.eu\/de\/produkt\/vaia-cube-essential-aria\/#primaryimage","url":"https:\/\/www.vaia.eu\/wp-content\/uploads\/2026\/03\/Untitled-design-6.jpg","contentUrl":"https:\/\/www.vaia.eu\/wp-content\/uploads\/2026\/03\/Untitled-design-6.jpg","width":600,"height":600},{"@type":"BreadcrumbList","@id":"https:\/\/www.vaia.eu\/de\/produkt\/vaia-cube-essential-aria\/#breadcrumb","itemListElement":[{"@type":"ListItem","position":1,"name":"Home","item":"https:\/\/www.vaia.eu\/de\/"},{"@type":"ListItem","position":2,"name":"VAIA Cube Essential Aria"}]},{"@type":"WebSite","@id":"https:\/\/www.vaia.eu\/#website","url":"https:\/\/www.vaia.eu\/","name":"VAIA - Face what matters","description":"Face What Matters","publisher":{"@id":"https:\/\/www.vaia.eu\/#organization"},"potentialAction":[{"@type":"SearchAction","target":{"@type":"EntryPoint","urlTemplate":"https:\/\/www.vaia.eu\/?s={search_term_string}"},"query-input":{"@type":"PropertyValueSpecification","valueRequired":true,"valueName":"search_term_string"}}],"inLanguage":"de"},{"@type":"Organization","@id":"https:\/\/www.vaia.eu\/#organization","name":"VAIA","url":"https:\/\/www.vaia.eu\/","logo":{"@type":"ImageObject","inLanguage":"de","@id":"https:\/\/www.vaia.eu\/#\/schema\/logo\/image\/","url":"https:\/\/www.vaia.eu\/wp-content\/uploads\/2023\/12\/logo-vaia.svg","contentUrl":"https:\/\/www.vaia.eu\/wp-content\/uploads\/2023\/12\/logo-vaia.svg","width":1000,"height":1000,"caption":"VAIA"},"image":{"@id":"https:\/\/www.vaia.eu\/#\/schema\/logo\/image\/"},"sameAs":["https:\/\/www.facebook.com\/therealvaia\/","https:\/\/www.instagram.com\/therealvaia\/","https:\/\/www.linkedin.com\/company\/vaiasrl\/","https:\/\/www.youtube.com\/channel\/UCPtTJEh97yiEMm-vE_Ux3Aw"]}]},"product_price_amount":"89.00","product_price_currency":"EUR","og_availability":"instock","product_availability":"instock","product_retailer_item_id":"EA","product_condition":"new"},"_links":{"self":[{"href":"https:\/\/www.vaia.eu\/de\/wp-json\/wp\/v2\/product\/54896","targetHints":{"allow":["GET"]}}],"collection":[{"href":"https:\/\/www.vaia.eu\/de\/wp-json\/wp\/v2\/product"}],"about":[{"href":"https:\/\/www.vaia.eu\/de\/wp-json\/wp\/v2\/types\/product"}],"wp:featuredmedia":[{"embeddable":true,"href":"https:\/\/www.vaia.eu\/de\/wp-json\/wp\/v2\/media\/55146"}],"wp:attachment":[{"href":"https:\/\/www.vaia.eu\/de\/wp-json\/wp\/v2\/media?parent=54896"}],"wp:term":[{"taxonomy":"product_brand","embeddable":true,"href":"https:\/\/www.vaia.eu\/de\/wp-json\/wp\/v2\/product_brand?post=54896"},{"taxonomy":"product_cat","embeddable":true,"href":"https:\/\/www.vaia.eu\/de\/wp-json\/wp\/v2\/product_cat?post=54896"},{"taxonomy":"product_tag","embeddable":true,"href":"https:\/\/www.vaia.eu\/de\/wp-json\/wp\/v2\/product_tag?post=54896"}],"curies":[{"name":"wp","href":"https:\/\/api.w.org\/{rel}","templated":true}]}}