{"id":27691,"date":"2022-10-03T12:57:24","date_gmt":"2022-10-03T10:57:24","guid":{"rendered":"https:\/\/www.vaia.eu\/about-us\/"},"modified":"2026-02-24T11:45:03","modified_gmt":"2026-02-24T10:45:03","slug":"about-us","status":"publish","type":"page","link":"https:\/\/www.vaia.eu\/fr\/about-us\/","title":{"rendered":"A propos de VAIA"},"content":{"rendered":"\n<div class=\"title-subtitle-cta-band  bgcolor-transparent \">\n    <div class=\"component-container\">\n        <div class=\" display-block \">\n        \n            \n        <\/div>\n\n\n        \n        <div class=\"grid-subtitle\">\n        \n\n            \n                    <div class=\"subtitle  subtitlesize-medium  subtitlecolor-darkgreen \"><p>VAIA cr\u00e9e et soutient chaque jour une activit\u00e9 durable et reproductible dans diff\u00e9rents lieux, bas\u00e9e sur la valorisation du territoire, des communaut\u00e9s locales et des personnes, dans le respect de la nature.<\/p>\n<\/div>\n            \n            \n            <\/div>\n                \n        \n    <\/div>\n<\/div>\n\n\n<div class=\"cards cards-bg-lightyellow\">\n\n    \n    <div class=\"cards__row\">\n                    <div class=\"cards__col col-color-violet content-title-color-yellow content-card-color-lightyellow\">\n                <div class=\"g-card\">\n            <div class=\"g-card__heading\">\n            \n            Renaissance\n                    <\/div>\n    \n    \n            <div class=\"g-card__content\">\n            <p>Parce que VAIA est \u00e0 l&rsquo;avant-garde de la cr\u00e9ation de valeur et de beaut\u00e9 partout o\u00f9 il y a un d\u00e9fi socio-environnemental pour les territoires et les communaut\u00e9s sur le terrain.<\/p>\n        <\/div>\n    \n    \n    <\/div>\n            <\/div>\n                    <div class=\"cards__col col-color-violet content-title-color-yellow content-card-color-lightyellow\">\n                <div class=\"g-card\">\n            <div class=\"g-card__heading\">\n            \n            Communaut\u00e9\n                    <\/div>\n    \n    \n            <div class=\"g-card__content\">\n            <p>Parce que nous sommes un mouvement de personnes unies par des projets et des produits &#8211; symboles des d\u00e9fis environnementaux auxquels nous r\u00e9pondons &#8211; mais surtout par le r\u00eave de faire du bien \u00e0 nous, \u00e0 notre avenir et \u00e0 notre plan\u00e8te. Nous sommes Vaier.<\/p>\n        <\/div>\n    \n    \n    <\/div>\n            <\/div>\n                    <div class=\"cards__col col-color-violet content-title-color-yellow content-card-color-lightyellow\">\n                <div class=\"g-card\">\n            <div class=\"g-card__heading\">\n            \n            Soutenir\n                    <\/div>\n    \n    \n            <div class=\"g-card__content\">\n            <p>Parce que nous travaillons avec des artisans locaux et des cha\u00eenes d&rsquo;approvisionnement pour r\u00e9aliser nos projets, nous connectons diff\u00e9rentes r\u00e9alit\u00e9s, y compris des entreprises qui veulent participer \u00e0 la renaissance.<\/p>\n        <\/div>\n    \n    \n    <\/div>\n            <\/div>\n            <\/div>\n<\/div>\n\n\n<div class=\"title-vertical-band  bgcolor-lightgreen  alignment-title-left \">\n    <div class=\"component-container\">\n                    <div class=\"title-container\"><span class=\"title-1  titlesize-medium  titlecolor-violet \">Mission &#038; Vision<\/span><\/div>\n                                <div class=\"subtitle  subtitlesize-large  subtitlecolor-darkgreen \"><p>VAIA est notre fa\u00e7on de montrer que c&rsquo;est possible, en combinant la durabilit\u00e9 environnementale, \u00e9conomique et sociale : ensemble, nous faisons face \u00e0 ce qui compte.<\/p>\n<p>Notre vision et notre mission sont celles d&rsquo;une communaut\u00e9 unie et courageuse. Nous sommes plus que la somme de nos parties : tout comme la for\u00eat est plus que l&rsquo;ensemble de ses arbres, la communaut\u00e9 VAIA est plus que les \u00e9l\u00e9ments individuels qui la composent.<\/p>\n<p>VAIA est l&rsquo;endroit o\u00f9 nous affrontons ensemble ce qui compte : nous donnons de l&rsquo;espace \u00e0 la durabilit\u00e9, nous voulons \u00eatre pr\u00e9sents et avoir un impact l\u00e0 o\u00f9 c&rsquo;est le plus n\u00e9cessaire. Avec des actions concr\u00e8tes pour l&rsquo;environnement et les personnes et avec un mod\u00e8le d&rsquo;entreprise durable bas\u00e9 sur l&rsquo;\u00e9conomie circulaire.<\/p>\n<p>La temp\u00eate Vaia (2018, Dolomites) a \u00e9t\u00e9 notre premier grand d\u00e9fi, et c&rsquo;est \u00e0 elle que nous devons notre nom. Nous savions qu&rsquo;elle passerait, mais que nous devrions vivre avec ses cons\u00e9quences pendant longtemps. VAIA a d\u00e9sormais une nouvelle signification : il symbolise de nombreux autres d\u00e9fis visant \u00e0 prot\u00e9ger l&rsquo;environnement et \u00e0 promouvoir la durabilit\u00e9.<\/p>\n<p><a class=\"button\" title=\"Discover our story\" href=\"\/la-tempesta-vaia-un-racconto-in-prima-persona\/\">D\u00e9couvre notre histoire<\/a><\/p>\n<\/div>\n                <\/div>\n\n<\/div>\n\n\n<div class=\"timeline timeline-bg-transparent\">\n    <div class=\"timeline-container\">\n                    <span class=\"timeline-title heading-color-darkgreen\">\n            D\u00e9couvre notre histoire        <\/span>\n            \n        <div class=\"timeline__row\">\n                            <div class=\"timeline__single\">\n                    <div class=\"timeline__single-contents\">\n                                                    <span class=\"thetitle thetitle--color-green\">2018<\/span>\n                                                <span class=\"timeline-symbol symbol-violet\">\/\/<\/span>\n                                                    <div class=\"thetext thetext--color-darkgreen\">\n                                <p class=\"p1\">Le 28 octobre, la temp\u00eate Vaia a mis les Dolomites \u00e0 genoux, abattant 42 millions d&rsquo;arbres. Nous avons choisi de cr\u00e9er quelque chose de nouveau, quelque chose de positif pour le territoire, les communaut\u00e9s et les personnes. Nous nous sommes demand\u00e9 : \u00ab Et si produire ne signifiait pas \u00e9puiser les ressources, mais redonner \u00e0 la nature et \u00e0 l&rsquo;\u00e9cosyst\u00e8me ? \u00bb. C&rsquo;est de cette question qu&rsquo;est n\u00e9e notre startup.<\/p>\n                            <\/div>\n                                            <\/div>\n\n                <\/div>\n                            <div class=\"timeline__single\">\n                    <div class=\"timeline__single-contents\">\n                                                    <span class=\"thetitle thetitle--color-green\">2019<\/span>\n                                                <span class=\"timeline-symbol symbol-violet\">\/\/<\/span>\n                                                    <div class=\"thetext thetext--color-darkgreen\">\n                                <p class=\"p1\">Nous avons lanc\u00e9 VAIA Cube \u00e0 l&rsquo;occasion du premier anniversaire de la temp\u00eate, suscitant un grand int\u00e9r\u00eat dans la r\u00e9gion du Triveneto. La couverture m\u00e9diatique et l&rsquo;accueil des gens d\u00e9passent les attentes : la communaut\u00e9 Vaier commence \u00e0 se former ! Le 26 d\u00e9cembre, un reportage de TG2 sur notre histoire est diffus\u00e9 et, pour la premi\u00e8re fois, nous atteignons un public national.<\/p>\n                            <\/div>\n                                            <\/div>\n\n                <\/div>\n                            <div class=\"timeline__single\">\n                    <div class=\"timeline__single-contents\">\n                                                    <span class=\"thetitle thetitle--color-green\">2020<\/span>\n                                                <span class=\"timeline-symbol symbol-violet\">\/\/<\/span>\n                                                    <div class=\"thetext thetext--color-darkgreen\">\n                                <p class=\"p1\">Forbes nous cite parmi les \u00ab 100 leaders du futur de moins de 30 ans en Italie \u00bb, nous plantons nos premiers arbres, nous c\u00e9l\u00e9brons le Vaia Day (en direct sur Internet avec des entrepreneurs, des designers, des journalistes et des Vaier) et nous concluons un partenariat avec le mus\u00e9e en plein air Arte Sella, dans le but de communiquer un engagement en faveur de l&rsquo;art et de la culture. Nous d\u00e9passons nos objectifs et quittons nos emplois pour nous consacrer \u00e0 plein temps \u00e0 VAIA.<\/p>\n                            <\/div>\n                                            <\/div>\n\n                <\/div>\n                            <div class=\"timeline__single\">\n                    <div class=\"timeline__single-contents\">\n                                                    <span class=\"thetitle thetitle--color-green\">2021<\/span>\n                                                <span class=\"timeline-symbol symbol-violet\">\/\/<\/span>\n                                                    <div class=\"thetext thetext--color-darkgreen\">\n                                <p class=\"p1\">Nous lan\u00e7ons VAIA Cube imperfetto, nous organisons nos premiers \u00e9v\u00e9nements de plantation ouverts au public et la semaine d&rsquo;\u00e9t\u00e9 VAIA (sur le th\u00e8me de la nature et de la ville), nous participons \u00e0 TEDxCatania en tant qu&rsquo;orateur, \u00e0 TEDxCortina en tant que partenaire et au Fuorisalone de Milan pour pr\u00e9senter VAIA Focus, nous collaborons avec Marco Mengoni et Sony Music pour le lancement de l&rsquo;album Materia (Terre). Nous atteignons 30 000 arbres et commen\u00e7ons \u00e0 susciter de l&rsquo;int\u00e9r\u00eat en Allemagne \u00e9galement.<\/p>\n                            <\/div>\n                                            <\/div>\n\n                <\/div>\n                            <div class=\"timeline__single\">\n                    <div class=\"timeline__single-contents\">\n                                                    <span class=\"thetitle thetitle--color-green\">2022<\/span>\n                                                <span class=\"timeline-symbol symbol-violet\">\/\/<\/span>\n                                                    <div class=\"thetext thetext--color-darkgreen\">\n                                <p class=\"p1\">Nous organisons le VAIA Design Camp, le VAIA Summer Sport et The Forest of Innovators, nous collaborons avec le champion olympique Gregorio Paltrinieri et des artistes comme Chiara Galiazzo, Madame et Elisa, nous remettons un Cube au Pape, \u00e0 Sergio Mattarella et au Prix Nobel de la Paix prof. M. Yunus, nous retournons au Fuorisalone, nous participons \u00e0 la r\u00e9union europ\u00e9enne des Vendredis du Futur et au Festival national de l&rsquo;\u00e9conomie civile, nous sommes invit\u00e9s \u00e0 la Foire de la RSE \u00e0 Bocconi, Federico est nomm\u00e9 H\u00e9ros local du projet Heroes Never Sleep. Nous lan\u00e7ons VAIA Cube JOY, nous activons nos projets sur les glaciers, nous plantons pour la premi\u00e8re fois en ville (Venise, Rome), nous entrons en partenariat avec FAI &#8211; Fondo per l&rsquo;Ambiente Italiano et atteignons 60 mille arbres!<\/p>\n                            <\/div>\n                                            <\/div>\n\n                <\/div>\n                            <div class=\"timeline__single\">\n                    <div class=\"timeline__single-contents\">\n                                                    <span class=\"thetitle thetitle--color-green\">2023<\/span>\n                                                <span class=\"timeline-symbol symbol-violet\">\/\/<\/span>\n                                                    <div class=\"thetext thetext--color-darkgreen\">\n                                <p class=\"p1\">Nous collaborons \u00e0 un projet de soutien \u00e0 la libert\u00e9 des femmes iraniennes avec la Fondation Sozzani et participons \u00e0 l&rsquo;Italian Tech Week. Nous organisons la deuxi\u00e8me \u00e9dition de La Foresta degli Innovatori et la VAIA Spring School, soutenons le TEDxSapienzaU et d&rsquo;autres projets dans les \u00e9coles (jusqu&rsquo;\u00e0 Trapani !). Nous nous ouvrons \u00e0 de nouvelles id\u00e9es en mati\u00e8re de durabilit\u00e9 pour les structures d&rsquo;h\u00e9bergement, nous mettons en \u0153uvre nos propositions d\u00e9di\u00e9es aux entreprises et nous lan\u00e7ons la premi\u00e8re Exp\u00e9rience VAIA (team building d&rsquo;entreprise). Nous forgeons des partenariats avec d&rsquo;importants mus\u00e9es \u00e0 travers la botte, nous \u00e9largissons l&rsquo;\u00e9quipe avec de nouvelles ressources, nous atteignons 90 mille arbres et nous nettoyons 10 glaciers alpins.<\/p>\n                            <\/div>\n                                            <\/div>\n\n                <\/div>\n            \n        <\/div>\n\n    <\/div>\n\n<\/div>\n\n\n<div class=\"numbers numbers-bg-green\">\n    <div class=\"numbers-container\">\n                    <span class=\"headingnumber-title heading-color-lightyellow\">\n            Notre impact        <\/span>\n            \n        <div class=\"numbers__row\">\n                            <div class=\"number__col number-color-yellow number-text-color-lightyellow number-symbol-color-darkgreen\">\n                    <span class=\"thenumber\">200K arbres<\/span>\n                                            <span class=\"thenumber-text\">d\u2019arbres plant\u00e9s<\/span>\n                                    <\/div>\n                            <div class=\"number__col number-color-yellow number-text-color-lightyellow number-symbol-color-darkgreen\">\n                    <span class=\"thenumber\">100 tonnes<\/span>\n                                            <span class=\"thenumber-text\">de CO2 compens\u00e9es<\/span>\n                                    <\/div>\n                            <div class=\"number__col number-color-yellow number-text-color-lightyellow number-symbol-color-darkgreen\">\n                    <span class=\"thenumber\">133 hectares<\/span>\n                                            <span class=\"thenumber-text\">de for\u00eat r\u00e9g\u00e9n\u00e9r\u00e9s<\/span>\n                                    <\/div>\n                            <div class=\"number__col number-color-yellow number-text-color-lightyellow number-symbol-color-darkgreen\">\n                    <span class=\"thenumber\">15 artisans<\/span>\n                                            <span class=\"thenumber-text\">impliqu\u00e9s<\/span>\n                                    <\/div>\n                            <div class=\"number__col number-color-yellow number-text-color-lightyellow number-symbol-color-darkgreen\">\n                    <span class=\"thenumber\">500 tonnes<\/span>\n                                            <span class=\"thenumber-text\">de bois r\u00e9cup\u00e9r\u00e9<\/span>\n                                    <\/div>\n                            <div class=\"number__col number-color-yellow number-text-color-lightyellow number-symbol-color-darkgreen\">\n                    <span class=\"thenumber\">173 tonnes<\/span>\n                                            <span class=\"thenumber-text\">CO2 stock\u00e9 dans nos produits<\/span>\n                                    <\/div>\n                            <div class=\"number__col number-color-yellow number-text-color-lightyellow number-symbol-color-darkgreen\">\n                    <span class=\"thenumber\">10 glaciers alpins<\/span>\n                                            <span class=\"thenumber-text\">nettoy\u00e9s (10 journ\u00e9es de nettoyage)<\/span>\n                                    <\/div>\n                            <div class=\"number__col number-color-yellow number-text-color-lightyellow number-symbol-color-darkgreen\">\n                    <span class=\"thenumber\">4000 m\u00e8tres carr\u00e9s<\/span>\n                                            <span class=\"thenumber-text\">de g\u00e9otextiles glaciaires r\u00e9cup\u00e9r\u00e9s<\/span>\n                                    <\/div>\n                    <\/div>\n    <\/div>\n\n<\/div>\n\n\n<div class=\"title-vertical-band  bgcolor-lightgreen  alignment-title-left \">\n    <div class=\"component-container\">\n                    <div class=\"title-container\"><span class=\"title-1  titlesize-medium  titlecolor-violet \">The team<\/span><\/div>\n                                <div class=\"subtitle  subtitlesize-large  subtitlecolor-darkgreen \"><p>VAIA est un groupe de personnes d\u00e9termin\u00e9es \u00e0 remettre l&rsquo;innovation, l&rsquo;environnement et le territoire au centre, gr\u00e2ce \u00e0 la force d&rsquo;un projet durable pour le pr\u00e9sent et l&rsquo;avenir.<\/p>\n<\/div>\n                <\/div>\n\n<\/div>\n","protected":false},"excerpt":{"rendered":"","protected":false},"author":1,"featured_media":0,"parent":0,"menu_order":2,"comment_status":"closed","ping_status":"closed","template":"","meta":{"_acf_changed":false,"_crdt_document":"","content-type":"","footnotes":""},"class_list":["post-27691","page","type-page","status-publish","hentry"],"acf":[],"yoast_head":"<!-- This site is optimized with the Yoast SEO plugin v27.3 - https:\/\/yoast.com\/product\/yoast-seo-wordpress\/ -->\n<title>A propos de VAIA | VAIA<\/title>\n<meta name=\"robots\" content=\"index, follow, max-snippet:-1, max-image-preview:large, max-video-preview:-1\" \/>\n<link rel=\"canonical\" href=\"https:\/\/www.vaia.eu\/fr\/about-us\/\" \/>\n<meta property=\"og:locale\" content=\"fr_FR\" \/>\n<meta property=\"og:type\" content=\"article\" \/>\n<meta property=\"og:title\" content=\"A propos de VAIA | VAIA\" \/>\n<meta property=\"og:url\" content=\"https:\/\/www.vaia.eu\/fr\/about-us\/\" \/>\n<meta property=\"og:site_name\" content=\"VAIA\" \/>\n<meta property=\"article:publisher\" content=\"https:\/\/www.facebook.com\/therealvaia\/\" \/>\n<meta property=\"article:modified_time\" content=\"2026-02-24T10:45:03+00:00\" \/>\n<meta name=\"twitter:card\" content=\"summary_large_image\" \/>\n<script type=\"application\/ld+json\" class=\"yoast-schema-graph\">{\"@context\":\"https:\\\/\\\/schema.org\",\"@graph\":[{\"@type\":\"WebPage\",\"@id\":\"https:\\\/\\\/www.vaia.eu\\\/fr\\\/about-us\\\/\",\"url\":\"https:\\\/\\\/www.vaia.eu\\\/fr\\\/about-us\\\/\",\"name\":\"A propos de VAIA | VAIA\",\"isPartOf\":{\"@id\":\"https:\\\/\\\/www.vaia.eu\\\/#website\"},\"datePublished\":\"2022-10-03T10:57:24+00:00\",\"dateModified\":\"2026-02-24T10:45:03+00:00\",\"breadcrumb\":{\"@id\":\"https:\\\/\\\/www.vaia.eu\\\/fr\\\/about-us\\\/#breadcrumb\"},\"inLanguage\":\"fr-FR\",\"potentialAction\":[{\"@type\":\"ReadAction\",\"target\":[\"https:\\\/\\\/www.vaia.eu\\\/fr\\\/about-us\\\/\"]}]},{\"@type\":\"BreadcrumbList\",\"@id\":\"https:\\\/\\\/www.vaia.eu\\\/fr\\\/about-us\\\/#breadcrumb\",\"itemListElement\":[{\"@type\":\"ListItem\",\"position\":1,\"name\":\"Home\",\"item\":\"https:\\\/\\\/www.vaia.eu\\\/fr\\\/\"},{\"@type\":\"ListItem\",\"position\":2,\"name\":\"A propos de VAIA\"}]},{\"@type\":\"WebSite\",\"@id\":\"https:\\\/\\\/www.vaia.eu\\\/#website\",\"url\":\"https:\\\/\\\/www.vaia.eu\\\/\",\"name\":\"VAIA - Face what matters\",\"description\":\"Face What Matters\",\"publisher\":{\"@id\":\"https:\\\/\\\/www.vaia.eu\\\/#organization\"},\"potentialAction\":[{\"@type\":\"SearchAction\",\"target\":{\"@type\":\"EntryPoint\",\"urlTemplate\":\"https:\\\/\\\/www.vaia.eu\\\/?s={search_term_string}\"},\"query-input\":{\"@type\":\"PropertyValueSpecification\",\"valueRequired\":true,\"valueName\":\"search_term_string\"}}],\"inLanguage\":\"fr-FR\"},{\"@type\":\"Organization\",\"@id\":\"https:\\\/\\\/www.vaia.eu\\\/#organization\",\"name\":\"VAIA\",\"url\":\"https:\\\/\\\/www.vaia.eu\\\/\",\"logo\":{\"@type\":\"ImageObject\",\"inLanguage\":\"fr-FR\",\"@id\":\"https:\\\/\\\/www.vaia.eu\\\/#\\\/schema\\\/logo\\\/image\\\/\",\"url\":\"https:\\\/\\\/www.vaia.eu\\\/wp-content\\\/uploads\\\/2023\\\/12\\\/logo-vaia.svg\",\"contentUrl\":\"https:\\\/\\\/www.vaia.eu\\\/wp-content\\\/uploads\\\/2023\\\/12\\\/logo-vaia.svg\",\"width\":1000,\"height\":1000,\"caption\":\"VAIA\"},\"image\":{\"@id\":\"https:\\\/\\\/www.vaia.eu\\\/#\\\/schema\\\/logo\\\/image\\\/\"},\"sameAs\":[\"https:\\\/\\\/www.facebook.com\\\/therealvaia\\\/\",\"https:\\\/\\\/www.instagram.com\\\/therealvaia\\\/\",\"https:\\\/\\\/www.linkedin.com\\\/company\\\/vaiasrl\\\/\",\"https:\\\/\\\/www.youtube.com\\\/channel\\\/UCPtTJEh97yiEMm-vE_Ux3Aw\"]}]}<\/script>\n<!-- \/ Yoast SEO plugin. -->","yoast_head_json":{"title":"A propos de VAIA | VAIA","robots":{"index":"index","follow":"follow","max-snippet":"max-snippet:-1","max-image-preview":"max-image-preview:large","max-video-preview":"max-video-preview:-1"},"canonical":"https:\/\/www.vaia.eu\/fr\/about-us\/","og_locale":"fr_FR","og_type":"article","og_title":"A propos de VAIA | VAIA","og_url":"https:\/\/www.vaia.eu\/fr\/about-us\/","og_site_name":"VAIA","article_publisher":"https:\/\/www.facebook.com\/therealvaia\/","article_modified_time":"2026-02-24T10:45:03+00:00","twitter_card":"summary_large_image","schema":{"@context":"https:\/\/schema.org","@graph":[{"@type":"WebPage","@id":"https:\/\/www.vaia.eu\/fr\/about-us\/","url":"https:\/\/www.vaia.eu\/fr\/about-us\/","name":"A propos de VAIA | VAIA","isPartOf":{"@id":"https:\/\/www.vaia.eu\/#website"},"datePublished":"2022-10-03T10:57:24+00:00","dateModified":"2026-02-24T10:45:03+00:00","breadcrumb":{"@id":"https:\/\/www.vaia.eu\/fr\/about-us\/#breadcrumb"},"inLanguage":"fr-FR","potentialAction":[{"@type":"ReadAction","target":["https:\/\/www.vaia.eu\/fr\/about-us\/"]}]},{"@type":"BreadcrumbList","@id":"https:\/\/www.vaia.eu\/fr\/about-us\/#breadcrumb","itemListElement":[{"@type":"ListItem","position":1,"name":"Home","item":"https:\/\/www.vaia.eu\/fr\/"},{"@type":"ListItem","position":2,"name":"A propos de VAIA"}]},{"@type":"WebSite","@id":"https:\/\/www.vaia.eu\/#website","url":"https:\/\/www.vaia.eu\/","name":"VAIA - Face what matters","description":"Face What Matters","publisher":{"@id":"https:\/\/www.vaia.eu\/#organization"},"potentialAction":[{"@type":"SearchAction","target":{"@type":"EntryPoint","urlTemplate":"https:\/\/www.vaia.eu\/?s={search_term_string}"},"query-input":{"@type":"PropertyValueSpecification","valueRequired":true,"valueName":"search_term_string"}}],"inLanguage":"fr-FR"},{"@type":"Organization","@id":"https:\/\/www.vaia.eu\/#organization","name":"VAIA","url":"https:\/\/www.vaia.eu\/","logo":{"@type":"ImageObject","inLanguage":"fr-FR","@id":"https:\/\/www.vaia.eu\/#\/schema\/logo\/image\/","url":"https:\/\/www.vaia.eu\/wp-content\/uploads\/2023\/12\/logo-vaia.svg","contentUrl":"https:\/\/www.vaia.eu\/wp-content\/uploads\/2023\/12\/logo-vaia.svg","width":1000,"height":1000,"caption":"VAIA"},"image":{"@id":"https:\/\/www.vaia.eu\/#\/schema\/logo\/image\/"},"sameAs":["https:\/\/www.facebook.com\/therealvaia\/","https:\/\/www.instagram.com\/therealvaia\/","https:\/\/www.linkedin.com\/company\/vaiasrl\/","https:\/\/www.youtube.com\/channel\/UCPtTJEh97yiEMm-vE_Ux3Aw"]}]}},"_links":{"self":[{"href":"https:\/\/www.vaia.eu\/fr\/wp-json\/wp\/v2\/pages\/27691","targetHints":{"allow":["GET"]}}],"collection":[{"href":"https:\/\/www.vaia.eu\/fr\/wp-json\/wp\/v2\/pages"}],"about":[{"href":"https:\/\/www.vaia.eu\/fr\/wp-json\/wp\/v2\/types\/page"}],"author":[{"embeddable":true,"href":"https:\/\/www.vaia.eu\/fr\/wp-json\/wp\/v2\/users\/1"}],"replies":[{"embeddable":true,"href":"https:\/\/www.vaia.eu\/fr\/wp-json\/wp\/v2\/comments?post=27691"}],"version-history":[{"count":5,"href":"https:\/\/www.vaia.eu\/fr\/wp-json\/wp\/v2\/pages\/27691\/revisions"}],"predecessor-version":[{"id":54320,"href":"https:\/\/www.vaia.eu\/fr\/wp-json\/wp\/v2\/pages\/27691\/revisions\/54320"}],"wp:attachment":[{"href":"https:\/\/www.vaia.eu\/fr\/wp-json\/wp\/v2\/media?parent=27691"}],"curies":[{"name":"wp","href":"https:\/\/api.w.org\/{rel}","templated":true}]}}