{"id":27845,"date":"2022-10-03T13:12:13","date_gmt":"2022-10-03T11:12:13","guid":{"rendered":"https:\/\/www.vaia.eu\/projects\/"},"modified":"2025-02-07T11:07:38","modified_gmt":"2025-02-07T10:07:38","slug":"projects","status":"publish","type":"page","link":"https:\/\/www.vaia.eu\/fr\/projects\/","title":{"rendered":"Projets"},"content":{"rendered":"\n<div class=\"title-subtitle-cta-band  bgcolor-green \">\n    <div class=\"component-container\">\n        <div class=\" display-flex \">\n        \n                            <span class=\"title-2  titlesize-medium  titlecolor-lightyellow \">4 projets sont actuellement en cours<\/span>\n                \n        <\/div>\n\n\n        \n        <div class=\"grid-subtitle\">\n        \n\n                        <span class=\"separator  separator-color-lightyellow \">\/\/<\/span>\n            \n                    <div class=\"subtitle  subtitlesize-small  subtitlecolor-lightyellow \"><p>Mais nous poursuivons de nombreuses nouvelles id\u00e9es, sur de nouveaux territoires, et avec de nouveaux d\u00e9fis!<\/p>\n<p>Notre histoire commence avec la temp\u00eate Vaia, en octobre 2018, et r\u00e9sume toute l&rsquo;\u00e9nergie d&rsquo;une renaissance: nous valorisons une mati\u00e8re premi\u00e8re, collaborons avec les communaut\u00e9s locales et cr\u00e9ons un impact positif sur l&rsquo;environnement et le territoire.<\/p>\n<p>Avec notre travail, chaque jour, nous changeons le sens du mot VAIA: il n&rsquo;est plus synonyme de destruction, mais de red\u00e9marrage durable pour l&rsquo;environnement et l&rsquo;\u00e9conomie locale. VAIA est le message que nous envoyons au monde : un message de renaissance, de beaut\u00e9 et de d\u00e9sir de faire la diff\u00e9rence.<\/p>\n<p>C&rsquo;est le mod\u00e8le des projets VAIA : #FaceWhatMatters.<\/p>\n<\/div>\n            \n            \n            <\/div>\n                \n        \n    <\/div>\n<\/div>\n\n\n<div class=\"vaia__filter__system \"><div class=\"vaia__filter__system__content \"><article>\n                        <a class=\"project-single-title\" href=\"https:\/\/www.vaia.eu\/fr\/project\/dolomites\/\" title=\"Dolomites\">Dolomites<\/a>\n\n                       <div class=\"content-grid-articles\">\n                            <div class=\"box-img\">\n                                <a class=\"project-single-image\" href=\"https:\/\/www.vaia.eu\/fr\/project\/dolomites\/\" title=\"Dolomites\">\n                                    <img data-flickity-lazyload=\"https:\/\/www.vaia.eu\/wp-content\/uploads\/2022\/11\/665x755_PROGETTI_DOLOMITI.jpg\" class=\"skip-lazy\" alt=\"slider image\" width=\"400\" height=\"600\" \/>\n                                <\/a>\n                            <\/div>\n                            <div class=\"box-info-txt\">\n                                <div class=\"project-single-excerpt\">\n                                    Jeunes designers et artisans locaux pour les for\u00eats de demain.\n                                <\/div>\n\n                                <a class=\"button button-secondary project-single-button\" href=\"https:\/\/www.vaia.eu\/fr\/project\/dolomites\/\" title=\"Dolomites\">D\u00c9COUVREZ<\/a>\n                            <\/div>\n                        <\/div>\n                    <\/article><article>\n                        <a class=\"project-single-title\" href=\"https:\/\/www.vaia.eu\/fr\/project\/glaciers\/\" title=\"Glaciers\">Glaciers<\/a>\n\n                       <div class=\"content-grid-articles\">\n                            <div class=\"box-img\">\n                                <a class=\"project-single-image\" href=\"https:\/\/www.vaia.eu\/fr\/project\/glaciers\/\" title=\"Glaciers\">\n                                    <img data-flickity-lazyload=\"https:\/\/www.vaia.eu\/wp-content\/uploads\/2022\/11\/665x755_PROGETTI-Ghiacciai.jpg\" class=\"skip-lazy\" alt=\"slider image\" width=\"400\" height=\"600\" \/>\n                                <\/a>\n                            <\/div>\n                            <div class=\"box-info-txt\">\n                                <div class=\"project-single-excerpt\">\n                                    Scholars and activists for the mountains and the climate.\n                                <\/div>\n\n                                <a class=\"button button-secondary project-single-button\" href=\"https:\/\/www.vaia.eu\/fr\/project\/glaciers\/\" title=\"Glaciers\">D\u00c9COUVREZ<\/a>\n                            <\/div>\n                        <\/div>\n                    <\/article><article>\n                        <a class=\"project-single-title\" href=\"https:\/\/www.vaia.eu\/fr\/project\/bostrico\/\" title=\"Scolyte\">Scolyte<\/a>\n\n                       <div class=\"content-grid-articles\">\n                            <div class=\"box-img\">\n                                <a class=\"project-single-image\" href=\"https:\/\/www.vaia.eu\/fr\/project\/bostrico\/\" title=\"Scolyte\">\n                                    <img data-flickity-lazyload=\"https:\/\/www.vaia.eu\/wp-content\/uploads\/2024\/11\/VAIA-Progetto-Bostrico-VAIA-People-2.jpg\" class=\"skip-lazy\" alt=\"slider image\" width=\"400\" height=\"600\" \/>\n                                <\/a>\n                            <\/div>\n                            <div class=\"box-info-txt\">\n                                <div class=\"project-single-excerpt\">\n                                    La grave \u00e9pid\u00e9mie de scolytes affecte et d\u00e9truit les for\u00eats des Dolomites.\n                                <\/div>\n\n                                <a class=\"button button-secondary project-single-button\" href=\"https:\/\/www.vaia.eu\/fr\/project\/bostrico\/\" title=\"Scolyte\">D\u00c9COUVREZ<\/a>\n                            <\/div>\n                        <\/div>\n                    <\/article><article>\n                        <a class=\"project-single-title\" href=\"https:\/\/www.vaia.eu\/fr\/project\/vaia-4-companies\/\" title=\"VAIA x entreprises\">VAIA x entreprises<\/a>\n\n                       <div class=\"content-grid-articles\">\n                            <div class=\"box-img\">\n                                <a class=\"project-single-image\" href=\"https:\/\/www.vaia.eu\/fr\/project\/vaia-4-companies\/\" title=\"VAIA x entreprises\">\n                                    <img data-flickity-lazyload=\"https:\/\/www.vaia.eu\/wp-content\/uploads\/2022\/11\/665x755_PROGETTI-Aziende.jpg\" class=\"skip-lazy\" alt=\"slider image\" width=\"400\" height=\"600\" \/>\n                                <\/a>\n                            <\/div>\n                            <div class=\"box-info-txt\">\n                                <div class=\"project-single-excerpt\">\n                                    Partner for active and concrete sustainability.\n                                <\/div>\n\n                                <a class=\"button button-secondary project-single-button\" href=\"https:\/\/www.vaia.eu\/fr\/project\/vaia-4-companies\/\" title=\"VAIA x entreprises\">D\u00c9COUVREZ<\/a>\n                            <\/div>\n                        <\/div>\n                    <\/article><\/div>\n            <\/div>\n","protected":false},"excerpt":{"rendered":"","protected":false},"author":1,"featured_media":0,"parent":0,"menu_order":2,"comment_status":"closed","ping_status":"closed","template":"","meta":{"_acf_changed":false,"_crdt_document":"","content-type":"","footnotes":""},"class_list":["post-27845","page","type-page","status-publish","hentry"],"acf":[],"yoast_head":"<!-- This site is optimized with the Yoast SEO plugin v27.3 - https:\/\/yoast.com\/product\/yoast-seo-wordpress\/ -->\n<title>Projets - For\u00eats et Glaciers | VAIA<\/title>\n<meta name=\"description\" content=\"D\u00e9couvrez les projets de VAIA pour le reboisement dans les Dolomites et la conservation des glaciers gr\u00e2ce \u00e0 notre VAIA Cube et VAIA Focus.\" \/>\n<meta name=\"robots\" content=\"index, follow, max-snippet:-1, max-image-preview:large, max-video-preview:-1\" \/>\n<link rel=\"canonical\" href=\"https:\/\/www.vaia.eu\/fr\/projects\/\" \/>\n<meta property=\"og:locale\" content=\"fr_FR\" \/>\n<meta property=\"og:type\" content=\"article\" \/>\n<meta property=\"og:title\" content=\"Projets - For\u00eats et Glaciers | VAIA\" \/>\n<meta property=\"og:description\" content=\"D\u00e9couvrez les projets de VAIA pour le reboisement dans les Dolomites et la conservation des glaciers gr\u00e2ce \u00e0 notre VAIA Cube et VAIA Focus.\" \/>\n<meta property=\"og:url\" content=\"https:\/\/www.vaia.eu\/fr\/projects\/\" \/>\n<meta property=\"og:site_name\" content=\"VAIA\" \/>\n<meta property=\"article:publisher\" content=\"https:\/\/www.facebook.com\/therealvaia\/\" \/>\n<meta property=\"article:modified_time\" content=\"2025-02-07T10:07:38+00:00\" \/>\n<meta name=\"twitter:card\" content=\"summary_large_image\" \/>\n<meta name=\"twitter:label1\" content=\"Dur\u00e9e de lecture estim\u00e9e\" \/>\n\t<meta name=\"twitter:data1\" content=\"1 minute\" \/>\n<script type=\"application\/ld+json\" class=\"yoast-schema-graph\">{\"@context\":\"https:\\\/\\\/schema.org\",\"@graph\":[{\"@type\":\"WebPage\",\"@id\":\"https:\\\/\\\/www.vaia.eu\\\/fr\\\/projects\\\/\",\"url\":\"https:\\\/\\\/www.vaia.eu\\\/fr\\\/projects\\\/\",\"name\":\"Projets - For\u00eats et Glaciers | VAIA\",\"isPartOf\":{\"@id\":\"https:\\\/\\\/www.vaia.eu\\\/#website\"},\"datePublished\":\"2022-10-03T11:12:13+00:00\",\"dateModified\":\"2025-02-07T10:07:38+00:00\",\"description\":\"D\u00e9couvrez les projets de VAIA pour le reboisement dans les Dolomites et la conservation des glaciers gr\u00e2ce \u00e0 notre VAIA Cube et VAIA Focus.\",\"breadcrumb\":{\"@id\":\"https:\\\/\\\/www.vaia.eu\\\/fr\\\/projects\\\/#breadcrumb\"},\"inLanguage\":\"fr-FR\",\"potentialAction\":[{\"@type\":\"ReadAction\",\"target\":[\"https:\\\/\\\/www.vaia.eu\\\/fr\\\/projects\\\/\"]}]},{\"@type\":\"BreadcrumbList\",\"@id\":\"https:\\\/\\\/www.vaia.eu\\\/fr\\\/projects\\\/#breadcrumb\",\"itemListElement\":[{\"@type\":\"ListItem\",\"position\":1,\"name\":\"Home\",\"item\":\"https:\\\/\\\/www.vaia.eu\\\/fr\\\/\"},{\"@type\":\"ListItem\",\"position\":2,\"name\":\"Projets\"}]},{\"@type\":\"WebSite\",\"@id\":\"https:\\\/\\\/www.vaia.eu\\\/#website\",\"url\":\"https:\\\/\\\/www.vaia.eu\\\/\",\"name\":\"VAIA - Face what matters\",\"description\":\"Face What Matters\",\"publisher\":{\"@id\":\"https:\\\/\\\/www.vaia.eu\\\/#organization\"},\"potentialAction\":[{\"@type\":\"SearchAction\",\"target\":{\"@type\":\"EntryPoint\",\"urlTemplate\":\"https:\\\/\\\/www.vaia.eu\\\/?s={search_term_string}\"},\"query-input\":{\"@type\":\"PropertyValueSpecification\",\"valueRequired\":true,\"valueName\":\"search_term_string\"}}],\"inLanguage\":\"fr-FR\"},{\"@type\":\"Organization\",\"@id\":\"https:\\\/\\\/www.vaia.eu\\\/#organization\",\"name\":\"VAIA\",\"url\":\"https:\\\/\\\/www.vaia.eu\\\/\",\"logo\":{\"@type\":\"ImageObject\",\"inLanguage\":\"fr-FR\",\"@id\":\"https:\\\/\\\/www.vaia.eu\\\/#\\\/schema\\\/logo\\\/image\\\/\",\"url\":\"https:\\\/\\\/www.vaia.eu\\\/wp-content\\\/uploads\\\/2023\\\/12\\\/logo-vaia.svg\",\"contentUrl\":\"https:\\\/\\\/www.vaia.eu\\\/wp-content\\\/uploads\\\/2023\\\/12\\\/logo-vaia.svg\",\"width\":1000,\"height\":1000,\"caption\":\"VAIA\"},\"image\":{\"@id\":\"https:\\\/\\\/www.vaia.eu\\\/#\\\/schema\\\/logo\\\/image\\\/\"},\"sameAs\":[\"https:\\\/\\\/www.facebook.com\\\/therealvaia\\\/\",\"https:\\\/\\\/www.instagram.com\\\/therealvaia\\\/\",\"https:\\\/\\\/www.linkedin.com\\\/company\\\/vaiasrl\\\/\",\"https:\\\/\\\/www.youtube.com\\\/channel\\\/UCPtTJEh97yiEMm-vE_Ux3Aw\"]}]}<\/script>\n<!-- \/ Yoast SEO plugin. -->","yoast_head_json":{"title":"Projets - For\u00eats et Glaciers | VAIA","description":"D\u00e9couvrez les projets de VAIA pour le reboisement dans les Dolomites et la conservation des glaciers gr\u00e2ce \u00e0 notre VAIA Cube et VAIA Focus.","robots":{"index":"index","follow":"follow","max-snippet":"max-snippet:-1","max-image-preview":"max-image-preview:large","max-video-preview":"max-video-preview:-1"},"canonical":"https:\/\/www.vaia.eu\/fr\/projects\/","og_locale":"fr_FR","og_type":"article","og_title":"Projets - For\u00eats et Glaciers | VAIA","og_description":"D\u00e9couvrez les projets de VAIA pour le reboisement dans les Dolomites et la conservation des glaciers gr\u00e2ce \u00e0 notre VAIA Cube et VAIA Focus.","og_url":"https:\/\/www.vaia.eu\/fr\/projects\/","og_site_name":"VAIA","article_publisher":"https:\/\/www.facebook.com\/therealvaia\/","article_modified_time":"2025-02-07T10:07:38+00:00","twitter_card":"summary_large_image","twitter_misc":{"Dur\u00e9e de lecture estim\u00e9e":"1 minute"},"schema":{"@context":"https:\/\/schema.org","@graph":[{"@type":"WebPage","@id":"https:\/\/www.vaia.eu\/fr\/projects\/","url":"https:\/\/www.vaia.eu\/fr\/projects\/","name":"Projets - For\u00eats et Glaciers | VAIA","isPartOf":{"@id":"https:\/\/www.vaia.eu\/#website"},"datePublished":"2022-10-03T11:12:13+00:00","dateModified":"2025-02-07T10:07:38+00:00","description":"D\u00e9couvrez les projets de VAIA pour le reboisement dans les Dolomites et la conservation des glaciers gr\u00e2ce \u00e0 notre VAIA Cube et VAIA Focus.","breadcrumb":{"@id":"https:\/\/www.vaia.eu\/fr\/projects\/#breadcrumb"},"inLanguage":"fr-FR","potentialAction":[{"@type":"ReadAction","target":["https:\/\/www.vaia.eu\/fr\/projects\/"]}]},{"@type":"BreadcrumbList","@id":"https:\/\/www.vaia.eu\/fr\/projects\/#breadcrumb","itemListElement":[{"@type":"ListItem","position":1,"name":"Home","item":"https:\/\/www.vaia.eu\/fr\/"},{"@type":"ListItem","position":2,"name":"Projets"}]},{"@type":"WebSite","@id":"https:\/\/www.vaia.eu\/#website","url":"https:\/\/www.vaia.eu\/","name":"VAIA - Face what matters","description":"Face What Matters","publisher":{"@id":"https:\/\/www.vaia.eu\/#organization"},"potentialAction":[{"@type":"SearchAction","target":{"@type":"EntryPoint","urlTemplate":"https:\/\/www.vaia.eu\/?s={search_term_string}"},"query-input":{"@type":"PropertyValueSpecification","valueRequired":true,"valueName":"search_term_string"}}],"inLanguage":"fr-FR"},{"@type":"Organization","@id":"https:\/\/www.vaia.eu\/#organization","name":"VAIA","url":"https:\/\/www.vaia.eu\/","logo":{"@type":"ImageObject","inLanguage":"fr-FR","@id":"https:\/\/www.vaia.eu\/#\/schema\/logo\/image\/","url":"https:\/\/www.vaia.eu\/wp-content\/uploads\/2023\/12\/logo-vaia.svg","contentUrl":"https:\/\/www.vaia.eu\/wp-content\/uploads\/2023\/12\/logo-vaia.svg","width":1000,"height":1000,"caption":"VAIA"},"image":{"@id":"https:\/\/www.vaia.eu\/#\/schema\/logo\/image\/"},"sameAs":["https:\/\/www.facebook.com\/therealvaia\/","https:\/\/www.instagram.com\/therealvaia\/","https:\/\/www.linkedin.com\/company\/vaiasrl\/","https:\/\/www.youtube.com\/channel\/UCPtTJEh97yiEMm-vE_Ux3Aw"]}]}},"_links":{"self":[{"href":"https:\/\/www.vaia.eu\/fr\/wp-json\/wp\/v2\/pages\/27845","targetHints":{"allow":["GET"]}}],"collection":[{"href":"https:\/\/www.vaia.eu\/fr\/wp-json\/wp\/v2\/pages"}],"about":[{"href":"https:\/\/www.vaia.eu\/fr\/wp-json\/wp\/v2\/types\/page"}],"author":[{"embeddable":true,"href":"https:\/\/www.vaia.eu\/fr\/wp-json\/wp\/v2\/users\/1"}],"replies":[{"embeddable":true,"href":"https:\/\/www.vaia.eu\/fr\/wp-json\/wp\/v2\/comments?post=27845"}],"version-history":[{"count":0,"href":"https:\/\/www.vaia.eu\/fr\/wp-json\/wp\/v2\/pages\/27845\/revisions"}],"wp:attachment":[{"href":"https:\/\/www.vaia.eu\/fr\/wp-json\/wp\/v2\/media?parent=27845"}],"curies":[{"name":"wp","href":"https:\/\/api.w.org\/{rel}","templated":true}]}}