{"id":28057,"date":"2022-10-03T13:17:41","date_gmt":"2022-10-03T11:17:41","guid":{"rendered":"https:\/\/www.vaia.eu\/people-4-vaia\/"},"modified":"2025-02-07T11:05:29","modified_gmt":"2025-02-07T10:05:29","slug":"people-4-vaia","status":"publish","type":"page","link":"https:\/\/www.vaia.eu\/fr\/people-4-vaia\/","title":{"rendered":"Personnes pour VAIA"},"content":{"rendered":"\n<div class=\"title-subtitle-cta-band  bgcolor-lightgreen \">\n    <div class=\"component-container\">\n        <div class=\" display-block \">\n                        <span class=\"title-1  titlesize-medium  titlecolor-violet \">Tous ceux qui collaborent \u00e0 nos projets et nous aident \u00e0 atteindre nos objectifs.<\/span>\n                \n            \n        <\/div>\n\n\n        \n        <div class=\"grid-subtitle\">\n        \n\n                        <span class=\"separator  separator-color-violet \">\/\/<\/span>\n            \n                    <div class=\"subtitle  subtitlesize-medium  subtitlecolor-violet \"><p>Enthousiasme, vitalit\u00e9, \u00e9nergie et volont\u00e9 de s&rsquo;impliquer : voil\u00e0 ce qu&rsquo;est VAIA!<\/p>\n<\/div>\n            \n            \n            <\/div>\n                \n        \n    <\/div>\n<\/div>\n\n\n<div class=\"images-masonry images-masonry-bg-transparent\">\n    <div class=\"images-masonry-container\">\n                    <span class=\"images-masonry-title heading-color-violet\">\n            D\u00e9couvrez-les        <\/span>\n            \n        <div class=\"images-masonry__row\">\n                            <div class=\"images-masonry__single\">\n                    <div class=\"images-masonry__single-contents\">\n                        <img loading=\"lazy\" decoding=\"async\" src=\"https:\/\/www.vaia.eu\/wp-content\/uploads\/2023\/10\/665x755_vaier.jpg\" alt=\"VAIER\" width=\"400\" height=\"600\" \/>\n                                                    <a class=\"button\" href=\"https:\/\/www.vaia.eu\/en\/people-4-vaia\/vaier\/\" title=\"VAIER\">VAIER<\/a>\n                                            <\/div>\n\n                <\/div>\n                            <div class=\"images-masonry__single\">\n                    <div class=\"images-masonry__single-contents\">\n                        <img loading=\"lazy\" decoding=\"async\" src=\"https:\/\/www.vaia.eu\/wp-content\/uploads\/2023\/10\/665x755_ambassador_.jpg\" alt=\"AMBASSADEUR\" width=\"400\" height=\"600\" \/>\n                                                    <a class=\"button\" href=\"https:\/\/www.vaia.eu\/en\/people-4-vaia\/ambassador\/\" title=\"AMBASSADEUR\">AMBASSADEUR<\/a>\n                                            <\/div>\n\n                <\/div>\n                            <div class=\"images-masonry__single\">\n                    <div class=\"images-masonry__single-contents\">\n                        <img loading=\"lazy\" decoding=\"async\" src=\"https:\/\/www.vaia.eu\/wp-content\/uploads\/2023\/10\/665x755_made-in-italy.jpg\" alt=\"MADE IN ITALY\" width=\"400\" height=\"600\" \/>\n                                                    <a class=\"button\" href=\"https:\/\/www.vaia.eu\/en\/people-4-vaia\/made-in-italy\/\" title=\"MADE IN ITALY\">MADE IN ITALY<\/a>\n                                            <\/div>\n\n                <\/div>\n                            <div class=\"images-masonry__single\">\n                    <div class=\"images-masonry__single-contents\">\n                        <img loading=\"lazy\" decoding=\"async\" src=\"https:\/\/www.vaia.eu\/wp-content\/uploads\/2023\/10\/665x755_istituzioni.jpg\" alt=\"INSTITUTIONS ET COLLABORATEURS\" width=\"400\" height=\"600\" \/>\n                                                    <a class=\"button\" href=\"https:\/\/www.vaia.eu\/en\/people-4-vaia\/istituzioni-collaboratori\/\" title=\"INSTITUTIONS ET COLLABORATEURS\">INSTITUTIONS ET COLLABORATEURS<\/a>\n                                            <\/div>\n\n                <\/div>\n            \n        <\/div>\n    <\/div>\n\n<\/div>\n","protected":false},"excerpt":{"rendered":"","protected":false},"author":1,"featured_media":0,"parent":0,"menu_order":4,"comment_status":"closed","ping_status":"closed","template":"","meta":{"_acf_changed":false,"_crdt_document":"","content-type":"","footnotes":""},"class_list":["post-28057","page","type-page","status-publish","hentry"],"acf":[],"yoast_head":"<!-- This site is optimized with the Yoast SEO plugin v27.3 - https:\/\/yoast.com\/product\/yoast-seo-wordpress\/ -->\n<title>Personnes pour VAIA | VAIA<\/title>\n<meta name=\"robots\" content=\"index, follow, max-snippet:-1, max-image-preview:large, max-video-preview:-1\" \/>\n<link rel=\"canonical\" href=\"https:\/\/www.vaia.eu\/fr\/people-4-vaia\/\" \/>\n<meta property=\"og:locale\" content=\"fr_FR\" \/>\n<meta property=\"og:type\" content=\"article\" \/>\n<meta property=\"og:title\" content=\"Personnes pour VAIA | VAIA\" \/>\n<meta property=\"og:url\" content=\"https:\/\/www.vaia.eu\/fr\/people-4-vaia\/\" \/>\n<meta property=\"og:site_name\" content=\"VAIA\" \/>\n<meta property=\"article:publisher\" content=\"https:\/\/www.facebook.com\/therealvaia\/\" \/>\n<meta property=\"article:modified_time\" content=\"2025-02-07T10:05:29+00:00\" \/>\n<meta name=\"twitter:card\" content=\"summary_large_image\" \/>\n<script type=\"application\/ld+json\" class=\"yoast-schema-graph\">{\"@context\":\"https:\\\/\\\/schema.org\",\"@graph\":[{\"@type\":\"WebPage\",\"@id\":\"https:\\\/\\\/www.vaia.eu\\\/fr\\\/people-4-vaia\\\/\",\"url\":\"https:\\\/\\\/www.vaia.eu\\\/fr\\\/people-4-vaia\\\/\",\"name\":\"Personnes pour VAIA | VAIA\",\"isPartOf\":{\"@id\":\"https:\\\/\\\/www.vaia.eu\\\/#website\"},\"datePublished\":\"2022-10-03T11:17:41+00:00\",\"dateModified\":\"2025-02-07T10:05:29+00:00\",\"breadcrumb\":{\"@id\":\"https:\\\/\\\/www.vaia.eu\\\/fr\\\/people-4-vaia\\\/#breadcrumb\"},\"inLanguage\":\"fr-FR\",\"potentialAction\":[{\"@type\":\"ReadAction\",\"target\":[\"https:\\\/\\\/www.vaia.eu\\\/fr\\\/people-4-vaia\\\/\"]}]},{\"@type\":\"BreadcrumbList\",\"@id\":\"https:\\\/\\\/www.vaia.eu\\\/fr\\\/people-4-vaia\\\/#breadcrumb\",\"itemListElement\":[{\"@type\":\"ListItem\",\"position\":1,\"name\":\"Home\",\"item\":\"https:\\\/\\\/www.vaia.eu\\\/fr\\\/\"},{\"@type\":\"ListItem\",\"position\":2,\"name\":\"Personnes pour VAIA\"}]},{\"@type\":\"WebSite\",\"@id\":\"https:\\\/\\\/www.vaia.eu\\\/#website\",\"url\":\"https:\\\/\\\/www.vaia.eu\\\/\",\"name\":\"VAIA - Face what matters\",\"description\":\"Face What Matters\",\"publisher\":{\"@id\":\"https:\\\/\\\/www.vaia.eu\\\/#organization\"},\"potentialAction\":[{\"@type\":\"SearchAction\",\"target\":{\"@type\":\"EntryPoint\",\"urlTemplate\":\"https:\\\/\\\/www.vaia.eu\\\/?s={search_term_string}\"},\"query-input\":{\"@type\":\"PropertyValueSpecification\",\"valueRequired\":true,\"valueName\":\"search_term_string\"}}],\"inLanguage\":\"fr-FR\"},{\"@type\":\"Organization\",\"@id\":\"https:\\\/\\\/www.vaia.eu\\\/#organization\",\"name\":\"VAIA\",\"url\":\"https:\\\/\\\/www.vaia.eu\\\/\",\"logo\":{\"@type\":\"ImageObject\",\"inLanguage\":\"fr-FR\",\"@id\":\"https:\\\/\\\/www.vaia.eu\\\/#\\\/schema\\\/logo\\\/image\\\/\",\"url\":\"https:\\\/\\\/www.vaia.eu\\\/wp-content\\\/uploads\\\/2023\\\/12\\\/logo-vaia.svg\",\"contentUrl\":\"https:\\\/\\\/www.vaia.eu\\\/wp-content\\\/uploads\\\/2023\\\/12\\\/logo-vaia.svg\",\"width\":1000,\"height\":1000,\"caption\":\"VAIA\"},\"image\":{\"@id\":\"https:\\\/\\\/www.vaia.eu\\\/#\\\/schema\\\/logo\\\/image\\\/\"},\"sameAs\":[\"https:\\\/\\\/www.facebook.com\\\/therealvaia\\\/\",\"https:\\\/\\\/www.instagram.com\\\/therealvaia\\\/\",\"https:\\\/\\\/www.linkedin.com\\\/company\\\/vaiasrl\\\/\",\"https:\\\/\\\/www.youtube.com\\\/channel\\\/UCPtTJEh97yiEMm-vE_Ux3Aw\"]}]}<\/script>\n<!-- \/ Yoast SEO plugin. -->","yoast_head_json":{"title":"Personnes pour VAIA | VAIA","robots":{"index":"index","follow":"follow","max-snippet":"max-snippet:-1","max-image-preview":"max-image-preview:large","max-video-preview":"max-video-preview:-1"},"canonical":"https:\/\/www.vaia.eu\/fr\/people-4-vaia\/","og_locale":"fr_FR","og_type":"article","og_title":"Personnes pour VAIA | VAIA","og_url":"https:\/\/www.vaia.eu\/fr\/people-4-vaia\/","og_site_name":"VAIA","article_publisher":"https:\/\/www.facebook.com\/therealvaia\/","article_modified_time":"2025-02-07T10:05:29+00:00","twitter_card":"summary_large_image","schema":{"@context":"https:\/\/schema.org","@graph":[{"@type":"WebPage","@id":"https:\/\/www.vaia.eu\/fr\/people-4-vaia\/","url":"https:\/\/www.vaia.eu\/fr\/people-4-vaia\/","name":"Personnes pour VAIA | VAIA","isPartOf":{"@id":"https:\/\/www.vaia.eu\/#website"},"datePublished":"2022-10-03T11:17:41+00:00","dateModified":"2025-02-07T10:05:29+00:00","breadcrumb":{"@id":"https:\/\/www.vaia.eu\/fr\/people-4-vaia\/#breadcrumb"},"inLanguage":"fr-FR","potentialAction":[{"@type":"ReadAction","target":["https:\/\/www.vaia.eu\/fr\/people-4-vaia\/"]}]},{"@type":"BreadcrumbList","@id":"https:\/\/www.vaia.eu\/fr\/people-4-vaia\/#breadcrumb","itemListElement":[{"@type":"ListItem","position":1,"name":"Home","item":"https:\/\/www.vaia.eu\/fr\/"},{"@type":"ListItem","position":2,"name":"Personnes pour VAIA"}]},{"@type":"WebSite","@id":"https:\/\/www.vaia.eu\/#website","url":"https:\/\/www.vaia.eu\/","name":"VAIA - Face what matters","description":"Face What Matters","publisher":{"@id":"https:\/\/www.vaia.eu\/#organization"},"potentialAction":[{"@type":"SearchAction","target":{"@type":"EntryPoint","urlTemplate":"https:\/\/www.vaia.eu\/?s={search_term_string}"},"query-input":{"@type":"PropertyValueSpecification","valueRequired":true,"valueName":"search_term_string"}}],"inLanguage":"fr-FR"},{"@type":"Organization","@id":"https:\/\/www.vaia.eu\/#organization","name":"VAIA","url":"https:\/\/www.vaia.eu\/","logo":{"@type":"ImageObject","inLanguage":"fr-FR","@id":"https:\/\/www.vaia.eu\/#\/schema\/logo\/image\/","url":"https:\/\/www.vaia.eu\/wp-content\/uploads\/2023\/12\/logo-vaia.svg","contentUrl":"https:\/\/www.vaia.eu\/wp-content\/uploads\/2023\/12\/logo-vaia.svg","width":1000,"height":1000,"caption":"VAIA"},"image":{"@id":"https:\/\/www.vaia.eu\/#\/schema\/logo\/image\/"},"sameAs":["https:\/\/www.facebook.com\/therealvaia\/","https:\/\/www.instagram.com\/therealvaia\/","https:\/\/www.linkedin.com\/company\/vaiasrl\/","https:\/\/www.youtube.com\/channel\/UCPtTJEh97yiEMm-vE_Ux3Aw"]}]}},"_links":{"self":[{"href":"https:\/\/www.vaia.eu\/fr\/wp-json\/wp\/v2\/pages\/28057","targetHints":{"allow":["GET"]}}],"collection":[{"href":"https:\/\/www.vaia.eu\/fr\/wp-json\/wp\/v2\/pages"}],"about":[{"href":"https:\/\/www.vaia.eu\/fr\/wp-json\/wp\/v2\/types\/page"}],"author":[{"embeddable":true,"href":"https:\/\/www.vaia.eu\/fr\/wp-json\/wp\/v2\/users\/1"}],"replies":[{"embeddable":true,"href":"https:\/\/www.vaia.eu\/fr\/wp-json\/wp\/v2\/comments?post=28057"}],"version-history":[{"count":0,"href":"https:\/\/www.vaia.eu\/fr\/wp-json\/wp\/v2\/pages\/28057\/revisions"}],"wp:attachment":[{"href":"https:\/\/www.vaia.eu\/fr\/wp-json\/wp\/v2\/media?parent=28057"}],"curies":[{"name":"wp","href":"https:\/\/api.w.org\/{rel}","templated":true}]}}