{"id":28074,"date":"2023-10-26T12:58:54","date_gmt":"2023-10-26T10:58:54","guid":{"rendered":"https:\/\/www.vaia.eu\/people-4-vaia\/vaier\/"},"modified":"2025-02-07T10:05:59","modified_gmt":"2025-02-07T09:05:59","slug":"vaier","status":"publish","type":"page","link":"https:\/\/www.vaia.eu\/fr\/people-4-vaia\/vaier\/","title":{"rendered":"VAIER People"},"content":{"rendered":"\n<div class=\"title-subtitle-cta-band  bgcolor-lightgreen \">\n    <div class=\"component-container\">\n        <div class=\" display-block \">\n                        <span class=\"title-1  titlesize-medium  titlecolor-violet \">VAIER<\/span>\n                \n            \n        <\/div>\n\n\n        \n        <div class=\"grid-subtitle\">\n        \n\n                        <span class=\"separator  separator-color-violet \">\/\/<\/span>\n            \n                    <div class=\"subtitle  subtitlesize-medium  subtitlecolor-violet \"><p>se compose de plus de 130 000 personnes passionn\u00e9es par ce que nous faisons et qui refl\u00e8tent notre vision du monde.<\/p>\n<\/div>\n            \n            \n            <\/div>\n                \n        \n    <\/div>\n<\/div>\n\n\n<div class=\"title-vertical-band  bgcolor-transparent  alignment-title-left \">\n    <div class=\"component-container\">\n                    <div class=\"title-container\"><span class=\"title-1  titlesize-medium  titlecolor-green \">La communaut\u00e9<\/span><\/div>\n                                <div class=\"subtitle  subtitlesize-medium  subtitlecolor-darkgreen \"><p>Non seulement ils se reconnaissent dans le style VAIA, mais ils veulent agir et r\u00e9agir &#8211; de multiples fa\u00e7ons &#8211; aux d\u00e9fis de notre temps, en s&rsquo;engageant concr\u00e8tement \u00e0 avoir un impact positif : ils ont trouv\u00e9 dans VAIA une mani\u00e8re extraordinaire de le faire.<\/p>\n<p>Ils sont souvent journalistes, professeurs, free-lances, managers, propri\u00e9taires de PME, \u00e9tudiants. Ils aiment la nature &#8211; en particulier les Dolomites &#8211; mais aussi l&rsquo;art, ils lisent l&rsquo;actualit\u00e9, pratiquent des activit\u00e9s de plein air, s&rsquo;engagent pour la protection sociale et environnementale.<\/p>\n<p>La force de notre communaut\u00e9 est la positivit\u00e9: l&rsquo;enthousiasme, la responsabilit\u00e9 et le courage sont les valeurs qui nous guident.<\/p>\n<\/div>\n                <\/div>\n\n<\/div>\n\n\n<div class=\"images-slider images-slider-bg-darkgreen\">\n    <div class=\"images-slider-container\">\n        \n        <div class=\"images-slider__row\">\n                            <div class=\"images-slider__single\" aria-hidden=\"false\">\n                    <div class=\"images-slider__single-contents\">\n                        <img data-flickity-lazyload=\"https:\/\/www.vaia.eu\/wp-content\/uploads\/2023\/10\/590x590-vaier-1.jpg\" class=\"skip-lazy\" alt=\"slider image\" width=\"400\" height=\"600\" \/>\n                                                                    <\/div>\n\n                <\/div>\n                            <div class=\"images-slider__single\" aria-hidden=\"false\">\n                    <div class=\"images-slider__single-contents\">\n                        <img data-flickity-lazyload=\"https:\/\/www.vaia.eu\/wp-content\/uploads\/2023\/10\/590x590-vaier-2.jpg\" class=\"skip-lazy\" alt=\"slider image\" width=\"400\" height=\"600\" \/>\n                                                                    <\/div>\n\n                <\/div>\n                            <div class=\"images-slider__single\" aria-hidden=\"false\">\n                    <div class=\"images-slider__single-contents\">\n                        <img data-flickity-lazyload=\"https:\/\/www.vaia.eu\/wp-content\/uploads\/2023\/10\/590x590-vaier-4.jpg\" class=\"skip-lazy\" alt=\"slider image\" width=\"400\" height=\"600\" \/>\n                                                                    <\/div>\n\n                <\/div>\n                            <div class=\"images-slider__single\" aria-hidden=\"false\">\n                    <div class=\"images-slider__single-contents\">\n                        <img data-flickity-lazyload=\"https:\/\/www.vaia.eu\/wp-content\/uploads\/2023\/10\/590x590-vaier-3.jpg\" class=\"skip-lazy\" alt=\"slider image\" width=\"400\" height=\"600\" \/>\n                                                                    <\/div>\n\n                <\/div>\n                            <div class=\"images-slider__single\" aria-hidden=\"false\">\n                    <div class=\"images-slider__single-contents\">\n                        <img data-flickity-lazyload=\"https:\/\/www.vaia.eu\/wp-content\/uploads\/2023\/10\/590x590-vaier-5.jpg\" class=\"skip-lazy\" alt=\"slider image\" width=\"400\" height=\"600\" \/>\n                                                                    <\/div>\n\n                <\/div>\n                            <div class=\"images-slider__single\" aria-hidden=\"false\">\n                    <div class=\"images-slider__single-contents\">\n                        <img data-flickity-lazyload=\"https:\/\/www.vaia.eu\/wp-content\/uploads\/2023\/10\/590x590-vaier-6.jpg\" class=\"skip-lazy\" alt=\"slider image\" width=\"400\" height=\"600\" \/>\n                                                                    <\/div>\n\n                <\/div>\n                            <div class=\"images-slider__single\" aria-hidden=\"false\">\n                    <div class=\"images-slider__single-contents\">\n                        <img data-flickity-lazyload=\"https:\/\/www.vaia.eu\/wp-content\/uploads\/2023\/10\/590x590-vaier-7.jpg\" class=\"skip-lazy\" alt=\"slider image\" width=\"400\" height=\"600\" \/>\n                                                                    <\/div>\n\n                <\/div>\n            \n        <\/div>\n        <span class=\"image-slider-symbol symbol-yellow\">\/\/<\/span>\n    <\/div>\n\n<\/div>\n\n\n<div class=\"testimonials testimonials-bg-lightgreen\">\n    <div class=\"testimonials-container\">\n        \n        <div class=\"testimonials__row\">\n                            <div class=\"testimonials__single\">\n                    <div class=\"testimonials__single-contents\">\n\n                        \n                                                    <span class=\"thetitle thetitle--color-violet\">Martina<\/span>\n                        \n                        \n                                                    <div class=\"thetext\"><p>[&#8230;] Lorsque nous avons essay\u00e9 le VAIA Cube, nous avons \u00e9t\u00e9 stup\u00e9faits. Nous ne pouvions pas imaginer qu&rsquo;un haut-parleur aussi simple puisse \u00eatre aussi performant, alors que nous sommes habitu\u00e9s au concept \u00ab plus il y a d&rsquo;\u00e9lectronique, plus le produit est efficace \u00bb. J&rsquo;ai vraiment appr\u00e9ci\u00e9 le fait qu&rsquo;avec cet achat, nous allions repeupler la for\u00eat de violons et que du bois provenant d&rsquo;arbres \u00ab imparfaits \u00bb ait \u00e9t\u00e9 utilis\u00e9, comme la nature l&rsquo;avait pr\u00e9vu dans sa perfection intrins\u00e8que. Je vous remercie pour ce que vous faites.<\/p>\n<\/div>\n                        \n                    <\/div>\n\n                <\/div>\n                            <div class=\"testimonials__single\">\n                    <div class=\"testimonials__single-contents\">\n\n                        \n                                                    <span class=\"thetitle thetitle--color-violet\">Christoph<\/span>\n                        \n                        \n                                                    <div class=\"thetext\"><p>Une semaine avant No\u00ebl, j&rsquo;\u00e9tais clou\u00e9 au lit avec une infection l\u00e9g\u00e8re mais d\u00e9sagr\u00e9able de Covid, \u00e9coutant de la musique via un IPhone et des haut-parleurs Bluetooth. Au bout de quelques heures, je devais recharger. Soucieux de ne pas gaspiller de l&rsquo;\u00e9nergie dans un tel moment, j&rsquo;ai lu un article sur votre cube dans un journal et j&rsquo;ai imm\u00e9diatement command\u00e9 deux cubes. Un pour moi et un pour un ami, qui l&rsquo;utilise maintenant pendant des heures dans son atelier. Le fait que le bois a sa propre histoire et que vous plantez des arbres \u00e9tait un bonus tr\u00e8s agr\u00e9able.<\/p>\n<\/div>\n                        \n                    <\/div>\n\n                <\/div>\n                            <div class=\"testimonials__single\">\n                    <div class=\"testimonials__single-contents\">\n\n                        \n                                                    <span class=\"thetitle thetitle--color-violet\">Marta<\/span>\n                        \n                        \n                                                    <div class=\"thetext\"><p>[&#8230;] It was around Christmas time and I had one, or rather three special people to give a present to: Lucio, the child with the biggest and most beautiful eyes I have ever known, son of Arianna, my beloved sister, and Giulio. They live in Bologna but dream of a house in the mountains, because you can no longer live in cement and far from trees, climbing, animals, water and good air. So says Arianna, my sister, and she is right. The mountains were the happiest place on earth for us two little girls in the 80s and 90s. Like her, I dream of finding my way to the good air.<\/p>\n<\/div>\n                        \n                    <\/div>\n\n                <\/div>\n                            <div class=\"testimonials__single\">\n                    <div class=\"testimonials__single-contents\">\n\n                        \n                                                    <span class=\"thetitle thetitle--color-violet\">Tullio<\/span>\n                        \n                        \n                                                    <div class=\"thetext\"><p>Your initiative has opened my heart. I am 72 years old and you have made me realise that there is a future despite everything, even in Trentino. I ordered your item. Perfect packaging and delivery. It also works very well and the design is very nice. And the thought that even with my contribution there is a new tree somewhere makes me happy. Besides, I fight every day with those who consider Trentino a kind of Disneyland and knowing that there are businesses like yours comforts me. Keep on that way.<\/p>\n<\/div>\n                        \n                    <\/div>\n\n                <\/div>\n            \n        <\/div>\n            <\/div>\n\n<\/div>\n","protected":false},"excerpt":{"rendered":"","protected":false},"author":1,"featured_media":0,"parent":28057,"menu_order":0,"comment_status":"closed","ping_status":"closed","template":"","meta":{"_acf_changed":false,"_crdt_document":"","content-type":"","footnotes":""},"class_list":["post-28074","page","type-page","status-publish","hentry"],"acf":[],"yoast_head":"<!-- This site is optimized with the Yoast SEO plugin v27.3 - https:\/\/yoast.com\/product\/yoast-seo-wordpress\/ -->\n<title>VAIER People | VAIA<\/title>\n<meta name=\"robots\" content=\"index, follow, max-snippet:-1, max-image-preview:large, max-video-preview:-1\" \/>\n<link rel=\"canonical\" href=\"https:\/\/www.vaia.eu\/fr\/people-4-vaia\/vaier\/\" \/>\n<meta property=\"og:locale\" content=\"fr_FR\" \/>\n<meta property=\"og:type\" content=\"article\" \/>\n<meta property=\"og:title\" content=\"VAIER People | VAIA\" \/>\n<meta property=\"og:url\" content=\"https:\/\/www.vaia.eu\/fr\/people-4-vaia\/vaier\/\" \/>\n<meta property=\"og:site_name\" content=\"VAIA\" \/>\n<meta property=\"article:publisher\" content=\"https:\/\/www.facebook.com\/therealvaia\/\" \/>\n<meta property=\"article:modified_time\" content=\"2025-02-07T09:05:59+00:00\" \/>\n<meta name=\"twitter:card\" content=\"summary_large_image\" \/>\n<script type=\"application\/ld+json\" class=\"yoast-schema-graph\">{\"@context\":\"https:\\\/\\\/schema.org\",\"@graph\":[{\"@type\":\"WebPage\",\"@id\":\"https:\\\/\\\/www.vaia.eu\\\/fr\\\/people-4-vaia\\\/vaier\\\/\",\"url\":\"https:\\\/\\\/www.vaia.eu\\\/fr\\\/people-4-vaia\\\/vaier\\\/\",\"name\":\"VAIER People | VAIA\",\"isPartOf\":{\"@id\":\"https:\\\/\\\/www.vaia.eu\\\/#website\"},\"datePublished\":\"2023-10-26T10:58:54+00:00\",\"dateModified\":\"2025-02-07T09:05:59+00:00\",\"breadcrumb\":{\"@id\":\"https:\\\/\\\/www.vaia.eu\\\/fr\\\/people-4-vaia\\\/vaier\\\/#breadcrumb\"},\"inLanguage\":\"fr-FR\",\"potentialAction\":[{\"@type\":\"ReadAction\",\"target\":[\"https:\\\/\\\/www.vaia.eu\\\/fr\\\/people-4-vaia\\\/vaier\\\/\"]}]},{\"@type\":\"BreadcrumbList\",\"@id\":\"https:\\\/\\\/www.vaia.eu\\\/fr\\\/people-4-vaia\\\/vaier\\\/#breadcrumb\",\"itemListElement\":[{\"@type\":\"ListItem\",\"position\":1,\"name\":\"Home\",\"item\":\"https:\\\/\\\/www.vaia.eu\\\/fr\\\/\"},{\"@type\":\"ListItem\",\"position\":2,\"name\":\"Personnes pour VAIA\",\"item\":\"https:\\\/\\\/www.vaia.eu\\\/fr\\\/people-4-vaia\\\/\"},{\"@type\":\"ListItem\",\"position\":3,\"name\":\"VAIER People\"}]},{\"@type\":\"WebSite\",\"@id\":\"https:\\\/\\\/www.vaia.eu\\\/#website\",\"url\":\"https:\\\/\\\/www.vaia.eu\\\/\",\"name\":\"VAIA - Face what matters\",\"description\":\"Face What Matters\",\"publisher\":{\"@id\":\"https:\\\/\\\/www.vaia.eu\\\/#organization\"},\"potentialAction\":[{\"@type\":\"SearchAction\",\"target\":{\"@type\":\"EntryPoint\",\"urlTemplate\":\"https:\\\/\\\/www.vaia.eu\\\/?s={search_term_string}\"},\"query-input\":{\"@type\":\"PropertyValueSpecification\",\"valueRequired\":true,\"valueName\":\"search_term_string\"}}],\"inLanguage\":\"fr-FR\"},{\"@type\":\"Organization\",\"@id\":\"https:\\\/\\\/www.vaia.eu\\\/#organization\",\"name\":\"VAIA\",\"url\":\"https:\\\/\\\/www.vaia.eu\\\/\",\"logo\":{\"@type\":\"ImageObject\",\"inLanguage\":\"fr-FR\",\"@id\":\"https:\\\/\\\/www.vaia.eu\\\/#\\\/schema\\\/logo\\\/image\\\/\",\"url\":\"https:\\\/\\\/www.vaia.eu\\\/wp-content\\\/uploads\\\/2023\\\/12\\\/logo-vaia.svg\",\"contentUrl\":\"https:\\\/\\\/www.vaia.eu\\\/wp-content\\\/uploads\\\/2023\\\/12\\\/logo-vaia.svg\",\"width\":1000,\"height\":1000,\"caption\":\"VAIA\"},\"image\":{\"@id\":\"https:\\\/\\\/www.vaia.eu\\\/#\\\/schema\\\/logo\\\/image\\\/\"},\"sameAs\":[\"https:\\\/\\\/www.facebook.com\\\/therealvaia\\\/\",\"https:\\\/\\\/www.instagram.com\\\/therealvaia\\\/\",\"https:\\\/\\\/www.linkedin.com\\\/company\\\/vaiasrl\\\/\",\"https:\\\/\\\/www.youtube.com\\\/channel\\\/UCPtTJEh97yiEMm-vE_Ux3Aw\"]}]}<\/script>\n<!-- \/ Yoast SEO plugin. -->","yoast_head_json":{"title":"VAIER People | VAIA","robots":{"index":"index","follow":"follow","max-snippet":"max-snippet:-1","max-image-preview":"max-image-preview:large","max-video-preview":"max-video-preview:-1"},"canonical":"https:\/\/www.vaia.eu\/fr\/people-4-vaia\/vaier\/","og_locale":"fr_FR","og_type":"article","og_title":"VAIER People | VAIA","og_url":"https:\/\/www.vaia.eu\/fr\/people-4-vaia\/vaier\/","og_site_name":"VAIA","article_publisher":"https:\/\/www.facebook.com\/therealvaia\/","article_modified_time":"2025-02-07T09:05:59+00:00","twitter_card":"summary_large_image","schema":{"@context":"https:\/\/schema.org","@graph":[{"@type":"WebPage","@id":"https:\/\/www.vaia.eu\/fr\/people-4-vaia\/vaier\/","url":"https:\/\/www.vaia.eu\/fr\/people-4-vaia\/vaier\/","name":"VAIER People | VAIA","isPartOf":{"@id":"https:\/\/www.vaia.eu\/#website"},"datePublished":"2023-10-26T10:58:54+00:00","dateModified":"2025-02-07T09:05:59+00:00","breadcrumb":{"@id":"https:\/\/www.vaia.eu\/fr\/people-4-vaia\/vaier\/#breadcrumb"},"inLanguage":"fr-FR","potentialAction":[{"@type":"ReadAction","target":["https:\/\/www.vaia.eu\/fr\/people-4-vaia\/vaier\/"]}]},{"@type":"BreadcrumbList","@id":"https:\/\/www.vaia.eu\/fr\/people-4-vaia\/vaier\/#breadcrumb","itemListElement":[{"@type":"ListItem","position":1,"name":"Home","item":"https:\/\/www.vaia.eu\/fr\/"},{"@type":"ListItem","position":2,"name":"Personnes pour VAIA","item":"https:\/\/www.vaia.eu\/fr\/people-4-vaia\/"},{"@type":"ListItem","position":3,"name":"VAIER People"}]},{"@type":"WebSite","@id":"https:\/\/www.vaia.eu\/#website","url":"https:\/\/www.vaia.eu\/","name":"VAIA - Face what matters","description":"Face What Matters","publisher":{"@id":"https:\/\/www.vaia.eu\/#organization"},"potentialAction":[{"@type":"SearchAction","target":{"@type":"EntryPoint","urlTemplate":"https:\/\/www.vaia.eu\/?s={search_term_string}"},"query-input":{"@type":"PropertyValueSpecification","valueRequired":true,"valueName":"search_term_string"}}],"inLanguage":"fr-FR"},{"@type":"Organization","@id":"https:\/\/www.vaia.eu\/#organization","name":"VAIA","url":"https:\/\/www.vaia.eu\/","logo":{"@type":"ImageObject","inLanguage":"fr-FR","@id":"https:\/\/www.vaia.eu\/#\/schema\/logo\/image\/","url":"https:\/\/www.vaia.eu\/wp-content\/uploads\/2023\/12\/logo-vaia.svg","contentUrl":"https:\/\/www.vaia.eu\/wp-content\/uploads\/2023\/12\/logo-vaia.svg","width":1000,"height":1000,"caption":"VAIA"},"image":{"@id":"https:\/\/www.vaia.eu\/#\/schema\/logo\/image\/"},"sameAs":["https:\/\/www.facebook.com\/therealvaia\/","https:\/\/www.instagram.com\/therealvaia\/","https:\/\/www.linkedin.com\/company\/vaiasrl\/","https:\/\/www.youtube.com\/channel\/UCPtTJEh97yiEMm-vE_Ux3Aw"]}]}},"_links":{"self":[{"href":"https:\/\/www.vaia.eu\/fr\/wp-json\/wp\/v2\/pages\/28074","targetHints":{"allow":["GET"]}}],"collection":[{"href":"https:\/\/www.vaia.eu\/fr\/wp-json\/wp\/v2\/pages"}],"about":[{"href":"https:\/\/www.vaia.eu\/fr\/wp-json\/wp\/v2\/types\/page"}],"author":[{"embeddable":true,"href":"https:\/\/www.vaia.eu\/fr\/wp-json\/wp\/v2\/users\/1"}],"replies":[{"embeddable":true,"href":"https:\/\/www.vaia.eu\/fr\/wp-json\/wp\/v2\/comments?post=28074"}],"version-history":[{"count":0,"href":"https:\/\/www.vaia.eu\/fr\/wp-json\/wp\/v2\/pages\/28074\/revisions"}],"up":[{"embeddable":true,"href":"https:\/\/www.vaia.eu\/fr\/wp-json\/wp\/v2\/pages\/28057"}],"wp:attachment":[{"href":"https:\/\/www.vaia.eu\/fr\/wp-json\/wp\/v2\/media?parent=28074"}],"curies":[{"name":"wp","href":"https:\/\/api.w.org\/{rel}","templated":true}]}}