{"id":27962,"date":"2023-10-26T16:46:53","date_gmt":"2023-10-26T14:46:53","guid":{"rendered":"https:\/\/www.vaia.eu\/prodotto\/vaia-cube-imperfetto\/"},"modified":"2026-02-16T09:05:39","modified_gmt":"2026-02-16T08:05:39","slug":"vaia-cube-imperfetto","status":"publish","type":"product","link":"https:\/\/www.vaia.eu\/fr\/prodotto\/vaia-cube-imperfetto\/","title":{"rendered":"VAIA Cube imperfetto"},"content":{"rendered":"<div class=\"video-area-home\"  style=\"background:url(https:\/\/www.vaia.eu\/wp-content\/uploads\/2023\/10\/1920x1080-anteprima-video-imperfetto.jpg) no-repeat left center; background-size:cover;\" >\n    <div class=\"video-container\">\n                    <span class=\"video-title video-title-color-lightyellow\">VAIA Cube imperfetto<\/span>\n            \n        \n            <a href=\"https:\/\/www.youtube.com\/watch?v=ktOkkAZ5BgU\" class=\"button swipebox  button-secondary \" data-rel=\"lightbox-image-0\" title=\"PLAY VIDEO\">\n                PLAY VIDEO            <\/a>\n\n                <\/div>\n\n<\/div>\n\n\n\n<div style=\"height:30px\" aria-hidden=\"true\" class=\"wp-block-spacer\"><\/div>\n\n\n<div class=\"title-vertical-band  bgcolor-green  alignment-title-right \">\n    <div class=\"component-container\">\n                    <div class=\"title-container\"><span class=\"title-1  titlesize-large  titlecolor-yellow \">\/\/ UNIQUE<\/span><\/div>\n                                <div class=\"subtitle  subtitlesize-medium  subtitlecolor-lightyellow \"><p>Une ode \u00e0 l&rsquo;imperfection. On ne sait pas o\u00f9 elle est marqu\u00e9e, ni comment. Certains moules ressemblent presque \u00e0 de la peinture, faisant virer le bois au bleu et au gris. C&rsquo;est le Cube du jeu impr\u00e9visible de la nature.<\/p>\n<\/div>\n                <\/div>\n\n<\/div>\n\n\n\n<figure class=\"wp-block-image size-large nomargin-full\"><img loading=\"lazy\" decoding=\"async\" width=\"1024\" height=\"640\" src=\"https:\/\/www.vaia.eu\/wp-content\/uploads\/2023\/10\/1280x800-imperfetto-3-1024x640.jpg\" alt=\"wood amplifier for smartphone vaia cube imperfetto\" class=\"wp-image-2958\" srcset=\"https:\/\/www.vaia.eu\/wp-content\/uploads\/2023\/10\/1280x800-imperfetto-3-1024x640.jpg 1024w, https:\/\/www.vaia.eu\/wp-content\/uploads\/2023\/10\/1280x800-imperfetto-3-300x188.jpg 300w, https:\/\/www.vaia.eu\/wp-content\/uploads\/2023\/10\/1280x800-imperfetto-3-768x480.jpg 768w, https:\/\/www.vaia.eu\/wp-content\/uploads\/2023\/10\/1280x800-imperfetto-3-600x375.jpg 600w, https:\/\/www.vaia.eu\/wp-content\/uploads\/2023\/10\/1280x800-imperfetto-3.jpg 1280w\" sizes=\"auto, (max-width: 1024px) 100vw, 1024px\" \/><\/figure>\n\n\n\n<div class=\"title-subtitle-cta-band  bgcolor-transparent \">\n    <div class=\"component-container\">\n        <div class=\" display-block \">\n                        <span class=\"title-1  titlesize-small  titlecolor-green \">\/\/ HUMAIN<\/span>\n                \n            \n        <\/div>\n\n\n        \n        <div class=\"grid-subtitle\">\n        \n\n            \n                    <div class=\"subtitle  subtitlesize-small  subtitlecolor-darkgreen \"><p>Des taches qui sont nos diversit\u00e9s, nos imperfections, nos merveilleux signes distinctifs. Pour nous rappeler que la beaut\u00e9 va au-del\u00e0 des clich\u00e9s et ne peut \u00eatre brid\u00e9e dans aucun canon.<\/p>\n<\/div>\n            \n            \n            <\/div>\n                \n        \n    <\/div>\n<\/div>\n\n\n\n<figure class=\"wp-block-image size-large nomargin-full\"><img loading=\"lazy\" decoding=\"async\" width=\"1024\" height=\"640\" src=\"https:\/\/www.vaia.eu\/wp-content\/uploads\/2023\/10\/1280x800-imperfetto-1024x640.jpg\" alt=\"VAIA Cube imperfetto acustic wooden amplifier\" class=\"wp-image-2955\" srcset=\"https:\/\/www.vaia.eu\/wp-content\/uploads\/2023\/10\/1280x800-imperfetto-1024x640.jpg 1024w, https:\/\/www.vaia.eu\/wp-content\/uploads\/2023\/10\/1280x800-imperfetto-300x188.jpg 300w, https:\/\/www.vaia.eu\/wp-content\/uploads\/2023\/10\/1280x800-imperfetto-768x480.jpg 768w, https:\/\/www.vaia.eu\/wp-content\/uploads\/2023\/10\/1280x800-imperfetto-600x375.jpg 600w, https:\/\/www.vaia.eu\/wp-content\/uploads\/2023\/10\/1280x800-imperfetto.jpg 1280w\" sizes=\"auto, (max-width: 1024px) 100vw, 1024px\" \/><\/figure>\n\n\n<div class=\"title-vertical-band  bgcolor-green  alignment-title-right \">\n    <div class=\"component-container\">\n                    <div class=\"title-container\"><span class=\"title-1  titlesize-large  titlecolor-yellow \">\/\/ INCLUSIF<\/span><\/div>\n                                <div class=\"subtitle  subtitlesize-medium  subtitlecolor-lightyellow \"><p>VAIA Cube <em>Imperfetto<\/em> prend soin des arbres les plus malheureux pour leur rendre leur dignit\u00e9: personne ne doit \u00eatre laiss\u00e9 pour compte, chacun a une valeur qui doit \u00eatre reconnue, tout comme notre VAIA Cube <em>Imperfetto<\/em>.<\/p>\n<\/div>\n                <\/div>\n\n<\/div>\n\n\n\n<div class=\"title-subtitle-cta-band  bgcolor-transparent \">\n    <div class=\"component-container\">\n        <div class=\" display-block \">\n                        <span class=\"title-1  titlesize-small  titlecolor-green \">\/\/ PO\u00c9SIERS<\/span>\n                \n            \n        <\/div>\n\n\n        \n        <div class=\"grid-subtitle\">\n        \n\n            \n                    <div class=\"subtitle  subtitlesize-small  subtitlecolor-darkgreen \"><p>Des cicatrices qui racontent notre histoire. Des \u00e9checs, des carrefours et des difficult\u00e9s qui rencontrent des changements, des renaissances, le d\u00e9sir de faire la diff\u00e9rence et de trouver le bon chemin.<\/p>\n<\/div>\n            \n            \n            <\/div>\n                \n        \n    <\/div>\n<\/div>\n\n\n\n<div class=\"title-subtitle-cta-band  bgcolor-green \">\n    <div class=\"component-container\">\n        <div class=\" display-block \">\n                        <span class=\"title-1  titlesize-small  titlecolor-yellow \">\/\/ La for\u00eat du violon<\/span>\n                \n            \n        <\/div>\n\n\n        \n        <div class=\"grid-subtitle\">\n        \n\n            \n                    <div class=\"subtitle  subtitlesize-small  subtitlecolor-lightyellow \"><p>Une for\u00eat particuli\u00e8re au c\u0153ur du parc de Paneveggio, dans le Trentin. Gr\u00e2ce au bon m\u00e9lange de soleil et d&rsquo;humidit\u00e9 et \u00e0 la croissance lente de ses arbres, le bois acquiert une capacit\u00e9 exceptionnelle d&rsquo;amplification du son. Depuis le d\u00e9but du XVIIe si\u00e8cle, ces \u00ab sapins de r\u00e9sonance \u00bb attirent les luthiers du monde entier, \u00e0 la recherche du bois parfait pour leurs cr\u00e9ations artisanales. Il semblerait que Stradivari lui-m\u00eame s&rsquo;y soit rendu \u00e0 plusieurs reprises pour s\u00e9lectionner personnellement la mati\u00e8re premi\u00e8re des caisses de r\u00e9sonance de ses prestigieux violons.<\/p>\n<\/div>\n            \n            \n            <\/div>\n                \n        \n    <\/div>\n<\/div>\n\n\n\n<div class=\"title-subtitle-cta-band  bgcolor-transparent \">\n    <div class=\"component-container\">\n        <div class=\" display-block \">\n                        <span class=\"title-1  titlesize-medium  titlecolor-darkgreen \">\u00c9GALEMENT EN VERSION CLASSIQUE ET JOYEUSE! <\/span>\n                \n            \n        <\/div>\n\n\n        \n\n            \n        \n            \n        \n    <\/div>\n<\/div>\n\n\n<div class=\"images-slider images-slider-bg-yellow\">\n    <div class=\"images-slider-container\">\n        \n        <div class=\"images-slider__row\">\n                            <div class=\"images-slider__single\" aria-hidden=\"false\">\n                    <div class=\"images-slider__single-contents\">\n                        <img data-flickity-lazyload=\"https:\/\/www.vaia.eu\/wp-content\/uploads\/2022\/11\/665x755_CUBE.jpg\" class=\"skip-lazy\" alt=\"slider image\" width=\"400\" height=\"600\" \/>\n                                                    <span class=\"thetitle thetitle--color-lightyellow\">AMPLIFIE LA RENAISSANCE <\/span>\n                                                                            <a class=\"button\" href=\"https:\/\/www.vaia.eu\/fr\/prodotto\/vaia-cube-joy\/\" title=\"D\u00c9COUVRIR VAIA CUBE \">D\u00c9COUVRIR VAIA CUBE <\/a>\n                                            <\/div>\n\n                <\/div>\n                            <div class=\"images-slider__single\" aria-hidden=\"false\">\n                    <div class=\"images-slider__single-contents\">\n                        <img data-flickity-lazyload=\"https:\/\/www.vaia.eu\/wp-content\/uploads\/2022\/11\/665x755_JOY-2-1.jpg\" class=\"skip-lazy\" alt=\"slider image\" width=\"400\" height=\"600\" \/>\n                                                    <span class=\"thetitle thetitle--color-lightyellow\">L&rsquo;\u00c9NERGIE DE LA COULEUR<\/span>\n                                                                            <a class=\"button\" href=\"https:\/\/www.vaia.eu\/fr\/prodotto\/vaia-cube-joy\/\" title=\"D\u00c9COUVREZVAIA CUBE JOY \">D\u00c9COUVREZVAIA CUBE JOY <\/a>\n                                            <\/div>\n\n                <\/div>\n            \n        <\/div>\n        <span class=\"image-slider-symbol symbol-darkgreen\">\/\/<\/span>\n    <\/div>\n\n<\/div>\n\n\n\n<h3 class=\"wp-block-heading\">SP\u00c9CIFICATIONS TECHNIQUES&nbsp;| VAIA Cube <em>imperfetto<\/em><\/h3>\n\n\n\n<ul class=\"wp-block-list\">\n<li>Dimensions: 10 x 10 x 10 cm<\/li>\n\n\n\n<li>Taille de l&#8217;emplacement du t\u00e9l\u00e9phone: 8.6 x 1.2 cm<\/li>\n\n\n\n<li>Compatible avec presque tous les types de smartphones actuellement sur le march\u00e9, avec les \u00e9tuis les plus bas de gamme. Seules les coques particuli\u00e8rement volumineuses peuvent emp\u00eacher une insertion correcte : veuillez mesurer l&rsquo;\u00e9paisseur du smartphone, y compris la coque, et v\u00e9rifier qu&rsquo;elle ne d\u00e9passe pas 12 mm.<\/li>\n<\/ul>\n\n\n<div class=\"fascia-spedizione-shop\">\n    <div class=\"fascia-spedizione-shop__inner\">\n        <span class=\"title-spedizione\"><\/span>\n        <div class=\"testo\"><p>Achetez 2 produits et la livraison est gratuite !<\/p>\n<\/div>\n    <\/div>\n<\/div>\n","protected":false},"excerpt":{"rendered":"<p>Notre amplificateur embl\u00e9matique, rendu unique par les taches et les nobles imperfections naturelles!<\/p>\n","protected":false},"featured_media":27964,"template":"","meta":{"_acf_changed":true,"_crdt_document":"","content-type":""},"product_brand":[],"product_cat":[188],"product_tag":[],"class_list":{"0":"post-27962","1":"product","2":"type-product","3":"status-publish","4":"has-post-thumbnail","6":"product_cat-vaia-cube-fr","8":"first","9":"instock","10":"shipping-taxable","11":"purchasable","12":"product-type-simple"},"acf":[],"yoast_head":"<!-- This site is optimized with the Yoast SEO plugin v27.3 - https:\/\/yoast.com\/product\/yoast-seo-wordpress\/ -->\n<title>VAIA Cube Imparfait | Amplificateur acoustique pour smartphones<\/title>\n<meta name=\"description\" content=\"L&#039;embl\u00e9matique VAIA Cube, rendu unique par ses taches naturelles et ses nobles imperfections ! Pour chaque Cube vendu, un arbre est plant\u00e9 dans les Dolomites.\" \/>\n<meta name=\"robots\" content=\"index, follow, max-snippet:-1, max-image-preview:large, max-video-preview:-1\" \/>\n<link rel=\"canonical\" href=\"https:\/\/www.vaia.eu\/fr\/prodotto\/vaia-cube-imperfetto\/\" \/>\n<meta property=\"og:locale\" content=\"fr_FR\" \/>\n<meta property=\"og:type\" content=\"article\" \/>\n<meta property=\"og:title\" content=\"VAIA Cube Imparfait | Amplificateur acoustique pour smartphones\" \/>\n<meta property=\"og:description\" content=\"L&#039;embl\u00e9matique VAIA Cube, rendu unique par ses taches naturelles et ses nobles imperfections ! Pour chaque Cube vendu, un arbre est plant\u00e9 dans les Dolomites.\" \/>\n<meta property=\"og:url\" content=\"https:\/\/www.vaia.eu\/fr\/prodotto\/vaia-cube-imperfetto\/\" \/>\n<meta property=\"og:site_name\" content=\"VAIA\" \/>\n<meta property=\"article:publisher\" content=\"https:\/\/www.facebook.com\/therealvaia\/\" \/>\n<meta property=\"article:modified_time\" content=\"2026-02-16T08:05:39+00:00\" \/>\n<meta property=\"og:image\" content=\"https:\/\/www.vaia.eu\/wp-content\/uploads\/2023\/10\/1000x1000_PRODOTTI-imperfetto.jpg\" \/>\n\t<meta property=\"og:image:width\" content=\"1000\" \/>\n\t<meta property=\"og:image:height\" content=\"1000\" \/>\n\t<meta property=\"og:image:type\" content=\"image\/jpeg\" \/>\n<meta name=\"twitter:card\" content=\"summary_large_image\" \/>\n<meta name=\"twitter:label1\" content=\"Prix\" \/>\n\t<meta name=\"twitter:data1\" content=\"74,00&nbsp;&euro;\" \/>\n\t<meta name=\"twitter:label2\" content=\"Disponibilit\u00e9\" \/>\n\t<meta name=\"twitter:data2\" content=\"En stock\" \/>\n<script type=\"application\/ld+json\" class=\"yoast-schema-graph\">{\"@context\":\"https:\\\/\\\/schema.org\",\"@graph\":[{\"@type\":\"WebPage\",\"@id\":\"https:\\\/\\\/www.vaia.eu\\\/fr\\\/prodotto\\\/vaia-cube-imperfetto\\\/\",\"url\":\"https:\\\/\\\/www.vaia.eu\\\/fr\\\/prodotto\\\/vaia-cube-imperfetto\\\/\",\"name\":\"VAIA Cube Imparfait | Amplificateur acoustique pour smartphones\",\"isPartOf\":{\"@id\":\"https:\\\/\\\/www.vaia.eu\\\/#website\"},\"primaryImageOfPage\":{\"@id\":\"https:\\\/\\\/www.vaia.eu\\\/fr\\\/prodotto\\\/vaia-cube-imperfetto\\\/#primaryimage\"},\"image\":{\"@id\":\"https:\\\/\\\/www.vaia.eu\\\/fr\\\/prodotto\\\/vaia-cube-imperfetto\\\/#primaryimage\"},\"thumbnailUrl\":\"https:\\\/\\\/www.vaia.eu\\\/wp-content\\\/uploads\\\/2023\\\/10\\\/1000x1000_PRODOTTI-imperfetto.jpg\",\"datePublished\":\"2023-10-26T14:46:53+00:00\",\"dateModified\":\"2026-02-16T08:05:39+00:00\",\"description\":\"L'embl\u00e9matique VAIA Cube, rendu unique par ses taches naturelles et ses nobles imperfections ! Pour chaque Cube vendu, un arbre est plant\u00e9 dans les Dolomites.\",\"breadcrumb\":{\"@id\":\"https:\\\/\\\/www.vaia.eu\\\/fr\\\/prodotto\\\/vaia-cube-imperfetto\\\/#breadcrumb\"},\"inLanguage\":\"fr-FR\",\"potentialAction\":[{\"@type\":\"ReadAction\",\"target\":[\"https:\\\/\\\/www.vaia.eu\\\/fr\\\/prodotto\\\/vaia-cube-imperfetto\\\/\"]}]},{\"@type\":\"ImageObject\",\"inLanguage\":\"fr-FR\",\"@id\":\"https:\\\/\\\/www.vaia.eu\\\/fr\\\/prodotto\\\/vaia-cube-imperfetto\\\/#primaryimage\",\"url\":\"https:\\\/\\\/www.vaia.eu\\\/wp-content\\\/uploads\\\/2023\\\/10\\\/1000x1000_PRODOTTI-imperfetto.jpg\",\"contentUrl\":\"https:\\\/\\\/www.vaia.eu\\\/wp-content\\\/uploads\\\/2023\\\/10\\\/1000x1000_PRODOTTI-imperfetto.jpg\",\"width\":1000,\"height\":1000},{\"@type\":\"BreadcrumbList\",\"@id\":\"https:\\\/\\\/www.vaia.eu\\\/fr\\\/prodotto\\\/vaia-cube-imperfetto\\\/#breadcrumb\",\"itemListElement\":[{\"@type\":\"ListItem\",\"position\":1,\"name\":\"Home\",\"item\":\"https:\\\/\\\/www.vaia.eu\\\/fr\\\/\"},{\"@type\":\"ListItem\",\"position\":2,\"name\":\"VAIA Cube imperfetto\"}]},{\"@type\":\"WebSite\",\"@id\":\"https:\\\/\\\/www.vaia.eu\\\/#website\",\"url\":\"https:\\\/\\\/www.vaia.eu\\\/\",\"name\":\"VAIA - Face what matters\",\"description\":\"Face What Matters\",\"publisher\":{\"@id\":\"https:\\\/\\\/www.vaia.eu\\\/#organization\"},\"potentialAction\":[{\"@type\":\"SearchAction\",\"target\":{\"@type\":\"EntryPoint\",\"urlTemplate\":\"https:\\\/\\\/www.vaia.eu\\\/?s={search_term_string}\"},\"query-input\":{\"@type\":\"PropertyValueSpecification\",\"valueRequired\":true,\"valueName\":\"search_term_string\"}}],\"inLanguage\":\"fr-FR\"},{\"@type\":\"Organization\",\"@id\":\"https:\\\/\\\/www.vaia.eu\\\/#organization\",\"name\":\"VAIA\",\"url\":\"https:\\\/\\\/www.vaia.eu\\\/\",\"logo\":{\"@type\":\"ImageObject\",\"inLanguage\":\"fr-FR\",\"@id\":\"https:\\\/\\\/www.vaia.eu\\\/#\\\/schema\\\/logo\\\/image\\\/\",\"url\":\"https:\\\/\\\/www.vaia.eu\\\/wp-content\\\/uploads\\\/2023\\\/12\\\/logo-vaia.svg\",\"contentUrl\":\"https:\\\/\\\/www.vaia.eu\\\/wp-content\\\/uploads\\\/2023\\\/12\\\/logo-vaia.svg\",\"width\":1000,\"height\":1000,\"caption\":\"VAIA\"},\"image\":{\"@id\":\"https:\\\/\\\/www.vaia.eu\\\/#\\\/schema\\\/logo\\\/image\\\/\"},\"sameAs\":[\"https:\\\/\\\/www.facebook.com\\\/therealvaia\\\/\",\"https:\\\/\\\/www.instagram.com\\\/therealvaia\\\/\",\"https:\\\/\\\/www.linkedin.com\\\/company\\\/vaiasrl\\\/\",\"https:\\\/\\\/www.youtube.com\\\/channel\\\/UCPtTJEh97yiEMm-vE_Ux3Aw\"]}]}<\/script>\n<meta property=\"product:price:amount\" content=\"74.00\" \/>\n<meta property=\"product:price:currency\" content=\"EUR\" \/>\n<meta property=\"og:availability\" content=\"instock\" \/>\n<meta property=\"product:availability\" content=\"instock\" \/>\n<meta property=\"product:retailer_item_id\" content=\"VI\" \/>\n<meta property=\"product:condition\" content=\"new\" \/>\n<!-- \/ Yoast SEO plugin. -->","yoast_head_json":{"title":"VAIA Cube Imparfait | Amplificateur acoustique pour smartphones","description":"L'embl\u00e9matique VAIA Cube, rendu unique par ses taches naturelles et ses nobles imperfections ! Pour chaque Cube vendu, un arbre est plant\u00e9 dans les Dolomites.","robots":{"index":"index","follow":"follow","max-snippet":"max-snippet:-1","max-image-preview":"max-image-preview:large","max-video-preview":"max-video-preview:-1"},"canonical":"https:\/\/www.vaia.eu\/fr\/prodotto\/vaia-cube-imperfetto\/","og_locale":"fr_FR","og_type":"article","og_title":"VAIA Cube Imparfait | Amplificateur acoustique pour smartphones","og_description":"L'embl\u00e9matique VAIA Cube, rendu unique par ses taches naturelles et ses nobles imperfections ! Pour chaque Cube vendu, un arbre est plant\u00e9 dans les Dolomites.","og_url":"https:\/\/www.vaia.eu\/fr\/prodotto\/vaia-cube-imperfetto\/","og_site_name":"VAIA","article_publisher":"https:\/\/www.facebook.com\/therealvaia\/","article_modified_time":"2026-02-16T08:05:39+00:00","og_image":[{"width":1000,"height":1000,"url":"https:\/\/www.vaia.eu\/wp-content\/uploads\/2023\/10\/1000x1000_PRODOTTI-imperfetto.jpg","type":"image\/jpeg"}],"twitter_card":"summary_large_image","twitter_misc":{"Prix":"74,00&nbsp;&euro;","Disponibilit\u00e9":"En stock"},"schema":{"@context":"https:\/\/schema.org","@graph":[{"@type":"WebPage","@id":"https:\/\/www.vaia.eu\/fr\/prodotto\/vaia-cube-imperfetto\/","url":"https:\/\/www.vaia.eu\/fr\/prodotto\/vaia-cube-imperfetto\/","name":"VAIA Cube Imparfait | Amplificateur acoustique pour smartphones","isPartOf":{"@id":"https:\/\/www.vaia.eu\/#website"},"primaryImageOfPage":{"@id":"https:\/\/www.vaia.eu\/fr\/prodotto\/vaia-cube-imperfetto\/#primaryimage"},"image":{"@id":"https:\/\/www.vaia.eu\/fr\/prodotto\/vaia-cube-imperfetto\/#primaryimage"},"thumbnailUrl":"https:\/\/www.vaia.eu\/wp-content\/uploads\/2023\/10\/1000x1000_PRODOTTI-imperfetto.jpg","datePublished":"2023-10-26T14:46:53+00:00","dateModified":"2026-02-16T08:05:39+00:00","description":"L'embl\u00e9matique VAIA Cube, rendu unique par ses taches naturelles et ses nobles imperfections ! Pour chaque Cube vendu, un arbre est plant\u00e9 dans les Dolomites.","breadcrumb":{"@id":"https:\/\/www.vaia.eu\/fr\/prodotto\/vaia-cube-imperfetto\/#breadcrumb"},"inLanguage":"fr-FR","potentialAction":[{"@type":"ReadAction","target":["https:\/\/www.vaia.eu\/fr\/prodotto\/vaia-cube-imperfetto\/"]}]},{"@type":"ImageObject","inLanguage":"fr-FR","@id":"https:\/\/www.vaia.eu\/fr\/prodotto\/vaia-cube-imperfetto\/#primaryimage","url":"https:\/\/www.vaia.eu\/wp-content\/uploads\/2023\/10\/1000x1000_PRODOTTI-imperfetto.jpg","contentUrl":"https:\/\/www.vaia.eu\/wp-content\/uploads\/2023\/10\/1000x1000_PRODOTTI-imperfetto.jpg","width":1000,"height":1000},{"@type":"BreadcrumbList","@id":"https:\/\/www.vaia.eu\/fr\/prodotto\/vaia-cube-imperfetto\/#breadcrumb","itemListElement":[{"@type":"ListItem","position":1,"name":"Home","item":"https:\/\/www.vaia.eu\/fr\/"},{"@type":"ListItem","position":2,"name":"VAIA Cube imperfetto"}]},{"@type":"WebSite","@id":"https:\/\/www.vaia.eu\/#website","url":"https:\/\/www.vaia.eu\/","name":"VAIA - Face what matters","description":"Face What Matters","publisher":{"@id":"https:\/\/www.vaia.eu\/#organization"},"potentialAction":[{"@type":"SearchAction","target":{"@type":"EntryPoint","urlTemplate":"https:\/\/www.vaia.eu\/?s={search_term_string}"},"query-input":{"@type":"PropertyValueSpecification","valueRequired":true,"valueName":"search_term_string"}}],"inLanguage":"fr-FR"},{"@type":"Organization","@id":"https:\/\/www.vaia.eu\/#organization","name":"VAIA","url":"https:\/\/www.vaia.eu\/","logo":{"@type":"ImageObject","inLanguage":"fr-FR","@id":"https:\/\/www.vaia.eu\/#\/schema\/logo\/image\/","url":"https:\/\/www.vaia.eu\/wp-content\/uploads\/2023\/12\/logo-vaia.svg","contentUrl":"https:\/\/www.vaia.eu\/wp-content\/uploads\/2023\/12\/logo-vaia.svg","width":1000,"height":1000,"caption":"VAIA"},"image":{"@id":"https:\/\/www.vaia.eu\/#\/schema\/logo\/image\/"},"sameAs":["https:\/\/www.facebook.com\/therealvaia\/","https:\/\/www.instagram.com\/therealvaia\/","https:\/\/www.linkedin.com\/company\/vaiasrl\/","https:\/\/www.youtube.com\/channel\/UCPtTJEh97yiEMm-vE_Ux3Aw"]}]},"product_price_amount":"74.00","product_price_currency":"EUR","og_availability":"instock","product_availability":"instock","product_retailer_item_id":"VI","product_condition":"new"},"_links":{"self":[{"href":"https:\/\/www.vaia.eu\/fr\/wp-json\/wp\/v2\/product\/27962","targetHints":{"allow":["GET"]}}],"collection":[{"href":"https:\/\/www.vaia.eu\/fr\/wp-json\/wp\/v2\/product"}],"about":[{"href":"https:\/\/www.vaia.eu\/fr\/wp-json\/wp\/v2\/types\/product"}],"wp:featuredmedia":[{"embeddable":true,"href":"https:\/\/www.vaia.eu\/fr\/wp-json\/wp\/v2\/media\/27964"}],"wp:attachment":[{"href":"https:\/\/www.vaia.eu\/fr\/wp-json\/wp\/v2\/media?parent=27962"}],"wp:term":[{"taxonomy":"product_brand","embeddable":true,"href":"https:\/\/www.vaia.eu\/fr\/wp-json\/wp\/v2\/product_brand?post=27962"},{"taxonomy":"product_cat","embeddable":true,"href":"https:\/\/www.vaia.eu\/fr\/wp-json\/wp\/v2\/product_cat?post=27962"},{"taxonomy":"product_tag","embeddable":true,"href":"https:\/\/www.vaia.eu\/fr\/wp-json\/wp\/v2\/product_tag?post=27962"}],"curies":[{"name":"wp","href":"https:\/\/api.w.org\/{rel}","templated":true}]}}