{"id":27970,"date":"2023-03-23T11:21:33","date_gmt":"2023-03-23T10:21:33","guid":{"rendered":"https:\/\/www.vaia.eu\/prodotto\/vaia-cube-joy\/"},"modified":"2026-02-16T09:06:58","modified_gmt":"2026-02-16T08:06:58","slug":"vaia-cube-joy","status":"publish","type":"product","link":"https:\/\/www.vaia.eu\/fr\/prodotto\/vaia-cube-joy\/","title":{"rendered":"VAIA Cube JOY"},"content":{"rendered":"\n<figure class=\"wp-block-image size-large nomargin-full\"><img loading=\"lazy\" decoding=\"async\" width=\"1024\" height=\"480\" src=\"https:\/\/www.vaia.eu\/wp-content\/uploads\/2024\/01\/1280x600_JOY_new-1024x480.jpg\" alt=\"VAIA Cube JOY - Wooden amplifier for smartphone colored\" class=\"wp-image-6901\" srcset=\"https:\/\/www.vaia.eu\/wp-content\/uploads\/2024\/01\/1280x600_JOY_new-1024x480.jpg 1024w, https:\/\/www.vaia.eu\/wp-content\/uploads\/2024\/01\/1280x600_JOY_new-300x141.jpg 300w, https:\/\/www.vaia.eu\/wp-content\/uploads\/2024\/01\/1280x600_JOY_new-768x360.jpg 768w, https:\/\/www.vaia.eu\/wp-content\/uploads\/2024\/01\/1280x600_JOY_new-600x281.jpg 600w, https:\/\/www.vaia.eu\/wp-content\/uploads\/2024\/01\/1280x600_JOY_new.jpg 1280w\" sizes=\"auto, (max-width: 1024px) 100vw, 1024px\" \/><\/figure>\n\n\n<div class=\"title-vertical-band  bgcolor-green  alignment-title-right \">\n    <div class=\"component-container\">\n                    <div class=\"title-container\"><span class=\"title-1  titlesize-large  titlecolor-yellow \">\/\/ COULEUR<\/span><\/div>\n                                <div class=\"subtitle  subtitlesize-medium  subtitlecolor-lightyellow \"><p>Vert citron pour une humeur fra\u00eeche, vert aqua pour un nouveau d\u00e9part, orange corail pour une f\u00eate pop, noir graphite pour une nuit magique, bleu indigo pour un voyage profond, bleu turquoise pour le regard vers le Nord. Choisisse la couleur de votre VAIA Cube JOY<\/p>\n<\/div>\n                <\/div>\n\n<\/div>\n\n\n\n<figure class=\"wp-block-image size-large nomargin-full\"><img loading=\"lazy\" decoding=\"async\" width=\"1024\" height=\"640\" src=\"https:\/\/www.vaia.eu\/wp-content\/uploads\/2023\/03\/1280x800-joy-2-1024x640.jpg\" alt=\"VAIA Cube colors\" class=\"wp-image-2529\" srcset=\"https:\/\/www.vaia.eu\/wp-content\/uploads\/2023\/03\/1280x800-joy-2-1024x640.jpg 1024w, https:\/\/www.vaia.eu\/wp-content\/uploads\/2023\/03\/1280x800-joy-2-300x188.jpg 300w, https:\/\/www.vaia.eu\/wp-content\/uploads\/2023\/03\/1280x800-joy-2-768x480.jpg 768w, https:\/\/www.vaia.eu\/wp-content\/uploads\/2023\/03\/1280x800-joy-2-600x375.jpg 600w, https:\/\/www.vaia.eu\/wp-content\/uploads\/2023\/03\/1280x800-joy-2.jpg 1280w\" sizes=\"auto, (max-width: 1024px) 100vw, 1024px\" \/><\/figure>\n\n\n\n<div class=\"title-subtitle-cta-band  bgcolor-transparent \">\n    <div class=\"component-container\">\n        <div class=\" display-block \">\n                        <span class=\"title-1  titlesize-small  titlecolor-green \">\/\/ NATUREL<\/span>\n                \n            \n        <\/div>\n\n\n        \n        <div class=\"grid-subtitle\">\n        \n\n            \n                    <div class=\"subtitle  subtitlesize-small  subtitlecolor-darkgreen \"><p>Couleurs inspir\u00e9es des couleurs de la nature : oranges, cendres, foin, charbon. Chaque teinte met en valeur les veines du bois d&rsquo;une mani\u00e8re diff\u00e9rente, ce qui rend ton VAIA Cube encore plus pr\u00e9cieux.<\/p>\n<\/div>\n            \n            \n            <\/div>\n                \n        \n    <\/div>\n<\/div>\n\n\n\n<figure class=\"wp-block-image size-large nomargin-full\"><img loading=\"lazy\" decoding=\"async\" width=\"1024\" height=\"640\" src=\"https:\/\/www.vaia.eu\/wp-content\/uploads\/2023\/03\/1280x800-joy-3-1024x640.jpg\" alt=\"Wood Smartphone amplifier VAIA Cube\" class=\"wp-image-2526\" srcset=\"https:\/\/www.vaia.eu\/wp-content\/uploads\/2023\/03\/1280x800-joy-3-1024x640.jpg 1024w, https:\/\/www.vaia.eu\/wp-content\/uploads\/2023\/03\/1280x800-joy-3-300x188.jpg 300w, https:\/\/www.vaia.eu\/wp-content\/uploads\/2023\/03\/1280x800-joy-3-768x480.jpg 768w, https:\/\/www.vaia.eu\/wp-content\/uploads\/2023\/03\/1280x800-joy-3-600x375.jpg 600w, https:\/\/www.vaia.eu\/wp-content\/uploads\/2023\/03\/1280x800-joy-3.jpg 1280w\" sizes=\"auto, (max-width: 1024px) 100vw, 1024px\" \/><\/figure>\n\n\n<div class=\"title-vertical-band  bgcolor-green  alignment-title-right \">\n    <div class=\"component-container\">\n                    <div class=\"title-container\"><span class=\"title-1  titlesize-large  titlecolor-yellow \">\/\/ PERSONAL<\/span><\/div>\n                                <div class=\"subtitle  subtitlesize-medium  subtitlecolor-lightyellow \"><p>Un ton qui devient aussi le tien, refl\u00e9tant de mani\u00e8re expressive qui tu es et o\u00f9 tu veux aller. Sente-le comme le tien et partage-le avec ceux qui te font plaisir.<\/p>\n<\/div>\n                <\/div>\n\n<\/div>\n\n\n\n<figure class=\"wp-block-image size-large nomargin-full\"><img loading=\"lazy\" decoding=\"async\" width=\"1024\" height=\"640\" src=\"https:\/\/www.vaia.eu\/wp-content\/uploads\/2023\/03\/1280x800-joy-4-1024x640.jpg\" alt=\"Smartphone acustic amplifier colors VAIA Cube\" class=\"wp-image-2520\" srcset=\"https:\/\/www.vaia.eu\/wp-content\/uploads\/2023\/03\/1280x800-joy-4-1024x640.jpg 1024w, https:\/\/www.vaia.eu\/wp-content\/uploads\/2023\/03\/1280x800-joy-4-300x188.jpg 300w, https:\/\/www.vaia.eu\/wp-content\/uploads\/2023\/03\/1280x800-joy-4-768x480.jpg 768w, https:\/\/www.vaia.eu\/wp-content\/uploads\/2023\/03\/1280x800-joy-4-600x375.jpg 600w, https:\/\/www.vaia.eu\/wp-content\/uploads\/2023\/03\/1280x800-joy-4.jpg 1280w\" sizes=\"auto, (max-width: 1024px) 100vw, 1024px\" \/><\/figure>\n\n\n\n<div class=\"title-subtitle-cta-band  bgcolor-transparent \">\n    <div class=\"component-container\">\n        <div class=\" display-block \">\n                        <span class=\"title-1  titlesize-small  titlecolor-green \">\/\/ DURABLE<\/span>\n                \n            \n        <\/div>\n\n\n        \n        <div class=\"grid-subtitle\">\n        \n\n            \n                    <div class=\"subtitle  subtitlesize-small  subtitlecolor-darkgreen \"><p>Des teintures sophistiqu\u00e9es et non toxiques qui mettent en valeur une mati\u00e8re premi\u00e8re prestigieuse, durable et utilisable sans aucune consommation d&rsquo;\u00e9nergie.<\/p>\n<\/div>\n            \n            \n            <\/div>\n                \n        \n    <\/div>\n<\/div>\n\n\n\n<div class=\"title-content-cta-band  bgcolor-darkgreen \">\n    <div class=\"component-container\">\n\n        <span class=\"title-1\">Notre objectif<\/span>\n\n                        <div class=\"grid-cols\">\n                                                <img loading=\"lazy\" decoding=\"async\" width=\"400\" height=\"400\" src=\"https:\/\/www.vaia.eu\/wp-content\/uploads\/2023\/08\/DSC5789-1-1.png\" alt=\"_DSC5789 1\">\n                        \n            <div class=\"content\">\n                                    <div class=\"testo\"><div class=\"progress\">\n                  <div class=\"progress__bar\" style=\"width:80%;\">80%<\/div>\n                <\/div>\n                <style>\n                @keyframes fill-bar {\n                    from {width: 0%;}\n                    to {width: 80%;}\n                }\n                <\/style>\n<p>Nous avons actuellement plant\u00e9 200 000 arbres dans les Dolomites : rejoignez-nous pour atteindre l&rsquo;objectif de:<\/p>\n<\/div>\n                \n                                    <span class=\"bignumber\">250.000<\/span>\n                            <\/div>\n        <\/div>\n        \n                    <a class=\"button  button-primary \"\n                                    href=\"https:\/\/www.vaia.eu\/fr\/project\/dolomites\/\"\n                                   title=\"D\u00c9COUVREZ LE PROJET DOLOMITES\">D\u00c9COUVREZ LE PROJET DOLOMITES<\/a>\n        \n    <\/div>\n<\/div>\n\n\n\n<div class=\"title-subtitle-cta-band  bgcolor-transparent \">\n    <div class=\"component-container\">\n        <div class=\" display-block \">\n                        <span class=\"title-1  titlesize-medium  titlecolor-darkgreen \">AUSSI DANS LES VERSIONS IMPARFAITE ET CLASSIQUE!<\/span>\n                \n            \n        <\/div>\n\n\n        \n\n            \n        \n            \n        \n    <\/div>\n<\/div>\n\n\n<div class=\"images-slider images-slider-bg-yellow\">\n    <div class=\"images-slider-container\">\n        \n        <div class=\"images-slider__row\">\n                            <div class=\"images-slider__single\" aria-hidden=\"false\">\n                    <div class=\"images-slider__single-contents\">\n                        <img data-flickity-lazyload=\"https:\/\/www.vaia.eu\/wp-content\/uploads\/2022\/11\/665x755_IMPERFETTO.jpg\" class=\"skip-lazy\" alt=\"slider image\" width=\"400\" height=\"600\" \/>\n                                                    <span class=\"thetitle thetitle--color-lightyellow\">LA BEAUT\u00c9 DE L&rsquo;UNICIT\u00c9<\/span>\n                                                                            <a class=\"button\" href=\"https:\/\/www.vaia.eu\/fr\/prodotto\/vaia-cube-imperfetto\/\" title=\"D\u00c9COUVRE le VAIA CUBE imparfait\">D\u00c9COUVRE le VAIA CUBE imparfait<\/a>\n                                            <\/div>\n\n                <\/div>\n                            <div class=\"images-slider__single\" aria-hidden=\"false\">\n                    <div class=\"images-slider__single-contents\">\n                        <img data-flickity-lazyload=\"https:\/\/www.vaia.eu\/wp-content\/uploads\/2022\/11\/665x755_CUBE.jpg\" class=\"skip-lazy\" alt=\"slider image\" width=\"400\" height=\"600\" \/>\n                                                    <span class=\"thetitle thetitle--color-lightyellow\">AMPLIFIES REVIVAL<\/span>\n                                                                            <a class=\"button\" href=\"https:\/\/www.vaia.eu\/fr\/prodotto\/vaia-cube\/\" title=\"D\u00c9COUVRE VAIA CUBE\">D\u00c9COUVRE VAIA CUBE<\/a>\n                                            <\/div>\n\n                <\/div>\n            \n        <\/div>\n        <span class=\"image-slider-symbol symbol-darkgreen\">\/\/<\/span>\n    <\/div>\n\n<\/div>\n\n\n\n<h3 class=\"wp-block-heading\">SP\u00c9CIFICATIONS TECHNIQUES | VAIA Cube JOY<\/h3>\n\n\n\n<ul class=\"wp-block-list\">\n<li>Dimensions: 10 x 10 x 10 cm&nbsp;<\/li>\n\n\n\n<li>Taille de l&#8217;emplacement du t\u00e9l\u00e9phone: 8.6 x 1.2 cm&nbsp;<\/li>\n\n\n\n<li>Compatible avec presque tous les types de smartphones actuellement sur le march\u00e9, avec les \u00e9tuis les plus bas de gamme. Seules les coques particuli\u00e8rement volumineuses peuvent emp\u00eacher une insertion correcte : veuillez mesurer l&rsquo;\u00e9paisseur du smartphone, y compris la coque, et v\u00e9rifier qu&rsquo;elle ne d\u00e9passe pas 12 mm.<\/li>\n<\/ul>\n\n\n<div class=\"fascia-spedizione-shop\">\n    <div class=\"fascia-spedizione-shop__inner\">\n        <span class=\"title-spedizione\"><\/span>\n        <div class=\"testo\"><p>Achetez 2 produits et la livraison est gratuite !<\/p>\n<\/div>\n    <\/div>\n<\/div>\n","protected":false},"excerpt":{"rendered":"<p>L&rsquo;\u00e9nergie de la couleur : des couleurs inspir\u00e9es par vos \u00e9motions, qui vous permettent de ressentir et de vivre l&rsquo;instant pr\u00e9sent<\/p>\n<p>&nbsp;<\/p>\n","protected":false},"featured_media":27990,"template":"","meta":{"_acf_changed":true,"_crdt_document":"","content-type":""},"product_brand":[],"product_cat":[188],"product_tag":[],"class_list":{"0":"post-27970","1":"product","2":"type-product","3":"status-publish","4":"has-post-thumbnail","6":"product_cat-vaia-cube-fr","8":"first","9":"instock","10":"shipping-taxable","11":"purchasable","12":"product-type-variable"},"acf":[],"yoast_head":"<!-- This site is optimized with the Yoast SEO plugin v27.3 - https:\/\/yoast.com\/product\/yoast-seo-wordpress\/ -->\n<title>VAIA Cube JOY | Amplificateur acoustique pour smartphones<\/title>\n<meta name=\"description\" content=\"VAIA Cube JOY - Amplificateur color\u00e9 pour smartphone en bois VAIA. 1 VAIA Cube JOY = 1 arbre plant\u00e9 dans les Dolomites. Choisissez votre couleur.\" \/>\n<meta name=\"robots\" content=\"index, follow, max-snippet:-1, max-image-preview:large, max-video-preview:-1\" \/>\n<link rel=\"canonical\" href=\"https:\/\/www.vaia.eu\/fr\/prodotto\/vaia-cube-joy\/\" \/>\n<meta property=\"og:locale\" content=\"fr_FR\" \/>\n<meta property=\"og:type\" content=\"article\" \/>\n<meta property=\"og:title\" content=\"VAIA Cube JOY | Amplificateur acoustique pour smartphones\" \/>\n<meta property=\"og:description\" content=\"VAIA Cube JOY - Amplificateur color\u00e9 pour smartphone en bois VAIA. 1 VAIA Cube JOY = 1 arbre plant\u00e9 dans les Dolomites. Choisissez votre couleur.\" \/>\n<meta property=\"og:url\" content=\"https:\/\/www.vaia.eu\/fr\/prodotto\/vaia-cube-joy\/\" \/>\n<meta property=\"og:site_name\" content=\"VAIA\" \/>\n<meta property=\"article:publisher\" content=\"https:\/\/www.facebook.com\/therealvaia\/\" \/>\n<meta property=\"article:modified_time\" content=\"2026-02-16T08:06:58+00:00\" \/>\n<meta property=\"og:image\" content=\"https:\/\/www.vaia.eu\/wp-content\/uploads\/2023\/03\/1000x1000-joy.jpg\" \/>\n\t<meta property=\"og:image:width\" content=\"1000\" \/>\n\t<meta property=\"og:image:height\" content=\"1000\" \/>\n\t<meta property=\"og:image:type\" content=\"image\/jpeg\" \/>\n<meta name=\"twitter:card\" content=\"summary_large_image\" \/>\n<meta name=\"twitter:label1\" content=\"Disponibilit\u00e9\" \/>\n\t<meta name=\"twitter:data1\" content=\"En stock\" \/>\n<script type=\"application\/ld+json\" class=\"yoast-schema-graph\">{\"@context\":\"https:\\\/\\\/schema.org\",\"@graph\":[{\"@type\":\"WebPage\",\"@id\":\"https:\\\/\\\/www.vaia.eu\\\/fr\\\/prodotto\\\/vaia-cube-joy\\\/\",\"url\":\"https:\\\/\\\/www.vaia.eu\\\/fr\\\/prodotto\\\/vaia-cube-joy\\\/\",\"name\":\"VAIA Cube JOY | Amplificateur acoustique pour smartphones\",\"isPartOf\":{\"@id\":\"https:\\\/\\\/www.vaia.eu\\\/#website\"},\"primaryImageOfPage\":{\"@id\":\"https:\\\/\\\/www.vaia.eu\\\/fr\\\/prodotto\\\/vaia-cube-joy\\\/#primaryimage\"},\"image\":{\"@id\":\"https:\\\/\\\/www.vaia.eu\\\/fr\\\/prodotto\\\/vaia-cube-joy\\\/#primaryimage\"},\"thumbnailUrl\":\"https:\\\/\\\/www.vaia.eu\\\/wp-content\\\/uploads\\\/2023\\\/03\\\/1000x1000-joy.jpg\",\"datePublished\":\"2023-03-23T10:21:33+00:00\",\"dateModified\":\"2026-02-16T08:06:58+00:00\",\"description\":\"VAIA Cube JOY - Amplificateur color\u00e9 pour smartphone en bois VAIA. 1 VAIA Cube JOY = 1 arbre plant\u00e9 dans les Dolomites. Choisissez votre couleur.\",\"breadcrumb\":{\"@id\":\"https:\\\/\\\/www.vaia.eu\\\/fr\\\/prodotto\\\/vaia-cube-joy\\\/#breadcrumb\"},\"inLanguage\":\"fr-FR\",\"potentialAction\":[{\"@type\":\"ReadAction\",\"target\":[\"https:\\\/\\\/www.vaia.eu\\\/fr\\\/prodotto\\\/vaia-cube-joy\\\/\"]}]},{\"@type\":\"ImageObject\",\"inLanguage\":\"fr-FR\",\"@id\":\"https:\\\/\\\/www.vaia.eu\\\/fr\\\/prodotto\\\/vaia-cube-joy\\\/#primaryimage\",\"url\":\"https:\\\/\\\/www.vaia.eu\\\/wp-content\\\/uploads\\\/2023\\\/03\\\/1000x1000-joy.jpg\",\"contentUrl\":\"https:\\\/\\\/www.vaia.eu\\\/wp-content\\\/uploads\\\/2023\\\/03\\\/1000x1000-joy.jpg\",\"width\":1000,\"height\":1000},{\"@type\":\"BreadcrumbList\",\"@id\":\"https:\\\/\\\/www.vaia.eu\\\/fr\\\/prodotto\\\/vaia-cube-joy\\\/#breadcrumb\",\"itemListElement\":[{\"@type\":\"ListItem\",\"position\":1,\"name\":\"Home\",\"item\":\"https:\\\/\\\/www.vaia.eu\\\/fr\\\/\"},{\"@type\":\"ListItem\",\"position\":2,\"name\":\"VAIA Cube JOY\"}]},{\"@type\":\"WebSite\",\"@id\":\"https:\\\/\\\/www.vaia.eu\\\/#website\",\"url\":\"https:\\\/\\\/www.vaia.eu\\\/\",\"name\":\"VAIA - Face what matters\",\"description\":\"Face What Matters\",\"publisher\":{\"@id\":\"https:\\\/\\\/www.vaia.eu\\\/#organization\"},\"potentialAction\":[{\"@type\":\"SearchAction\",\"target\":{\"@type\":\"EntryPoint\",\"urlTemplate\":\"https:\\\/\\\/www.vaia.eu\\\/?s={search_term_string}\"},\"query-input\":{\"@type\":\"PropertyValueSpecification\",\"valueRequired\":true,\"valueName\":\"search_term_string\"}}],\"inLanguage\":\"fr-FR\"},{\"@type\":\"Organization\",\"@id\":\"https:\\\/\\\/www.vaia.eu\\\/#organization\",\"name\":\"VAIA\",\"url\":\"https:\\\/\\\/www.vaia.eu\\\/\",\"logo\":{\"@type\":\"ImageObject\",\"inLanguage\":\"fr-FR\",\"@id\":\"https:\\\/\\\/www.vaia.eu\\\/#\\\/schema\\\/logo\\\/image\\\/\",\"url\":\"https:\\\/\\\/www.vaia.eu\\\/wp-content\\\/uploads\\\/2023\\\/12\\\/logo-vaia.svg\",\"contentUrl\":\"https:\\\/\\\/www.vaia.eu\\\/wp-content\\\/uploads\\\/2023\\\/12\\\/logo-vaia.svg\",\"width\":1000,\"height\":1000,\"caption\":\"VAIA\"},\"image\":{\"@id\":\"https:\\\/\\\/www.vaia.eu\\\/#\\\/schema\\\/logo\\\/image\\\/\"},\"sameAs\":[\"https:\\\/\\\/www.facebook.com\\\/therealvaia\\\/\",\"https:\\\/\\\/www.instagram.com\\\/therealvaia\\\/\",\"https:\\\/\\\/www.linkedin.com\\\/company\\\/vaiasrl\\\/\",\"https:\\\/\\\/www.youtube.com\\\/channel\\\/UCPtTJEh97yiEMm-vE_Ux3Aw\"]}]}<\/script>\n<meta property=\"og:availability\" content=\"instock\" \/>\n<meta property=\"product:availability\" content=\"instock\" \/>\n<meta property=\"product:retailer_item_id\" content=\"JOY\" \/>\n<meta property=\"product:condition\" content=\"new\" \/>\n<!-- \/ Yoast SEO plugin. -->","yoast_head_json":{"title":"VAIA Cube JOY | Amplificateur acoustique pour smartphones","description":"VAIA Cube JOY - Amplificateur color\u00e9 pour smartphone en bois VAIA. 1 VAIA Cube JOY = 1 arbre plant\u00e9 dans les Dolomites. Choisissez votre couleur.","robots":{"index":"index","follow":"follow","max-snippet":"max-snippet:-1","max-image-preview":"max-image-preview:large","max-video-preview":"max-video-preview:-1"},"canonical":"https:\/\/www.vaia.eu\/fr\/prodotto\/vaia-cube-joy\/","og_locale":"fr_FR","og_type":"article","og_title":"VAIA Cube JOY | Amplificateur acoustique pour smartphones","og_description":"VAIA Cube JOY - Amplificateur color\u00e9 pour smartphone en bois VAIA. 1 VAIA Cube JOY = 1 arbre plant\u00e9 dans les Dolomites. Choisissez votre couleur.","og_url":"https:\/\/www.vaia.eu\/fr\/prodotto\/vaia-cube-joy\/","og_site_name":"VAIA","article_publisher":"https:\/\/www.facebook.com\/therealvaia\/","article_modified_time":"2026-02-16T08:06:58+00:00","og_image":[{"width":1000,"height":1000,"url":"https:\/\/www.vaia.eu\/wp-content\/uploads\/2023\/03\/1000x1000-joy.jpg","type":"image\/jpeg"}],"twitter_card":"summary_large_image","twitter_misc":{"Disponibilit\u00e9":"En stock"},"schema":{"@context":"https:\/\/schema.org","@graph":[{"@type":"WebPage","@id":"https:\/\/www.vaia.eu\/fr\/prodotto\/vaia-cube-joy\/","url":"https:\/\/www.vaia.eu\/fr\/prodotto\/vaia-cube-joy\/","name":"VAIA Cube JOY | Amplificateur acoustique pour smartphones","isPartOf":{"@id":"https:\/\/www.vaia.eu\/#website"},"primaryImageOfPage":{"@id":"https:\/\/www.vaia.eu\/fr\/prodotto\/vaia-cube-joy\/#primaryimage"},"image":{"@id":"https:\/\/www.vaia.eu\/fr\/prodotto\/vaia-cube-joy\/#primaryimage"},"thumbnailUrl":"https:\/\/www.vaia.eu\/wp-content\/uploads\/2023\/03\/1000x1000-joy.jpg","datePublished":"2023-03-23T10:21:33+00:00","dateModified":"2026-02-16T08:06:58+00:00","description":"VAIA Cube JOY - Amplificateur color\u00e9 pour smartphone en bois VAIA. 1 VAIA Cube JOY = 1 arbre plant\u00e9 dans les Dolomites. Choisissez votre couleur.","breadcrumb":{"@id":"https:\/\/www.vaia.eu\/fr\/prodotto\/vaia-cube-joy\/#breadcrumb"},"inLanguage":"fr-FR","potentialAction":[{"@type":"ReadAction","target":["https:\/\/www.vaia.eu\/fr\/prodotto\/vaia-cube-joy\/"]}]},{"@type":"ImageObject","inLanguage":"fr-FR","@id":"https:\/\/www.vaia.eu\/fr\/prodotto\/vaia-cube-joy\/#primaryimage","url":"https:\/\/www.vaia.eu\/wp-content\/uploads\/2023\/03\/1000x1000-joy.jpg","contentUrl":"https:\/\/www.vaia.eu\/wp-content\/uploads\/2023\/03\/1000x1000-joy.jpg","width":1000,"height":1000},{"@type":"BreadcrumbList","@id":"https:\/\/www.vaia.eu\/fr\/prodotto\/vaia-cube-joy\/#breadcrumb","itemListElement":[{"@type":"ListItem","position":1,"name":"Home","item":"https:\/\/www.vaia.eu\/fr\/"},{"@type":"ListItem","position":2,"name":"VAIA Cube JOY"}]},{"@type":"WebSite","@id":"https:\/\/www.vaia.eu\/#website","url":"https:\/\/www.vaia.eu\/","name":"VAIA - Face what matters","description":"Face What Matters","publisher":{"@id":"https:\/\/www.vaia.eu\/#organization"},"potentialAction":[{"@type":"SearchAction","target":{"@type":"EntryPoint","urlTemplate":"https:\/\/www.vaia.eu\/?s={search_term_string}"},"query-input":{"@type":"PropertyValueSpecification","valueRequired":true,"valueName":"search_term_string"}}],"inLanguage":"fr-FR"},{"@type":"Organization","@id":"https:\/\/www.vaia.eu\/#organization","name":"VAIA","url":"https:\/\/www.vaia.eu\/","logo":{"@type":"ImageObject","inLanguage":"fr-FR","@id":"https:\/\/www.vaia.eu\/#\/schema\/logo\/image\/","url":"https:\/\/www.vaia.eu\/wp-content\/uploads\/2023\/12\/logo-vaia.svg","contentUrl":"https:\/\/www.vaia.eu\/wp-content\/uploads\/2023\/12\/logo-vaia.svg","width":1000,"height":1000,"caption":"VAIA"},"image":{"@id":"https:\/\/www.vaia.eu\/#\/schema\/logo\/image\/"},"sameAs":["https:\/\/www.facebook.com\/therealvaia\/","https:\/\/www.instagram.com\/therealvaia\/","https:\/\/www.linkedin.com\/company\/vaiasrl\/","https:\/\/www.youtube.com\/channel\/UCPtTJEh97yiEMm-vE_Ux3Aw"]}]},"og_availability":"instock","product_availability":"instock","product_retailer_item_id":"JOY","product_condition":"new"},"_links":{"self":[{"href":"https:\/\/www.vaia.eu\/fr\/wp-json\/wp\/v2\/product\/27970","targetHints":{"allow":["GET"]}}],"collection":[{"href":"https:\/\/www.vaia.eu\/fr\/wp-json\/wp\/v2\/product"}],"about":[{"href":"https:\/\/www.vaia.eu\/fr\/wp-json\/wp\/v2\/types\/product"}],"wp:featuredmedia":[{"embeddable":true,"href":"https:\/\/www.vaia.eu\/fr\/wp-json\/wp\/v2\/media\/27990"}],"wp:attachment":[{"href":"https:\/\/www.vaia.eu\/fr\/wp-json\/wp\/v2\/media?parent=27970"}],"wp:term":[{"taxonomy":"product_brand","embeddable":true,"href":"https:\/\/www.vaia.eu\/fr\/wp-json\/wp\/v2\/product_brand?post=27970"},{"taxonomy":"product_cat","embeddable":true,"href":"https:\/\/www.vaia.eu\/fr\/wp-json\/wp\/v2\/product_cat?post=27970"},{"taxonomy":"product_tag","embeddable":true,"href":"https:\/\/www.vaia.eu\/fr\/wp-json\/wp\/v2\/product_tag?post=27970"}],"curies":[{"name":"wp","href":"https:\/\/api.w.org\/{rel}","templated":true}]}}