{"id":28016,"date":"2022-12-12T16:54:50","date_gmt":"2022-12-12T15:54:50","guid":{"rendered":"https:\/\/www.vaia.eu\/prodotto\/vaia-focus\/"},"modified":"2025-11-25T10:21:23","modified_gmt":"2025-11-25T09:21:23","slug":"vaia-focus","status":"publish","type":"product","link":"https:\/\/www.vaia.eu\/fr\/prodotto\/vaia-focus\/","title":{"rendered":"VAIA Focus"},"content":{"rendered":"<div class=\"video-area-home\"  style=\"background:url(https:\/\/www.vaia.eu\/wp-content\/uploads\/2022\/12\/1920x1080-anteprima-video-LETS-GET-SOLID.jpg) no-repeat left center; background-size:cover;\" >\n    <div class=\"video-container\">\n                    <span class=\"video-title video-title-color-lightyellow\">VAIA Focus<\/span>\n            \n        \n            <a href=\"https:\/\/www.youtube.com\/watch?v=wdllivJx2Y0\" class=\"button swipebox  button-secondary \" data-rel=\"lightbox-image-0\" title=\"PLAY VIDEO\">\n                PLAY VIDEO            <\/a>\n\n                <\/div>\n\n<\/div>\n\n\n\n<div style=\"height:30px\" aria-hidden=\"true\" class=\"wp-block-spacer\"><\/div>\n\n\n<div class=\"title-vertical-band  bgcolor-green  alignment-title-right \">\n    <div class=\"component-container\">\n                    <div class=\"title-container\"><span class=\"title-1  titlesize-large  titlecolor-yellow \">\/\/ NATURELLEMENT TECH<\/span><\/div>\n                                <div class=\"subtitle  subtitlesize-medium  subtitlecolor-lightyellow \"><p>Le fonctionnement du VAIA Focus s&rsquo;inspire de la nature et r\u00e9sulte de la combinaison du bois de sapin et de la lentille optique de Fresnel, une technologie analogique vieille de plus de 200 ans : elle agrandit l&rsquo;\u00e9cran du smartphone tout en conservant la qualit\u00e9 visuelle de l&rsquo;image.<\/p>\n<\/div>\n                <\/div>\n\n<\/div>\n\n\n\n<figure class=\"wp-block-image size-large nomargin-full\"><img loading=\"lazy\" decoding=\"async\" width=\"1024\" height=\"640\" src=\"https:\/\/www.vaia.eu\/wp-content\/uploads\/2022\/12\/1280x800-focus-1-1024x640.jpg\" alt=\"\" class=\"wp-image-3146\" srcset=\"https:\/\/www.vaia.eu\/wp-content\/uploads\/2022\/12\/1280x800-focus-1-1024x640.jpg 1024w, https:\/\/www.vaia.eu\/wp-content\/uploads\/2022\/12\/1280x800-focus-1-300x188.jpg 300w, https:\/\/www.vaia.eu\/wp-content\/uploads\/2022\/12\/1280x800-focus-1-768x480.jpg 768w, https:\/\/www.vaia.eu\/wp-content\/uploads\/2022\/12\/1280x800-focus-1-600x375.jpg 600w, https:\/\/www.vaia.eu\/wp-content\/uploads\/2022\/12\/1280x800-focus-1.jpg 1280w\" sizes=\"auto, (max-width: 1024px) 100vw, 1024px\" \/><\/figure>\n\n\n\n<div class=\"title-subtitle-cta-band  bgcolor-transparent \">\n    <div class=\"component-container\">\n        <div class=\" display-block \">\n                        <span class=\"title-1  titlesize-small  titlecolor-green \">\/\/ SIMPLE <\/span>\n                \n            \n        <\/div>\n\n\n        \n        <div class=\"grid-subtitle\">\n        \n\n            \n                    <div class=\"subtitle  subtitlesize-small  subtitlecolor-darkgreen \"><p>L&rsquo;alliance du design, de l&rsquo;artisanat et de la technologie donne naissance \u00e0 un objet l\u00e9ger, pratique et facile \u00e0 emporter.<\/p>\n<\/div>\n            \n            \n            <\/div>\n                \n        \n    <\/div>\n<\/div>\n\n\n\n<figure class=\"wp-block-image size-large nomargin-full\"><img loading=\"lazy\" decoding=\"async\" width=\"1024\" height=\"640\" src=\"https:\/\/www.vaia.eu\/wp-content\/uploads\/2022\/12\/1280x800-focus-2-1024x640.jpg\" alt=\"\" class=\"wp-image-3149\" srcset=\"https:\/\/www.vaia.eu\/wp-content\/uploads\/2022\/12\/1280x800-focus-2-1024x640.jpg 1024w, https:\/\/www.vaia.eu\/wp-content\/uploads\/2022\/12\/1280x800-focus-2-300x188.jpg 300w, https:\/\/www.vaia.eu\/wp-content\/uploads\/2022\/12\/1280x800-focus-2-768x480.jpg 768w, https:\/\/www.vaia.eu\/wp-content\/uploads\/2022\/12\/1280x800-focus-2-600x375.jpg 600w, https:\/\/www.vaia.eu\/wp-content\/uploads\/2022\/12\/1280x800-focus-2.jpg 1280w\" sizes=\"auto, (max-width: 1024px) 100vw, 1024px\" \/><\/figure>\n\n\n<div class=\"title-vertical-band  bgcolor-green  alignment-title-right \">\n    <div class=\"component-container\">\n                    <div class=\"title-container\"><span class=\"title-1  titlesize-large  titlecolor-yellow \">\/\/ DYNAMIQUE<\/span><\/div>\n                                <div class=\"subtitle  subtitlesize-medium  subtitlecolor-lightyellow \"><p>Les formes du VAIA Focus, l&rsquo;amplificateur d&rsquo;\u00e9cran pour smartphones, rappellent une vague en mouvement, li\u00e9e au d\u00e9sir de g\u00e9n\u00e9rer une \u00e9nergie positive capable de rassembler les gens au sein d&rsquo;une communaut\u00e9.<\/p>\n<\/div>\n                <\/div>\n\n<\/div>\n\n\n\n<figure class=\"wp-block-image size-large nomargin-full\"><img loading=\"lazy\" decoding=\"async\" width=\"1024\" height=\"640\" src=\"https:\/\/www.vaia.eu\/wp-content\/uploads\/2023\/10\/1280x800-focus-3-1024x640.jpg\" alt=\"\" class=\"wp-image-3143\" srcset=\"https:\/\/www.vaia.eu\/wp-content\/uploads\/2023\/10\/1280x800-focus-3-1024x640.jpg 1024w, https:\/\/www.vaia.eu\/wp-content\/uploads\/2023\/10\/1280x800-focus-3-300x188.jpg 300w, https:\/\/www.vaia.eu\/wp-content\/uploads\/2023\/10\/1280x800-focus-3-768x480.jpg 768w, https:\/\/www.vaia.eu\/wp-content\/uploads\/2023\/10\/1280x800-focus-3-600x375.jpg 600w, https:\/\/www.vaia.eu\/wp-content\/uploads\/2023\/10\/1280x800-focus-3.jpg 1280w\" sizes=\"auto, (max-width: 1024px) 100vw, 1024px\" \/><\/figure>\n\n\n\n<div class=\"title-subtitle-cta-band  bgcolor-transparent \">\n    <div class=\"component-container\">\n        <div class=\" display-block \">\n                        <span class=\"title-1  titlesize-small  titlecolor-green \">\/\/ CONCRETE<\/span>\n                \n            \n        <\/div>\n\n\n        \n        <div class=\"grid-subtitle\">\n        \n\n            \n                    <div class=\"subtitle  subtitlesize-small  subtitlecolor-darkgreen \"><p>Un produit qui amplifie \u00e9galement une vision du monde dans lequel nous choisissons d&rsquo;avoir un impact, en relevant les d\u00e9fis de notre temps ensemble. Voir avec les yeux d&rsquo;un Vaier signifie regarder l&rsquo;avenir avec responsabilit\u00e9 et enthousiasme, saisir le c\u00f4t\u00e9 positif, se concentrer sur ce qui compte. Avec VAIA Focus, nous avons choisi d&rsquo;agir pour prot\u00e9ger les \u00ab thermom\u00e8tres \u00bb de notre plan\u00e8te, les glaciers.<\/p>\n<\/div>\n            \n            \n            <\/div>\n                \n        \n    <\/div>\n<\/div>\n\n\n\n<div class=\"title-content-cta-band  bgcolor-transparent \">\n    <div class=\"component-container\">\n\n        <span class=\"title-1\"><\/span>\n\n                        <div class=\"grid-cols\">\n            \n            <div class=\"content\">\n                \n                            <\/div>\n        <\/div>\n        \n                    <a class=\"button  button-primary \"\n                                    href=\"https:\/\/www.vaia.eu\/project\/ghiacciai\/\"\n                                   title=\"D\u00e9couvrir le projet glaciers\">D\u00e9couvrir le projet glaciers<\/a>\n        \n    <\/div>\n<\/div>\n\n\n\n<div class=\"title-subtitle-cta-band  bgcolor-transparent \">\n    <div class=\"component-container\">\n        <div class=\" display-block \">\n                        <span class=\"title-1  titlesize-medium  titlecolor-darkgreen \">Des for\u00eats aux glaciers<\/span>\n                \n            \n        <\/div>\n\n\n        \n\n            \n        \n            \n        \n    <\/div>\n<\/div>\n\n\n<div class=\"cards cards-bg-lightyellow\">\n\n    \n    <div class=\"cards__row\">\n                    <div class=\"cards__col col-color-violet content-title-color-yellow content-card-color-lightyellow\">\n                <div class=\"g-card\">\n    \n    \n            <div class=\"g-card__content\">\n            <p>Nous redonnons vie au bois abattu par la temp\u00eate Vaia, en faisant intervenir uniquement des artisans locaux<\/p>\n        <\/div>\n    \n    \n    <\/div>\n            <\/div>\n                    <div class=\"cards__col col-color-violet content-title-color-yellow content-card-color-lightyellow\">\n                <div class=\"g-card\">\n    \n    \n            <div class=\"g-card__content\">\n            <p>Nous r\u00e9cup\u00e9rons le tissu g\u00e9otextile utilis\u00e9 sur le glacier Presena avec la startup Glac-Up, en le transformant en tissu protecteur de VAIA Focus<\/p>\n        <\/div>\n    \n    \n    <\/div>\n            <\/div>\n                    <div class=\"cards__col col-color-violet content-title-color-yellow content-card-color-lightyellow\">\n                <div class=\"g-card\">\n    \n    \n            <div class=\"g-card__content\">\n            <p>Nous soutenons activement la recherche scientifique et la diffusion de l&rsquo;\u00e9tat des glaciers avec Ice Memory, un projet international financ\u00e9 par le CNR et l&rsquo;Universit\u00e9 Ca&rsquo; Foscari et reconnu par l&rsquo;UNESCO.<\/p>\n        <\/div>\n    \n    \n    <\/div>\n            <\/div>\n                    <div class=\"cards__col col-color-violet content-title-color-yellow content-card-color-lightyellow\">\n                <div class=\"g-card\">\n    \n    \n            <div class=\"g-card__content\">\n            <p>Nous nous engageons \u00e0 limiter les dommages caus\u00e9s par l&rsquo;activit\u00e9 humaine dans les Alpes avec le projet Summit Foundation, qui pr\u00e9voit des actions de r\u00e9g\u00e9n\u00e9ration du territoire et de collecte des d\u00e9chets en haute altitude.<\/p>\n        <\/div>\n    \n    \n    <\/div>\n            <\/div>\n            <\/div>\n<\/div>\n\n\n<div class=\"video-area-home\"  style=\"background:url(https:\/\/www.vaia.eu\/wp-content\/uploads\/2022\/12\/1920x1080-anteprima-video-funzionamento.jpg) no-repeat left center; background-size:cover;\" >\n    <div class=\"video-container\">\n                    <span class=\"video-title video-title-color-lightyellow\">VAIA Focus &#8211; Unboxing<\/span>\n            \n        \n            <a href=\"https:\/\/www.youtube.com\/watch?v=WY6w5_pAK50\" class=\"button swipebox  button-secondary \" data-rel=\"lightbox-image-0\" title=\"PLAY VIDEO\">\n                PLAY VIDEO            <\/a>\n\n                <\/div>\n\n<\/div>\n\n\n\n<h3 class=\"wp-block-heading\">SP\u00c9CIFICATIONS TECHNIQUES&nbsp;| VAIA Focus<\/h3>\n\n\n\n<ul class=\"wp-block-list\">\n<li>Dimensions: 24.5 \u00d7 20 cm&nbsp;<\/li>\n\n\n\n<li>Dimensions de la lentille: 22.5 \u00d7 15.5 cm<\/li>\n\n\n\n<li>La capacit\u00e9 d&rsquo;agrandissement est environ 2 fois sup\u00e9rieure \u00e0 l&rsquo;\u00e9cran des smartphones actuellement disponibles.<\/li>\n\n\n\n<li>L&rsquo;amplification visuelle s&rsquo;exprime au mieux dans un environnement faiblement \u00e9clair\u00e9 ou sans sources lumineuses.<\/li>\n\n\n\n<li>VAIA Focus est con\u00e7u pour une utilisation individuelle.<\/li>\n\n\n\n<li>L&rsquo;utilisation avec des verres correcteurs progressifs n&rsquo;est pas recommand\u00e9e.<\/li>\n\n\n\n<li>La lentille peut \u00eatre lav\u00e9e \u00e0 l&rsquo;aide d&rsquo;un chiffon humide et d&rsquo;un nettoyant universel.<\/li>\n<\/ul>\n\n\n<div class=\"fascia-spedizione-shop\">\n    <div class=\"fascia-spedizione-shop__inner\">\n        <span class=\"title-spedizione\"><\/span>\n        <div class=\"testo\"><p>Livraison gratuite \u00e0 partir de 120\u20ac d&rsquo;achat<\/p>\n<\/div>\n    <\/div>\n<\/div>\n","protected":false},"excerpt":{"rendered":"<p>Concentre-toi sur l&rsquo;essentiel! VAIA Focus, l&rsquo;amplificateur d&rsquo;\u00e9cran pour smartphone.<\/p>\n","protected":false},"featured_media":28036,"template":"","meta":{"_acf_changed":true,"_crdt_document":"","content-type":""},"product_brand":[],"product_cat":[],"product_tag":[],"class_list":{"0":"post-28016","1":"product","2":"type-product","3":"status-publish","4":"has-post-thumbnail","7":"first","8":"outofstock","9":"shipping-taxable","10":"purchasable","11":"product-type-simple"},"acf":[],"yoast_head":"<!-- This site is optimized with the Yoast SEO plugin v27.4 - https:\/\/yoast.com\/product\/yoast-seo-wordpress\/ -->\n<title>VAIA Focus | Amplificateur d&#039;\u00e9cran pour smartphone | VAIA Store<\/title>\n<meta name=\"description\" content=\"Amplificateur d&#039;\u00e9cran pour smartphones qui soutient la recherche sur les glaciers et r\u00e9utilise le bois VAIA. Loupe d&#039;\u00e9cran pour smartphone VAIA Focus.\" \/>\n<meta name=\"robots\" content=\"index, follow, max-snippet:-1, max-image-preview:large, max-video-preview:-1\" \/>\n<link rel=\"canonical\" href=\"https:\/\/www.vaia.eu\/fr\/prodotto\/vaia-focus\/\" \/>\n<meta property=\"og:locale\" content=\"fr_FR\" \/>\n<meta property=\"og:type\" content=\"article\" \/>\n<meta property=\"og:title\" content=\"VAIA Focus | Amplificateur d&#039;\u00e9cran pour smartphone | VAIA Store\" \/>\n<meta property=\"og:description\" content=\"Amplificateur d&#039;\u00e9cran pour smartphones qui soutient la recherche sur les glaciers et r\u00e9utilise le bois VAIA. Loupe d&#039;\u00e9cran pour smartphone VAIA Focus.\" \/>\n<meta property=\"og:url\" content=\"https:\/\/www.vaia.eu\/fr\/prodotto\/vaia-focus\/\" \/>\n<meta property=\"og:site_name\" content=\"VAIA\" \/>\n<meta property=\"article:publisher\" content=\"https:\/\/www.facebook.com\/therealvaia\/\" \/>\n<meta property=\"article:modified_time\" content=\"2025-11-25T09:21:23+00:00\" \/>\n<meta property=\"og:image\" content=\"https:\/\/www.vaia.eu\/wp-content\/uploads\/2022\/12\/PRINCIPALE-1000x1000_scheda-prodotto-FOCUS.jpg\" \/>\n\t<meta property=\"og:image:width\" content=\"1000\" \/>\n\t<meta property=\"og:image:height\" content=\"1000\" \/>\n\t<meta property=\"og:image:type\" content=\"image\/jpeg\" \/>\n<meta name=\"twitter:card\" content=\"summary_large_image\" \/>\n<meta name=\"twitter:label1\" content=\"Prix\" \/>\n\t<meta name=\"twitter:data1\" content=\"87,00&nbsp;&euro;\" \/>\n\t<meta name=\"twitter:label2\" content=\"Disponibilit\u00e9\" \/>\n\t<meta name=\"twitter:data2\" content=\"Rupture de stock\" \/>\n<script type=\"application\/ld+json\" class=\"yoast-schema-graph\">{\"@context\":\"https:\\\/\\\/schema.org\",\"@graph\":[{\"@type\":\"WebPage\",\"@id\":\"https:\\\/\\\/www.vaia.eu\\\/fr\\\/prodotto\\\/vaia-focus\\\/\",\"url\":\"https:\\\/\\\/www.vaia.eu\\\/fr\\\/prodotto\\\/vaia-focus\\\/\",\"name\":\"VAIA Focus | Amplificateur d'\u00e9cran pour smartphone | VAIA Store\",\"isPartOf\":{\"@id\":\"https:\\\/\\\/www.vaia.eu\\\/#website\"},\"primaryImageOfPage\":{\"@id\":\"https:\\\/\\\/www.vaia.eu\\\/fr\\\/prodotto\\\/vaia-focus\\\/#primaryimage\"},\"image\":{\"@id\":\"https:\\\/\\\/www.vaia.eu\\\/fr\\\/prodotto\\\/vaia-focus\\\/#primaryimage\"},\"thumbnailUrl\":\"https:\\\/\\\/www.vaia.eu\\\/wp-content\\\/uploads\\\/2022\\\/12\\\/PRINCIPALE-1000x1000_scheda-prodotto-FOCUS.jpg\",\"datePublished\":\"2022-12-12T15:54:50+00:00\",\"dateModified\":\"2025-11-25T09:21:23+00:00\",\"description\":\"Amplificateur d'\u00e9cran pour smartphones qui soutient la recherche sur les glaciers et r\u00e9utilise le bois VAIA. Loupe d'\u00e9cran pour smartphone VAIA Focus.\",\"breadcrumb\":{\"@id\":\"https:\\\/\\\/www.vaia.eu\\\/fr\\\/prodotto\\\/vaia-focus\\\/#breadcrumb\"},\"inLanguage\":\"fr-FR\",\"potentialAction\":[{\"@type\":\"ReadAction\",\"target\":[\"https:\\\/\\\/www.vaia.eu\\\/fr\\\/prodotto\\\/vaia-focus\\\/\"]}]},{\"@type\":\"ImageObject\",\"inLanguage\":\"fr-FR\",\"@id\":\"https:\\\/\\\/www.vaia.eu\\\/fr\\\/prodotto\\\/vaia-focus\\\/#primaryimage\",\"url\":\"https:\\\/\\\/www.vaia.eu\\\/wp-content\\\/uploads\\\/2022\\\/12\\\/PRINCIPALE-1000x1000_scheda-prodotto-FOCUS.jpg\",\"contentUrl\":\"https:\\\/\\\/www.vaia.eu\\\/wp-content\\\/uploads\\\/2022\\\/12\\\/PRINCIPALE-1000x1000_scheda-prodotto-FOCUS.jpg\",\"width\":1000,\"height\":1000},{\"@type\":\"BreadcrumbList\",\"@id\":\"https:\\\/\\\/www.vaia.eu\\\/fr\\\/prodotto\\\/vaia-focus\\\/#breadcrumb\",\"itemListElement\":[{\"@type\":\"ListItem\",\"position\":1,\"name\":\"Home\",\"item\":\"https:\\\/\\\/www.vaia.eu\\\/fr\\\/\"},{\"@type\":\"ListItem\",\"position\":2,\"name\":\"VAIA Focus\"}]},{\"@type\":\"WebSite\",\"@id\":\"https:\\\/\\\/www.vaia.eu\\\/#website\",\"url\":\"https:\\\/\\\/www.vaia.eu\\\/\",\"name\":\"VAIA - Face what matters\",\"description\":\"Face What Matters\",\"publisher\":{\"@id\":\"https:\\\/\\\/www.vaia.eu\\\/#organization\"},\"potentialAction\":[{\"@type\":\"SearchAction\",\"target\":{\"@type\":\"EntryPoint\",\"urlTemplate\":\"https:\\\/\\\/www.vaia.eu\\\/?s={search_term_string}\"},\"query-input\":{\"@type\":\"PropertyValueSpecification\",\"valueRequired\":true,\"valueName\":\"search_term_string\"}}],\"inLanguage\":\"fr-FR\"},{\"@type\":\"Organization\",\"@id\":\"https:\\\/\\\/www.vaia.eu\\\/#organization\",\"name\":\"VAIA\",\"url\":\"https:\\\/\\\/www.vaia.eu\\\/\",\"logo\":{\"@type\":\"ImageObject\",\"inLanguage\":\"fr-FR\",\"@id\":\"https:\\\/\\\/www.vaia.eu\\\/#\\\/schema\\\/logo\\\/image\\\/\",\"url\":\"https:\\\/\\\/www.vaia.eu\\\/wp-content\\\/uploads\\\/2023\\\/12\\\/logo-vaia.svg\",\"contentUrl\":\"https:\\\/\\\/www.vaia.eu\\\/wp-content\\\/uploads\\\/2023\\\/12\\\/logo-vaia.svg\",\"width\":1000,\"height\":1000,\"caption\":\"VAIA\"},\"image\":{\"@id\":\"https:\\\/\\\/www.vaia.eu\\\/#\\\/schema\\\/logo\\\/image\\\/\"},\"sameAs\":[\"https:\\\/\\\/www.facebook.com\\\/therealvaia\\\/\",\"https:\\\/\\\/www.instagram.com\\\/therealvaia\\\/\",\"https:\\\/\\\/www.linkedin.com\\\/company\\\/vaiasrl\\\/\",\"https:\\\/\\\/www.youtube.com\\\/channel\\\/UCPtTJEh97yiEMm-vE_Ux3Aw\"]}]}<\/script>\n<meta property=\"product:price:amount\" content=\"87.00\" \/>\n<meta property=\"product:price:currency\" content=\"EUR\" \/>\n<meta property=\"og:availability\" content=\"out of stock\" \/>\n<meta property=\"product:availability\" content=\"out of stock\" \/>\n<meta property=\"product:retailer_item_id\" content=\"VF\" \/>\n<meta property=\"product:condition\" content=\"new\" \/>\n<!-- \/ Yoast SEO plugin. -->","yoast_head_json":{"title":"VAIA Focus | Amplificateur d'\u00e9cran pour smartphone | VAIA Store","description":"Amplificateur d'\u00e9cran pour smartphones qui soutient la recherche sur les glaciers et r\u00e9utilise le bois VAIA. Loupe d'\u00e9cran pour smartphone VAIA Focus.","robots":{"index":"index","follow":"follow","max-snippet":"max-snippet:-1","max-image-preview":"max-image-preview:large","max-video-preview":"max-video-preview:-1"},"canonical":"https:\/\/www.vaia.eu\/fr\/prodotto\/vaia-focus\/","og_locale":"fr_FR","og_type":"article","og_title":"VAIA Focus | Amplificateur d'\u00e9cran pour smartphone | VAIA Store","og_description":"Amplificateur d'\u00e9cran pour smartphones qui soutient la recherche sur les glaciers et r\u00e9utilise le bois VAIA. Loupe d'\u00e9cran pour smartphone VAIA Focus.","og_url":"https:\/\/www.vaia.eu\/fr\/prodotto\/vaia-focus\/","og_site_name":"VAIA","article_publisher":"https:\/\/www.facebook.com\/therealvaia\/","article_modified_time":"2025-11-25T09:21:23+00:00","og_image":[{"width":1000,"height":1000,"url":"https:\/\/www.vaia.eu\/wp-content\/uploads\/2022\/12\/PRINCIPALE-1000x1000_scheda-prodotto-FOCUS.jpg","type":"image\/jpeg"}],"twitter_card":"summary_large_image","twitter_misc":{"Prix":"87,00&nbsp;&euro;","Disponibilit\u00e9":"Rupture de stock"},"schema":{"@context":"https:\/\/schema.org","@graph":[{"@type":"WebPage","@id":"https:\/\/www.vaia.eu\/fr\/prodotto\/vaia-focus\/","url":"https:\/\/www.vaia.eu\/fr\/prodotto\/vaia-focus\/","name":"VAIA Focus | Amplificateur d'\u00e9cran pour smartphone | VAIA Store","isPartOf":{"@id":"https:\/\/www.vaia.eu\/#website"},"primaryImageOfPage":{"@id":"https:\/\/www.vaia.eu\/fr\/prodotto\/vaia-focus\/#primaryimage"},"image":{"@id":"https:\/\/www.vaia.eu\/fr\/prodotto\/vaia-focus\/#primaryimage"},"thumbnailUrl":"https:\/\/www.vaia.eu\/wp-content\/uploads\/2022\/12\/PRINCIPALE-1000x1000_scheda-prodotto-FOCUS.jpg","datePublished":"2022-12-12T15:54:50+00:00","dateModified":"2025-11-25T09:21:23+00:00","description":"Amplificateur d'\u00e9cran pour smartphones qui soutient la recherche sur les glaciers et r\u00e9utilise le bois VAIA. Loupe d'\u00e9cran pour smartphone VAIA Focus.","breadcrumb":{"@id":"https:\/\/www.vaia.eu\/fr\/prodotto\/vaia-focus\/#breadcrumb"},"inLanguage":"fr-FR","potentialAction":[{"@type":"ReadAction","target":["https:\/\/www.vaia.eu\/fr\/prodotto\/vaia-focus\/"]}]},{"@type":"ImageObject","inLanguage":"fr-FR","@id":"https:\/\/www.vaia.eu\/fr\/prodotto\/vaia-focus\/#primaryimage","url":"https:\/\/www.vaia.eu\/wp-content\/uploads\/2022\/12\/PRINCIPALE-1000x1000_scheda-prodotto-FOCUS.jpg","contentUrl":"https:\/\/www.vaia.eu\/wp-content\/uploads\/2022\/12\/PRINCIPALE-1000x1000_scheda-prodotto-FOCUS.jpg","width":1000,"height":1000},{"@type":"BreadcrumbList","@id":"https:\/\/www.vaia.eu\/fr\/prodotto\/vaia-focus\/#breadcrumb","itemListElement":[{"@type":"ListItem","position":1,"name":"Home","item":"https:\/\/www.vaia.eu\/fr\/"},{"@type":"ListItem","position":2,"name":"VAIA Focus"}]},{"@type":"WebSite","@id":"https:\/\/www.vaia.eu\/#website","url":"https:\/\/www.vaia.eu\/","name":"VAIA - Face what matters","description":"Face What Matters","publisher":{"@id":"https:\/\/www.vaia.eu\/#organization"},"potentialAction":[{"@type":"SearchAction","target":{"@type":"EntryPoint","urlTemplate":"https:\/\/www.vaia.eu\/?s={search_term_string}"},"query-input":{"@type":"PropertyValueSpecification","valueRequired":true,"valueName":"search_term_string"}}],"inLanguage":"fr-FR"},{"@type":"Organization","@id":"https:\/\/www.vaia.eu\/#organization","name":"VAIA","url":"https:\/\/www.vaia.eu\/","logo":{"@type":"ImageObject","inLanguage":"fr-FR","@id":"https:\/\/www.vaia.eu\/#\/schema\/logo\/image\/","url":"https:\/\/www.vaia.eu\/wp-content\/uploads\/2023\/12\/logo-vaia.svg","contentUrl":"https:\/\/www.vaia.eu\/wp-content\/uploads\/2023\/12\/logo-vaia.svg","width":1000,"height":1000,"caption":"VAIA"},"image":{"@id":"https:\/\/www.vaia.eu\/#\/schema\/logo\/image\/"},"sameAs":["https:\/\/www.facebook.com\/therealvaia\/","https:\/\/www.instagram.com\/therealvaia\/","https:\/\/www.linkedin.com\/company\/vaiasrl\/","https:\/\/www.youtube.com\/channel\/UCPtTJEh97yiEMm-vE_Ux3Aw"]}]},"product_price_amount":"87.00","product_price_currency":"EUR","og_availability":"out of stock","product_availability":"out of stock","product_retailer_item_id":"VF","product_condition":"new"},"_links":{"self":[{"href":"https:\/\/www.vaia.eu\/fr\/wp-json\/wp\/v2\/product\/28016","targetHints":{"allow":["GET"]}}],"collection":[{"href":"https:\/\/www.vaia.eu\/fr\/wp-json\/wp\/v2\/product"}],"about":[{"href":"https:\/\/www.vaia.eu\/fr\/wp-json\/wp\/v2\/types\/product"}],"wp:featuredmedia":[{"embeddable":true,"href":"https:\/\/www.vaia.eu\/fr\/wp-json\/wp\/v2\/media\/28036"}],"wp:attachment":[{"href":"https:\/\/www.vaia.eu\/fr\/wp-json\/wp\/v2\/media?parent=28016"}],"wp:term":[{"taxonomy":"product_brand","embeddable":true,"href":"https:\/\/www.vaia.eu\/fr\/wp-json\/wp\/v2\/product_brand?post=28016"},{"taxonomy":"product_cat","embeddable":true,"href":"https:\/\/www.vaia.eu\/fr\/wp-json\/wp\/v2\/product_cat?post=28016"},{"taxonomy":"product_tag","embeddable":true,"href":"https:\/\/www.vaia.eu\/fr\/wp-json\/wp\/v2\/product_tag?post=28016"}],"curies":[{"name":"wp","href":"https:\/\/api.w.org\/{rel}","templated":true}]}}